{"id":2786,"date":"2023-01-11T00:48:32","date_gmt":"2023-01-10T21:48:32","guid":{"rendered":"https:\/\/rocketplay-slot.com\/sports-betting\/"},"modified":"2025-11-24T20:42:46","modified_gmt":"2025-11-24T17:42:46","slug":"sports-betting","status":"publish","type":"page","link":"https:\/\/rocketplay-slot.com\/ga\/sports-betting\/","title":{"rendered":"Treoir maidir le geallt\u00f3ireachta sp\u00f3irt do thosaitheoir\u00ed"},"content":{"rendered":"<p>Is maith le go leor againn f\u00e9achaint ar imeachta\u00ed sp\u00f3irt \u00e9ags\u00fala. T\u00e1 roinnt daoine paiseanta faoi sp\u00f3rt ar leith, mar sin is maith leo f\u00e9achaint ar na daoine gairmi\u00fala \u00e9 a dh\u00e9anamh. Is maith leo f\u00e9achaint ar an gcuid eile againn. Is bre\u00e1 le cuid acu an spleodar sp\u00f3irt a bhaineann le f\u00e9achaint ar chluiche sp\u00f3irt agus iad ag fanacht leis an mbuaiteoir. \u00c9ir\u00edonn s\u00e9 seo n\u00edos suimi\u00fala m\u00e1 dh\u00e9anann t\u00fa geallt\u00f3ireacht sp\u00f3irt ar an bhfoireann is fearr leat in oifig geallghlacad\u00f3ir.<\/p>\n<p><img loading=\"lazy\" decoding=\"async\" class=\"aligncenter wp-image-4008\" src=\"https:\/\/rocketplay-slot.com\/wp-content\/uploads\/2024\/02\/5581939_3644-2.jpg\" alt=\"Treoir maidir le geallt\u00f3ireachta sp\u00f3irt do thosaitheoir\u00ed\" width=\"800\" height=\"496\" srcset=\"https:\/\/rocketplay-slot.com\/wp-content\/uploads\/2024\/02\/5581939_3644-2.jpg 2500w, https:\/\/rocketplay-slot.com\/wp-content\/uploads\/2024\/02\/5581939_3644-2-300x186.jpg 300w, https:\/\/rocketplay-slot.com\/wp-content\/uploads\/2024\/02\/5581939_3644-2-1024x634.jpg 1024w, https:\/\/rocketplay-slot.com\/wp-content\/uploads\/2024\/02\/5581939_3644-2-768x476.jpg 768w, https:\/\/rocketplay-slot.com\/wp-content\/uploads\/2024\/02\/5581939_3644-2-1536x952.jpg 1536w, https:\/\/rocketplay-slot.com\/wp-content\/uploads\/2024\/02\/5581939_3644-2-2048x1269.jpg 2048w\" sizes=\"auto, (max-width: 800px) 100vw, 800px\" \/><\/p>\n<h2>CONAS A OIBR\u00cdONN Geallt\u00f3ireacht SP\u00d3IRT?<\/h2>\n<p>T\u00e1 geallt\u00f3ireacht sp\u00f3irt de r\u00e9ir prionsabal \u00e1irithe san fhoirmle matamaitice bunaithe ar an aip geallt\u00f3ireachta sp\u00f3irt. Breathna\u00edonn na prionsabail seo rud \u00e9igin mar seo:<\/p>\n<ul>\n<li>c\u00e9 mh\u00e9ad \u00fas\u00e1ideoir geall ar thortha\u00ed sonracha. T\u00e1 s\u00e9 seo simpl\u00ed, d\u00e1 minic a dh\u00e9anann \u00fas\u00e1ideoir\u00ed geall ar thoradh ar leith, is amhlaidh is m\u00f3 a bheidh an chuma ar dhaoine go bhfuil an toradh seo n\u00edos d\u00f3ch\u00fala, rud a chialla\u00edonn go bhfuil iallach ar an gceasa\u00edneo an seans a laghd\u00fa toisc gurb \u00e9 oifig an gheallghlacad\u00f3ra an pr\u00edomhthairbh\u00ed i saol na geallt\u00f3ireachta.<\/li>\n<li>roghanna matamaitice do thoradh ar leith. Socra\u00edonn s\u00e9 na corrlaigh thosaigh d\u2019fhothortha\u00ed \u00e9ags\u00fala an chluiche. D\u00e1 d\u00f3cha go mbeidh an toradh ann, is ea is l\u00fa an seans a bheidh ann don imeacht seo. Chomh maith leis sin, is f\u00e9idir odds matamaitice a nuashonr\u00fa tar \u00e9is th\u00fas geallt\u00f3ireachta bunaithe ar shonra\u00ed nua a fuarthas. Mar shampla, d\u2019fh\u00e9adfadh gort\u00fa do dhuine de na himreoir\u00ed i sp\u00f3rt foirne cur isteach ar an toradh, mar sin ba cheart na hodds a athr\u00fa.<\/li>\n<li>coimisi\u00fan geallt\u00f3ireachta. \u00d3 gheallt\u00f3ireacht ar aon imeacht sp\u00f3irt, d\u00e9anfaidh oifig an gheallghlacad\u00f3ra an t-airgead is m\u00f3 i gc\u00f3na\u00ed; murach sin, bheadh a chuid oibre neamhbhrab\u00fasach. N\u00ed hea, n\u00ed mheallann siad a n-\u00fas\u00e1ideoir\u00ed, ach cuireann a n-odds br\u00fa ort i gc\u00f3na\u00ed geall a dh\u00e9anamh ar thoradh nach bhfuil chomh soil\u00e9ir sin. Cialla\u00edonn s\u00e9 sin go mbeidh seans n\u00edos fearr agat do geall a chailleadh, fad is a gheobhaidh oifig an gheallghlacad\u00f3ra \u00e9.<\/li>\n<\/ul>\n<p>Agus na bunphrionsabail seo den cheasa\u00edneo ar eolas agat, beidh n\u00edos l\u00fa ceisteanna agat faoi.<\/p>\n<h2>CINE\u00c1LACHA \u00c9AGS\u00daLA Geallta<\/h2>\n<p>Ar an su\u00edomh geallt\u00f3ireachta sp\u00f3irt, t\u00e1 go leor cine\u00e1lacha \u00e9ags\u00fala geallta. Is f\u00e9idir le go leor \u00fas\u00e1ideoir\u00ed gan taith\u00ed a bheith ar dhaoine eatarthu go tapa, rud \u00e9igin m\u00edcheart a thuiscint, n\u00f3 oifig an gheallghlacad\u00f3ra a \u00fas\u00e1id, gan an tairbhe is m\u00f3 a bhaint as d\u00f3ibh f\u00e9in. Mar sin shocraigh muid cabhr\u00fa leat an cheist seo a thuiscint. Agus mar sin anseo t\u00e1 na pr\u00edomhchine\u00e1lacha geallta ar chluiche sp\u00f3irt:<\/p>\n<ul>\n<li>geall ar thoradh ar leith den chluiche. T\u00e1 s\u00e9 simpl\u00ed, geall leat go mbeidh an fhoireann &#8220;A&#8221; bua, caillfidh n\u00f3 a tharraingt i gcoinne fhoireann &#8220;B.&#8221; N\u00f3 geall leat go mbeidh foireann &#8220;A&#8221; ag imirt i gcoinne fhoireann &#8220;B&#8221; le sc\u00f3r ar leith, mar shampla, beidh foireann &#8220;A&#8221; an cluiche a bhuachan le sc\u00f3r 1:0. N\u00edl na geallta is brab\u00fasa\u00ed, ach is iad na cinn is \u00e9asca, mar sin t\u00e1 riosca n\u00edos l\u00fa agat go gcaillfidh t\u00fa do geall.<\/li>\n<li>geallt\u00f3ireacht ar imeacht sa chluiche. T\u00e1 s\u00e9 seo n\u00edos casta n\u00e1 geallt\u00f3ireacht ar thoradh ar leith, ach t\u00e1 roghanna ann freisin nuair a bh\u00edonn riosca n\u00edos l\u00fa agat go gcaillfidh t\u00fa. Mar shampla, is f\u00e9idir leat geall nach gcaillfidh foireann &#8220;A&#8221; n\u00f3 nach mbeidh s\u00e9 ina tharraingt. Is f\u00e9idir leat geall a dh\u00e9anamh freisin go bhfaighidh foireann n\u00f3 imreoir ar leith pion\u00f3s sa chluiche seo n\u00f3 go sc\u00f3r\u00e1lfaidh t\u00fa c\u00fal. Agus dosaen roghanna \u00e9ags\u00fala maidir le cad a d&#8217;fh\u00e9adfadh tarl\u00fa.<\/li>\n<li>n\u00edos m\u00f3\/n\u00edos l\u00fa. Sa chine\u00e1l seo geallt\u00f3ireachta, geall t\u00fa ar imeacht a tharl\u00f3idh n\u00edos m\u00f3 n\u00f3 n\u00edos l\u00fa uaireanta. Mar shampla, d\u00e9anfaidh foireann &#8220;A&#8221; n\u00edos m\u00f3 n\u00e1 tr\u00ed sprioc a sc\u00f3r\u00e1il n\u00f3 caillfidh siad n\u00edos l\u00fa n\u00e1 2. T\u00e1 s\u00e9 seo ar cheann de na cine\u00e1lacha geallta is coitianta toisc go bhfuil beagnach an c\u00f3imheas riosca is fearr ag an gcine\u00e1l geall seo.<\/li>\n<li>geallta l\u00edne. Is \u00e9 seo an cine\u00e1l geallt\u00f3ireachta is casta agus \u00e1ir\u00edtear leis na cine\u00e1lacha eile geallt\u00f3ireachta. Sa ch\u00e1s seo, geall t\u00fa ar thr\u00ed n\u00f3 n\u00edos m\u00f3 duels sp\u00f3irt agus a fh\u00e1il do lua\u00edocht m\u00e1 t\u00e1 siad i gceart. T\u00e1 s\u00e9 seo ar cheann de na cine\u00e1lacha geallt\u00f3ireachta is riskiest mar is f\u00e9idir aon rud a tharl\u00f3idh i sp\u00f3irt, go h\u00e1irithe i sp\u00f3irt foirne. Ach t\u00e1 s\u00e9 bunt\u00e1isteach mar go m\u00e9ada\u00edonn do odds le n\u00edos m\u00f3 meaitse\u00e1lann t\u00fa geall.<\/li>\n<\/ul>\n<p>Agus na cine\u00e1lacha bun\u00fasacha geallta seo ar eolas agat, is f\u00e9idir leat go leor geallta cearta a dh\u00e9anamh go h\u00e9asca agus airgead maith a dh\u00e9anamh le riosca \u00edosta.<\/p>\n<h2>STRAIT\u00c9IS\u00cd Geallta SP\u00d3IRT<\/h2>\n<p>Mar is amhlaidh i ngach \u00e1it eile sa saol, sa gheallt\u00f3ireacht sp\u00f3irt is fearr is fi\u00fa strait\u00e9is shonrach a lean\u00faint chun an leas is fearr a bhaint as geallt\u00f3ireacht. F\u00e9adfaidh s\u00e9 a bheith uath\u00fail do gach duine. Ach b\u00ed cinnte go bhfaighidh t\u00fa do chuid f\u00e9in.<\/p>\n<p>Do dhuine, d&#8217;fh\u00e9adfadh an strait\u00e9is a geall m\u00e9ideanna beaga, ag s\u00fail go ar an mbealach seo, t\u00e1 an baol de chailli\u00faint gach rud i bhfad n\u00edos l\u00fa, ach t\u00e1 an fh\u00e9idearthacht a bhuaigh n\u00edos l\u00fa freisin. Do dhuine, b&#8217;fh\u00e9idir gurb \u00e9 an strait\u00e9is n\u00e1 staid\u00e9ar a dh\u00e9anamh oiread agus is f\u00e9idir ar na tortha\u00ed \u00e9ags\u00fala agus geall a chur ar na cinn is brab\u00fasa\u00ed agus is d\u00f3cha. F\u00f3s f\u00e9in, is annamh a geallfaidh t\u00fa sa ch\u00e1s seo, mar sin titeann d\u2019\u00e9ifeacht\u00falacht.<\/p>\n<p>B\u00ed cinnte staid\u00e9ar a dh\u00e9anamh ar an gceist seo agus rud \u00e9igin a aimsi\u00fa duit f\u00e9in.<\/p>\n<h2>LEIDEANNA Geallta SP\u00d3IRT<\/h2>\n<p>N\u00ed f\u00e9idir linn cabhr\u00fa ach \u00e1r leideanna geallt\u00f3ireachta sp\u00f3irt a thabhairt duit chun riosca\u00ed a laghd\u00fa agus do thairbhe a uasmh\u00e9ad\u00fa. Mar sin seo chugat liosta beag leideanna chun t\u00fa a chur ar bun:<\/p>\n<ul>\n<li>n\u00e1 cuir geall m\u00e1 t\u00e1 beag\u00e1n fi\u00fa le n-\u00f3l agat. T\u00e1 alc\u00f3l olc do do bhrab\u00fais. Braitheann t\u00fa n\u00edos l\u00fa riosca, t\u00e1 do chuid c\u00e9adfa\u00ed dull, agus b&#8217;fh\u00e9idir go gcaithfe\u00e1 n\u00edos m\u00f3 n\u00e1 mar a bh\u00edothas ag s\u00fail leis. Tabharfaidh s\u00e9 seo moth\u00fach\u00e1in di\u00faltacha duit.<\/li>\n<li>n\u00e1 geall do chuid airgid ar fad ar rogha amh\u00e1in. Cuimhnigh gur f\u00e9idir le haon rud a tharl\u00f3idh i sp\u00f3irt, agus n\u00edl aon duine d\u00edolmhaithe \u00f3 chailli\u00faint, agus mar sin beidh s\u00e9 an-mh\u00ed-thaitneamhach \u00e9 a chailleadh go l\u00e9ir ag an am c\u00e9anna. N\u00e1 d\u00e9an dearmad idirdheal\u00fa a dh\u00e9anamh ar do chuid infheist\u00edochta\u00ed.<\/li>\n<li>n\u00e1 h\u00fas\u00e1id an geallt\u00f3ireacht sp\u00f3irt is fearr mar bhealach chun airgead a dh\u00e9anamh. \u00das\u00e1id \u00e9 mar bhealach chun spraoi a bheith agat n\u00f3 chun do mhoth\u00fach\u00e1in a mh\u00e9ad\u00fa \u00f3 bheith ag f\u00e9achaint ar an gcluiche.<\/li>\n<\/ul>\n<p>Tr\u00ed na himeachta\u00ed simpl\u00ed seo a lean\u00faint, gheobhaidh t\u00fa moth\u00fach\u00e1in n\u00edos dearfa\u00ed agus bunt\u00e1ist\u00ed n\u00edos m\u00f3 \u00f3 thuartha geallt\u00f3ireachta sp\u00f3irt.<\/p>\n<p><img loading=\"lazy\" decoding=\"async\" class=\"aligncenter wp-image-4017\" src=\"https:\/\/rocketplay-slot.com\/wp-content\/uploads\/2024\/02\/sports-betting-american-football-player-appearing-from-smartphone-field-money-shower.jpg\" alt=\"Treoir maidir le geallt\u00f3ireachta sp\u00f3irt do thosaitheoir\u00ed 2\" width=\"800\" height=\"534\" srcset=\"https:\/\/rocketplay-slot.com\/wp-content\/uploads\/2024\/02\/sports-betting-american-football-player-appearing-from-smartphone-field-money-shower.jpg 1000w, https:\/\/rocketplay-slot.com\/wp-content\/uploads\/2024\/02\/sports-betting-american-football-player-appearing-from-smartphone-field-money-shower-300x200.jpg 300w, https:\/\/rocketplay-slot.com\/wp-content\/uploads\/2024\/02\/sports-betting-american-football-player-appearing-from-smartphone-field-money-shower-768x512.jpg 768w\" sizes=\"auto, (max-width: 800px) 100vw, 800px\" \/><\/p>\n<h2>CC<\/h2>\n<p>B\u00edonn go leor ceisteanna soil\u00e9ire agus neamhshoil\u00e9ire ag tosaitheoir\u00ed i gc\u00f3na\u00ed, agus tabharfaidh muid cuid acu th\u00edos.<\/p>\n<h3>C\u00c9N AOIS IS F\u00c9IDIR LIOM Geall ar SP\u00d3IRT?<\/h3>\n<p>De r\u00e9ir an dl\u00ed, n\u00ed f\u00e9idir leat p\u00e1irt a ghlacadh i ngeallt\u00f3ireacht sp\u00f3irt na hAstr\u00e1ile ach amh\u00e1in nuair a bh\u00edonn t\u00fa 21. Seachas sin, is f\u00e9idir bac a chur ar do chuntas.<\/p>\n<h3>CONAS IS F\u00c9IDIR LIOM M\u00c9ID A CHOTH\u00da?<\/h3>\n<p>Is f\u00e9idir leat d\u2019iarmh\u00e9id a thaisceadh \u00f3 beagnach aon ch\u00f3ras \u00edoca\u00edochta at\u00e1 ann cheana f\u00e9in. Is f\u00e9idir \u00e9 seo a bheith Visa, MasterCard, American Express, Payoneer, n\u00f3 do spar\u00e1n cryptocurrency.<\/p>\n<h3>AN F\u00c9IDIR LIOM Geall a dh\u00e9anamh TR\u00cd MO CH\u00d3N F\u00d3N?<\/h3>\n<p>Sea, is f\u00e9idir leat geallta a dh\u00e9anamh fi\u00fa \u00f3 do ghl\u00e9as soghluaiste. Chun seo, n\u00ed g\u00e1 duit ach dul chuig l\u00e1ithre\u00e1n gr\u00e9as\u00e1in oifigi\u00fail oifig an gheallghlacad\u00f3ra agus log\u00e1il isteach ann. Is f\u00e9idir leat freisin an feidhmchl\u00e1r a \u00edosl\u00f3d\u00e1il chuig do ghuth\u00e1n cliste Android agus geallta a dh\u00e9anamh.<\/p>\n","protected":false},"excerpt":{"rendered":"<p>Is maith le go leor againn f\u00e9achaint ar imeachta\u00ed sp\u00f3irt \u00e9ags\u00fala. T\u00e1 roinnt daoine paiseanta faoi sp\u00f3rt ar leith, mar sin is maith leo f\u00e9achaint ar na daoine gairmi\u00fala \u00e9 a dh\u00e9anamh. Is maith leo f\u00e9achaint ar an gcuid eile againn. Is bre\u00e1 le cuid acu an spleodar sp\u00f3irt a bhaineann le f\u00e9achaint ar chluiche&#8230;<\/p>\n","protected":false},"author":1,"featured_media":0,"parent":0,"menu_order":0,"comment_status":"closed","ping_status":"closed","template":"","meta":{"_acf_changed":false,"_kad_post_transparent":"default","_kad_post_title":"default","_kad_post_layout":"default","_kad_post_sidebar_id":"","_kad_post_content_style":"default","_kad_post_vertical_padding":"default","_kad_post_feature":"","_kad_post_feature_position":"","_kad_post_header":false,"_kad_post_footer":false,"footnotes":""},"class_list":["post-2786","page","type-page","status-publish","hentry"],"acf":[],"rttpg_featured_image_url":null,"rttpg_author":{"display_name":"Elvis","author_link":"https:\/\/rocketplay-slot.com\/ga\/author\/pemvas95n89x\/"},"rttpg_comment":0,"rttpg_category":null,"rttpg_excerpt":"Is maith le go leor againn f\u00e9achaint ar imeachta\u00ed sp\u00f3irt \u00e9ags\u00fala. T\u00e1 roinnt daoine paiseanta faoi sp\u00f3rt ar leith, mar sin is maith leo f\u00e9achaint ar na daoine gairmi\u00fala \u00e9 a dh\u00e9anamh. Is maith leo f\u00e9achaint ar an gcuid eile againn. Is bre\u00e1 le cuid acu an spleodar sp\u00f3irt a bhaineann le f\u00e9achaint ar chluiche...","_links":{"self":[{"href":"https:\/\/rocketplay-slot.com\/ga\/wp-json\/wp\/v2\/pages\/2786","targetHints":{"allow":["GET"]}}],"collection":[{"href":"https:\/\/rocketplay-slot.com\/ga\/wp-json\/wp\/v2\/pages"}],"about":[{"href":"https:\/\/rocketplay-slot.com\/ga\/wp-json\/wp\/v2\/types\/page"}],"author":[{"embeddable":true,"href":"https:\/\/rocketplay-slot.com\/ga\/wp-json\/wp\/v2\/users\/1"}],"replies":[{"embeddable":true,"href":"https:\/\/rocketplay-slot.com\/ga\/wp-json\/wp\/v2\/comments?post=2786"}],"version-history":[{"count":3,"href":"https:\/\/rocketplay-slot.com\/ga\/wp-json\/wp\/v2\/pages\/2786\/revisions"}],"predecessor-version":[{"id":4570,"href":"https:\/\/rocketplay-slot.com\/ga\/wp-json\/wp\/v2\/pages\/2786\/revisions\/4570"}],"wp:attachment":[{"href":"https:\/\/rocketplay-slot.com\/ga\/wp-json\/wp\/v2\/media?parent=2786"}],"curies":[{"name":"wp","href":"https:\/\/api.w.org\/{rel}","templated":true}]}}