{"id":2838,"date":"2023-01-11T19:13:11","date_gmt":"2023-01-11T16:13:11","guid":{"rendered":"https:\/\/rocketplay-slot.com\/sports-betting\/free\/"},"modified":"2025-11-24T20:33:17","modified_gmt":"2025-11-24T17:33:17","slug":"free","status":"publish","type":"page","link":"https:\/\/rocketplay-slot.com\/ga\/sports-betting\/free\/","title":{"rendered":"Saor in aisce athbhreithni\u00fa geallt\u00f3ireachta sp\u00f3irt"},"content":{"rendered":"<p>T\u00e1 eagla go f\u00f3ill ar go leor \u00fas\u00e1ideoir\u00ed at\u00e1 ag dul i dtaith\u00ed ar gheallt\u00f3ireacht ar l\u00edne a gcuid geallta a chur. Is faoi chuideachta\u00ed geallghlacad\u00f3ir\u00ed den s\u00f3rt sin at\u00e1 s\u00e9 cead a thabhairt geallta saor in aisce a dh\u00e9anamh. Chomh maith leis sin, is f\u00e9idir le geallta saor in aisce a dh\u00e9anamh, agus is minic a bh\u00edonn arduithe c\u00e9ime agus bronntanais \u00e9ags\u00fala ar si\u00fal ag imreoir\u00ed a bhfuil taith\u00ed acu ar shu\u00edomhanna cuideachta\u00ed geallghlacad\u00f3ir\u00ed. I measc na gcur chun cinn agus na tarraingt\u00ed sin d\u2019fh\u00e9adfadh geallta saor in aisce a bheith ann. Go minic, chun iad a fh\u00e1il, n\u00ed m\u00f3r duit roinnt coinn\u00edollacha a chomhl\u00edonadh. D\u2019fh\u00e9adfadh gur coinn\u00edollacha iad seo a bhaineann le do gheallta n\u00f3 le d\u2019iarmh\u00e9id cluiche.<\/p>\n<p>Sin \u00e9 an f\u00e1th gur shocraigh muid \u00e1r leideanna geallt\u00f3ireachta saor in aisce a bhaili\u00fa san Astr\u00e1il chun \u00e9 a dh\u00e9anamh chomh h\u00e9asca agus is f\u00e9idir duit do bh\u00f3nais a r\u00e9ad\u00fa.<\/p>\n<p><img loading=\"lazy\" decoding=\"async\" class=\"aligncenter wp-image-3928\" src=\"https:\/\/rocketplay-slot.com\/wp-content\/uploads\/2024\/02\/side-view-man-holding-tablet.jpg\" alt=\"Saor in aisce athbhreithni\u00fa geallt\u00f3ireachta sp\u00f3irt\" width=\"800\" height=\"534\" srcset=\"https:\/\/rocketplay-slot.com\/wp-content\/uploads\/2024\/02\/side-view-man-holding-tablet.jpg 1000w, https:\/\/rocketplay-slot.com\/wp-content\/uploads\/2024\/02\/side-view-man-holding-tablet-300x200.jpg 300w, https:\/\/rocketplay-slot.com\/wp-content\/uploads\/2024\/02\/side-view-man-holding-tablet-768x513.jpg 768w\" sizes=\"auto, (max-width: 800px) 100vw, 800px\" \/><\/p>\n<h2>CAD IS Geall SAOR IN AISCE?<\/h2>\n<p>T\u00e1 geallt\u00f3ireacht ar l\u00edne saor in aisce ar f\u00e1il i mbeagnach aon chuideachta geallt\u00f3ireachta. Is cl\u00e1r d\u00edlseachta \u00e9 seo. Is f\u00e9idir le ceachtar geall saor in aisce a bheith mar chuid de na b\u00f3nais cl\u00e1r\u00fach\u00e1in chun \u00e9 a dh\u00e9anamh n\u00edos \u00e9asca duit do ch\u00e9ad geallta a chur ar chostas na cuideachta. Ansin is f\u00e9idir leat geall a dh\u00e9anamh n\u00edos muin\u00edneach le do chuid airgid f\u00e9in n\u00f3 \u00f3n iarmh\u00e9id a bhuaigh t\u00fa le geallta saor in aisce.<\/p>\n<p>Go minic, chun geallta saor in aisce a fh\u00e1il, n\u00ed m\u00f3r do shean-imreoir cuideachta geallt\u00f3ireachta go leor coinn\u00edollacha a dh\u00e9anamh. D&#8217;fh\u00e9adfadh s\u00e9 go mbeadh ort cur le d&#8217;iarmh\u00e9id ar feadh m\u00e9id \u00e1irithe. Chomh maith le geall a dh\u00e9anamh, uaireanta n\u00edor \u00e9irigh leo. Mar shampla, rinne t\u00fa geall sna r\u00e1sa\u00ed, ach th\u00e1inig an ceann is fearr leat sa dara h\u00e1it. Uaireanta is f\u00e9idir leis seo a bheith ina choinn\u00edoll go bhfaighidh t\u00fa geall saor.<\/p>\n<h2>NA TAIRISCINT\u00cd FEARR SAOR IN AISCE<\/h2>\n<p>\u00c1ir\u00edtear le cuideachta\u00ed geallt\u00f3ireachta \u00e9ags\u00fala tairiscint\u00ed geallt\u00f3ireachta saor in aisce \u00e9ags\u00fala. T\u00e1 s\u00e9 beartaithe agam cuid acu a mheas go mion:<\/p>\n<ul>\n<li>Is \u00e9 an tairiscint geall saor in aisce is coitianta n\u00e1 nuair a chl\u00fada\u00edonn an chuideachta geallt\u00f3ireachta cuid de do geall ach nach nd\u00e9anann s\u00e9 go hioml\u00e1n \u00e9. Is minic a bh\u00edonn siad teoranta ag cl\u00fadach uasta do gheallta agus an % de do geall is f\u00e9idir leis an gcuideachta geallt\u00f3ireachta a chl\u00fadach;<\/li>\n<li>geall seasta saor in aisce. Is minic gur f\u00e9idir le newbies geall seasta saor in aisce a fh\u00e1il mar bh\u00f3nas f\u00e1ilte. Beidh s\u00e9 seo ina m\u00e9id sainithe go docht de do geall, a chl\u00fad\u00f3idh an chuideachta geallt\u00f3ireachta go hioml\u00e1n;<\/li>\n<li>ais\u00edoca\u00edocht airgid ar geall. Is cine\u00e1l duaise s\u00f3l\u00e1s \u00e9 seo mura ndearna do geall \u00fadar maith agus n\u00e1r bhuaigh s\u00e9;<br \/>\nb\u00f3nas odds s\u00ednte. Is minic a thairgeann su\u00edomhanna geallt\u00f3ireachta saor in aisce \u00e9 seo do thosaitheoir\u00ed, agus is \u00e9 an b\u00f3nas at\u00e1<\/li>\n<li>ann n\u00e1 go dtugann an Casino roghanna n\u00edos fabhra\u00ed ar imeachta\u00ed sp\u00f3irt. D\u00e9anfaidh s\u00e9 sin do bhua n\u00edos taitneamha\u00ed f\u00f3s;<\/li>\n<li>b\u00f3nas taisce. Is minic a thugann cuideachta\u00ed geallghlacad\u00f3ir\u00ed b\u00f3nas ar do ch\u00e9ad \u00e9arlais i bhfoirm l\u00edon na ngeallta saor in aisce is f\u00e9idir leat a chur.<\/li>\n<\/ul>\n<p>Is tairiscint\u00ed f\u00e9ideartha iad seo go l\u00e9ir \u00f3 chuideachta\u00ed geallt\u00f3ireachta \u00e9ags\u00fala. B\u00ed cinnte f\u00e9achaint ar thuar geallt\u00f3ireachta saor in aisce chun an geall is brab\u00fasa\u00ed a dh\u00e9anamh.<\/p>\n<h2>CONAS A OIBR\u00cdONN Geallta SAOR IN AISCE?<\/h2>\n<p>Oibr\u00edonn geallt\u00f3ireacht sp\u00f3irt saor in aisce ar an bprionsabal c\u00e9anna le geallt\u00f3ireacht traidisi\u00fanta. N\u00edl aon difr\u00edocht idir do odds. N\u00ed f\u00e9idir leat geall a dh\u00e9anamh ach m\u00e9id \u00e1irithe at\u00e1 sonraithe i do gheall saor in aisce. N\u00ed bhainfear m\u00e9id an gheallta seo \u00f3 d\u2019iarmh\u00e9id, ach m\u00e1 bhuann t\u00fa, gheobhaidh t\u00fa do chuid buaite, gan m\u00e9id do gheallta saor in aisce a \u00e1ireamh.<\/p>\n<p>Is \u00e9 sin m\u00e1 rinne t\u00fa geallt\u00f3ireacht sp\u00f3irt saor in aisce de $ 10 ar imeacht le corrlaigh de 2.58 agus m\u00e1 bhuaigh t\u00fa. Go hiond\u00fail, gheof\u00e1 $25.8, ach anseo n\u00edor chuir t\u00fa geall ar do chuid airgid ach airgead an gheallghlacad\u00f3ra. Gheobhf\u00e1 $25.8 go $10, rud a chialla\u00edonn gurb \u00e9 $15.8 an bua at\u00e1 agat. N\u00edl s\u00e9 seo go dona, ag cur san \u00e1ireamh nach raibh t\u00fa i mbaol do chuid airgid f\u00e9in.<\/p>\n<h2>SOCHAIR NA dTAIRISCINT\u00cd Geallta SAOR IN AISCE<\/h2>\n<p>Tr\u00ed geallta saor in aisce a dh\u00e9anamh ar sp\u00f3irt, gheobhaidh t\u00fa go leor bunt\u00e1ist\u00ed duit f\u00e9in. S\u00f3rt sin mar an riosca \u00edosta de chailli\u00faint do infheist\u00edocht, an r\u00e9ad\u00fa is brab\u00fasach, agus tuilleamh taitneamhach nuair geallt\u00f3ireachta ar imeachta\u00ed sp\u00f3irt. Ach chun do shochair a uasmh\u00e9ad\u00fa, ba ch\u00f3ir duit \u00e1r leideanna a lean\u00faint:<\/p>\n<ul>\n<li>na geallta is cruinne a dh\u00e9anamh ionas gur f\u00e9idir leat an leas is m\u00f3 a bhaint as do chuid geallta in aisce;<\/li>\n<li>faigh amach i gc\u00f3na\u00ed r\u00e9amhaisn\u00e9is na h\u00f3c\u00e1ide sp\u00f3irt \u00f3 na saineolaithe comhfhreagracha, foghlaim faoin nuacht a d&#8217;fh\u00e9adfadh tionchar a bheith aige ar an toradh;<\/li>\n<li>geall go d\u00edreach roimh an \u00f3c\u00e1id \u200b\u200bsp\u00f3irt, chun aon imeachta\u00ed nua a bh\u00ed cheana f\u00e9in am chun cur isteach ar thoradh na h\u00f3c\u00e1ide, agus t\u00e1 t\u00fa d\u00e9anta i gceart geall;<\/li>\n<li>lean nuacht na cuideachta geallghlacad\u00f3ir\u00ed i gc\u00f3na\u00ed le fios go d\u00edreach c\u00e9n \u00e1it ar f\u00e9idir leat geall a dh\u00e9anamh leis an tairbhe is m\u00f3 a bhaint as duit f\u00e9in;<\/li>\n<li>lean na harduithe c\u00e9ime nua agus tarraing\u00edonn s\u00e9 chun an oiread b\u00f3nais agus is f\u00e9idir a fh\u00e1il, agus \u00f3 na b\u00f3nais seo chun an oiread buaite agus is f\u00e9idir a fh\u00e1il;<\/li>\n<li>N\u00e1 cuir geall m\u00e1 t\u00e1 alc\u00f3l \u00e1 \u00f3l agat. Is f\u00e9idir leis do mhoth\u00fa riosca a dh\u00e9anamh n\u00edos measa. Is f\u00e9idir leat n\u00edos m\u00f3 cinnt\u00ed gr\u00edosa a dh\u00e9anamh;<\/li>\n<li>cuimhnigh gur f\u00e9idir le haon rud a tharl\u00f3idh i sp\u00f3irt, agus nach bhfuil aon tuar 100%, mar sin cuir do geallta go c\u00faramach.<\/li>\n<\/ul>\n<p>Tr\u00ed na leideanna saor \u00f3 gheallt\u00f3ireacht seo a lean\u00faint, n\u00ed hamh\u00e1in gur f\u00e9idir leat an leas is fearr a bhaint as do bh\u00f3nais ach freisin taitneamh a bhaint as geallt\u00f3ireacht ar sp\u00f3irt.<\/p>\n<p><img loading=\"lazy\" decoding=\"async\" class=\"aligncenter wp-image-3938\" src=\"https:\/\/rocketplay-slot.com\/wp-content\/uploads\/2024\/02\/give-money-united-states-dollar-usd.jpg\" alt=\"Saor in aisce athbhreithni\u00fa geallt\u00f3ireachta sp\u00f3irt 2\" width=\"800\" height=\"534\" srcset=\"https:\/\/rocketplay-slot.com\/wp-content\/uploads\/2024\/02\/give-money-united-states-dollar-usd.jpg 1000w, https:\/\/rocketplay-slot.com\/wp-content\/uploads\/2024\/02\/give-money-united-states-dollar-usd-300x200.jpg 300w, https:\/\/rocketplay-slot.com\/wp-content\/uploads\/2024\/02\/give-money-united-states-dollar-usd-768x512.jpg 768w\" sizes=\"auto, (max-width: 800px) 100vw, 800px\" \/><\/p>\n<h2>CONCL\u00daID<\/h2>\n<p>Is uirlis iontach iad geallta saor in aisce, n\u00ed hamh\u00e1in don gheallghlacad\u00f3ir, ach freisin do na himreoir\u00ed a \u00fas\u00e1ideann iad. Agus n\u00edl s\u00e9 seo ach toisc, ar an mbealach seo, go bhfaigheann an geallghlacad\u00f3ir \u00fas\u00e1ideoir\u00ed nua, agus faigheann \u00fas\u00e1ideoir\u00ed riosca \u00edosta agus iad ag d\u00e9anamh na ch\u00e9ad geallta. Bain triail as duit f\u00e9in i saol na geallt\u00f3ireachta ceart anois!<\/p>\n","protected":false},"excerpt":{"rendered":"<p>T\u00e1 eagla go f\u00f3ill ar go leor \u00fas\u00e1ideoir\u00ed at\u00e1 ag dul i dtaith\u00ed ar gheallt\u00f3ireacht ar l\u00edne a gcuid geallta a chur. Is faoi chuideachta\u00ed geallghlacad\u00f3ir\u00ed den s\u00f3rt sin at\u00e1 s\u00e9 cead a thabhairt geallta saor in aisce a dh\u00e9anamh. Chomh maith leis sin, is f\u00e9idir le geallta saor in aisce a dh\u00e9anamh, agus is&#8230;<\/p>\n","protected":false},"author":1,"featured_media":0,"parent":2786,"menu_order":0,"comment_status":"closed","ping_status":"closed","template":"","meta":{"_acf_changed":false,"_kad_post_transparent":"default","_kad_post_title":"default","_kad_post_layout":"default","_kad_post_sidebar_id":"","_kad_post_content_style":"default","_kad_post_vertical_padding":"default","_kad_post_feature":"","_kad_post_feature_position":"","_kad_post_header":false,"_kad_post_footer":false,"footnotes":""},"class_list":["post-2838","page","type-page","status-publish","hentry"],"acf":[],"rttpg_featured_image_url":null,"rttpg_author":{"display_name":"Elvis","author_link":"https:\/\/rocketplay-slot.com\/ga\/author\/pemvas95n89x\/"},"rttpg_comment":0,"rttpg_category":null,"rttpg_excerpt":"T\u00e1 eagla go f\u00f3ill ar go leor \u00fas\u00e1ideoir\u00ed at\u00e1 ag dul i dtaith\u00ed ar gheallt\u00f3ireacht ar l\u00edne a gcuid geallta a chur. Is faoi chuideachta\u00ed geallghlacad\u00f3ir\u00ed den s\u00f3rt sin at\u00e1 s\u00e9 cead a thabhairt geallta saor in aisce a dh\u00e9anamh. Chomh maith leis sin, is f\u00e9idir le geallta saor in aisce a dh\u00e9anamh, agus is...","_links":{"self":[{"href":"https:\/\/rocketplay-slot.com\/ga\/wp-json\/wp\/v2\/pages\/2838","targetHints":{"allow":["GET"]}}],"collection":[{"href":"https:\/\/rocketplay-slot.com\/ga\/wp-json\/wp\/v2\/pages"}],"about":[{"href":"https:\/\/rocketplay-slot.com\/ga\/wp-json\/wp\/v2\/types\/page"}],"author":[{"embeddable":true,"href":"https:\/\/rocketplay-slot.com\/ga\/wp-json\/wp\/v2\/users\/1"}],"replies":[{"embeddable":true,"href":"https:\/\/rocketplay-slot.com\/ga\/wp-json\/wp\/v2\/comments?post=2838"}],"version-history":[{"count":3,"href":"https:\/\/rocketplay-slot.com\/ga\/wp-json\/wp\/v2\/pages\/2838\/revisions"}],"predecessor-version":[{"id":2839,"href":"https:\/\/rocketplay-slot.com\/ga\/wp-json\/wp\/v2\/pages\/2838\/revisions\/2839"}],"up":[{"embeddable":true,"href":"https:\/\/rocketplay-slot.com\/ga\/wp-json\/wp\/v2\/pages\/2786"}],"wp:attachment":[{"href":"https:\/\/rocketplay-slot.com\/ga\/wp-json\/wp\/v2\/media?parent=2838"}],"curies":[{"name":"wp","href":"https:\/\/api.w.org\/{rel}","templated":true}]}}