{"id":2894,"date":"2023-01-11T19:42:14","date_gmt":"2023-01-11T16:42:14","guid":{"rendered":"https:\/\/rocketplay-slot.com\/sports-betting\/app\/"},"modified":"2025-11-24T20:43:44","modified_gmt":"2025-11-24T17:43:44","slug":"app","status":"publish","type":"page","link":"https:\/\/rocketplay-slot.com\/ga\/sports-betting\/app\/","title":{"rendered":"L\u00e9irmheas ar app geallt\u00f3ireachta sp\u00f3irt"},"content":{"rendered":"<p>Luath n\u00f3 mall, smaoin\u00edonn aon lucht lean\u00fana gn\u00edomhach de breathn\u00fa ar imeachta\u00ed sp\u00f3irt ar an taith\u00ed a fheabhs\u00fa ar chluich\u00ed sp\u00f3irt tr\u00ed geallt\u00f3ireachta. Agus n\u00ed droch-smaoineamh \u00e9 seo. Tar \u00e9is an tsaoil, ar an mbealach seo, n\u00ed f\u00e9idir leat f\u00e9achaint n\u00ed hamh\u00e1in ach freisin airgead a thuilleamh n\u00f3 tac\u00fa leis an bhfoireann is fearr leat. Chun seo a dh\u00e9anamh, is f\u00e9idir leat aip geallt\u00f3ireachta a fh\u00e1il ar an Idirl\u00edon i gc\u00f3na\u00ed. Agus c\u00e9 acu is fearr a roghn\u00fa, beidh muid ag cabhr\u00fa leat a thuiscint.<\/p>\n<p><img loading=\"lazy\" decoding=\"async\" class=\"aligncenter wp-image-3988\" src=\"https:\/\/rocketplay-slot.com\/wp-content\/uploads\/2024\/02\/5581939_3644-1.jpg\" alt=\"L\u00e9irmheas ar app geallt\u00f3ireachta sp\u00f3irt\" width=\"800\" height=\"496\" srcset=\"https:\/\/rocketplay-slot.com\/wp-content\/uploads\/2024\/02\/5581939_3644-1.jpg 2500w, https:\/\/rocketplay-slot.com\/wp-content\/uploads\/2024\/02\/5581939_3644-1-300x186.jpg 300w, https:\/\/rocketplay-slot.com\/wp-content\/uploads\/2024\/02\/5581939_3644-1-1024x634.jpg 1024w, https:\/\/rocketplay-slot.com\/wp-content\/uploads\/2024\/02\/5581939_3644-1-768x476.jpg 768w, https:\/\/rocketplay-slot.com\/wp-content\/uploads\/2024\/02\/5581939_3644-1-1536x952.jpg 1536w, https:\/\/rocketplay-slot.com\/wp-content\/uploads\/2024\/02\/5581939_3644-1-2048x1269.jpg 2048w\" sizes=\"auto, (max-width: 800px) 100vw, 800px\" \/><\/p>\n<h2>Aipeanna Geallt\u00f3ireachta ARD-R\u00e1TA<\/h2>\n<p>Is f\u00e9idir leat bairr agus r\u00e1t\u00e1lacha go leor cuideachta\u00ed geallt\u00f3ireachta a fh\u00e1il ar an Idirl\u00edon. Is deacair muin\u00edn a chur ar go leor acu mar is minic a chonacthas na cuideachta\u00ed ag d\u00edol a gcuid tuairim\u00ed agus \u00e1iteanna sna r\u00e1t\u00e1lacha ar airgead, rud a fh\u00e1gann go mb\u00edonn amhras ort faoina n-oibiacht\u00falacht. Ach t\u00e1 go leor r\u00e1t\u00e1lacha mac\u00e1nta, ach ar an drochuair, t\u00e1 siad uaireanta deacair a fh\u00e1il agus a idirdheal\u00fa \u00f3 liars. Mar sin shocraigh muid \u00e1r liosta beag de na haipeanna geallt\u00f3ireachta is fearr a dh\u00e9anamh le crit\u00e9ir oibiacht\u00fala:<\/p>\n<ul>\n<li>T\u00e1 BetWinner ar cheann de na feidhmchl\u00e1ir geallt\u00f3ireachta sp\u00f3irt is suntasa\u00ed. Gheobhaidh t\u00fa b\u00f3nais den scoth d\u2019\u00fas\u00e1ideoir\u00ed nua le haghaidh cl\u00e1r\u00fach\u00e1in agus an ch\u00e9ad \u00e9arlais. T\u00e1 siad odds adorable agus rogha m\u00f3r de geallta. Bain triail as a gcuid seirbh\u00edse;<\/li>\n<li>WinBet &#8211; cuireann an chuideachta geallt\u00f3ireachta seo ceann de na l\u00ednte geall is fairsinge ar raon leathan sp\u00f3irt agus seans maith orthu. Seo iad na harduithe c\u00e9ime aip geallt\u00f3ireachta sp\u00f3irt is fearr a thugann b\u00f3nais agus arduithe c\u00e9ime iontacha d\u00e1 imreoir\u00ed is d\u00edlse;<\/li>\n<li>Is oifig geallghlacad\u00f3ra \u00ed BetWin le ceann de na deara\u00ed is simpl\u00ed agus is achomair. Agus d&#8217;fh\u00e9adfadh roinnt a r\u00e1 nach \u00e9 an rud is t\u00e1bhachta\u00ed, ach t\u00e1 s\u00e9 f\u00f3s ar cheann de na codanna riachtanacha. Cuid\u00edonn dearadh maith leis an \u00fas\u00e1ideoir i gc\u00f3na\u00ed, agus is f\u00e9idir le tosaitheoir\u00ed an m\u00e9id a theasta\u00edonn uaidh a dh\u00e9anamh i gceann c\u00fapla cad a tharla\u00edonn. Chomh maith leis sin, freagr\u00f3idh cuid de na odds is fabhra\u00ed agus taca\u00edocht theicni\u00fail den scoth aon cheisteanna a bheidh agat 24\/7.<\/li>\n<\/ul>\n<p>Is f\u00e9idir leat brath i gc\u00f3na\u00ed ar \u00e1r liosta beag chun comhph\u00e1irt\u00ed iontaofa a aimsi\u00fa i saol na haipe geallt\u00f3ireachta is fearr.<\/p>\n<h2>NA GN\u00cdOMHAIR\u00cd Geallta BEO IS FEARR<\/h2>\n<p>Chomh maith leis sin, is maith le go leor daoine geall a dh\u00e9anamh i bhf\u00edor-am, agus tugann go leor cuideachta\u00ed geallt\u00f3ireachta deis den s\u00f3rt sin. Mar sin, molaimid duit smaoineamh ar na pr\u00edomhchinn:<\/p>\n<ul>\n<li>SkyBet &#8211; cuireann s\u00e9 go leor roghanna geallt\u00f3ireachta \u00e9ags\u00fala ar f\u00e1il i bhform\u00e1id bheo.<\/li>\n<li>BetBoom &#8211; an app geallt\u00f3ireachta is coitianta, aitheanta as a b\u00f3nais flaithi\u00fala agus an seans iontach.<\/li>\n<li>Is cuideachta geallt\u00f3ireachta \u00e9 FonBet gan beagnach aon lochtanna. T\u00e1 siad go maith ag gach rud. Measann cuid acu gurb \u00e9 an aip geallt\u00f3ireachta is fearr san Astr\u00e1il fi\u00fa.<\/li>\n<\/ul>\n<p>Seice\u00e1il na liosta\u00ed seo ionas gur f\u00e9idir leat a roghn\u00fa cad is ceart duit.<\/p>\n<h2>CONAS DO DH\u00cdCHUR<\/h2>\n<p>Chun an aip geallt\u00f3ireachta sp\u00f3irt a \u00edosl\u00f3d\u00e1il, n\u00ed m\u00f3r duit \u00e1r dtreoracha beaga a lean\u00faint:<\/p>\n<ol>\n<li>T\u00e9igh go dt\u00ed l\u00e1ithre\u00e1n gr\u00e9as\u00e1in oifigi\u00fail na cuideachta geallt\u00f3ireachta a bhfuil suim agat ann.<\/li>\n<li>Ag barr an sc\u00e1ile\u00e1in, tairgfear duit an feidhmchl\u00e1r a \u00edosl\u00f3d\u00e1il chuig do ghuth\u00e1n p\u00f3ca. Clice\u00e1il anseo, agus tos\u00f3idh an \u00edosl\u00f3d\u00e1il go huathoibr\u00edoch.<\/li>\n<li>Nuair a bheidh an \u00edosl\u00f3d\u00e1il cr\u00edochnaithe, \u00e9 a shuite\u00e1il.<\/li>\n<li>Nuair a bheidh an app suite\u00e1ilte, \u00e9 a oscailt.<\/li>\n<li>Chun geallta a chur, n\u00ed m\u00f3r duit log\u00e1il isteach n\u00f3 cl\u00e1r\u00fa. M\u00e1 chl\u00e1ra\u00edonn t\u00fa cuntas nua, d\u00e9an cinnte do shonra\u00ed reatha agus do r\u00edomhphost bail\u00ed a chur isteach. Chomh maith leis sin, cuimhnigh ar do ch\u00f3d cuiridh a chur san \u00e1ireamh ionas gur f\u00e9idir leat n\u00edos m\u00f3 b\u00f3nais a fh\u00e1il ag an t\u00fas agus ionas go bhfaighidh an t\u00e9 a thug cuireadh duit a chuid b\u00f3nais duit.<\/li>\n<li>Nuair a bheidh t\u00fa log\u00e1ilte isteach, is f\u00e9idir leat d\u2019iarmh\u00e9id a thaisceadh agus do ch\u00e9ad geallta sp\u00f3irt a dh\u00e9anamh.<\/li>\n<\/ol>\n<p>M\u00e1 leanann t\u00fa na treoracha seo, is f\u00e9idir leat tos\u00fa geallt\u00f3ireachta a luaithe is f\u00e9idir. T\u00e1 na treoracha seo \u00e1bhartha do fh\u00f3in chliste bunaithe ar Android. M\u00e1 t\u00e1 iPhone agat, is f\u00e9idir leat geallta a dh\u00e9anamh \u00f3 shu\u00edomh soghluaiste cuideachta\u00ed geallt\u00f3ireachta. Is minic a bh\u00edonn siad optamaithe go foirfe do do ghuth\u00e1n cliste.<\/p>\n<h2>BUNT\u00c1IST\u00cd SP\u00d3IRT A GHEALLADH AR GH\u00c9IST\u00cd P\u00d3CA<\/h2>\n<p>T\u00e1 go leor gn\u00e9ithe dearfacha ag baint le geallt\u00f3ireacht ar imeachta\u00ed sp\u00f3irt \u00f3 do ghl\u00e9asanna soghluaiste. F\u00e9adfaidh siad a bheith difri\u00fail do gach duine, ach t\u00e1 go leor bunt\u00e1ist\u00ed coitianta ann. Molaim duit machnamh a dh\u00e9anamh ar chuid d\u00edobh seo a leanas:<\/p>\n<ul>\n<li>is f\u00e9idir leat geallta a dh\u00e9anamh i gc\u00f3na\u00ed ar na himeachta\u00ed is reatha fi\u00fa mura bhfuil t\u00fa sa bhaile, agus t\u00f3gfaidh s\u00e9 ar a laghad de do chuid ama;<\/li>\n<li>t\u00e1 i bhfad n\u00edos m\u00f3 \u00e1isi\u00falachta maidir leis an bhfeidhmchl\u00e1r soghluaiste a \u00fas\u00e1id n\u00e1 gn\u00edomhartha comhchos\u00fala \u00f3 do r\u00edomhaire;<\/li>\n<li>is f\u00e9idir leat geallta a dh\u00e9anamh i bhf\u00edor-am i gc\u00f3na\u00ed, fi\u00fa agus t\u00fa ag f\u00e9achaint ar an gcluiche, agus n\u00ed bheidh ort briseadh \u00f3 bheith ag breathn\u00fa ar an gcluiche ar do theilif\u00eds.<\/li>\n<\/ul>\n<p>Agus n\u00ed h\u00e9 sin go l\u00e9ir na bunt\u00e1ist\u00ed a bhaineann le geallt\u00f3ireacht \u00f3 do ghuth\u00e1n cille, ionas go mbeidh t\u00fa deis a fh\u00e1il ar na bunt\u00e1ist\u00ed at\u00e1 ceart duit.<\/p>\n<p><img loading=\"lazy\" decoding=\"async\" class=\"aligncenter wp-image-3997\" src=\"https:\/\/rocketplay-slot.com\/wp-content\/uploads\/2024\/02\/watch-live-sports-event-your-mobile-device-betting-football-matches.jpg\" alt=\"L\u00e9irmheas ar app geallt\u00f3ireachta sp\u00f3irt 2\" width=\"800\" height=\"448\" srcset=\"https:\/\/rocketplay-slot.com\/wp-content\/uploads\/2024\/02\/watch-live-sports-event-your-mobile-device-betting-football-matches.jpg 1000w, https:\/\/rocketplay-slot.com\/wp-content\/uploads\/2024\/02\/watch-live-sports-event-your-mobile-device-betting-football-matches-300x168.jpg 300w, https:\/\/rocketplay-slot.com\/wp-content\/uploads\/2024\/02\/watch-live-sports-event-your-mobile-device-betting-football-matches-768x430.jpg 768w\" sizes=\"auto, (max-width: 800px) 100vw, 800px\" \/><\/p>\n<h2>CC<\/h2>\n<p>B\u00edonn go leor ceisteanna \u00e9ags\u00fala ag \u00fas\u00e1ideoir\u00ed nua i gc\u00f3na\u00ed, rud a bhfuiltear ag s\u00fail leis, agus mar sin shocraigh muid na cinn is coitianta a bhaili\u00fa agus freagra\u00ed a thabhairt d\u00f3ibh.<\/p>\n<h3>MURA BHFUIL ACH 17 mbliana d&#8217;aois, AN F\u00c9IDIR LIOM TOS\u00da Geallt\u00f3ireacht?<\/h3>\n<p>N\u00ed f\u00e9idir, de r\u00e9ir an dl\u00ed, is f\u00e9idir leat p\u00e1irt a ghlacadh go docht i gcearrbhachas \u00f3 18. D\u00e9antar \u00e9 seo toisc nach f\u00e9idir go leor mionaoisigh a bheith r\u00e9idh chun seasamh in aghaidh an mhoth\u00fach\u00e1in ar chearrbhachas agus go gcaillfidh t\u00fa go leor airgid, go minic n\u00ed a gcuid f\u00e9in, ach airgead a dtuismitheoir\u00ed.<\/p>\n<h3>AN F\u00c9IDIR LIOM MO BHUAITEANNA A THABHAIRT AR AIS CHUIG MO Spar\u00e1n cripte-TAIRGEADAIS?<\/h3>\n<p>Sol\u00e1thra\u00edonn go leor cuideachta\u00ed geallt\u00f3ireachta an fh\u00e9idearthacht seo anois, ach t\u00e1 daoine ann nach bhfuil an fheidhm seo ar f\u00e1il d\u00f3ibh. Mar sin ba ch\u00f3ir duit athbhreithnithe ar aip geallt\u00f3ireachta a l\u00e9amh go c\u00faramach. Beidh scr\u00edobh faoi.<\/p>\n<h3>CAD \u00c9 B\u00d3NAS F\u00c1ILTE?<\/h3>\n<p>Is \u00e9 seo an b\u00f3nas a gheobhaidh t\u00fa nuair a chl\u00e1ra\u00edonn t\u00fa do chuntas. D\u00e9antar \u00e9 seo ionas go bhfanann n\u00edos m\u00f3 \u00fas\u00e1ideoir\u00ed nua leis na cuideachta\u00ed geallt\u00f3ireachta.<\/p>\n","protected":false},"excerpt":{"rendered":"<p>Luath n\u00f3 mall, smaoin\u00edonn aon lucht lean\u00fana gn\u00edomhach de breathn\u00fa ar imeachta\u00ed sp\u00f3irt ar an taith\u00ed a fheabhs\u00fa ar chluich\u00ed sp\u00f3irt tr\u00ed geallt\u00f3ireachta. Agus n\u00ed droch-smaoineamh \u00e9 seo. Tar \u00e9is an tsaoil, ar an mbealach seo, n\u00ed f\u00e9idir leat f\u00e9achaint n\u00ed hamh\u00e1in ach freisin airgead a thuilleamh n\u00f3 tac\u00fa leis an bhfoireann is fearr leat&#8230;.<\/p>\n","protected":false},"author":1,"featured_media":0,"parent":2786,"menu_order":0,"comment_status":"closed","ping_status":"closed","template":"","meta":{"_acf_changed":false,"_kad_post_transparent":"default","_kad_post_title":"default","_kad_post_layout":"default","_kad_post_sidebar_id":"","_kad_post_content_style":"default","_kad_post_vertical_padding":"default","_kad_post_feature":"","_kad_post_feature_position":"","_kad_post_header":false,"_kad_post_footer":false,"footnotes":""},"class_list":["post-2894","page","type-page","status-publish","hentry"],"acf":[],"rttpg_featured_image_url":null,"rttpg_author":{"display_name":"Elvis","author_link":"https:\/\/rocketplay-slot.com\/ga\/author\/pemvas95n89x\/"},"rttpg_comment":0,"rttpg_category":null,"rttpg_excerpt":"Luath n\u00f3 mall, smaoin\u00edonn aon lucht lean\u00fana gn\u00edomhach de breathn\u00fa ar imeachta\u00ed sp\u00f3irt ar an taith\u00ed a fheabhs\u00fa ar chluich\u00ed sp\u00f3irt tr\u00ed geallt\u00f3ireachta. Agus n\u00ed droch-smaoineamh \u00e9 seo. Tar \u00e9is an tsaoil, ar an mbealach seo, n\u00ed f\u00e9idir leat f\u00e9achaint n\u00ed hamh\u00e1in ach freisin airgead a thuilleamh n\u00f3 tac\u00fa leis an bhfoireann is fearr leat....","_links":{"self":[{"href":"https:\/\/rocketplay-slot.com\/ga\/wp-json\/wp\/v2\/pages\/2894","targetHints":{"allow":["GET"]}}],"collection":[{"href":"https:\/\/rocketplay-slot.com\/ga\/wp-json\/wp\/v2\/pages"}],"about":[{"href":"https:\/\/rocketplay-slot.com\/ga\/wp-json\/wp\/v2\/types\/page"}],"author":[{"embeddable":true,"href":"https:\/\/rocketplay-slot.com\/ga\/wp-json\/wp\/v2\/users\/1"}],"replies":[{"embeddable":true,"href":"https:\/\/rocketplay-slot.com\/ga\/wp-json\/wp\/v2\/comments?post=2894"}],"version-history":[{"count":3,"href":"https:\/\/rocketplay-slot.com\/ga\/wp-json\/wp\/v2\/pages\/2894\/revisions"}],"predecessor-version":[{"id":4562,"href":"https:\/\/rocketplay-slot.com\/ga\/wp-json\/wp\/v2\/pages\/2894\/revisions\/4562"}],"up":[{"embeddable":true,"href":"https:\/\/rocketplay-slot.com\/ga\/wp-json\/wp\/v2\/pages\/2786"}],"wp:attachment":[{"href":"https:\/\/rocketplay-slot.com\/ga\/wp-json\/wp\/v2\/media?parent=2894"}],"curies":[{"name":"wp","href":"https:\/\/api.w.org\/{rel}","templated":true}]}}