{"id":2946,"date":"2023-01-11T23:08:32","date_gmt":"2023-01-11T20:08:32","guid":{"rendered":"https:\/\/rocketplay-slot.com\/sports-betting\/handball\/"},"modified":"2024-02-08T14:53:40","modified_gmt":"2024-02-08T11:53:40","slug":"handball","status":"publish","type":"page","link":"https:\/\/rocketplay-slot.com\/ga\/sports-betting\/handball\/","title":{"rendered":"Liathr\u00f3id L\u00e1imhe Treoir Gheallta"},"content":{"rendered":"<p>N\u00ed sp\u00f3rt an-t\u00f3ir ar liathr\u00f3id l\u00e1imhe, mar sin n\u00edl go leor lucht lean\u00fana geallt\u00f3ireachta Liathr\u00f3id L\u00e1imhe ann. Ach t\u00e1 s\u00e9 seo iontach mar gheall ar an n\u00edos m\u00f3 daoine geall ar imeacht ar leith, an n\u00edos \u00edsle ar an odds ar s\u00e9, agus \u00f3s rud \u00e9 nach bhfuil m\u00f3r\u00e1n daoine geall ar Liathr\u00f3id L\u00e1imhe, t\u00e1 an odds n\u00edos suntasa\u00ed, agus do bua f\u00e9ideartha freisin n\u00edos fairsinge.<\/p>\n<p>Chomh maith leis sin, is f\u00e9idir le gach \u00fas\u00e1ideoir a bh\u00f3nas f\u00e1ilte a fh\u00e1il, agus t\u00e1 na corrlaigh mh\u00e9adaithe ar chluich\u00ed liathr\u00f3id l\u00e1imhe iontach chun cabhr\u00fa leat n\u00edos m\u00f3 airgid a dh\u00e9anamh ar imeachta\u00ed liathr\u00f3id l\u00e1imhe. B\u00ed cinnte iarracht geallt\u00f3ireacht a dh\u00e9anamh ar chluiche liathr\u00f3id l\u00e1imhe tar \u00e9is \u00e1r n-alt a l\u00e9amh.<\/p>\n<p><img loading=\"lazy\" decoding=\"async\" class=\"aligncenter wp-image-3908\" src=\"https:\/\/rocketplay-slot.com\/wp-content\/uploads\/2024\/02\/soccer-player-stadium-action-mixed-media.jpg\" alt=\"Liathr\u00f3id L\u00e1imhe Treoir Gheallta\" width=\"800\" height=\"466\" srcset=\"https:\/\/rocketplay-slot.com\/wp-content\/uploads\/2024\/02\/soccer-player-stadium-action-mixed-media.jpg 1000w, https:\/\/rocketplay-slot.com\/wp-content\/uploads\/2024\/02\/soccer-player-stadium-action-mixed-media-300x175.jpg 300w, https:\/\/rocketplay-slot.com\/wp-content\/uploads\/2024\/02\/soccer-player-stadium-action-mixed-media-768x448.jpg 768w\" sizes=\"auto, (max-width: 800px) 100vw, 800px\" \/><\/p>\n<h2>NA PRIONSABAIL BUN\u00daSACHA L\u00c1IMHE<\/h2>\n<p>T\u00e1 liathr\u00f3id l\u00e1imhe an-chos\u00fail le sacar sa seomra acla\u00edochta. Agus go deimhin t\u00e1 go leor cos\u00falachta\u00ed ann, agus is \u00e9 an pr\u00edomhdhifr\u00edocht n\u00e1 nach f\u00e9idir leat imirt le do chosa, agus sa sacar, le do l\u00e1mha i Liathr\u00f3id L\u00e1imhe.<\/p>\n<p>Ach t\u00e1 i bhfad n\u00edos m\u00f3 difr\u00edochta\u00ed ann. A ligean ar a fh\u00e1il go dt\u00ed an bun \u00e9. I gcluiche liathr\u00f3id l\u00e1imhe, glacann dh\u00e1 fhoireann de 7 imreoir\u00ed p\u00e1irt. Is f\u00e9idir leis na foirne ionada\u00edocht a dh\u00e9anamh ar imreoir\u00ed m\u00e1 bh\u00edonn duine gortaithe n\u00f3 tuirseach. N\u00ed mhaireann cluiche liathr\u00f3id l\u00e1imhe ach dh\u00e1 leath de 30 n\u00f3im\u00e9ad an ceann, rud at\u00e1 iontach mar is f\u00e9idir leat n\u00edos m\u00f3 geallta a chur, agus t\u00f3gfaidh s\u00e9 n\u00edos l\u00fa ama. I Liathr\u00f3id L\u00e1imhe, n\u00ed f\u00e9idir le duine an liathr\u00f3id a shealbh\u00fa ar feadh i bhfad. Rannph\u00e1irt\u00ed amh\u00e1in uair amh\u00e1in gach 3 soicind n\u00f3 c\u00e9imeanna. Caithfidh pas n\u00f3 dribble a bheith ann. D\u00e9anann s\u00e9 seo an sp\u00f3rt an-dinimici\u00fail agus iontach. B\u00ed cinnte f\u00e9achaint air seo.<\/p>\n<h2>C\u00c9N F\u00c1TH Geallta AR L\u00cdNE AR P\u00c1L L\u00c1IMHE?<\/h2>\n<p>Is f\u00e9idir leat geall a chur as l\u00edne ag an gcluiche n\u00f3 ar l\u00edne agus t\u00fa ag f\u00e9achaint ar an gcluiche sa bhaile \u00f3 do ghuth\u00e1n p\u00f3ca n\u00f3 teilif\u00edse. Is fearr le go leor daoine geall a dh\u00e9anamh as l\u00edne f\u00f3s, ach b\u00edonn go leor m\u00edchaoithi\u00falachta\u00ed i gceist leis. Sin an f\u00e1th go molaimid go l\u00e9ir duit geall a chur ar l\u00edne.<\/p>\n<p>Nuair a chuireann t\u00fa geall le geallghlacad\u00f3ir ar l\u00edne, n\u00ed g\u00e1 duit seasamh i scuaine ag fanacht leat do geall a chur n\u00f3 chun do chuid buaite a bhaili\u00fa. Chomh maith leis sin, san fhorm\u00e1id ar l\u00edne, t\u00e1 rogha i bhfad n\u00edos fearr agat maidir le h\u00e9ags\u00falachta\u00ed do geall, a bheith cinnte leas a bhaint as seo. N\u00ed g\u00e1 airgead tirim a bheith agat. Is f\u00e9idir leat \u00edoc i gc\u00f3na\u00ed le do ch\u00e1rta bainc n\u00f3 le cryptocurrency agus do chuid buaite a ghlacadh go caoth\u00fail. Chomh maith leis sin, bain leas as tionscnaimh geallt\u00f3ireachta Liathr\u00f3id L\u00e1imhe chun an oiread brab\u00fais agus is f\u00e9idir a dh\u00e9anamh.<\/p>\n<h2>CINE\u00c1LACHA Geallta<\/h2>\n<p>T\u00e1 go leor geallta f\u00e9ideartha ag gach su\u00edomh geallt\u00f3ireachta Liathr\u00f3id L\u00e1imhe, rud a d\u2019fh\u00e9adfadh mearbhall a chur ar an \u00fas\u00e1ideoir gan taith\u00ed. Mar sin shocraigh muid cabhr\u00fa leat cuid acu a thuiscint:<\/p>\n<ul>\n<li>geallt\u00f3ireachta ar an l\u00edne buaite. T\u00e1 s\u00e9 seo ar cheann de na modhanna geallt\u00f3ireachta is \u00e9asca. Geall t\u00fa ar thoradh deiridh an chluiche. Geall t\u00fa go mbeidh foireann &#8220;A&#8221; bua, caillfidh n\u00f3 a tharraingt i gcoinne fhoireann &#8220;B.&#8221;<\/li>\n<li>geallt\u00f3ireachta ar thoradh ar leith. Is f\u00e9idir leat geall a dh\u00e9anamh ar sc\u00f3r cruinn an chluiche. Ach ba ch\u00f3ir duit a thuiscint go m\u00e1 bhuaigh do fhoireann, ach iompaigh an sc\u00f3r amach a bheith difri\u00fail &#8211; caillfidh t\u00fa f\u00f3s.<\/li>\n<li>n\u00edos m\u00f3 \/ n\u00edos l\u00fa &#8211; is f\u00e9idir leat geall a dh\u00e9anamh ar c\u00e9 acu an dtarl\u00f3idh s\u00e9 seo n\u00f3 an teagmhas sin n\u00edos m\u00f3 n\u00f3 n\u00edos l\u00fa uaireanta. Mar shampla, is f\u00e9idir leat geall a dh\u00e9anamh go sc\u00f3r\u00e1lfaidh d\u2019fhoireann n\u00edos m\u00f3 n\u00e1 tr\u00ed sprioc n\u00f3 go ng\u00e9illfidh t\u00fa n\u00edos l\u00fa n\u00e1 dh\u00e1 ch\u00fal.<br \/>\ngeall a chur ar imeacht ar leith &#8211; is f\u00e9idir leat geall a dh\u00e9anamh ar cib\u00e9 an dtarl\u00f3idh n\u00f3 nach dtarl\u00f3idh imeacht ar leith. Mar shampla, m\u00e1 sc\u00f3r\u00e1lann imreoir foirne &#8220;A&#8221; n\u00f3 b&#8217;fh\u00e9idir sa chluiche seo, bainfear imreoir.<\/li>\n<li>is f\u00e9idir leat geall a dh\u00e9anamh freisin ar roinnt cluich\u00ed &#8211; is f\u00e9idir leat geall a dh\u00e9anamh ar thr\u00ed chluiche liathr\u00f3id l\u00e1imhe n\u00f3 n\u00edos m\u00f3 ag an am c\u00e9anna laistigh de gheall amh\u00e1in, agus n\u00ed bheidh an seans ag f\u00e1s ach amh\u00e1in do gach cluiche. N\u00ed m\u00f3r duit gach geallta a bhuachan. M\u00e1 dh\u00e9anann t\u00fa geall ar ch\u00faig chluiche agus nach raibh ach ceann amh\u00e1in br\u00e9agach, n\u00ed bhfaighidh t\u00fa do chuid buaite f\u00f3s. Mar sin a bheith c\u00faramach leis an gcine\u00e1l seo geallt\u00f3ireachta.<\/li>\n<\/ul>\n<p>I gcuideachta\u00ed geallt\u00f3ireachta \u00e9ags\u00fala, is f\u00e9idir leat roghanna eile a aimsi\u00fa le haghaidh geallt\u00f3ireachta, ach is iad seo a mholaimid do thosaitheoir\u00ed toisc go bhfuil siad chomh simpl\u00ed agus is f\u00e9idir agus go dtugann siad roghanna maithe duit.<\/p>\n<h2>TIPS<\/h2>\n<p>T\u00e1 gach \u00fas\u00e1ideoir taith\u00ed cinnte go bhfuil a strait\u00e9is geallt\u00f3ireachta Liathr\u00f3id L\u00e1imhe. Toisc gur strait\u00e9is dea-smaoineamh \u00ed a ligeann duit do chothroma\u00edocht a bhainisti\u00fa chomh h\u00e9ifeachtach agus is f\u00e9idir, is \u00e9 sin an f\u00e1th go bhfuil roinnt leideanna riachtanacha againn maidir le geallt\u00f3ireacht Liathr\u00f3id L\u00e1imhe ullmhaithe duit:<\/p>\n<ul>\n<li>n\u00e1 b\u00ed ag s\u00fagradh agus t\u00fa ar meisce. D\u2019fh\u00e9adfadh s\u00e9 seo dochar a dh\u00e9anamh do do thortha\u00ed mar d\u2019fh\u00e9adfadh go mbeadh tuiscint mhe\u00e1ite agat ar chomhr\u00e9ir agus ar chont\u00fairt;<\/li>\n<li>a bheith cinnte chun f\u00e9achaint ar Liathr\u00f3id L\u00e1imhe tuar geallt\u00f3ireachta. Cabhr\u00f3idh s\u00e9 seo leat an geall is cruinne is f\u00e9idir a dh\u00e9anamh;<\/li>\n<li>bain \u00fas\u00e1id as na roghanna geallt\u00f3ireachta Liathr\u00f3id L\u00e1imhe is fearr chun do chuid buaite a dh\u00e9anamh chomh m\u00f3r agus is f\u00e9idir;<br \/>\nN\u00e1 h\u00fas\u00e1id geallt\u00f3ireachta liathr\u00f3id l\u00e1imhe chun airgead a dh\u00e9anamh mar is cluiche foirne \u00e9 Liathr\u00f3id L\u00e1imhe, agus braitheann an toradh ar go leor f\u00edric\u00ed, gach ceann acu nach f\u00e9idir leat a thuar.<\/li>\n<\/ul>\n<p>Lean \u00e1r dtreoir geallt\u00f3ireachta Liathr\u00f3id L\u00e1imhe chun d\u2019infheist\u00edocht a dh\u00e9anamh chomh brab\u00fasach agus is f\u00e9idir agus an baol beag ann go gcaillfidh t\u00fa d\u2019infheist\u00edocht.<\/p>\n<p><img loading=\"lazy\" decoding=\"async\" class=\"aligncenter wp-image-3918\" src=\"https:\/\/rocketplay-slot.com\/wp-content\/uploads\/2024\/02\/soccer-player-ready-play-with-soccerball-stadium.jpg\" alt=\"Liathr\u00f3id L\u00e1imhe Treoir Gheallta 2\" width=\"800\" height=\"534\" srcset=\"https:\/\/rocketplay-slot.com\/wp-content\/uploads\/2024\/02\/soccer-player-ready-play-with-soccerball-stadium.jpg 1000w, https:\/\/rocketplay-slot.com\/wp-content\/uploads\/2024\/02\/soccer-player-ready-play-with-soccerball-stadium-300x200.jpg 300w, https:\/\/rocketplay-slot.com\/wp-content\/uploads\/2024\/02\/soccer-player-ready-play-with-soccerball-stadium-768x512.jpg 768w\" sizes=\"auto, (max-width: 800px) 100vw, 800px\" \/><\/p>\n<h2>CC<\/h2>\n<p>Is cuma c\u00e9 chomh taith\u00ed at\u00e1 agat mar \u00fas\u00e1ideoir, b&#8217;fh\u00e9idir go mbeadh ceisteanna agat i gc\u00f3na\u00ed faoi conas a oibr\u00edonn cuideachta geallt\u00f3ireachta. Sin an f\u00e1th a bhfuil roinnt cinn m\u00f3r\u00e9ilimh bailithe againn agus na freagra\u00ed tugtha duit.<\/p>\n<h3>CONAS A BHFUIL A FHIOS AGAM C\u00c9 A GHEARR A CHUR ISTEACH?<\/h3>\n<p>N\u00ed f\u00e9idir 100% aithne a chur ar an mbuaiteoir go dt\u00ed an fhead\u00f3g dheiridh. Ach is f\u00e9idir leat na facht\u00f3ir\u00ed oibiacht\u00fala agus suibiacht\u00fala go l\u00e9ir a shuimi\u00fa agus iarracht a dh\u00e9anamh buaiteoir an chluiche at\u00e1 le teacht a chinneadh i do chuid f\u00e9in. \u00d3 am go ch\u00e9ile, b\u00edonn bua ag fi\u00fa na daoine \u00f3n taobh amuigh ar na ceannair\u00ed.<\/p>\n<h3>C\u00c9N F\u00c1TH IMEACHTA\u00cd AR CH\u00d3IR DUIT A GHEALLADH?<\/h3>\n<p>N\u00edl roinnt tournaments ar f\u00e1il ag roinnt geallghlacad\u00f3ir\u00ed. N\u00edl cluich\u00ed gairmi\u00fala n\u00edos l\u00fa ar f\u00e1il den chuid is m\u00f3. Is fi\u00fa freisin geall a chur ar bhua do cheann de na foirne.<\/p>\n<h3>C\u00c9N AOIS IS F\u00c9IDIR LIOM Geall?<\/h3>\n<p>N\u00ed f\u00e9idir leat cearrbhachas a thos\u00fa ach amh\u00e1in nuair a shroicheann t\u00fa 18 mbliana d&#8217;aois. Sainmh\u00edn\u00edonn an dl\u00ed \u00e9 seo go docht, agus n\u00ed sh\u00e1ra\u00edonn cuideachta\u00ed geallt\u00f3ireachta \u00e9.<\/p>\n","protected":false},"excerpt":{"rendered":"<p>N\u00ed sp\u00f3rt an-t\u00f3ir ar liathr\u00f3id l\u00e1imhe, mar sin n\u00edl go leor lucht lean\u00fana geallt\u00f3ireachta Liathr\u00f3id L\u00e1imhe ann. Ach t\u00e1 s\u00e9 seo iontach mar gheall ar an n\u00edos m\u00f3 daoine geall ar imeacht ar leith, an n\u00edos \u00edsle ar an odds ar s\u00e9, agus \u00f3s rud \u00e9 nach bhfuil m\u00f3r\u00e1n daoine geall ar Liathr\u00f3id L\u00e1imhe, t\u00e1&#8230;<\/p>\n","protected":false},"author":1,"featured_media":0,"parent":2786,"menu_order":0,"comment_status":"closed","ping_status":"closed","template":"","meta":{"_acf_changed":false,"_kad_post_transparent":"default","_kad_post_title":"default","_kad_post_layout":"default","_kad_post_sidebar_id":"","_kad_post_content_style":"default","_kad_post_vertical_padding":"default","_kad_post_feature":"","_kad_post_feature_position":"","_kad_post_header":false,"_kad_post_footer":false,"footnotes":""},"class_list":["post-2946","page","type-page","status-publish","hentry"],"acf":[],"rttpg_featured_image_url":null,"rttpg_author":{"display_name":"Elvis","author_link":"https:\/\/rocketplay-slot.com\/ga\/author\/pemvas95n89x\/"},"rttpg_comment":0,"rttpg_category":null,"rttpg_excerpt":"N\u00ed sp\u00f3rt an-t\u00f3ir ar liathr\u00f3id l\u00e1imhe, mar sin n\u00edl go leor lucht lean\u00fana geallt\u00f3ireachta Liathr\u00f3id L\u00e1imhe ann. Ach t\u00e1 s\u00e9 seo iontach mar gheall ar an n\u00edos m\u00f3 daoine geall ar imeacht ar leith, an n\u00edos \u00edsle ar an odds ar s\u00e9, agus \u00f3s rud \u00e9 nach bhfuil m\u00f3r\u00e1n daoine geall ar Liathr\u00f3id L\u00e1imhe, t\u00e1...","_links":{"self":[{"href":"https:\/\/rocketplay-slot.com\/ga\/wp-json\/wp\/v2\/pages\/2946","targetHints":{"allow":["GET"]}}],"collection":[{"href":"https:\/\/rocketplay-slot.com\/ga\/wp-json\/wp\/v2\/pages"}],"about":[{"href":"https:\/\/rocketplay-slot.com\/ga\/wp-json\/wp\/v2\/types\/page"}],"author":[{"embeddable":true,"href":"https:\/\/rocketplay-slot.com\/ga\/wp-json\/wp\/v2\/users\/1"}],"replies":[{"embeddable":true,"href":"https:\/\/rocketplay-slot.com\/ga\/wp-json\/wp\/v2\/comments?post=2946"}],"version-history":[{"count":3,"href":"https:\/\/rocketplay-slot.com\/ga\/wp-json\/wp\/v2\/pages\/2946\/revisions"}],"predecessor-version":[{"id":4530,"href":"https:\/\/rocketplay-slot.com\/ga\/wp-json\/wp\/v2\/pages\/2946\/revisions\/4530"}],"up":[{"embeddable":true,"href":"https:\/\/rocketplay-slot.com\/ga\/wp-json\/wp\/v2\/pages\/2786"}],"wp:attachment":[{"href":"https:\/\/rocketplay-slot.com\/ga\/wp-json\/wp\/v2\/media?parent=2946"}],"curies":[{"name":"wp","href":"https:\/\/api.w.org\/{rel}","templated":true}]}}