{"id":2998,"date":"2023-01-11T23:39:55","date_gmt":"2023-01-11T20:39:55","guid":{"rendered":"https:\/\/rocketplay-slot.com\/sports-betting\/football\/"},"modified":"2024-02-08T15:16:42","modified_gmt":"2024-02-08T12:16:42","slug":"football","status":"publish","type":"page","link":"https:\/\/rocketplay-slot.com\/ga\/sports-betting\/football\/","title":{"rendered":"Peil &#8211; Treoir Gheallta"},"content":{"rendered":"<p>T\u00e1 sacar ar cheann de na cluich\u00ed is coitianta ar domhan. Is bre\u00e1 le go leor daoine an cluiche seo mar gheall ar a thiom\u00e1int agus n\u00ed le haghaidh anail\u00edse. T\u00e1 s\u00e9 n\u00edos casta n\u00e1 fichille. Mar gheall ar na facht\u00f3ir\u00ed seo go l\u00e9ir, t\u00e1 t\u00f3ir ag geallghlacad\u00f3ir\u00ed ar an gcluiche seo. Beidh na h\u00e9ags\u00falachta\u00ed is suntasa\u00ed de geallta i gc\u00f3na\u00ed ar sacar. T\u00e1imid ag scr\u00edobh an ailt seo chun cabhr\u00fa leat peil geallt\u00f3ireachta a thuiscint.<\/p>\n<p><img loading=\"lazy\" decoding=\"async\" class=\"aligncenter wp-image-3948\" src=\"https:\/\/rocketplay-slot.com\/wp-content\/uploads\/2024\/02\/businessman-with-banknotes-around-holds-cellphone-his-hand-with-football-field-display.jpg\" alt=\"Peil - Treoir Gheallta\" width=\"800\" height=\"534\" srcset=\"https:\/\/rocketplay-slot.com\/wp-content\/uploads\/2024\/02\/businessman-with-banknotes-around-holds-cellphone-his-hand-with-football-field-display.jpg 1000w, https:\/\/rocketplay-slot.com\/wp-content\/uploads\/2024\/02\/businessman-with-banknotes-around-holds-cellphone-his-hand-with-football-field-display-300x200.jpg 300w, https:\/\/rocketplay-slot.com\/wp-content\/uploads\/2024\/02\/businessman-with-banknotes-around-holds-cellphone-his-hand-with-football-field-display-768x513.jpg 768w\" sizes=\"auto, (max-width: 800px) 100vw, 800px\" \/><\/p>\n<h2>ODDS PEILE M\u00cdNITHE<\/h2>\n<p>T\u00e1 r\u00f3l r\u00edth\u00e1bhachtach ag na odds sa domhan geallt\u00f3ireachta. Cinneann an odds c\u00e9 mh\u00e9ad a bheidh t\u00fa a bhuachan do do geall. Agus braitheann an odds ar roinnt facht\u00f3ir\u00ed:<\/p>\n<ul>\n<li>na corrlaigh matamaitici\u00fala a bhaineann le himeacht ar leith. D\u00e1 mh\u00e9ad seans go dtarl\u00f3idh teagmhas, is l\u00fa an seans a bheidh ann. \u00das\u00e1idtear corrlaigh mhatamaitici\u00fala le haghaidh corrlaigh tosaigh arna gceart\u00fa ag geallta \u00fas\u00e1ideoir\u00ed eile agus foirml\u00ed matamaitice tar \u00e9is teagmhais a athra\u00edonn leagan amach na bhf\u00f3rsa\u00ed.<\/li>\n<li>geallta \u00fas\u00e1ideoir\u00ed eile. N\u00ed f\u00e9idir le foirmle matamaitice gach rud a r\u00edomh. Cearta\u00edtear corrlaigh de r\u00e9ir geallta \u00fas\u00e1ideoir\u00ed eile chun an t-iarmh\u00e9id a choinne\u00e1il.<\/li>\n<li>corrlach cuideachta geallghlacad\u00f3ir\u00ed. Braitheann s\u00e9 seo ar conas a bheidh na hodds fabhracha forioml\u00e1na. D\u00e1 l\u00fa corrlach na cuideachta geallt\u00f3ireachta, is ea is m\u00f3 a bhuaigh \u00fas\u00e1ideoir\u00ed, go minic, di\u00falta\u00edonn roinnt cuideachta\u00ed geallt\u00f3ireachta brab\u00fas a dh\u00e9anamh \u00f3 roinnt imeachta\u00ed, agus faigheann \u00fas\u00e1ideoir\u00ed an brab\u00fas uasta d\u00f3ibh f\u00e9in.<\/li>\n<\/ul>\n<p>A fhios agam conas an odds a r\u00edomh, beidh s\u00e9 n\u00edos \u00e9asca geallta a dh\u00e9anamh; B\u00ed cinnte \u00fas\u00e1id a bhaint as \u00e1r leideanna geallt\u00f3ireachta peile.<\/p>\n<h2>M\u00cdNITHE AR CHINE\u00c1LACHA Geallt\u00f3ireacht PEILE<\/h2>\n<p>T\u00e1 go leor cine\u00e1lacha \u00e9ags\u00fala geallta sacair ann. Is f\u00e9idir le cuid acu a bheith deacair do thosaitheoir\u00ed a thuiscint, agus mar sin shocraigh muid cabhr\u00fa leat leis na cine\u00e1lacha bun\u00fasacha chun \u00e9 a dh\u00e9anamh n\u00edos \u00e9asca duit do ch\u00e9ad geallta a dh\u00e9anamh:<\/p>\n<ul>\n<li>geall ar thoradh ar leith. Is \u00e9 an rogha is \u00e9asca geall a dh\u00e9anamh ar c\u00e9 acu an mbuaileann, an gcaillfidh n\u00f3 an dtarraing\u00edonn d\u2019fhoireann;<\/li>\n<li>is f\u00e9idir leat geall ar sc\u00f3r ar leith. M\u00e1 t\u00e1 t\u00fa muin\u00edneach go dtiocfaidh deireadh leis an gcluiche le toradh sonrach, is f\u00e9idir leat geall a chur air. Sea, is riosca suntasach go leor \u00e9 seo, ach \u00edocann s\u00e9 go han-mhaith freisin;<\/li>\n<li>n\u00edos m\u00f3\/n\u00edos l\u00fa. Is geall \u00e9 seo ar cib\u00e9 an dtarl\u00f3idh imeacht ar leith n\u00edos m\u00f3 n\u00f3 n\u00edos l\u00fa uaireanta. Mar shampla, is f\u00e9idir leat geall go sc\u00f3r\u00e1lfaidh d\u2019fhoireann n\u00edos m\u00f3 n\u00e1 sprioc amh\u00e1in;<\/li>\n<li>slabhra geallta. Is f\u00e9idir leat n\u00edos m\u00f3 n\u00e1 tr\u00ed geall a chur in aon seic amh\u00e1in, agus do gach geall i ndiaidh a ch\u00e9ile, ard\u00f3idh do chuid seans. Ach m\u00e1 t\u00e1 ceann de do geallta m\u00edcheart, caillfidh t\u00fa.<\/li>\n<\/ul>\n<p>Beidh s\u00e9 i bhfad n\u00edos \u00e9asca duit do ch\u00e9ad geall a dh\u00e9anamh m\u00e1 bh\u00edonn t\u00fa ar an eolas faoi na cine\u00e1lacha geallta bun\u00fasacha seo. Is f\u00e9idir leat triail a bhaint as geallt\u00f3ireacht peile saor in aisce mura bhfuil t\u00fa cinnte faoi.<\/p>\n<h2>T\u00c9ARMA FAD AGUS Geallta SPEISIALTA<\/h2>\n<p>N\u00ed dh\u00e9antar geallta fadt\u00e9armacha ar chluiche amh\u00e1in ach ar feadh an ts\u00e9as\u00fair ar fad. Tugann go leor \u00fas\u00e1ideoir\u00ed a mhalairt de pheil geallt\u00f3ireachta beo air.<\/p>\n<p>N\u00edl geallta fadt\u00e9armacha chomh coitianta le geallta gearrth\u00e9armacha, ach n\u00ed haon ionadh \u00e9 seo toisc go bhfuil gach duine ag iarraidh a bhuachan anseo agus anois. Ach t\u00e1 a gcuid bunt\u00e1ist\u00ed ag geallta fadt\u00e9armacha. Den s\u00f3rt sin mar odds m\u00e9adaithe i gcompar\u00e1id le geallta rialta. C\u00e9 gur ar na ceannair\u00ed, nach bhfuil geallta f\u00f3s is m\u00f3. Uaireanta b\u00edonn s\u00e9 n\u00edos \u00e9asca anail\u00eds a dh\u00e9anamh ar imeachta\u00ed fada n\u00e1 ar chluiche gearr.<\/p>\n<p>T\u00e1 s\u00e9 seo mar gheall ar, i gcluiche amh\u00e1in, is f\u00e9idir leat a chailleadh mar gheall ar thimpist\u00ed m\u00edthaitneamhach \u00e9ags\u00fala, ach is deacair an com\u00f3rtas ioml\u00e1n a chailleadh de sheans. Sa ch\u00e1s seo, tagann an cur chuige c\u00f3rasach chun cinn. B\u00ed cinnte iarracht a dh\u00e9anamh geall a dh\u00e9anamh ar bhua ceann de na foirne i gcom\u00f3rtas m\u00f3r. Beidh gr\u00e1 agat air.<\/p>\n<h2>CONAS Geall PEILE A SHEOLADH:<\/h2>\n<p>Chun geall a chur ar sacar, n\u00ed m\u00f3r duit \u00e1r dtreoracha beaga ach simpl\u00ed a lean\u00faint:<\/p>\n<ol>\n<li>N\u00ed m\u00f3r duit an aip geallt\u00f3ireachta peile is fearr leat a roghn\u00fa. Is f\u00e9idir \u00e9 seo a dh\u00e9anamh bunaithe ar na r\u00e1t\u00e1lacha \u00e9ags\u00fala is f\u00e9idir leat a fh\u00e1il ar an Idirl\u00edon.<\/li>\n<li>Ina dhiaidh sin, n\u00ed m\u00f3r duit cl\u00e1r\u00fa ar shu\u00edomh Gr\u00e9as\u00e1in an gheallghlacad\u00f3ra a roghnaigh t\u00fa. De ghn\u00e1th, t\u00e1 an cnaipe cl\u00e1r\u00fach\u00e1in ar an gc\u00fainne uachtarach ar dheis. B\u00ed cinnte a shonr\u00fa ach amh\u00e1in do shonra\u00ed reatha agus r-phost.<\/li>\n<li>Breisigh d\u2019iarmh\u00e9id \u00f3 do ch\u00e1rta bainc n\u00f3 cryptocurrency.<\/li>\n<li>Ansin ba ch\u00f3ir duit an cluiche a roghn\u00fa ar mhaith leat geall a dh\u00e9anamh.<\/li>\n<li>D\u00e9an staid\u00e9ar c\u00faramach ar \u00e1bhar an gheallta agus na f\u00e9idearthachta\u00ed at\u00e1 agat maidir le bua. M\u00e1 aonta\u00edonn t\u00fa leis an mbaol at\u00e1 romhat, cuir do geall.<\/li>\n<li>Fan leis an toradh; m\u00e1 bhuann t\u00fa, tiocfaidh l\u00edon do chuid buaite chuig d\u2019iarmh\u00e9id.<\/li>\n<\/ol>\n<p>F\u00e9adfaidh an teagasc seo a bheith oiri\u00fanach do thosaitheoir\u00ed, ach m\u00e1 t\u00e1 taith\u00ed agat cheana f\u00e9in, t\u00e1 a fhios agat \u00e9 f\u00e9in.<\/p>\n<h2>LEIDEANNA AGUS STRAIT\u00c9IS\u00cd MAIDIR LE GAIREAD\u00d3IREACHT AR PH\u00c9ILE<\/h2>\n<p>Agus do ch\u00e9ad geallta \u00e1 nd\u00e9anamh agat, ba ch\u00f3ir go mbeadh a fhios agat, m\u00e1s mian leat a bheith d\u00e1ir\u00edre faoi gheallt\u00f3ireacht, gur ch\u00f3ir duit do strait\u00e9is\u00ed geallt\u00f3ireachta peile a cheapadh agus clo\u00ed leo. Is \u00e9 seo a dh\u00e9anann gach imreoir a bhfuil taith\u00ed acu agus a gcuid geallt\u00f3ireachta peile is fearr a fh\u00e1il.<\/p>\n<p><img loading=\"lazy\" decoding=\"async\" class=\"aligncenter wp-image-3957\" src=\"https:\/\/rocketplay-slot.com\/wp-content\/uploads\/2024\/02\/football-scene-night-match-with-close-up-soccer-shoe-hitting-ball-with-power.jpg\" alt=\"Peil - Treoir Gheallta 2\" width=\"800\" height=\"450\" srcset=\"https:\/\/rocketplay-slot.com\/wp-content\/uploads\/2024\/02\/football-scene-night-match-with-close-up-soccer-shoe-hitting-ball-with-power.jpg 1000w, https:\/\/rocketplay-slot.com\/wp-content\/uploads\/2024\/02\/football-scene-night-match-with-close-up-soccer-shoe-hitting-ball-with-power-300x169.jpg 300w, https:\/\/rocketplay-slot.com\/wp-content\/uploads\/2024\/02\/football-scene-night-match-with-close-up-soccer-shoe-hitting-ball-with-power-768x432.jpg 768w\" sizes=\"auto, (max-width: 800px) 100vw, 800px\" \/><\/p>\n<h2>CC<\/h2>\n<p>Is minic a chuirtear ceisteanna orainn faoi conas geallt\u00f3ireacht peile ar l\u00edne a dh\u00e9anamh i gceart, agus shocraigh muid na cinn is m\u00f3 t\u00f3ir orthu a bhaili\u00fa agus na freagra\u00ed a thabhairt duit san Airteagal seo.<\/p>\n<h3>CONAS A BHFUIL A FHIOS AGAM A BHEIDH AN FOIREANN A BHEIDH AN BHAINEANN?<\/h3>\n<p>N\u00ed f\u00e9idir leat a bheith cinnte go mbeidh an bua ag d\u2019fhoireann. Ach is f\u00e9idir leat i gc\u00f3na\u00ed anail\u00eds a dh\u00e9anamh ar na sonra\u00ed comhioml\u00e1na ar na foirne agus do geall a dh\u00e9anamh.<\/p>\n<h3>CONAS Geall a dh\u00e9anamh \u00d3 CHILL F\u00d3N?<\/h3>\n<p>Is f\u00e9idir leat i gc\u00f3na\u00ed \u00fas\u00e1id a bhaint as l\u00e1ithre\u00e1n gr\u00e9as\u00e1in na cuideachta geallt\u00f3ireachta a bhfuil t\u00fa geall leis. T\u00e1 siad go l\u00e9ir optamaithe go maith le haghaidh f\u00f3n p\u00f3ca. Is f\u00e9idir leat a gcuid apps soghluaiste a \u00fas\u00e1id freisin, ar f\u00e9idir leat a fh\u00e1il ar an su\u00edomh Gr\u00e9as\u00e1in freisin.<\/p>\n<h3>AN F\u00c9IDIR LIOM Geall SAOR IN AISCE?<\/h3>\n<p>Sea, sol\u00e1thra\u00edonn go leor cuideachta\u00ed b\u00f3nas f\u00e1ilte i ngeallta saor in aisce chun \u00e9 a dh\u00e9anamh n\u00edos \u00e9asca duit do ch\u00e9ad geall a chur leo.<\/p>\n","protected":false},"excerpt":{"rendered":"<p>T\u00e1 sacar ar cheann de na cluich\u00ed is coitianta ar domhan. Is bre\u00e1 le go leor daoine an cluiche seo mar gheall ar a thiom\u00e1int agus n\u00ed le haghaidh anail\u00edse. T\u00e1 s\u00e9 n\u00edos casta n\u00e1 fichille. Mar gheall ar na facht\u00f3ir\u00ed seo go l\u00e9ir, t\u00e1 t\u00f3ir ag geallghlacad\u00f3ir\u00ed ar an gcluiche seo. Beidh na h\u00e9ags\u00falachta\u00ed&#8230;<\/p>\n","protected":false},"author":1,"featured_media":0,"parent":2786,"menu_order":0,"comment_status":"closed","ping_status":"closed","template":"","meta":{"_acf_changed":false,"_kad_post_transparent":"default","_kad_post_title":"default","_kad_post_layout":"default","_kad_post_sidebar_id":"","_kad_post_content_style":"default","_kad_post_vertical_padding":"default","_kad_post_feature":"","_kad_post_feature_position":"","_kad_post_header":false,"_kad_post_footer":false,"footnotes":""},"class_list":["post-2998","page","type-page","status-publish","hentry"],"acf":[],"rttpg_featured_image_url":null,"rttpg_author":{"display_name":"Elvis","author_link":"https:\/\/rocketplay-slot.com\/ga\/author\/pemvas95n89x\/"},"rttpg_comment":0,"rttpg_category":null,"rttpg_excerpt":"T\u00e1 sacar ar cheann de na cluich\u00ed is coitianta ar domhan. Is bre\u00e1 le go leor daoine an cluiche seo mar gheall ar a thiom\u00e1int agus n\u00ed le haghaidh anail\u00edse. T\u00e1 s\u00e9 n\u00edos casta n\u00e1 fichille. Mar gheall ar na facht\u00f3ir\u00ed seo go l\u00e9ir, t\u00e1 t\u00f3ir ag geallghlacad\u00f3ir\u00ed ar an gcluiche seo. Beidh na h\u00e9ags\u00falachta\u00ed...","_links":{"self":[{"href":"https:\/\/rocketplay-slot.com\/ga\/wp-json\/wp\/v2\/pages\/2998","targetHints":{"allow":["GET"]}}],"collection":[{"href":"https:\/\/rocketplay-slot.com\/ga\/wp-json\/wp\/v2\/pages"}],"about":[{"href":"https:\/\/rocketplay-slot.com\/ga\/wp-json\/wp\/v2\/types\/page"}],"author":[{"embeddable":true,"href":"https:\/\/rocketplay-slot.com\/ga\/wp-json\/wp\/v2\/users\/1"}],"replies":[{"embeddable":true,"href":"https:\/\/rocketplay-slot.com\/ga\/wp-json\/wp\/v2\/comments?post=2998"}],"version-history":[{"count":3,"href":"https:\/\/rocketplay-slot.com\/ga\/wp-json\/wp\/v2\/pages\/2998\/revisions"}],"predecessor-version":[{"id":4546,"href":"https:\/\/rocketplay-slot.com\/ga\/wp-json\/wp\/v2\/pages\/2998\/revisions\/4546"}],"up":[{"embeddable":true,"href":"https:\/\/rocketplay-slot.com\/ga\/wp-json\/wp\/v2\/pages\/2786"}],"wp:attachment":[{"href":"https:\/\/rocketplay-slot.com\/ga\/wp-json\/wp\/v2\/media?parent=2998"}],"curies":[{"name":"wp","href":"https:\/\/api.w.org\/{rel}","templated":true}]}}