{"id":3050,"date":"2023-01-12T00:10:18","date_gmt":"2023-01-11T21:10:18","guid":{"rendered":"https:\/\/rocketplay-slot.com\/sports-betting\/cricket\/"},"modified":"2024-02-08T15:25:48","modified_gmt":"2024-02-08T12:25:48","slug":"cricket","status":"publish","type":"page","link":"https:\/\/rocketplay-slot.com\/ga\/sports-betting\/cricket\/","title":{"rendered":"Gach rud faoi gheallt\u00f3ireacht cruic\u00e9ad ar l\u00edne"},"content":{"rendered":"<p>Is \u00e9 cruic\u00e9ad an cluiche is m\u00f3 t\u00f3ir ar domhan, ach t\u00e1 a lucht lean\u00fana f\u00f3s aige. Ach toisc nach bhfuil cruic\u00e9ad geallta chomh minic le sacar agus cluich\u00ed t\u00f3ir eile, t\u00e1 cruic\u00e9ad geallt\u00f3ireachta, geallt\u00f3ireachta an-bhrab\u00fasach. Bheadh s\u00e9 ina chuidi\u00fa duit roinnt leideanna geallt\u00f3ireachta cruic\u00e9ad a bheith ar eolas agat agus an t-alt seo a scr\u00edobh chuige sin.<\/p>\n<p><img loading=\"lazy\" decoding=\"async\" class=\"aligncenter wp-image-3968\" src=\"https:\/\/rocketplay-slot.com\/wp-content\/uploads\/2024\/02\/cricketer-field-action.jpg\" alt=\"Gach rud faoi gheallt\u00f3ireacht cruic\u00e9ad ar l\u00edne\" width=\"800\" height=\"534\" srcset=\"https:\/\/rocketplay-slot.com\/wp-content\/uploads\/2024\/02\/cricketer-field-action.jpg 1000w, https:\/\/rocketplay-slot.com\/wp-content\/uploads\/2024\/02\/cricketer-field-action-300x200.jpg 300w, https:\/\/rocketplay-slot.com\/wp-content\/uploads\/2024\/02\/cricketer-field-action-768x512.jpg 768w\" sizes=\"auto, (max-width: 800px) 100vw, 800px\" \/><\/p>\n<h2>CINE\u00c1LACHA \u00c9AGS\u00daLA Geallta I gCRUic\u00e9ad<\/h2>\n<p>T\u00e1 roghanna geallt\u00f3ireachta \u00e9ags\u00fala ag gach geallghlacad\u00f3ir. Is f\u00e9idir le go leor acu mearbhall a dh\u00e9anamh ar an \u00fas\u00e1ideoir, agus d\u00e9anfaidh s\u00e9 geall br\u00e9agach. Cialla\u00edonn s\u00e9 seo go mbeidh an bua ag an gcuideachta geallghlacad\u00f3ir. T\u00e1 geallta simpl\u00ed ann freisin, ach n\u00ed m\u00f3r duit na sonra\u00ed a anail\u00edsi\u00fa. Ar nd\u00f3igh, beidh na geallt\u00f3ireachta cruic\u00e9ad odds is suntasa\u00ed ann.<\/p>\n<p>Chun cabhr\u00fa leat na geallta ceart a dh\u00e9anamh, t\u00e1 leideanna geallt\u00f3ireachta cruic\u00e9id d\u00e9anta againn duit saor in aisce:<\/p>\n<ul>\n<li>geall ar an mbuaiteoir. F\u00e9adfaidh t\u00fa geall a chur ar an bhfoireann nach m\u00f3r, i do thuairim, an cluiche seo a bhuachan;<br \/>\nn\u00edos m\u00f3\/n\u00edos l\u00fa. Is f\u00e9idir leat geall a dh\u00e9anamh ar an imeacht a tharl\u00f3idh, i do thuairim, n\u00edos m\u00f3 n\u00f3 n\u00edos l\u00fa uaireanta. Mar shampla, is f\u00e9idir leat a r\u00e1 go sc\u00f3r\u00e1il foireann &#8220;A&#8221; n\u00edos m\u00f3 n\u00e1 5 phointe;<\/li>\n<li>an ch\u00e9ad liathr\u00f3id \/ an ch\u00e9ad f\u00e1ilti\u00fa &#8211; T\u00e1 an geall seo iontach d\u00f3ibh si\u00fad ar mian leo toradh a fh\u00e1il chomh tapa agus is f\u00e9idir;<br \/>\nrith inn\u00ed. Is geall simpl\u00ed \u00e9 seo agus is \u00e9ard at\u00e1 i gceist leis go gcaithfidh t\u00fa buille faoi thuairim a dh\u00e9anamh an mbeidh an l\u00edon riachtanach ritheanna ag an bhfoireann. N\u00ed g\u00e1 duit fi\u00fa an uimhir bheacht a thomhas. N\u00edl le d\u00e9anamh ach gur leor \u00e9;<\/li>\n<li>imreoir geallt\u00f3ireachta. N\u00ed f\u00e9idir leat geall a chur ar an bhfoireann ach ar imreoir ar leith. M\u00e1 \u00e9ir\u00edonn s\u00e9 an t-imreoir sa chluiche, beidh t\u00fa bua.<\/li>\n<\/ul>\n<p>Tr\u00edd an treoir geallt\u00f3ireachta cruic\u00e9id seo a lean\u00faint, is f\u00e9idir leat do geall a dh\u00e9anamh i gc\u00f3na\u00ed.<\/p>\n<h2>STRAIT\u00c9IS Geallta CRIC\u00c9ID<\/h2>\n<p>T\u00e1 a strait\u00e9is ag gach imreoir gairmi\u00fail ag imeachta\u00ed sp\u00f3irt. Sin an f\u00e1th a molaimid duit teacht ar do chuid f\u00e9in freisin, ach duitse, d&#8217;fhoghlaim\u00edomar leideanna ginear\u00e1lta \u00f3 \u00fas\u00e1ideoir\u00ed a bhfuil taith\u00ed acu:<\/p>\n<ul>\n<li>d\u00e9an staid\u00e9ar c\u00faramach i gc\u00f3na\u00ed ar a bhfuil t\u00fa geallta. Is f\u00e9idir le hanail\u00eds mhaith a insint duit geallta doil\u00e9ir agus an-bhrab\u00fasach.<br \/>\nf\u00e9achaint ar na cluich\u00ed ar a bhfuil t\u00fa geall. Tabharfaidh s\u00e9 seo deis duit n\u00edos m\u00f3 sonra\u00ed a bhaili\u00fa le haghaidh tuilleadh anail\u00edse, rud a chialla\u00edonn go mbeidh n\u00edos l\u00fa bot\u00fain sa gheallt\u00f3ireacht.<\/li>\n<li>N\u00e1 \u00f3l alc\u00f3l agus geallt\u00f3ireachta. Is f\u00e9idir leis seo cosc a chur ort ruda\u00ed a fheice\u00e1il go hoibiacht\u00fail agus go cothrom. Seans go nd\u00e9anfaidh t\u00fa n\u00edos m\u00f3 bot\u00fain.<\/li>\n<li>N\u00e1 h\u00fas\u00e1id geallt\u00f3ireachta mar bhealach chun airgead a thuilleamh. Sea, is f\u00e9idir leat go leor a bhuachan anseo, ach m\u00e1 \u00e9ir\u00edonn le do \u00e1dh, t\u00e1 an baol ann go gcaillfidh t\u00fa gach rud.<\/li>\n<li>n\u00e1 cuir geallta m\u00f3ra. D\u00e9an go leor beag. Tabharfaidh s\u00e9 deis duit do chuid infheist\u00edochta\u00ed a idirdheal\u00fa agus caillfidh t\u00fa iad go l\u00e9ir ag an am c\u00e9anna. T\u00e1 seans i bhfad n\u00edos l\u00fa agat.<\/li>\n<li>bain \u00fas\u00e1id as aip cruthaithe geallt\u00f3ireachta cruic\u00e9ad, a r\u00e1tha\u00edonn \u00edoca\u00edochta\u00ed cothroma, seans maith, agus b\u00f3nais den scoth<\/li>\n<\/ul>\n<p>Ag lean\u00faint leis na leideanna simpl\u00ed seo, is f\u00e9idir dea-am a bheith agat i gc\u00f3na\u00ed le geallt\u00f3ireacht beo cruic\u00e9ad.<\/p>\n<h2>NA Geallta CRIC\u00c9ID IS R\u00c1ITEAS<\/h2>\n<p>I ngeallt\u00f3ireacht cruic\u00e9ad, t\u00e1 go leor \u00e9ags\u00falachta\u00ed ann maidir le conas is f\u00e9idir leat geall a dh\u00e9anamh. Ach n\u00ed m\u00f3r duit cuimhneamh go bhfuil an n\u00edos m\u00f3 t\u00f3ir ar geall ar leith, is l\u00fa fabhrach an odds. Cialla\u00edonn s\u00e9 seo go bhfuil seans i bhfad n\u00edos \u00edsle agat luach saothair r\u00e9as\u00fanta a fh\u00e1il.<\/p>\n<p>Sin an f\u00e1th a \u00fas\u00e1ideann go leor daoine geallta nach bhfuil an t\u00f3ir is m\u00f3 orthu. Ach chun \u00e9 sin a dh\u00e9anamh, is fi\u00fa go m\u00f3r staid\u00e9ar a dh\u00e9anamh ar na geallta at\u00e1 ann agus anail\u00eds a dh\u00e9anamh ar na foirne agus na himreoir\u00ed ar f\u00e9idir leat geall a chur orthu. Ar an mbealach seo, is f\u00e9idir leat a fh\u00e1il amach go leor ruda\u00ed nach raibh soil\u00e9ir l\u00e1ithreach.<\/p>\n<p>Chomh maith leis sin, n\u00e1 d\u00e9an dearmad go bhfuil an Astr\u00e1il i ngeallta cruic\u00e9ad ag \u00e9ir\u00ed n\u00edos coitianta i ngeallta fadt\u00e9armacha. Is \u00e9ard at\u00e1 iontu n\u00e1 gur f\u00e9idir leat geall a dh\u00e9anamh n\u00ed ar chluiche amh\u00e1in ach ar an gcom\u00f3rtas ar fad. Cuireann s\u00e9 seo deireadh le \u00e1dh n\u00f3 droch-\u00e1dh na bhfoirne ar leith, agus tagann feidhm\u00edocht ch\u00f3rasach na foirne chun tosaigh, rud a fh\u00e1gann go bhfuil na geallta seo an-tarraingteach.<\/p>\n<h2>CONCL\u00daID<\/h2>\n<p>Mar fhocal scoir, is breis iontach \u00e9 geallt\u00f3ireacht chun f\u00e9achaint ar an sp\u00f3rt is fearr leat, rud a d&#8217;fh\u00e9adfadh buaite\u00e1in rialta agus \u00f3c\u00e1ideacha a thabhairt duit. Ar nd\u00f3igh, a bhuachan go rialta, beidh ort anail\u00eds a dh\u00e9anamh go mion ar na cluich\u00ed at\u00e1 le teacht. T\u00e1 s\u00e9 riachtanach freisin na claontachta\u00ed uile a bhaineann leis an lucht lean\u00fana me\u00e1n a chur ar leataobh toisc go bhfuil gairm\u00ed r\u00e9as\u00fanach, fi\u00fa nuair a thagann s\u00e9 chuig an bhfoireann is fearr leat.<\/p>\n<p><img loading=\"lazy\" decoding=\"async\" class=\"aligncenter wp-image-3977\" src=\"https:\/\/rocketplay-slot.com\/wp-content\/uploads\/2024\/02\/man-watching-football-sports-game-digital-tablet.jpg\" alt=\"Gach rud faoi gheallt\u00f3ireacht cruic\u00e9ad ar l\u00edne 2\" width=\"800\" height=\"534\" srcset=\"https:\/\/rocketplay-slot.com\/wp-content\/uploads\/2024\/02\/man-watching-football-sports-game-digital-tablet.jpg 1000w, https:\/\/rocketplay-slot.com\/wp-content\/uploads\/2024\/02\/man-watching-football-sports-game-digital-tablet-300x200.jpg 300w, https:\/\/rocketplay-slot.com\/wp-content\/uploads\/2024\/02\/man-watching-football-sports-game-digital-tablet-768x512.jpg 768w\" sizes=\"auto, (max-width: 800px) 100vw, 800px\" \/><\/p>\n<h2>CC<\/h2>\n<p>B\u00edonn s\u00e9 deacair go leor daoine nua-aimseartha a fh\u00e1il ar an hang na n-iarratas geallt\u00f3ireachta go tapa. Sin an f\u00e1th a nd\u00e9anaimid an chuid seo ina mbail\u00edmid ceisteanna coitianta ionas gur f\u00e9idir leat a gcuid freagra\u00ed a fhoghlaim.<\/p>\n<h3>CONAS A BHFUIL A FHIOS AGAM C\u00c9N F\u00c9IDIR A GHEALLADH m\u00e9?<\/h3>\n<p>Roghna\u00edonn t\u00fa i gc\u00f3na\u00ed an cluiche ar mhaith leat geall a chur air. Molaimid duit geall a chur ar chluich\u00ed a bhfuil corrlaigh mhaith acu n\u00f3 corrlach \u00edosta na cuideachta geallt\u00f3ireachta. Is minic a thairgtear iad do newbies.<\/p>\n<h3>CONAS A ROGHA\u00cdONN M\u00c9 AN FHOIREANN A GHEARR A CHUR ISTEACH?<\/h3>\n<p>Roghnaigh an fhoireann ar mhaith leat geall a dh\u00e9anamh. N\u00ed m\u00f3r duit raon sonra\u00ed a bhaili\u00fa chun cabhr\u00fa leat anail\u00eds a dh\u00e9anamh. Caithfidh gur tuairim\u00ed na saineolaithe \u00e9ags\u00fala iad seo faoin imeacht at\u00e1 le teacht. Tortha\u00ed na gcruinnithe roimhe seo de na foirne seo agus cluich\u00ed sna babhta\u00ed roimhe seo chun dinimic na bhfoirne a fheice\u00e1il. Ba cheart duit eolas a bhaili\u00fa faoi ghortuithe do na himreoir\u00ed is m\u00f3 le r\u00e1 agus an f\u00e9idir le duine eile iad a chur ina n-\u00e1it. B\u00ed cinnte staid\u00e9ar a dh\u00e9anamh ar na ceisteanna seo go c\u00faramach agus do geall a dh\u00e9anamh.<\/p>\n<h3>CAD BA CH\u00d3IR A BH\u00cd M\u00c9ID MO GHEALL?<\/h3>\n<p>Is \u00e9 an m\u00e9id geall teoranta go pr\u00edomha ach amh\u00e1in ag d&#8217;iarmh\u00e9id. Ar nd\u00f3igh, uaireanta t\u00e1 uasteorainneacha \u00f3 chuideachta\u00ed geallt\u00f3ireachta, ach den chuid is m\u00f3 nach bhfuil s\u00e9 ag teast\u00e1il mar gheall ar an chuid is m\u00f3 na n-imreoir\u00ed geall nach bhfuil na m\u00e9ideanna is suntasa\u00ed. De ghn\u00e1th, t\u00e1 s\u00e9 \u00f3 $10 go $20. M\u00e1 t\u00e1 eagla ort go gcaillfidh t\u00fa an t-airgead seo, d\u00e9an do mh\u00e9id geall n\u00edos l\u00fa.<\/p>\n","protected":false},"excerpt":{"rendered":"<p>Is \u00e9 cruic\u00e9ad an cluiche is m\u00f3 t\u00f3ir ar domhan, ach t\u00e1 a lucht lean\u00fana f\u00f3s aige. Ach toisc nach bhfuil cruic\u00e9ad geallta chomh minic le sacar agus cluich\u00ed t\u00f3ir eile, t\u00e1 cruic\u00e9ad geallt\u00f3ireachta, geallt\u00f3ireachta an-bhrab\u00fasach. Bheadh s\u00e9 ina chuidi\u00fa duit roinnt leideanna geallt\u00f3ireachta cruic\u00e9ad a bheith ar eolas agat agus an t-alt seo a&#8230;<\/p>\n","protected":false},"author":1,"featured_media":0,"parent":2786,"menu_order":0,"comment_status":"closed","ping_status":"closed","template":"","meta":{"_acf_changed":false,"_kad_post_transparent":"default","_kad_post_title":"default","_kad_post_layout":"default","_kad_post_sidebar_id":"","_kad_post_content_style":"default","_kad_post_vertical_padding":"default","_kad_post_feature":"","_kad_post_feature_position":"","_kad_post_header":false,"_kad_post_footer":false,"footnotes":""},"class_list":["post-3050","page","type-page","status-publish","hentry"],"acf":[],"rttpg_featured_image_url":null,"rttpg_author":{"display_name":"Elvis","author_link":"https:\/\/rocketplay-slot.com\/ga\/author\/pemvas95n89x\/"},"rttpg_comment":0,"rttpg_category":null,"rttpg_excerpt":"Is \u00e9 cruic\u00e9ad an cluiche is m\u00f3 t\u00f3ir ar domhan, ach t\u00e1 a lucht lean\u00fana f\u00f3s aige. Ach toisc nach bhfuil cruic\u00e9ad geallta chomh minic le sacar agus cluich\u00ed t\u00f3ir eile, t\u00e1 cruic\u00e9ad geallt\u00f3ireachta, geallt\u00f3ireachta an-bhrab\u00fasach. Bheadh s\u00e9 ina chuidi\u00fa duit roinnt leideanna geallt\u00f3ireachta cruic\u00e9ad a bheith ar eolas agat agus an t-alt seo a...","_links":{"self":[{"href":"https:\/\/rocketplay-slot.com\/ga\/wp-json\/wp\/v2\/pages\/3050","targetHints":{"allow":["GET"]}}],"collection":[{"href":"https:\/\/rocketplay-slot.com\/ga\/wp-json\/wp\/v2\/pages"}],"about":[{"href":"https:\/\/rocketplay-slot.com\/ga\/wp-json\/wp\/v2\/types\/page"}],"author":[{"embeddable":true,"href":"https:\/\/rocketplay-slot.com\/ga\/wp-json\/wp\/v2\/users\/1"}],"replies":[{"embeddable":true,"href":"https:\/\/rocketplay-slot.com\/ga\/wp-json\/wp\/v2\/comments?post=3050"}],"version-history":[{"count":3,"href":"https:\/\/rocketplay-slot.com\/ga\/wp-json\/wp\/v2\/pages\/3050\/revisions"}],"predecessor-version":[{"id":4554,"href":"https:\/\/rocketplay-slot.com\/ga\/wp-json\/wp\/v2\/pages\/3050\/revisions\/4554"}],"up":[{"embeddable":true,"href":"https:\/\/rocketplay-slot.com\/ga\/wp-json\/wp\/v2\/pages\/2786"}],"wp:attachment":[{"href":"https:\/\/rocketplay-slot.com\/ga\/wp-json\/wp\/v2\/media?parent=3050"}],"curies":[{"name":"wp","href":"https:\/\/api.w.org\/{rel}","templated":true}]}}