{"id":3341,"date":"2023-08-17T12:12:34","date_gmt":"2023-08-17T09:12:34","guid":{"rendered":"https:\/\/rocketplay-slot.com\/wolf-treasure\/"},"modified":"2025-11-24T20:37:18","modified_gmt":"2025-11-24T17:37:18","slug":"wolf-treasure","status":"publish","type":"page","link":"https:\/\/rocketplay-slot.com\/ga\/wolf-treasure\/","title":{"rendered":"Wolf Treasure athbhreithni\u00fa meais\u00edn sliot\u00e1n"},"content":{"rendered":"<p>Is sliot\u00e1n spreag\u00fail ar l\u00edne \u00e9 Wolf Treasure pokies \u00f3n bhforbr\u00f3ir c\u00e1ili\u00fail cluiche Pragmatic Play. Tabharfaidh s\u00e9 go fi\u00e1in Mheirice\u00e1 Thuaidh t\u00fa \u00e1it a mbuailfidh t\u00fa le wolves, sealgair\u00ed taisce agus neart deiseanna duaiseanna. San athbhreithni\u00fa seo beimid ag f\u00e9achaint ar na pr\u00edomhghn\u00e9ithe meais\u00edn sliot\u00e1n Wolf Treasure, an deis a imirt ar saor in aisce le freespins, chomh maith leis an seans a bhuachan Wolf Treasure f\u00edor-airgead ag na casinos is fearr ar l\u00edne san Astr\u00e1il.<\/p>\n<p><img loading=\"lazy\" decoding=\"async\" class=\"aligncenter wp-image-3215 \" src=\"https:\/\/rocketplay-slot.com\/wp-content\/uploads\/2023\/08\/65.png\" alt=\"Wolf Treasure slot machine review 2\" width=\"805\" height=\"449\" srcset=\"https:\/\/rocketplay-slot.com\/wp-content\/uploads\/2023\/08\/65.png 1031w, https:\/\/rocketplay-slot.com\/wp-content\/uploads\/2023\/08\/65-300x167.png 300w, https:\/\/rocketplay-slot.com\/wp-content\/uploads\/2023\/08\/65-1024x571.png 1024w, https:\/\/rocketplay-slot.com\/wp-content\/uploads\/2023\/08\/65-768x428.png 768w\" sizes=\"auto, (max-width: 805px) 100vw, 805px\" \/><\/p>\n<h2>CUR S\u00cdOS AR SL\u00c1INTI\u00daIL TREASURE WOLF<\/h2>\n<p>Is sliot\u00e1n ar l\u00edne c\u00faig r\u00edl agus tr\u00edocha-l\u00edne \u00e9 Wolf Treasure casino Astr\u00e1il le t\u00e9ama ildaite agus tarraingteach. I measc na siombail\u00ed t\u00e1 mac t\u00edre, iolair, capaill fhi\u00e1ine agus picti\u00fair le huimhreacha agus litreacha. Feidhm\u00edonn an tsiombail mac t\u00edre mar an tsiombail Fi\u00e1in, in ionad siombail\u00ed eile seachas Scaip agus Airgead chun cabhr\u00fa leat a dh\u00e9anamh teaglaim bhuaigh. T\u00e1 grafaic\u00ed mionsonraithe \u00e1lainn, mais\u00edochta\u00ed fuaime ardchaighde\u00e1in agus beochan spreag\u00fail ag na pokies ar l\u00edne Wolf Treasure a chrutha\u00edonn atmaisf\u00e9ar f\u00edor-eachtra.<\/p>\n<h2>SAORSPINS\u00cd SA CHISTE MAIDIR LE G\u00c9IM<\/h2>\n<p>Tairgeann meais\u00edn sliot\u00e1n Wolf Treasure gn\u00e9 sp\u00e9isi\u00fail freespins, a ligeann duit seansanna breise a bhuachan. A ghn\u00edomhacht\u00fa Wolf Treasure spins saor in aisce is g\u00e1 duit a bhaili\u00fa tr\u00ed siombail\u00ed Scaip (gealach) ar na r\u00edleanna. Nuair a dh\u00e9anann t\u00fa \u00e9 seo gheobhaidh t\u00fa 5 spins saor in aisce, agus beidh deis agat l\u00edon na spins saor in aisce a mh\u00e9ad\u00fa m\u00e1 bhail\u00edonn t\u00fa siombail\u00ed Scaip ar\u00eds le linn an bhabhta b\u00f3nais.<\/p>\n<h2>AIRGEAD R\u00cdOMHAIRE AGUS S\u00fagradh SAOR IN AISCE<\/h2>\n<p>Tugann Wolf Treasure deis d\u2019imreoir\u00ed a n-\u00e1dh a thriail ar airgead f\u00edor agus ar mhodh s\u00fagartha saor in aisce Wolf Treasure. M\u00e1s tosaitheoir t\u00fa n\u00f3 m\u00e1s mian leat ach taitneamh a bhaint as an gcluiche gan riosca, is f\u00e9idir leat an modh saor in aisce a roghn\u00fa agus imirt le creidmheasanna f\u00edor\u00fala. Nochtfar duit, \u00e1fach, na f\u00edor-mhoth\u00fach\u00e1in chearrbhachais agus na seansanna le haghaidh buaite m\u00f3ra nuair a imr\u00edonn t\u00fa ar airgead f\u00edor.<\/p>\n<h2>\u00c1IT A DH\u00c9ANAMH TREIS AN DUINE<\/h2>\n<p>T\u00e1 pokies ar l\u00edne Wolf Treasure ar f\u00e1il ag go leor casinos ar l\u00edne, agus is f\u00e9idir leat an ceann is fearr a oireann duit a roghn\u00fa i dt\u00e9arma\u00ed tairiscint\u00ed agus b\u00f3nais. M\u00e1s c\u00f3naitheoir Astr\u00e1lach th\u00fa, b\u00ed ag faire amach do cheasa\u00edneonna a thairgeann spins saor in aisce do Wolf Treasure Astr\u00e1il agus b\u00f3nais taisce d\u2019imreoir\u00ed nua. F\u00e9adfaidh roinnt ceasa\u00edneonna cur chun cinn eisiach a shol\u00e1thar chun an sliot\u00e1n m\u00f3r\u00e9ilimh seo a imirt.<\/p>\n<p><img loading=\"lazy\" decoding=\"async\" class=\"aligncenter wp-image-3197\" src=\"https:\/\/rocketplay-slot.com\/wp-content\/uploads\/2023\/08\/22.png\" alt=\"Wolf Treasure slot machine review 2\" width=\"798\" height=\"386\" srcset=\"https:\/\/rocketplay-slot.com\/wp-content\/uploads\/2023\/08\/22.png 1026w, https:\/\/rocketplay-slot.com\/wp-content\/uploads\/2023\/08\/22-300x145.png 300w, https:\/\/rocketplay-slot.com\/wp-content\/uploads\/2023\/08\/22-1024x495.png 1024w, https:\/\/rocketplay-slot.com\/wp-content\/uploads\/2023\/08\/22-768x371.png 768w\" sizes=\"auto, (max-width: 798px) 100vw, 798px\" \/><\/p>\n<h2>Sliot\u00e1n AR L\u00cdNE TREASURE WOLF &#8211; DO TURAS CHUIG CHISTE<\/h2>\n<p>Is sliot\u00e1n spreag\u00fail ar l\u00edne \u00e9 Wolf Treasure le t\u00e9ama spreag\u00fail agus neart deiseanna le buachan. Tabharfaidh an cluiche le spins saor in aisce deis duit taith\u00ed a fh\u00e1il ar mhoth\u00fach\u00e1in bhreise, agus cabhr\u00f3idh an deis a imirt saor in aisce leat na rialacha agus na strait\u00e9is\u00ed a thuiscint gan do chothroma\u00edocht a chur i mbaol. T\u00e1 Wolf Treasure pokie ar f\u00e1il ag na casinos is fearr ar l\u00edne san Astr\u00e1il, agus t\u00e1 deis uath\u00fail agat dul ar thuras spreag\u00fail chuig an st\u00f3r in \u00e9ineacht leis na mac t\u00edre.<\/p>\n","protected":false},"excerpt":{"rendered":"<p>Is sliot\u00e1n spreag\u00fail ar l\u00edne \u00e9 Wolf Treasure pokies \u00f3n bhforbr\u00f3ir c\u00e1ili\u00fail cluiche Pragmatic Play. Tabharfaidh s\u00e9 go fi\u00e1in Mheirice\u00e1 Thuaidh t\u00fa \u00e1it a mbuailfidh t\u00fa le wolves, sealgair\u00ed taisce agus neart deiseanna duaiseanna. San athbhreithni\u00fa seo beimid ag f\u00e9achaint ar na pr\u00edomhghn\u00e9ithe meais\u00edn sliot\u00e1n Wolf Treasure, an deis a imirt ar saor in aisce&#8230;<\/p>\n","protected":false},"author":1,"featured_media":0,"parent":0,"menu_order":0,"comment_status":"closed","ping_status":"closed","template":"","meta":{"_acf_changed":false,"_kad_post_transparent":"default","_kad_post_title":"default","_kad_post_layout":"default","_kad_post_sidebar_id":"","_kad_post_content_style":"default","_kad_post_vertical_padding":"default","_kad_post_feature":"","_kad_post_feature_position":"","_kad_post_header":false,"_kad_post_footer":false,"footnotes":""},"class_list":["post-3341","page","type-page","status-publish","hentry"],"acf":[],"rttpg_featured_image_url":null,"rttpg_author":{"display_name":"Elvis","author_link":"https:\/\/rocketplay-slot.com\/ga\/author\/pemvas95n89x\/"},"rttpg_comment":0,"rttpg_category":null,"rttpg_excerpt":"Is sliot\u00e1n spreag\u00fail ar l\u00edne \u00e9 Wolf Treasure pokies \u00f3n bhforbr\u00f3ir c\u00e1ili\u00fail cluiche Pragmatic Play. Tabharfaidh s\u00e9 go fi\u00e1in Mheirice\u00e1 Thuaidh t\u00fa \u00e1it a mbuailfidh t\u00fa le wolves, sealgair\u00ed taisce agus neart deiseanna duaiseanna. San athbhreithni\u00fa seo beimid ag f\u00e9achaint ar na pr\u00edomhghn\u00e9ithe meais\u00edn sliot\u00e1n Wolf Treasure, an deis a imirt ar saor in aisce...","_links":{"self":[{"href":"https:\/\/rocketplay-slot.com\/ga\/wp-json\/wp\/v2\/pages\/3341","targetHints":{"allow":["GET"]}}],"collection":[{"href":"https:\/\/rocketplay-slot.com\/ga\/wp-json\/wp\/v2\/pages"}],"about":[{"href":"https:\/\/rocketplay-slot.com\/ga\/wp-json\/wp\/v2\/types\/page"}],"author":[{"embeddable":true,"href":"https:\/\/rocketplay-slot.com\/ga\/wp-json\/wp\/v2\/users\/1"}],"replies":[{"embeddable":true,"href":"https:\/\/rocketplay-slot.com\/ga\/wp-json\/wp\/v2\/comments?post=3341"}],"version-history":[{"count":1,"href":"https:\/\/rocketplay-slot.com\/ga\/wp-json\/wp\/v2\/pages\/3341\/revisions"}],"predecessor-version":[{"id":3342,"href":"https:\/\/rocketplay-slot.com\/ga\/wp-json\/wp\/v2\/pages\/3341\/revisions\/3342"}],"wp:attachment":[{"href":"https:\/\/rocketplay-slot.com\/ga\/wp-json\/wp\/v2\/media?parent=3341"}],"curies":[{"name":"wp","href":"https:\/\/api.w.org\/{rel}","templated":true}]}}