{"id":3372,"date":"2023-08-17T12:14:12","date_gmt":"2023-08-17T09:14:12","guid":{"rendered":"https:\/\/rocketplay-slot.com\/9-coins\/"},"modified":"2023-10-07T19:56:05","modified_gmt":"2023-10-07T16:56:05","slug":"9-coins","status":"publish","type":"page","link":"https:\/\/rocketplay-slot.com\/ga\/9-coins\/","title":{"rendered":"Athbhreithnigh sliot\u00e1n 9 Boinn"},"content":{"rendered":"<p>Is sliot\u00e1n spreag\u00fail \u00e9 meais\u00edn sliot\u00e1n 9 Boinn a mheallann cearrbhachas lena th\u00e9ama uath\u00fail agus deiseanna le haghaidh buaite m\u00f3ra. San athbhreithni\u00fa seo beimid ag f\u00e9achaint ar na gn\u00e9ithe is m\u00f3 de na sliot\u00e1n 9 Boinn, a chur ar f\u00e1il forbhreathn\u00fa ar an leagan taispe\u00e1na an chluiche, chomh maith le labhairt faoi an deis a fh\u00e1il freespins san Astr\u00e1il le haghaidh an sliot\u00e1n spreag\u00fail ar airgead f\u00edor.<\/p>\n<p><img loading=\"lazy\" decoding=\"async\" class=\"aligncenter wp-image-3226\" src=\"https:\/\/rocketplay-slot.com\/wp-content\/uploads\/2023\/08\/9-coins-ss.jpg\" alt=\"Review 9 Coins slot 1\" width=\"816\" height=\"445\" srcset=\"https:\/\/rocketplay-slot.com\/wp-content\/uploads\/2023\/08\/9-coins-ss.jpg 850w, https:\/\/rocketplay-slot.com\/wp-content\/uploads\/2023\/08\/9-coins-ss-300x164.jpg 300w, https:\/\/rocketplay-slot.com\/wp-content\/uploads\/2023\/08\/9-coins-ss-768x419.jpg 768w\" sizes=\"auto, (max-width: 816px) 100vw, 816px\" \/><\/p>\n<h2>CUR S\u00cdOS AR 9 SLOOT BOINN<\/h2>\n<p>Is sliot\u00e1n geal agus ildaite ar l\u00edne \u00e9 athbhreithni\u00fa sliot\u00e1n 9 bonn le t\u00e9ama suimi\u00fail cearrbhachais. T\u00e1 c\u00faig r\u00edl agus naoi paylines aige, rud a chrutha\u00edonn neart deiseanna buaite. I measc na siombail\u00ed sliot\u00e1n t\u00e1 boinn \u00f3ir, barra\u00ed, siombail\u00ed dollar agus tr\u00e9ithe dea-\u00e1dh eile. Ina theannta sin, t\u00e1 grafaic\u00ed mionsonraithe \u00e1lainn, beochan agus fuaimrian spreag\u00fail ag sliot\u00e1n 9 Boinn, rud a chrutha\u00edonn atmaisf\u00e9ar f\u00edor-eachtra cearrbhachais.<\/p>\n<h2>ATHBHREITHNI\u00da Sliot\u00e1n Taispe\u00e1na 9 BOINN<\/h2>\n<p>Do thosaitheoir\u00ed agus d\u00f3ibh si\u00fad at\u00e1 ag iarraidh an sliot\u00e1n a thriail gan a n-iarmh\u00e9id a chur i mbaol, t\u00e1 an leagan taispe\u00e1na den chluiche 9 Boinn ar f\u00e1il. Ceada\u00edonn an taispe\u00e1ntas sliot\u00e1n 9 boinn duit imirt le creidmheasanna f\u00edor\u00fala, agus coinn\u00edtear na gn\u00e9ithe agus na feidhmeanna go l\u00e9ir at\u00e1 ar f\u00e1il sa chluiche f\u00edor. Is deis iontach \u00e9 seo chun eolas a chur ar rialacha na sliot\u00e1n, ini\u00fachadh a dh\u00e9anamh ar na gn\u00e9ithe payouts agus b\u00f3nais, agus do strait\u00e9is cluiche f\u00e9in a fhorbairt.<\/p>\n<h2>Sliot\u00e1n 9 BOINN SAOR IN AISCE san Astr\u00e1il<\/h2>\n<p>Is f\u00e9idir le himreoir\u00ed \u00f3n Astr\u00e1il taitneamh a bhaint as freespins spreag\u00fail i sliot\u00e1n 9 Boinn. Is spins r\u00edl saor in aisce iad Freespins a thugtar don imreoir mar chuid de chur chun cinn n\u00f3 b\u00f3nas. Chun freespins a ghn\u00edomhacht\u00fa i sliot\u00e1n 9 Boinn, de ghn\u00e1th n\u00ed m\u00f3r d\u2019imreoir\u00ed l\u00edon \u00e1irithe siombail\u00ed Scaip a bhaili\u00fa (siombail\u00ed mona go minic) ar na r\u00edleanna. D\u2019fh\u00e9adfadh go n-athr\u00f3idh l\u00edon na spins saor in aisce agus na b\u00f3nais bhreise a d\u2019fh\u00e9adfadh a bheith ann \u00f3 cheasa\u00edneonna go ceasa\u00edneo.<\/p>\n<h2>IMIR LE R\u00c9ITEACH AIRGEAD SA Sliot\u00e1n 9 BOINN<\/h2>\n<p>Nuair a bh\u00edonn t\u00fa r\u00e9idh chun taith\u00ed a fh\u00e1il ar mhoth\u00fach\u00e1in chearrbhachais agus f\u00edor-bhuachan, is f\u00e9idir leat aistri\u00fa chuig sliot\u00e1n f\u00edor-airgead a imirt le haghaidh 9 mbonn. Chun \u00e9 sin a dh\u00e9anamh, beidh ort cuntas a chruth\u00fa ag ceann de na ceasa\u00edneonna ar l\u00edne cead\u00fanaithe, \u00e9arlais a dh\u00e9anamh agus t\u00fas a chur le geallt\u00f3ireacht ar airgead f\u00edor ar na l\u00ednte. Le gn\u00e9ithe b\u00f3nais uath\u00fala agus deiseanna buaite, cuireann sliot\u00e1n 9 Boinn seans iontach ar f\u00e1il do gamblers.<\/p>\n<p><img loading=\"lazy\" decoding=\"async\" class=\"aligncenter wp-image-3235\" src=\"https:\/\/rocketplay-slot.com\/wp-content\/uploads\/2023\/08\/9coins1000editionslot.png\" alt=\"Review 9 Coins slot 2\" width=\"811\" height=\"356\" srcset=\"https:\/\/rocketplay-slot.com\/wp-content\/uploads\/2023\/08\/9coins1000editionslot.png 1898w, https:\/\/rocketplay-slot.com\/wp-content\/uploads\/2023\/08\/9coins1000editionslot-300x132.png 300w, https:\/\/rocketplay-slot.com\/wp-content\/uploads\/2023\/08\/9coins1000editionslot-1024x449.png 1024w, https:\/\/rocketplay-slot.com\/wp-content\/uploads\/2023\/08\/9coins1000editionslot-768x337.png 768w, https:\/\/rocketplay-slot.com\/wp-content\/uploads\/2023\/08\/9coins1000editionslot-1536x674.png 1536w\" sizes=\"auto, (max-width: 811px) 100vw, 811px\" \/><\/p>\n<h2>C\u00c1 BHFUIL SLOOT BOINN A IMIR LE hAGHAIDH R\u00c9ITEACH AIRGID<\/h2>\n<p>Chun sliot\u00e1n 9 Boinn a imirt ar airgead f\u00edor san Astr\u00e1il, beidh ort ceasa\u00edneo ar l\u00edne iontaofa agus cead\u00fanaithe a roghn\u00fa. Seice\u00e1il c\u00e1il an cheasa\u00edneo, infhaighteacht b\u00f3nais agus 9 mbonn saor in aisce san Astr\u00e1il, agus \u00e1isi\u00falacht an ard\u00e1in chearrbhachais. Nuair a bheidh an ceasa\u00edneo ceart roghnaithe agat, beidh t\u00fa in ann taitneamh a bhaint as eachtra spreag\u00fail cearrbhachais i sliot\u00e1n 9 Boinn agus beidh seans agat bua m\u00f3r a fh\u00e1il.<\/p>\n<h2>CONCL\u00daID<\/h2>\n<p>Is sliot\u00e1n spreag\u00fail \u00e9 na pokies 9 boinn le t\u00e9ama suimi\u00fail agus neart deiseanna buaite. Is f\u00e9idir leat triail a bhaint as an leagan taispe\u00e1na den chluiche chun na rialacha a thuiscint, n\u00f3 dul d\u00edreach isteach in eachtra cearrbhachais ar airgead f\u00edor ag casinos ar l\u00edne san Astr\u00e1il. D\u00e9anann Freespins agus b\u00f3nais uath\u00fala an sliot\u00e1n 9 Boinn n\u00edos tarraingt\u00ed f\u00f3s do gamblers, agus t\u00e1 deis ar leith agat atmaisf\u00e9ar cearrbhachais ioml\u00e1n an chluiche a mhoth\u00fa sa sliot\u00e1n spreag\u00fail seo.<\/p>\n","protected":false},"excerpt":{"rendered":"<p>Is sliot\u00e1n spreag\u00fail \u00e9 meais\u00edn sliot\u00e1n 9 Boinn a mheallann cearrbhachas lena th\u00e9ama uath\u00fail agus deiseanna le haghaidh buaite m\u00f3ra. San athbhreithni\u00fa seo beimid ag f\u00e9achaint ar na gn\u00e9ithe is m\u00f3 de na sliot\u00e1n 9 Boinn, a chur ar f\u00e1il forbhreathn\u00fa ar an leagan taispe\u00e1na an chluiche, chomh maith le labhairt faoi an deis a&#8230;<\/p>\n","protected":false},"author":1,"featured_media":0,"parent":0,"menu_order":0,"comment_status":"closed","ping_status":"closed","template":"","meta":{"_acf_changed":false,"_kad_post_transparent":"default","_kad_post_title":"default","_kad_post_layout":"default","_kad_post_sidebar_id":"","_kad_post_content_style":"default","_kad_post_vertical_padding":"default","_kad_post_feature":"","_kad_post_feature_position":"","_kad_post_header":false,"_kad_post_footer":false,"footnotes":""},"class_list":["post-3372","page","type-page","status-publish","hentry"],"acf":[],"rttpg_featured_image_url":null,"rttpg_author":{"display_name":"Elvis","author_link":"https:\/\/rocketplay-slot.com\/ga\/author\/pemvas95n89x\/"},"rttpg_comment":0,"rttpg_category":null,"rttpg_excerpt":"Is sliot\u00e1n spreag\u00fail \u00e9 meais\u00edn sliot\u00e1n 9 Boinn a mheallann cearrbhachas lena th\u00e9ama uath\u00fail agus deiseanna le haghaidh buaite m\u00f3ra. San athbhreithni\u00fa seo beimid ag f\u00e9achaint ar na gn\u00e9ithe is m\u00f3 de na sliot\u00e1n 9 Boinn, a chur ar f\u00e1il forbhreathn\u00fa ar an leagan taispe\u00e1na an chluiche, chomh maith le labhairt faoi an deis a...","_links":{"self":[{"href":"https:\/\/rocketplay-slot.com\/ga\/wp-json\/wp\/v2\/pages\/3372","targetHints":{"allow":["GET"]}}],"collection":[{"href":"https:\/\/rocketplay-slot.com\/ga\/wp-json\/wp\/v2\/pages"}],"about":[{"href":"https:\/\/rocketplay-slot.com\/ga\/wp-json\/wp\/v2\/types\/page"}],"author":[{"embeddable":true,"href":"https:\/\/rocketplay-slot.com\/ga\/wp-json\/wp\/v2\/users\/1"}],"replies":[{"embeddable":true,"href":"https:\/\/rocketplay-slot.com\/ga\/wp-json\/wp\/v2\/comments?post=3372"}],"version-history":[{"count":2,"href":"https:\/\/rocketplay-slot.com\/ga\/wp-json\/wp\/v2\/pages\/3372\/revisions"}],"predecessor-version":[{"id":3374,"href":"https:\/\/rocketplay-slot.com\/ga\/wp-json\/wp\/v2\/pages\/3372\/revisions\/3374"}],"wp:attachment":[{"href":"https:\/\/rocketplay-slot.com\/ga\/wp-json\/wp\/v2\/media?parent=3372"}],"curies":[{"name":"wp","href":"https:\/\/api.w.org\/{rel}","templated":true}]}}