{"id":3403,"date":"2023-08-17T12:16:08","date_gmt":"2023-08-17T09:16:08","guid":{"rendered":"https:\/\/rocketplay-slot.com\/gold-express\/"},"modified":"2023-10-08T11:00:32","modified_gmt":"2023-10-08T08:00:32","slug":"gold-express","status":"publish","type":"page","link":"https:\/\/rocketplay-slot.com\/ga\/gold-express\/","title":{"rendered":"Gold Express athbhreithni\u00fa meais\u00edn sliot\u00e1n"},"content":{"rendered":"<p>Is taith\u00ed spreag\u00fail \u00e9 sliot\u00e1n Play Gold Express do dh\u00edograiseoir\u00ed cearrbhachais. Sol\u00e1thra\u00edonn an meais\u00edn sliot\u00e1n geal agus spreag\u00fail seo go leor deiseanna chun an cluiche a bhuachan agus taitneamh a bhaint as. San Airteagal seo f\u00e9achfaimid ar phr\u00edomhghn\u00e9ithe Gold Express agus inseoimid duit conas rochtain saor in aisce a fh\u00e1il ar an gcluiche agus b\u00f3nais a \u00fas\u00e1id.<\/p>\n<p><img loading=\"lazy\" decoding=\"async\" class=\"aligncenter size-full wp-image-3246\" src=\"https:\/\/rocketplay-slot.com\/wp-content\/uploads\/2023\/08\/maxresdefault-1.jpg\" alt=\"Gold Express slot machine review 1\" width=\"951\" height=\"705\" srcset=\"https:\/\/rocketplay-slot.com\/wp-content\/uploads\/2023\/08\/maxresdefault-1.jpg 951w, https:\/\/rocketplay-slot.com\/wp-content\/uploads\/2023\/08\/maxresdefault-1-300x222.jpg 300w, https:\/\/rocketplay-slot.com\/wp-content\/uploads\/2023\/08\/maxresdefault-1-768x569.jpg 768w\" sizes=\"auto, (max-width: 951px) 100vw, 951px\" \/><\/p>\n<h2>TEAGMH\u00c1IL LEIS AN SLOOT MEAIS\u00cdN A SHEOLADH<\/h2>\n<p>Is sliot\u00e1n c\u00faig r\u00edl \u00e9 Gold Express le 25 paylines, arna fhorbairt ag cuideachta bogearra\u00ed cearrbhachais ceannasach. T\u00e1 t\u00e9ama an athbhreithnithe sliot\u00e1n Gold Express Hold bunaithe ar an luaith \u00f3ir agus ar na hamanna cuardaigh \u00f3ir. D\u00e9anann grafaic\u00ed ildaite, mais\u00edochta\u00ed fuaime agus beochan an t-imreoir a thumadh i ndomhan iontach eachtra\u00edochta agus buachan f\u00e9ideartha.<\/p>\n<h2>B\u00d3NAS AGUS DUALGAIS<\/h2>\n<p>Seinn sliot\u00e1n \u00d3ir Express n\u00ed hamh\u00e1in suimi\u00fail, ach freisin brab\u00fasach. Le linn an chluiche is f\u00e9idir leat siombail\u00ed b\u00f3nais \u00e9ags\u00fala a chomhl\u00edonadh, mar shampla siombail\u00ed &#8220;Fi\u00e1in&#8221; agus &#8220;scaip&#8221;. T\u00e1 an tsiombail &#8220;Fi\u00e1in&#8221; in ann siombail\u00ed eile a athshol\u00e1thar ar na r\u00edleanna, ag cuidi\u00fa le comhcheangail bhuaigh a bhaili\u00fa. Agus gn\u00edomha\u00edonn an tsiombail &#8220;Scatter&#8221; an modh spins saor in aisce, rud a thugann seans breise duit a bhuachan.<\/p>\n<h2>ROCHTAIN SAOR IN AISCE AR AN gCLUICH<\/h2>\n<p>D\u00f3ibh si\u00fad ar mian leo Gold Express a thriail saor in aisce, t\u00e1 deis ann imirt i m\u00f3d taispe\u00e1na. Tugann Free Gold Express deis duit eolas a chur ar rialacha an chluiche, gn\u00e9ithe agus b\u00f3nais na sliot\u00e1n a ini\u00fachadh gan do chist\u00ed a chur i mbaol. Is bealach iontach \u00e9 seo chun a chinneadh an oireann an meais\u00edn seo duit agus an fi\u00fa geall f\u00edor.<\/p>\n<h2>GN\u00c9ITHE NICE DE SHEOLADH \u00d3R<\/h2>\n<p>Ceann de phr\u00edomhghn\u00e9ithe Gold Express n\u00e1 an modh sliot\u00e1n Coinnigh. Nuair a thiteann teaglaim bhuaiteacha ar na r\u00edleanna, reoitear iad i bhfeidhm agus glacann an chuid eile de na r\u00edleanna ath-spins. Tugann s\u00e9 seo seans breise duit buanna n\u00edos m\u00f3 a fh\u00e1il.<\/p>\n<p><img loading=\"lazy\" decoding=\"async\" class=\"aligncenter size-full wp-image-3255\" src=\"https:\/\/rocketplay-slot.com\/wp-content\/uploads\/2023\/08\/ss_671c8d840032a5051c396f539388da4cb8eacd97.1920x1080.jpg\" alt=\"Gold Express slot machine review 2\" width=\"1280\" height=\"720\" srcset=\"https:\/\/rocketplay-slot.com\/wp-content\/uploads\/2023\/08\/ss_671c8d840032a5051c396f539388da4cb8eacd97.1920x1080.jpg 1280w, https:\/\/rocketplay-slot.com\/wp-content\/uploads\/2023\/08\/ss_671c8d840032a5051c396f539388da4cb8eacd97.1920x1080-300x169.jpg 300w, https:\/\/rocketplay-slot.com\/wp-content\/uploads\/2023\/08\/ss_671c8d840032a5051c396f539388da4cb8eacd97.1920x1080-1024x576.jpg 1024w, https:\/\/rocketplay-slot.com\/wp-content\/uploads\/2023\/08\/ss_671c8d840032a5051c396f539388da4cb8eacd97.1920x1080-768x432.jpg 768w\" sizes=\"auto, (max-width: 1280px) 100vw, 1280px\" \/><\/p>\n<h2>LEIDEANNA AGUS STRAIT\u00c9IS\u00cd CLUICH\u00cd<\/h2>\n<p>Chun cur le do seans a bhuachan i sliot\u00e1n Gold Express saor in aisce, t\u00e1 s\u00e9 molta a shocr\u00fa geallta r\u00e9as\u00fanta, go h\u00e1irithe nuair a imirt ar airgead f\u00edor. Bainistigh do bankroll ionas go mbeidh an cluiche fada agus s\u00e1s\u00fail. Is fi\u00fa freisin an b\u00f3nas Gold Express agus na harduithe c\u00e9ime a shol\u00e1thra\u00edonn an Casino a \u00fas\u00e1id chun do chuid buaite a mh\u00e9ad\u00fa.<\/p>\n<h2>CONCL\u00daID<\/h2>\n<p>Conas a bhuachan ar Gold Express sliot\u00e1n a shol\u00e1thra\u00edonn imreoir\u00ed le neart deiseanna a bhuachan. Le rochtain saor in aisce ar an gcluiche i m\u00f3d taispe\u00e1na, is f\u00e9idir leat eolas a chur ar an gcluiche gan riosca agus cinneadh a dh\u00e9anamh an bhfuil s\u00e9 ceart duitse. Bain \u00fas\u00e1id as na b\u00f3nais agus an ghn\u00e9 sliot\u00e1n Coinnigh chun do seansanna a bhuachan m\u00f3r a mh\u00e9ad\u00fa. N\u00e1 d\u00e9an dearmad do bankroll a bhainisti\u00fa agus casinos iontaofa ar l\u00edne a roghn\u00fa le himirt orthu.<\/p>\n<p>Mar sin, m\u00e1 t\u00e1 t\u00fa r\u00e9idh le dul ar thuras spreag\u00fail ar ais i laethanta an luaith \u00f3ir, ansin is rogha iontach duit sliot\u00e1n Gold Express a imirt!<\/p>\n","protected":false},"excerpt":{"rendered":"<p>Is taith\u00ed spreag\u00fail \u00e9 sliot\u00e1n Play Gold Express do dh\u00edograiseoir\u00ed cearrbhachais. Sol\u00e1thra\u00edonn an meais\u00edn sliot\u00e1n geal agus spreag\u00fail seo go leor deiseanna chun an cluiche a bhuachan agus taitneamh a bhaint as. San Airteagal seo f\u00e9achfaimid ar phr\u00edomhghn\u00e9ithe Gold Express agus inseoimid duit conas rochtain saor in aisce a fh\u00e1il ar an gcluiche agus b\u00f3nais&#8230;<\/p>\n","protected":false},"author":1,"featured_media":0,"parent":0,"menu_order":0,"comment_status":"closed","ping_status":"closed","template":"","meta":{"_acf_changed":false,"_kad_post_transparent":"default","_kad_post_title":"default","_kad_post_layout":"default","_kad_post_sidebar_id":"","_kad_post_content_style":"default","_kad_post_vertical_padding":"default","_kad_post_feature":"","_kad_post_feature_position":"","_kad_post_header":false,"_kad_post_footer":false,"footnotes":""},"class_list":["post-3403","page","type-page","status-publish","hentry"],"acf":[],"rttpg_featured_image_url":null,"rttpg_author":{"display_name":"Elvis","author_link":"https:\/\/rocketplay-slot.com\/ga\/author\/pemvas95n89x\/"},"rttpg_comment":0,"rttpg_category":null,"rttpg_excerpt":"Is taith\u00ed spreag\u00fail \u00e9 sliot\u00e1n Play Gold Express do dh\u00edograiseoir\u00ed cearrbhachais. Sol\u00e1thra\u00edonn an meais\u00edn sliot\u00e1n geal agus spreag\u00fail seo go leor deiseanna chun an cluiche a bhuachan agus taitneamh a bhaint as. San Airteagal seo f\u00e9achfaimid ar phr\u00edomhghn\u00e9ithe Gold Express agus inseoimid duit conas rochtain saor in aisce a fh\u00e1il ar an gcluiche agus b\u00f3nais...","_links":{"self":[{"href":"https:\/\/rocketplay-slot.com\/ga\/wp-json\/wp\/v2\/pages\/3403","targetHints":{"allow":["GET"]}}],"collection":[{"href":"https:\/\/rocketplay-slot.com\/ga\/wp-json\/wp\/v2\/pages"}],"about":[{"href":"https:\/\/rocketplay-slot.com\/ga\/wp-json\/wp\/v2\/types\/page"}],"author":[{"embeddable":true,"href":"https:\/\/rocketplay-slot.com\/ga\/wp-json\/wp\/v2\/users\/1"}],"replies":[{"embeddable":true,"href":"https:\/\/rocketplay-slot.com\/ga\/wp-json\/wp\/v2\/comments?post=3403"}],"version-history":[{"count":2,"href":"https:\/\/rocketplay-slot.com\/ga\/wp-json\/wp\/v2\/pages\/3403\/revisions"}],"predecessor-version":[{"id":3405,"href":"https:\/\/rocketplay-slot.com\/ga\/wp-json\/wp\/v2\/pages\/3403\/revisions\/3405"}],"wp:attachment":[{"href":"https:\/\/rocketplay-slot.com\/ga\/wp-json\/wp\/v2\/media?parent=3403"}],"curies":[{"name":"wp","href":"https:\/\/api.w.org\/{rel}","templated":true}]}}