{"id":3439,"date":"2023-08-17T12:18:14","date_gmt":"2023-08-17T09:18:14","guid":{"rendered":"https:\/\/rocketplay-slot.com\/monkey-king\/"},"modified":"2023-10-08T11:36:17","modified_gmt":"2023-10-08T08:36:17","slug":"monkey-king","status":"publish","type":"page","link":"https:\/\/rocketplay-slot.com\/ga\/monkey-king\/","title":{"rendered":"Sliot\u00e1n legendary monca\u00ed r\u00ed"},"content":{"rendered":"<p>Is meais\u00edn sliot\u00e1n spreag\u00fail \u00e9 sliot\u00e1n Monkey King at\u00e1 bunaithe ar mhiotaseola\u00edocht na S\u00edne agus finsc\u00e9al an r\u00ed monca\u00ed. Meallann an sliot\u00e1n spreag\u00fail seo aird go leor imreoir\u00ed lena grafaic\u00ed ildaite, a ghn\u00e9ithe uath\u00fala agus a mheicnic cluich\u00ed suimi\u00fala. San Airteagal seo f\u00e9achfaimid ar phr\u00edomhghn\u00e9ithe meais\u00edn sliot\u00e1n Monkey King agus cuirfimid leideanna \u00fas\u00e1ideacha ar f\u00e1il le haghaidh cluiche rath\u00fail.<\/p>\n<p><img loading=\"lazy\" decoding=\"async\" class=\"aligncenter size-full wp-image-3265\" src=\"https:\/\/rocketplay-slot.com\/wp-content\/uploads\/2023\/08\/monkey-king.png\" alt=\"Legendary Monkey King slot 1\" width=\"995\" height=\"555\" srcset=\"https:\/\/rocketplay-slot.com\/wp-content\/uploads\/2023\/08\/monkey-king.png 995w, https:\/\/rocketplay-slot.com\/wp-content\/uploads\/2023\/08\/monkey-king-300x167.png 300w, https:\/\/rocketplay-slot.com\/wp-content\/uploads\/2023\/08\/monkey-king-768x428.png 768w\" sizes=\"auto, (max-width: 995px) 100vw, 995px\" \/><\/p>\n<h2>TEAGMH\u00c1IL LE MEAIS\u00cdN Sliot\u00e1n R\u00cd Mhonca\u00ed<\/h2>\n<p>Is meais\u00edn sliot\u00e1n c\u00faig r\u00edl \u00e9 sliot\u00e1n Monkey King le tr\u00ed shraith siombail\u00ed agus 25 paylines. Cruthaithe ag pr\u00edomhfhorbr\u00f3ir\u00ed bogearra\u00ed cearrbhachais, tabharfaidh an sliot\u00e1n seo t\u00fa chuig domhan mhiotaseola\u00edocht na S\u00edne, \u00e1it a mbuailfidh t\u00fa le sliot\u00e1n legendary Monkey King agus a chomp\u00e1naigh ar an mb\u00f3thar go saibhreas agus eachtra\u00edochta.<\/p>\n<h2>GRAFAIC\u00cd AGUS Fuaimrian iontach<\/h2>\n<p>Ceann de na nithe is m\u00f3 a mheallann meais\u00edn sliot\u00e1n Monkey King n\u00e1 na grafaic\u00ed ardch\u00e1il\u00edochta agus na radharcanna iontacha. Tugtar aird ghr\u00e1mhar ar mhionsonra\u00ed le gach siombail ar na r\u00edleanna, agus tugann na beochana na carachtair phicti\u00fartha ar an saol. Meaitse\u00e1lann an fuaimrian freisin atmaisf\u00e9ar an chluiche, rud a chrutha\u00edonn an taith\u00ed is tumtha d&#8217;imreoir\u00ed.<\/p>\n<h2>GN\u00c9ITHE Uath\u00fala AGUS B\u00d3NAS<\/h2>\n<p>T\u00e1 gn\u00e9ithe agus b\u00f3nais uath\u00fala ag meais\u00edn sliot\u00e1n Monkey King a dh\u00e9anann an cluiche n\u00edos suimi\u00fala f\u00f3s. Gn\u00e9 amh\u00e1in den s\u00f3rt sin is ea Gn\u00e9 Monca\u00ed R\u00ed, a chuirtear i ngn\u00edomh nuair a bh\u00edonn siombail\u00ed Monca\u00ed R\u00ed le feice\u00e1il ar na r\u00edleanna. Sa mhodh seo, is f\u00e9idir leis an r\u00ed monca\u00ed siombail\u00ed eile a iomp\u00fa isteach i &#8220;Fi\u00e1in&#8221;, ag m\u00e9ad\u00fa an seans go mbainfidh siad comhcheangail a bhuaigh.<\/p>\n<h2>R\u00daIN CLUICHE AGUS LEIDEANNA DO IMREOIR\u00cd<\/h2>\n<p>Chun sliot\u00e1n Monkey King a imirt go rath\u00fail, t\u00e1 roinnt leideanna t\u00e1bhachtacha le breithni\u00fa. Ar dt\u00fas, cuir eolas ar an t\u00e1bla \u00edoca\u00edochta agus ar ghn\u00e9ithe gach siombaile. Cabhr\u00f3idh s\u00e9 seo leat tuiscint a fh\u00e1il ar na teaglama\u00ed a thugann an bua is m\u00f3. Ar an dara dul s\u00edos, socraigh geallta r\u00e9as\u00fanta de r\u00e9ir do bankroll ionas go mbeidh an cluiche sliot\u00e1n Monca\u00ed R\u00ed fada agus dian. Ar an tr\u00ed\u00fa dul s\u00edos, bain \u00fas\u00e1id as spins saor in aisce agus tairiscint\u00ed b\u00f3nais an cheasa\u00edneo chun do sheansanna rath\u00falachta a mh\u00e9ad\u00fa.<\/p>\n<p><img loading=\"lazy\" decoding=\"async\" class=\"aligncenter size-full wp-image-3274\" src=\"https:\/\/rocketplay-slot.com\/wp-content\/uploads\/2023\/08\/monkey-king-1.jpg\" alt=\"Legendary Monkey King slot 2\" width=\"838\" height=\"509\" srcset=\"https:\/\/rocketplay-slot.com\/wp-content\/uploads\/2023\/08\/monkey-king-1.jpg 838w, https:\/\/rocketplay-slot.com\/wp-content\/uploads\/2023\/08\/monkey-king-1-300x182.jpg 300w, https:\/\/rocketplay-slot.com\/wp-content\/uploads\/2023\/08\/monkey-king-1-768x466.jpg 768w\" sizes=\"auto, (max-width: 838px) 100vw, 838px\" \/><\/p>\n<h2>Inrochtaineacht AGUS \u00c9asca\u00edocht Imeartha<\/h2>\n<p>T\u00e1 sliot\u00e1n Monkey King ar f\u00e1il ag go leor casinos ar l\u00edne, rud a fh\u00e1gann gur f\u00e9idir \u00e9 a imirt ag aon am \u00e1isi\u00fail. A bhu\u00ed le teicneola\u00edocht HTML5, t\u00e1 seinm Monkey King ar f\u00e1il freisin ar ghl\u00e9asanna soghluaiste, rud a ligeann duit taitneamh a bhaint as an spleodar \u00e1it ar bith agus am ar bith.<\/p>\n<h2>CONCL\u00daID<\/h2>\n<p>Is eachtra spreag\u00fail \u00e9 sliot\u00e1n Monkey King i saol na miotaseola\u00edochta S\u00edneach leis an R\u00ed Monca\u00ed sa phr\u00edomhr\u00f3l. D\u00e9anann grafaic\u00ed iontacha, gn\u00e9ithe uath\u00fala agus seans buaite arda an sliot\u00e1n seo a bheith coitianta i measc imreoir\u00ed. Tr\u00ed leideanna agus strait\u00e9is\u00ed sliot\u00e1n Monkey King a chur i bhfeidhm, is f\u00e9idir leat do sheans a mh\u00e9ad\u00fa go m\u00f3r agus taitneamh a bhaint as gach casadh i sliot\u00e1n Monkey King. Mar sin, t\u00e9igh ar eachtra spreag\u00fail agus cuir do st\u00f3r in \u00e9ineacht leis an R\u00ed Monca\u00ed legendary!<\/p>\n","protected":false},"excerpt":{"rendered":"<p>Is meais\u00edn sliot\u00e1n spreag\u00fail \u00e9 sliot\u00e1n Monkey King at\u00e1 bunaithe ar mhiotaseola\u00edocht na S\u00edne agus finsc\u00e9al an r\u00ed monca\u00ed. Meallann an sliot\u00e1n spreag\u00fail seo aird go leor imreoir\u00ed lena grafaic\u00ed ildaite, a ghn\u00e9ithe uath\u00fala agus a mheicnic cluich\u00ed suimi\u00fala. San Airteagal seo f\u00e9achfaimid ar phr\u00edomhghn\u00e9ithe meais\u00edn sliot\u00e1n Monkey King agus cuirfimid leideanna \u00fas\u00e1ideacha ar f\u00e1il&#8230;<\/p>\n","protected":false},"author":1,"featured_media":0,"parent":0,"menu_order":0,"comment_status":"closed","ping_status":"closed","template":"","meta":{"_acf_changed":false,"_kad_post_transparent":"default","_kad_post_title":"default","_kad_post_layout":"default","_kad_post_sidebar_id":"","_kad_post_content_style":"default","_kad_post_vertical_padding":"default","_kad_post_feature":"","_kad_post_feature_position":"","_kad_post_header":false,"_kad_post_footer":false,"footnotes":""},"class_list":["post-3439","page","type-page","status-publish","hentry"],"acf":[],"rttpg_featured_image_url":null,"rttpg_author":{"display_name":"Elvis","author_link":"https:\/\/rocketplay-slot.com\/ga\/author\/pemvas95n89x\/"},"rttpg_comment":0,"rttpg_category":null,"rttpg_excerpt":"Is meais\u00edn sliot\u00e1n spreag\u00fail \u00e9 sliot\u00e1n Monkey King at\u00e1 bunaithe ar mhiotaseola\u00edocht na S\u00edne agus finsc\u00e9al an r\u00ed monca\u00ed. Meallann an sliot\u00e1n spreag\u00fail seo aird go leor imreoir\u00ed lena grafaic\u00ed ildaite, a ghn\u00e9ithe uath\u00fala agus a mheicnic cluich\u00ed suimi\u00fala. San Airteagal seo f\u00e9achfaimid ar phr\u00edomhghn\u00e9ithe meais\u00edn sliot\u00e1n Monkey King agus cuirfimid leideanna \u00fas\u00e1ideacha ar f\u00e1il...","_links":{"self":[{"href":"https:\/\/rocketplay-slot.com\/ga\/wp-json\/wp\/v2\/pages\/3439","targetHints":{"allow":["GET"]}}],"collection":[{"href":"https:\/\/rocketplay-slot.com\/ga\/wp-json\/wp\/v2\/pages"}],"about":[{"href":"https:\/\/rocketplay-slot.com\/ga\/wp-json\/wp\/v2\/types\/page"}],"author":[{"embeddable":true,"href":"https:\/\/rocketplay-slot.com\/ga\/wp-json\/wp\/v2\/users\/1"}],"replies":[{"embeddable":true,"href":"https:\/\/rocketplay-slot.com\/ga\/wp-json\/wp\/v2\/comments?post=3439"}],"version-history":[{"count":2,"href":"https:\/\/rocketplay-slot.com\/ga\/wp-json\/wp\/v2\/pages\/3439\/revisions"}],"predecessor-version":[{"id":3441,"href":"https:\/\/rocketplay-slot.com\/ga\/wp-json\/wp\/v2\/pages\/3439\/revisions\/3441"}],"wp:attachment":[{"href":"https:\/\/rocketplay-slot.com\/ga\/wp-json\/wp\/v2\/media?parent=3439"}],"curies":[{"name":"wp","href":"https:\/\/api.w.org\/{rel}","templated":true}]}}