{"id":3470,"date":"2023-08-17T12:20:18","date_gmt":"2023-08-17T09:20:18","guid":{"rendered":"https:\/\/rocketplay-slot.com\/lion-gems-hold-and-win\/"},"modified":"2023-10-08T13:59:52","modified_gmt":"2023-10-08T10:59:52","slug":"lion-gems-hold-and-win","status":"publish","type":"page","link":"https:\/\/rocketplay-slot.com\/ga\/lion-gems-hold-and-win\/","title":{"rendered":"Lion Gems: Coinnigh agus Buaigh athbhreithni\u00fa ar mheais\u00edn\u00ed sliot\u00e1n"},"content":{"rendered":"<p>Meais\u00edn Sliot\u00e1n Lion Gems: Hold and Win &#8211; sliot\u00e1n spreag\u00fail a thugann deis uath\u00fail do na himreoir\u00ed dul isteach in atmaisf\u00e9ar Prairie na hAfraice agus an tiom\u00e1int a bhraitheann chun imirt ar airgead f\u00edor Lion Gems Hold.<\/p>\n<p><img loading=\"lazy\" decoding=\"async\" class=\"aligncenter size-full wp-image-3294\" src=\"https:\/\/rocketplay-slot.com\/wp-content\/uploads\/2023\/08\/lion_gems__post_984x552.png\" alt=\"Lion Gems 1\" width=\"984\" height=\"552\" srcset=\"https:\/\/rocketplay-slot.com\/wp-content\/uploads\/2023\/08\/lion_gems__post_984x552.png 984w, https:\/\/rocketplay-slot.com\/wp-content\/uploads\/2023\/08\/lion_gems__post_984x552-300x168.png 300w, https:\/\/rocketplay-slot.com\/wp-content\/uploads\/2023\/08\/lion_gems__post_984x552-768x431.png 768w\" sizes=\"auto, (max-width: 984px) 100vw, 984px\" \/><\/p>\n<h2>G\u00c9IMEANNA AN LEON C\u00c9IMEANNA CR\u00daNACHA: COINNIGH AGUS Buaigh<\/h2>\n<p>Lion Gems Hold and Win &#8211; meais\u00edn sliot\u00e1n geal agus ildaite le c\u00faig r\u00edl agus 25 paylines. T\u00e1 t\u00e9ama na sliot\u00e1n tiomnaithe don saol i bhf\u00e1sach thailte na hAfraice, agus cuims\u00edonn na siombail\u00ed leoin, elephants, sior\u00e1f agus \u00e1itritheoir\u00ed eile an Savannah. D\u00e9anann grafaic\u00ed ardchaighde\u00e1in agus fuaim atmaisf\u00e9arach imreoir\u00ed a thumadh i ndomhan iontach n\u00e1d\u00far na hAfraice.<\/p>\n<h2>GN\u00c9ITHE AGUS B\u00d3NAS GEMS Lion: Coinnigh AGUS Buaigh<\/h2>\n<p>T\u00e1 gn\u00e9ithe suimi\u00fala agus b\u00f3nais \u00e9ags\u00fala ag an l\u00e9irmheas Lion Gems: Hold and Win:<\/p>\n<ul>\n<li>B\u00f3nas Coinnigh agus Buaigh &#8211; nuair a thiteann roinnt siombail\u00ed GEM ar na r\u00edleanna, cuirtear an modh Coinnigh agus Buaigh i ngn\u00edomh. Tugtar deis do na himreoir\u00ed buanna ollmh\u00f3ra a fh\u00e1il agus ceann de na tr\u00ed Pota \u00d3ir a bhuachan freisin.<\/li>\n<li>Spins Saor in Aisce &#8211; nuair a thiteann tr\u00ed shiombail scaipthe n\u00f3 n\u00edos m\u00f3, bronntar spins saor in aisce ar imreoir\u00ed a bhfuil seans n\u00edos m\u00f3 acu a bhuachan.<\/li>\n<\/ul>\n<h2>CONAS GEMS Lion a imirt: SIOTA A CHOINNE\u00c1IL AGUS A Bhuaigh AR AIRGEAD R\u00c9ITEACH<\/h2>\n<p>Chun Lion Gems a imirt: Coinnigh agus Buaigh sliot\u00e1n ar airgead f\u00edor n\u00ed m\u00f3r duit ceasa\u00edneo iontaofa ar l\u00edne a roghn\u00fa a thairgeann an meais\u00edn seo. Ansin ba cheart duit cl\u00e1r\u00fa ar shu\u00edomh an cheasa\u00edneo, do chuntas cearrbhachais a athl\u00e1n\u00fa agus roghnaigh Lion Gems: Coinnigh agus Buaigh sa rann\u00f3g sliot\u00e1n.<\/p>\n<h2 style=\"font-family: Rubik, sans-serif;\"><img loading=\"lazy\" decoding=\"async\" class=\"aligncenter size-full wp-image-3285\" src=\"https:\/\/rocketplay-slot.com\/wp-content\/uploads\/2023\/08\/lion-gems-hold-and-win-ss.jpg\" alt=\"Lion Gems 2\" width=\"850\" height=\"483\" srcset=\"https:\/\/rocketplay-slot.com\/wp-content\/uploads\/2023\/08\/lion-gems-hold-and-win-ss.jpg 850w, https:\/\/rocketplay-slot.com\/wp-content\/uploads\/2023\/08\/lion-gems-hold-and-win-ss-300x170.jpg 300w, https:\/\/rocketplay-slot.com\/wp-content\/uploads\/2023\/08\/lion-gems-hold-and-win-ss-768x436.jpg 768w\" sizes=\"auto, (max-width: 850px) 100vw, 850px\" \/><\/h2>\n<h2>LEIDEANNA CHUN DO BHUAITEANNA A M\u00e9ad\u00fa<\/h2>\n<p>Chun do seans a bhuachan ag Lion Gems: Sliot\u00e1n Coinnigh agus Buaigh, moltar clo\u00ed leis na leideanna seo a leanas:<\/p>\n<ul>\n<li>Socraigh na geallta is fearr &#8211; roghnaigh geallta a d&#8217;oirfeadh do bhuis\u00e9ad agus a ligeann duit taitneamh a bhaint as an gcluiche ar feadh tr\u00e9imhs\u00ed fada ama.<\/li>\n<li>Bain \u00fas\u00e1id as an b\u00f3nas Coinnigh agus Buaigh &#8211; p\u00e1irt ghn\u00edomhach a ghlacadh sa mhodh Coinnigh agus Buaigh chun do sheans a mh\u00e9ad\u00fa go bhfaighidh t\u00fa buaiteanna m\u00f3ra.<\/li>\n<li>Seinn go freagrach &#8211; cuimhnigh gur f\u00e9idir le cearrbhachas a bheith and\u00faileach, mar sin imirt go freagrach agus socraigh teorainneacha geallt\u00f3ireachta.<\/li>\n<\/ul>\n<h2>CONCL\u00daID<\/h2>\n<p>Lion Gems: Is meais\u00edn sliot\u00e1n spreag\u00fail \u00e9 Hold and Win le grafaic\u00ed geal agus gameplay spreag\u00fail. Ligeann b\u00f3nais agus gn\u00e9ithe na sliot\u00e1n do na himreoir\u00ed buanna m\u00f3ra a fh\u00e1il agus taitneamh a bhaint as an spleodar a oiread agus is f\u00e9idir. M\u00e1 t\u00e1 t\u00fa ag lorg cluiche ardchaighde\u00e1in leis an gcumas f\u00edor-airgead a bhuachan, is fi\u00fa d\u2019aird a thabhairt do Lion Gems: Hold and Win. Seinn Lion Gems: Coinnigh agus Buaigh go freagrach agus \u00e1dh m\u00f3r ar do thuras cearrbhachais!<\/p>\n","protected":false},"excerpt":{"rendered":"<p>Meais\u00edn Sliot\u00e1n Lion Gems: Hold and Win &#8211; sliot\u00e1n spreag\u00fail a thugann deis uath\u00fail do na himreoir\u00ed dul isteach in atmaisf\u00e9ar Prairie na hAfraice agus an tiom\u00e1int a bhraitheann chun imirt ar airgead f\u00edor Lion Gems Hold. G\u00c9IMEANNA AN LEON C\u00c9IMEANNA CR\u00daNACHA: COINNIGH AGUS Buaigh Lion Gems Hold and Win &#8211; meais\u00edn sliot\u00e1n geal agus&#8230;<\/p>\n","protected":false},"author":1,"featured_media":0,"parent":0,"menu_order":0,"comment_status":"closed","ping_status":"closed","template":"","meta":{"_acf_changed":false,"_kad_post_transparent":"default","_kad_post_title":"default","_kad_post_layout":"default","_kad_post_sidebar_id":"","_kad_post_content_style":"default","_kad_post_vertical_padding":"default","_kad_post_feature":"","_kad_post_feature_position":"","_kad_post_header":false,"_kad_post_footer":false,"footnotes":""},"class_list":["post-3470","page","type-page","status-publish","hentry"],"acf":[],"rttpg_featured_image_url":null,"rttpg_author":{"display_name":"Elvis","author_link":"https:\/\/rocketplay-slot.com\/ga\/author\/pemvas95n89x\/"},"rttpg_comment":0,"rttpg_category":null,"rttpg_excerpt":"Meais\u00edn Sliot\u00e1n Lion Gems: Hold and Win &#8211; sliot\u00e1n spreag\u00fail a thugann deis uath\u00fail do na himreoir\u00ed dul isteach in atmaisf\u00e9ar Prairie na hAfraice agus an tiom\u00e1int a bhraitheann chun imirt ar airgead f\u00edor Lion Gems Hold. G\u00c9IMEANNA AN LEON C\u00c9IMEANNA CR\u00daNACHA: COINNIGH AGUS Buaigh Lion Gems Hold and Win &#8211; meais\u00edn sliot\u00e1n geal agus...","_links":{"self":[{"href":"https:\/\/rocketplay-slot.com\/ga\/wp-json\/wp\/v2\/pages\/3470","targetHints":{"allow":["GET"]}}],"collection":[{"href":"https:\/\/rocketplay-slot.com\/ga\/wp-json\/wp\/v2\/pages"}],"about":[{"href":"https:\/\/rocketplay-slot.com\/ga\/wp-json\/wp\/v2\/types\/page"}],"author":[{"embeddable":true,"href":"https:\/\/rocketplay-slot.com\/ga\/wp-json\/wp\/v2\/users\/1"}],"replies":[{"embeddable":true,"href":"https:\/\/rocketplay-slot.com\/ga\/wp-json\/wp\/v2\/comments?post=3470"}],"version-history":[{"count":2,"href":"https:\/\/rocketplay-slot.com\/ga\/wp-json\/wp\/v2\/pages\/3470\/revisions"}],"predecessor-version":[{"id":3472,"href":"https:\/\/rocketplay-slot.com\/ga\/wp-json\/wp\/v2\/pages\/3470\/revisions\/3472"}],"wp:attachment":[{"href":"https:\/\/rocketplay-slot.com\/ga\/wp-json\/wp\/v2\/media?parent=3470"}],"curies":[{"name":"wp","href":"https:\/\/api.w.org\/{rel}","templated":true}]}}