{"id":3502,"date":"2023-08-17T12:27:24","date_gmt":"2023-08-17T09:27:24","guid":{"rendered":"https:\/\/rocketplay-slot.com\/cash-pig\/"},"modified":"2023-10-08T14:45:25","modified_gmt":"2023-10-08T11:45:25","slug":"cash-pig","status":"publish","type":"page","link":"https:\/\/rocketplay-slot.com\/ga\/cash-pig\/","title":{"rendered":"L\u00e9irmheasanna ar mheais\u00edn\u00ed sliot\u00e1n Muc Airgid"},"content":{"rendered":"<p>Is sliot\u00e1n spreag\u00fail ar l\u00edne \u00e9 Cash Pig a ligeann d\u2019imreoir\u00ed dul isteach i ndomhan eachtra\u00edochta agus cluich\u00ed corraitheacha. San Airteagal seo, inseoimid duit conas Muc Airgid a imirt, athbhreithni\u00fa a dh\u00e9anamh ar ghn\u00e9ithe an mheais\u00edn sliot\u00e1n seo, cuir forbhreathn\u00fa ar na pr\u00edomhghn\u00e9ithe agus roinnt leideanna maidir le conas do chuid buaite a mh\u00e9ad\u00fa. Mar sin, cuirimis t\u00fas leis!<\/p>\n<p><img loading=\"lazy\" decoding=\"async\" class=\"aligncenter size-full wp-image-3315\" src=\"https:\/\/rocketplay-slot.com\/wp-content\/uploads\/2023\/08\/maxresdefault-2.jpg\" alt=\"Cash Pig slot machine review 1\" width=\"1273\" height=\"487\" srcset=\"https:\/\/rocketplay-slot.com\/wp-content\/uploads\/2023\/08\/maxresdefault-2.jpg 1273w, https:\/\/rocketplay-slot.com\/wp-content\/uploads\/2023\/08\/maxresdefault-2-300x115.jpg 300w, https:\/\/rocketplay-slot.com\/wp-content\/uploads\/2023\/08\/maxresdefault-2-1024x392.jpg 1024w, https:\/\/rocketplay-slot.com\/wp-content\/uploads\/2023\/08\/maxresdefault-2-768x294.jpg 768w\" sizes=\"auto, (max-width: 1273px) 100vw, 1273px\" \/><\/p>\n<h2>TEAGMH\u00c1IL LE MEAIS\u00cdN Sliot\u00e1n Muc AIRGID<\/h2>\n<p>Is meais\u00edn sliot\u00e1n geal agus ildaite \u00e9 Muc Airgid le c\u00faig r\u00edl agus 20 paylines. T\u00e1 t\u00e9ama na sliot\u00e1n d\u00edrithe ar eachtra\u00ed feirmeoireachta, agus cuims\u00edonn na siombail\u00ed ainmhithe \u00e9ags\u00fala, c\u00f3fra\u00ed taisce agus tr\u00e9ithe eile de shaol na feirme. Cuireann grafaic\u00ed ardchaighde\u00e1in agus fuaimrian taitneamhach an-spreagadh ar imirt Muc Airgid.<\/p>\n<h2>CONAS MUC AIRGID A IMIR<\/h2>\n<p>T\u00e1 s\u00e9 simpl\u00ed go leor sliot\u00e1n ar l\u00edne Muc Airgid a imirt. Ar dt\u00fas n\u00ed m\u00f3r duit ceasa\u00edneo iontaofa ar l\u00edne a roghn\u00fa a thairgeann an meais\u00edn sliot\u00e1n seo. Ansin ba cheart duit cl\u00e1r\u00fa ar shu\u00edomh Gr\u00e9as\u00e1in an cheasa\u00edneo, do chuntas cearrbhachais a mhaoini\u00fa agus roghnaigh Muc Airgid sa rann\u00f3g sliot\u00e1n. Is f\u00e9idir leat freisin triail a bhaint as Muc Airgid a imirt saor in aisce i m\u00f3d taispe\u00e1na chun eolas a chur ar rialacha agus gn\u00e9ithe an chluiche.<\/p>\n<h2>GN\u00c9ITHE AGUS B\u00d3NAS MUC AIRGID<\/h2>\n<p>T\u00e1 gn\u00e9ithe suimi\u00fala agus b\u00f3nais \u00e9ags\u00fala ag athbhreithni\u00fa sliot\u00e1n Cash Pig Online:<\/p>\n<ul>\n<li>Siombail\u00ed B\u00f3nas &#8211; titim siombail\u00ed speisialta ar na r\u00edleanna a ghn\u00edomhacht\u00fa babhta\u00ed b\u00f3nais agus spins saor in aisce.<\/li>\n<li>Siombail\u00ed Fi\u00e1ine &#8211; t\u00e1 siombail\u00ed ina bhfuil muc mheirgeach fi\u00e1in agus f\u00e9adann siad siombail\u00ed eile a chur in ionad teaglaim bhuaiteacha a chruth\u00fa.<\/li>\n<li>Spins Saor in Aisce &#8211; Nuair a bh\u00edonn tr\u00ed shiombail c\u00f3fra n\u00f3 n\u00edos m\u00f3 le feice\u00e1il, faigheann imreoir\u00ed spins saor in aisce le seans n\u00edos m\u00f3 a bhuachan.<\/li>\n<\/ul>\n<p><img loading=\"lazy\" decoding=\"async\" class=\"aligncenter size-full wp-image-3306\" src=\"https:\/\/rocketplay-slot.com\/wp-content\/uploads\/2023\/08\/cash-pig.jpg\" alt=\"Cash Pig slot machine review 2\" width=\"838\" height=\"449\" srcset=\"https:\/\/rocketplay-slot.com\/wp-content\/uploads\/2023\/08\/cash-pig.jpg 838w, https:\/\/rocketplay-slot.com\/wp-content\/uploads\/2023\/08\/cash-pig-300x161.jpg 300w, https:\/\/rocketplay-slot.com\/wp-content\/uploads\/2023\/08\/cash-pig-768x411.jpg 768w\" sizes=\"auto, (max-width: 838px) 100vw, 838px\" \/><\/p>\n<h2>LEIDEANNA CHUN DO BHUAITEANNA A M\u00e9ad\u00fa<\/h2>\n<p>Chun do seansanna a bhuachan ag Cash Pig a mh\u00e9ad\u00fa, moltar clo\u00ed leis na leideanna seo a leanas:<\/p>\n<ul>\n<li>Seinn ag uasmh\u00e9id geallta &#8211; roghnaigh geallta a d&#8217;oirfeadh do bhuis\u00e9ad agus a ligeann duit do chuid buaite a uasmh\u00e9ad\u00fa.<\/li>\n<li>Bain \u00fas\u00e1id as babhta\u00ed b\u00f3nais &#8211; p\u00e1irt ghn\u00edomhach a ghlacadh i mbabhta\u00ed b\u00f3nais agus spins saor in aisce chun do sheans a mh\u00e9ad\u00fa buaiteanna m\u00f3ra a fh\u00e1il.<\/li>\n<li>Bainistigh do rolla bainc &#8211; coinnigh s\u00fail ar do chuntas cearrbhachais agus socraigh teorainneacha geallt\u00f3ireachta chun caillteanais mh\u00f3ra a sheachaint.<\/li>\n<\/ul>\n<h2>CONCL\u00daID<\/h2>\n<p>Is meais\u00edn sliot\u00e1n spreag\u00fail agus and\u00faile \u00e9 Muc Airgid a thugann deis do na himreoir\u00ed spleodar a fh\u00e1il agus a mbuanna a mh\u00e9ad\u00fa. M\u00e1 t\u00e1 t\u00fa ag lorg cluiche suimi\u00fail le seans maith a bhuachan, is rogha iontach \u00e9 Cash Pig. Imir cluiche sliot\u00e1n Muc Airgid agus bain sult as na moth\u00fach\u00e1in gheala agus na buaite suntasacha!<\/p>\n","protected":false},"excerpt":{"rendered":"<p>Is sliot\u00e1n spreag\u00fail ar l\u00edne \u00e9 Cash Pig a ligeann d\u2019imreoir\u00ed dul isteach i ndomhan eachtra\u00edochta agus cluich\u00ed corraitheacha. San Airteagal seo, inseoimid duit conas Muc Airgid a imirt, athbhreithni\u00fa a dh\u00e9anamh ar ghn\u00e9ithe an mheais\u00edn sliot\u00e1n seo, cuir forbhreathn\u00fa ar na pr\u00edomhghn\u00e9ithe agus roinnt leideanna maidir le conas do chuid buaite a mh\u00e9ad\u00fa. Mar&#8230;<\/p>\n","protected":false},"author":1,"featured_media":0,"parent":0,"menu_order":0,"comment_status":"closed","ping_status":"closed","template":"","meta":{"_acf_changed":false,"_kad_post_transparent":"default","_kad_post_title":"default","_kad_post_layout":"default","_kad_post_sidebar_id":"","_kad_post_content_style":"default","_kad_post_vertical_padding":"default","_kad_post_feature":"","_kad_post_feature_position":"","_kad_post_header":false,"_kad_post_footer":false,"footnotes":""},"class_list":["post-3502","page","type-page","status-publish","hentry"],"acf":[],"rttpg_featured_image_url":null,"rttpg_author":{"display_name":"Elvis","author_link":"https:\/\/rocketplay-slot.com\/ga\/author\/pemvas95n89x\/"},"rttpg_comment":0,"rttpg_category":null,"rttpg_excerpt":"Is sliot\u00e1n spreag\u00fail ar l\u00edne \u00e9 Cash Pig a ligeann d\u2019imreoir\u00ed dul isteach i ndomhan eachtra\u00edochta agus cluich\u00ed corraitheacha. San Airteagal seo, inseoimid duit conas Muc Airgid a imirt, athbhreithni\u00fa a dh\u00e9anamh ar ghn\u00e9ithe an mheais\u00edn sliot\u00e1n seo, cuir forbhreathn\u00fa ar na pr\u00edomhghn\u00e9ithe agus roinnt leideanna maidir le conas do chuid buaite a mh\u00e9ad\u00fa. Mar...","_links":{"self":[{"href":"https:\/\/rocketplay-slot.com\/ga\/wp-json\/wp\/v2\/pages\/3502","targetHints":{"allow":["GET"]}}],"collection":[{"href":"https:\/\/rocketplay-slot.com\/ga\/wp-json\/wp\/v2\/pages"}],"about":[{"href":"https:\/\/rocketplay-slot.com\/ga\/wp-json\/wp\/v2\/types\/page"}],"author":[{"embeddable":true,"href":"https:\/\/rocketplay-slot.com\/ga\/wp-json\/wp\/v2\/users\/1"}],"replies":[{"embeddable":true,"href":"https:\/\/rocketplay-slot.com\/ga\/wp-json\/wp\/v2\/comments?post=3502"}],"version-history":[{"count":2,"href":"https:\/\/rocketplay-slot.com\/ga\/wp-json\/wp\/v2\/pages\/3502\/revisions"}],"predecessor-version":[{"id":3504,"href":"https:\/\/rocketplay-slot.com\/ga\/wp-json\/wp\/v2\/pages\/3502\/revisions\/3504"}],"wp:attachment":[{"href":"https:\/\/rocketplay-slot.com\/ga\/wp-json\/wp\/v2\/media?parent=3502"}],"curies":[{"name":"wp","href":"https:\/\/api.w.org\/{rel}","templated":true}]}}