{"id":3567,"date":"2024-01-22T20:04:42","date_gmt":"2024-01-22T17:04:42","guid":{"rendered":"https:\/\/rocketplay-slot.com\/about-us\/"},"modified":"2025-11-17T11:31:46","modified_gmt":"2025-11-17T08:31:46","slug":"about-us","status":"publish","type":"page","link":"https:\/\/rocketplay-slot.com\/ga\/about-us\/","title":{"rendered":"F\u00fainn"},"content":{"rendered":"<p>F\u00e1ilte go RocketPlay Casino, \u00e1it a sroicheann an spleodar airde nua, agus sroicheann sult an chearrbhachais! D\u00e9an ini\u00fachadh ar chruinne siamsa\u00edochta mar nach raibh riamh cheana, \u00e1it a mbuaileann teicneola\u00edocht cheannr\u00f3da\u00edoch le heisp\u00e9iris chearrbhachais nach bhfuil a leith\u00e9id riamh cheana. Lig d\u00fainn t\u00fa a thabhairt ar thuras tr\u00ed chosmos RocketPlay Casino, \u00e1it a dtagann nu\u00e1la\u00edocht, sl\u00e1nd\u00e1il, agus r\u00e9altra cluich\u00ed le ch\u00e9ile.<\/p>\n<h2>\u00c1r Misean: Siamsa\u00edocht Ardaithe<\/h2>\n<p>Ag RocketPlay Casino, is \u00e9 \u00e1r misean domhan na gcearrbhachas ar l\u00edne a ard\u00fa tr\u00ed ard\u00e1n a shol\u00e1thar a th\u00e9ann thar an ngn\u00e1th. D\u00e9anaimid \u00e1r nd\u00edcheall timpeallacht tumtha agus leictreach a chruth\u00fa inar f\u00e9idir le himreoir\u00ed \u00e9al\u00fa isteach i ndomhan f\u00e9idearthachta\u00ed. L\u00e9ir\u00edtear \u00e1r dtiomantas don s\u00e1rmhaitheas i ngach gn\u00e9 de RocketPlay Casino, \u00f3 dhearadh \u00e1r n-ard\u00e1n go roghn\u00fa na gcluich\u00ed a fhreastala\u00edonn ar bhlasanna \u00e9ags\u00fala \u00e1r n-imreoir\u00ed.<\/p>\n<h2>Teicneola\u00edocht Nu\u00e1la\u00edoch: An \u00c1it a mB\u00edonn an Eola\u00edocht le S\u00fagradh<\/h2>\n<p>T\u00e1 RocketPlay Casino ar th\u00fas cadhna\u00edochta na nu\u00e1la\u00edochta teicneola\u00edochta, ag baint leasa as dul chun cinn \u00farscothach chun eisp\u00e9ireas cearrbhachais gan s\u00e1r\u00fa a shol\u00e1thar. T\u00e1 \u00e1r n-ard\u00e1n faoi thiom\u00e1int ag bogearra\u00ed ceannr\u00f3da\u00edocha a chinnt\u00edonn loingseoireacht gan uaim, gameplay sofhreagrach, agus grafaic\u00ed iontacha. Cib\u00e9 an bhfuil t\u00fa i do imreoir le taith\u00ed n\u00f3 i do n\u00fa\u00edosach, d\u00e9anann \u00e1r gcomh\u00e9adan at\u00e1 \u00e9asca le h\u00fas\u00e1id an taisc\u00e9ala\u00edocht gan str\u00f3, rud a thugann \u00e1thas an chearrbhachais do ch\u00e1ch.<\/p>\n<h2>Roghn\u00fa Cluiche: R\u00e9altra Roghanna<\/h2>\n<p>L\u00e9im isteach i r\u00e9altra ollmh\u00f3r f\u00e9idearthachta\u00ed cearrbhachais ag RocketPlay Casino. Tuigimid gurb \u00ed an \u00e9ags\u00falacht sp\u00edosra an tsaoil, agus l\u00e9ir\u00edonn \u00e1r rogha leathan cluich\u00ed an fheals\u00fanacht sin. \u00d3 chluich\u00ed boird clasaiceacha go dt\u00ed na sliot\u00e1in f\u00edse\u00e1in is d\u00e9ana\u00ed, coime\u00e1dtar \u00e1r mbaili\u00fach\u00e1n chun freastal ar roghanna agus leibh\u00e9il scileanna \u00e9ags\u00fala. Bain sult as an luaith aidr\u00e9anail\u00edn a bhaineann le poker ard-gheallta, doimhneacht strait\u00e9iseach an blackjack, n\u00f3 an spleodar a bhaineann le sn\u00edomh na r\u00edleanna ar \u00e1r raon \u00e9ags\u00fail de mheais\u00edn\u00ed sliot\u00e1n.<\/p>\n<h2>Sl\u00e1nd\u00e1il: Is \u00ed do Sh\u00e1bh\u00e1ilteacht \u00e1r dTosa\u00edocht<\/h2>\n<p>Cuireann RocketPlay Casino an t\u00e1bhacht is m\u00f3 ar shl\u00e1nd\u00e1il agus pr\u00edobh\u00e1ideacht \u00e1r n-imreoir\u00ed. T\u00e1 \u00e1r n-ard\u00e1n treisithe le hardteicneola\u00edocht criptithe, ag cinnti\u00fa go bhfanann d\u2019fhaisn\u00e9is phearsanta faoi r\u00fan. Oibr\u00edmid le tr\u00e9dhearcacht agus ionracas, ag clo\u00ed le dianchaighde\u00e1in tionscail chun timpeallacht shl\u00e1n cearrbhachais a chruth\u00fa. Bain sult as an sult a bhaineann le cearrbhachas le suaimhneas intinne, a fhios agam go bhfuil do sh\u00e1bh\u00e1ilteacht ar th\u00fas cadhna\u00edochta RocketPlay Casino i ngach rud a dh\u00e9anaimid.<\/p>\n<h2>C\u00f3ir Imirt: Tiomantas don Ionracas<\/h2>\n<p>Ag RocketPlay Casino, creidimid i cothrom na f\u00e9inne agus tr\u00e9dhearcacht. D\u00e9anann ini\u00fach\u00f3ir\u00ed neamhsple\u00e1cha dianth\u00e1st\u00e1il ar \u00e1r gcluich\u00ed chun a chinnti\u00fa go mb\u00edonn na tortha\u00ed f\u00edor randamach agus neamhchlaonta. T\u00e1imid br\u00f3d\u00fail as cothrom na f\u00e9inne a chur ar f\u00e1il d\u00e1r n-imreoir\u00ed go l\u00e9ir, ag coth\u00fa timpeallachta ina dtagann scil agus \u00e1dh le ch\u00e9ile i ndamhsa comhchu\u00ed. Iontaobhas i RocketPlay Casino chun eisp\u00e9iris chearrbhachais a sheachadadh at\u00e1 n\u00ed hamh\u00e1in spreag\u00fail ach at\u00e1 cothrom agus iontaofa.<\/p>\n<h2>B\u00f3nais agus Arduithe C\u00e9ime: An Spreagadh a Spreagadh<\/h2>\n<p>Is bre\u00e1 le RocketPlay Casino luach saothair a thabhairt d\u00e1 imreoir\u00ed! Ullmhaigh don ard\u00fa c\u00e9ime len\u00e1r b\u00f3nais spreag\u00fala agus tionscnaimh chun cur le do thuras cluich\u00edochta. \u00d3 bh\u00f3nais f\u00e1ilte a chuireann isteach ar d\u2019\u00e9arlais tosaigh go harduithe c\u00e9ime rialta a choinn\u00edonn an spleodar beo, creidimid luach breise a chur le gach seisi\u00fan cearrbhachais. Coinnigh s\u00fail ar thairiscint\u00ed eisiacha a ard\u00f3idh do thaith\u00ed RocketPlay chuig airde nua.<\/p>\n<h2>Taca\u00edocht do Chustaim\u00e9ir\u00ed: S\u00e1rmhaitheas \u00e1 Seoladh<\/h2>\n<p>T\u00e1 RocketPlay Casino br\u00f3d\u00fail as a thiomantas do sh\u00e1stacht na gcustaim\u00e9ir\u00ed. T\u00e1 \u00e1r bhfoireann taca\u00edochta tiomnaithe ar f\u00e1il 24\/7 chun cabhr\u00fa leat ar do thuras cluich\u00edochta. Cib\u00e9 an bhfuil ceisteanna agat faoi chluiche, c\u00fanamh uait le do chuntas, n\u00f3 m\u00e1s mian leat d&#8217;aiseolas a roinnt, t\u00e1 \u00e1r dtaca\u00edocht do chustaim\u00e9ir\u00ed anseo. Ag RocketPlay, creidimid i gcaidreamh buan a th\u00f3g\u00e1il len\u00e1r n-imreoir\u00ed, ag cinnti\u00fa go bhf\u00e1gann gach idirghn\u00edomha\u00edocht t\u00fa ag miongh\u00e1ire.<\/p>\n<h2>Cearrbhachas F\u00f3n P\u00f3ca: Seinn Aon Tr\u00e1th, Aon \u00c1it<\/h2>\n<p>N\u00edl an sult a bhaineann le RocketPlay Casino teoranta do do dheasc. Bain sult as an spleodar agus t\u00fa ag dul len\u00e1r n-ard\u00e1n cearrbhachais soghluaiste. Cib\u00e9 an bhfuil t\u00fa ag comait\u00e9ireacht, ag fanacht le cara, n\u00f3 ag ligean do sc\u00edth a ligean sa bhaile, n\u00edl ach sconna ar shi\u00fal ag RocketPlay Casino. Bain sult as an gameplay gan uaim c\u00e9anna, grafaic\u00ed br\u00edomhara, agus atmaisf\u00e9ar spreag\u00fail ar do ghl\u00e9as soghluaiste, ag tabhairt an taith\u00ed ceasa\u00edneo ar do mh\u00e9ara cib\u00e9 \u00e1it a bhfuil t\u00fa.<\/p>\n<h2>Cearrbhachas Freagrach: Nasclean\u00faint S\u00e1bh\u00e1ilte<\/h2>\n<p>T\u00e1 RocketPlay Casino tiomanta do chleachtais cearrbhachais freagracha a chur chun cinn. Spreagaimid \u00e1r n-imreoir\u00ed chun taitneamh a bhaint as sult an chearrbhachais go freagrach agus laistigh d\u00e1 n-acmhainn. \u00c1ir\u00edtear ar \u00e1r n-ard\u00e1n gn\u00e9ithe a ligeann do imreoir\u00ed teorainneacha a leagan s\u00edos ar a gcuid taisc\u00ed, caillteanais agus am imeartha, rud a chumasa\u00edonn duit smacht a choinne\u00e1il. M\u00e1 theasta\u00edonn taca\u00edocht n\u00f3 treoir uait riamh maidir le cearrbhachas freagrach, t\u00e1 \u00e1r bhfoireann anseo chun cabhr\u00fa leat.<\/p>\n<h2>T\u00fas ar Thuras gan Dhearmad<\/h2>\n<p>Seasann RocketPlay Casino amach mar chomhartha nu\u00e1la\u00edochta, sl\u00e1nd\u00e1la agus siamsa\u00edochta gan s\u00e1r\u00fa i gcosmos ollmh\u00f3r na gcearrbhachas ar l\u00edne. B\u00edg\u00ed linn ar an aistear spreag\u00fail seo, \u00e1it nach bhfuil aon teorainn le sult an chearrbhachais. \u00d3n\u00e1r dteicneola\u00edocht cheannr\u00f3da\u00edoch go dt\u00ed \u00e1r r\u00e9altra cluich\u00ed, is \u00e9 RocketPlay Casino \u00e1it a mb\u00edonn sceitim\u00edn\u00ed ar eitilt. Ullmhaigh le haghaidh liftoff &#8211; tosa\u00edonn d&#8217;eachtra anseo!<\/p>\n","protected":false},"excerpt":{"rendered":"<p>F\u00e1ilte go RocketPlay Casino, \u00e1it a sroicheann an spleodar airde nua, agus sroicheann sult an chearrbhachais! D\u00e9an ini\u00fachadh ar chruinne siamsa\u00edochta mar nach raibh riamh cheana, \u00e1it a mbuaileann teicneola\u00edocht cheannr\u00f3da\u00edoch le heisp\u00e9iris chearrbhachais nach bhfuil a leith\u00e9id riamh cheana. Lig d\u00fainn t\u00fa a thabhairt ar thuras tr\u00ed chosmos RocketPlay Casino, \u00e1it a dtagann nu\u00e1la\u00edocht,&#8230;<\/p>\n","protected":false},"author":1,"featured_media":0,"parent":0,"menu_order":0,"comment_status":"closed","ping_status":"closed","template":"","meta":{"_acf_changed":false,"_kad_post_transparent":"default","_kad_post_title":"default","_kad_post_layout":"default","_kad_post_sidebar_id":"","_kad_post_content_style":"default","_kad_post_vertical_padding":"default","_kad_post_feature":"","_kad_post_feature_position":"","_kad_post_header":false,"_kad_post_footer":false,"footnotes":""},"class_list":["post-3567","page","type-page","status-publish","hentry"],"acf":[],"rttpg_featured_image_url":null,"rttpg_author":{"display_name":"Elvis","author_link":"https:\/\/rocketplay-slot.com\/ga\/author\/pemvas95n89x\/"},"rttpg_comment":0,"rttpg_category":null,"rttpg_excerpt":"F\u00e1ilte go RocketPlay Casino, \u00e1it a sroicheann an spleodar airde nua, agus sroicheann sult an chearrbhachais! D\u00e9an ini\u00fachadh ar chruinne siamsa\u00edochta mar nach raibh riamh cheana, \u00e1it a mbuaileann teicneola\u00edocht cheannr\u00f3da\u00edoch le heisp\u00e9iris chearrbhachais nach bhfuil a leith\u00e9id riamh cheana. Lig d\u00fainn t\u00fa a thabhairt ar thuras tr\u00ed chosmos RocketPlay Casino, \u00e1it a dtagann nu\u00e1la\u00edocht,...","_links":{"self":[{"href":"https:\/\/rocketplay-slot.com\/ga\/wp-json\/wp\/v2\/pages\/3567","targetHints":{"allow":["GET"]}}],"collection":[{"href":"https:\/\/rocketplay-slot.com\/ga\/wp-json\/wp\/v2\/pages"}],"about":[{"href":"https:\/\/rocketplay-slot.com\/ga\/wp-json\/wp\/v2\/types\/page"}],"author":[{"embeddable":true,"href":"https:\/\/rocketplay-slot.com\/ga\/wp-json\/wp\/v2\/users\/1"}],"replies":[{"embeddable":true,"href":"https:\/\/rocketplay-slot.com\/ga\/wp-json\/wp\/v2\/comments?post=3567"}],"version-history":[{"count":1,"href":"https:\/\/rocketplay-slot.com\/ga\/wp-json\/wp\/v2\/pages\/3567\/revisions"}],"predecessor-version":[{"id":3568,"href":"https:\/\/rocketplay-slot.com\/ga\/wp-json\/wp\/v2\/pages\/3567\/revisions\/3568"}],"wp:attachment":[{"href":"https:\/\/rocketplay-slot.com\/ga\/wp-json\/wp\/v2\/media?parent=3567"}],"curies":[{"name":"wp","href":"https:\/\/api.w.org\/{rel}","templated":true}]}}