{"id":3595,"date":"2024-01-22T21:35:23","date_gmt":"2024-01-22T18:35:23","guid":{"rendered":"https:\/\/rocketplay-slot.com\/aml-policy\/"},"modified":"2024-01-22T22:00:17","modified_gmt":"2024-01-22T19:00:17","slug":"aml-policy","status":"publish","type":"page","link":"https:\/\/rocketplay-slot.com\/ga\/aml-policy\/","title":{"rendered":"Beartas AML"},"content":{"rendered":"<p>Aithn\u00edonn RocketPlay Casino an t\u00e1bhacht a bhaineann le timpeallacht a chruth\u00fa saor \u00f3 choireanna airgeadais, ag cinnti\u00fa cosaint na n-imreoir\u00ed agus an t-ard\u00e1n araon. Is treoir chuimsitheach \u00e9 an beartas AML a leagann amach na bearta chun riosca\u00ed f\u00e9ideartha a bhaineann le sci\u00faradh airgid agus gn\u00edomha\u00edochta\u00ed aindleathacha eile a shainaithint agus a mhaol\u00fa.<\/p>\n<h2>Aithnigh do N\u00f3sanna Imeachta do Chustaim\u00e9ir\u00ed (KYC)<\/h2>\n<p>Ceann de bhunchlocha bheartas AML RocketPlay Casino is ea n\u00f3sanna imeachta d\u00e9ine Know Your Customer (KYC) a chur i bhfeidhm. N\u00ed m\u00f3r d\u2019imreoir\u00ed pr\u00f3iseas cr\u00edochn\u00fail f\u00edoraithe c\u00e9annachta a dh\u00e9anamh sula gceada\u00edtear aon idirbhearta airgeadais ar an ard\u00e1n. Is \u00e9ard at\u00e1 i gceist leis seo n\u00e1 doicim\u00e9id bhail\u00ed aitheantais, cruth\u00fanas seolta a shol\u00e1thar, agus, i gc\u00e1sanna \u00e1irithe, foinse na gcist\u00ed. N\u00ed hamh\u00e1in go gcabhra\u00edonn na bearta seo le sci\u00faradh airgid a chosc ach cuireann siad le s\u00e1bh\u00e1ilteacht ioml\u00e1n an phobail chearrbhachais freisin.<\/p>\n<h2>Faireach\u00e1n agus Tuairisci\u00fa Idirbheart<\/h2>\n<p>Fosta\u00edonn RocketPlay Casino r\u00e9itigh teicneola\u00edochta chun cinn chun monat\u00f3ireacht a dh\u00e9anamh ar idirbhearta f\u00edor-ama. Leis an gcur chuige r\u00e9amhghn\u00edomhach seo is f\u00e9idir gn\u00edomha\u00edochta\u00ed amhrasacha a aithint go pras. D\u00e9antar tuilleadh grinnscr\u00fad\u00fa ar aon idirbhearta a chlaonann \u00f3 phatr\u00fain bhunaithe n\u00f3 a spreagann bratacha dearga r\u00e9amhshainithe. Clo\u00edonn RocketPlay Casino le pr\u00f3tacal tuairiscithe dian maidir le hidirbhearta a d\u2019fh\u00e9adfadh a bheith aindleathach a bhrath, ag cur na n-\u00fadar\u00e1s \u00e1bhartha ar an eolas de r\u00e9ir na gceanglas dl\u00ed.<\/p>\n<h2>Strait\u00e9is\u00ed Meas\u00fanaithe Riosca agus Maolaithe<\/h2>\n<p>Baineann beartas AML ag RocketPlay Casino le meas\u00fan\u00fa riosca lean\u00fanach chun fanacht chun tosaigh ar bhagairt\u00ed at\u00e1 ag teacht chun cinn. Tr\u00ed mheas\u00fan\u00fa a dh\u00e9anamh ar an riosca a bhaineann le gach imreoir agus idirbheart, is f\u00e9idir leis an gceasa\u00edneo acmhainn\u00ed a leithdh\u00e1ileadh go h\u00e9ifeachtach chun leochaileachta\u00ed f\u00e9ideartha a mhaol\u00fa. Cinnt\u00edonn an seasamh r\u00e9amhghn\u00edomhach seo go bhfuil na bearta AML l\u00e1idir agus oiri\u00fanaitheach do th\u00edrdhreach athraitheach na gcoireanna airgeadais.<\/p>\n<h2>Oili\u00faint agus Feasacht Fostaithe<\/h2>\n<p>Tuigeann RocketPlay Casino go bhfuil foireann eolach r\u00edth\u00e1bhachtach chun aon bheartas AML a chur i bhfeidhm go rath\u00fail. Mar sin, t\u00e9ann na fostaithe go l\u00e9ir faoi oili\u00faint chuimsitheach chun a bhfeasacht ar riosca\u00ed sci\u00faradh airgid agus ar theicn\u00edc\u00ed braite a fheabhs\u00fa. Cinnt\u00edonn s\u00e9 seo go mb\u00edonn r\u00f3l ag gach ball foirne, \u00f3 thaca\u00edocht do chustaim\u00e9ir\u00ed go dt\u00ed an bhainist\u00edocht, chun tiomantas an cheasa\u00edneo do chomhl\u00edonadh AML a choinne\u00e1il.<\/p>\n<h2>Comhoibri\u00fa le h\u00dadar\u00e1is Rial\u00e1la<\/h2>\n<p>Comhoibr\u00edonn RocketPlay Casino go gn\u00edomhach le h\u00fadar\u00e1is rial\u00e1la chun a bhearta AML a neart\u00fa. Cuid\u00edonn an ceasa\u00edneo leis an gcomhiarracht chun sci\u00faradh airgid a chomhrac sa tionscal cearrbhachais ar l\u00edne tr\u00ed fhaisn\u00e9is agus l\u00e9argais a roinnt le comhlachta\u00ed \u00e1bhartha. Cuireann an cur chuige comhoibr\u00edoch seo le h\u00e9ifeachtacht bheartas AML RocketPlay Casino agus cuireann s\u00e9 caighde\u00e1in agus cleachtais is fearr chun cinn ar fud an tionscail.<\/p>\n<h2>D\u00edcheall Dlite Feabhsaithe d\u2019Imreoir\u00ed Ardriosca<\/h2>\n<p>Ag aithint go bhf\u00e9adfadh imreoir\u00ed \u00e1irithe a bheith i mbaol n\u00edos airde dul i mbun gn\u00edomha\u00edochta\u00ed sci\u00faradh airgid, t\u00e1 bearta d\u00edchill chu\u00ed feabhsaithe curtha i bhfeidhm ag RocketPlay Casino do dhaoine aonair den s\u00f3rt sin. D\u2019fh\u00e9adfadh go n-\u00e1ireofa\u00ed leis seo doicim\u00e9ad\u00fa breise, grinnscr\u00fad\u00fa ar idirbhearta, agus faireach\u00e1n n\u00edos dl\u00faithe ar phatr\u00fain chearrbhachais. Tr\u00ed bhearta AML a chur in oiri\u00faint do phr\u00f3if\u00edl\u00ed riosca \u00e9ags\u00fala, cinnt\u00edonn RocketPlay Casino cur chuige spriocdh\u00edrithe praitici\u00fail.<\/p>\n<h2>Teicneola\u00edocht agus Nu\u00e1la\u00edocht maidir le Comhl\u00edonadh AML<\/h2>\n<p>\u00das\u00e1ideann RocketPlay Casino teicneola\u00edocht agus nu\u00e1la\u00edochta\u00ed ceannr\u00f3da\u00edocha chun a chuid iarrachta\u00ed comhl\u00edonta AML a fheabhs\u00fa. T\u00e1 halgartaim meais\u00ednfhoghlama, anail\u00eds\u00edocht sonra\u00ed, agus intleacht shaorga r\u00edth\u00e1bhachtach chun riosca\u00ed f\u00e9ideartha a aithint agus a thuar. Tr\u00ed bheith ar th\u00fas cadhna\u00edochta maidir le dul chun cinn teicneola\u00edochta, cinnt\u00edonn RocketPlay Casino go bhfanann a bheartas AML l\u00fafar agus \u00e9ifeachtach in aghaidh bagairt\u00ed at\u00e1 ag teacht chun cinn.<\/p>\n<h2>Oideachas d\u2019Imreoir\u00ed agus Abhc\u00f3ideacht Chearrbhachais Fhreagrach<\/h2>\n<p>Taobh amuigh d\u00e1 bhearta inmhe\u00e1nacha AML, cuireann RocketPlay Casino oideachas r\u00e9amhghn\u00edomhach ar imreoir\u00ed faoin t\u00e1bhacht a bhaineann le cearrbhachas freagrach. Cuirtear acmhainn\u00ed faisn\u00e9ise, treoracha agus uirlis\u00ed ar f\u00e1il chun cabhr\u00fa le himreoir\u00ed riosca\u00ed f\u00e9ideartha a aithint agus cleachtais chearrbhachais fhreagracha a ghlacadh. Cuireann RocketPlay Casino le h\u00e9iceach\u00f3ras cearrbhachais ar l\u00edne n\u00edos s\u00e1bh\u00e1ilte tr\u00ed phobal a choth\u00fa a bhfuil meas acu ar chearrbhachas freagrach.<\/p>\n<h2>Feabhs\u00fa Lean\u00fanach agus Inoiri\u00fanaitheacht<\/h2>\n<p>F\u00e9achann RocketPlay Casino ar a bheartas AML mar chreat dinimici\u00fail a fhorbra\u00edonn leis an tionscal agus an t\u00edrdhreach rial\u00e1la. Cinnt\u00edonn athbhreithnithe, nuashonruithe agus feabhsuithe rialta go bhfanann an beartas \u00e9ifeachtach agus ail\u00ednithe leis na caighde\u00e1in is d\u00e9ana\u00ed. Tr\u00ed chult\u00far feabhsaithe lean\u00fanach a choth\u00fa, t\u00e1 RocketPlay Casino tiomanta do fanacht chun tosaigh ar riosca\u00ed agus d\u00fashl\u00e1in ionchasacha.<\/p>\n<p>Mar fhocal scoir, is teist \u00e9 beartas AML RocketPlay Casino ar a thiomantas gan staonadh do thimpeallacht chearrbhachais at\u00e1 sl\u00e1n agus freagrach. Tr\u00ed bhearta cuimsitheacha, comhoibri\u00fa le h\u00fadar\u00e1is rial\u00e1la, agus tiomantas d\u2019fheabhs\u00fa lean\u00fanach, socra\u00edonn RocketPlay Casino tagarmharc do chomhl\u00edonadh AML sa tionscal cearrbhachais ar l\u00edne. Agus imreoir\u00ed ag dul ar thuras spleodrach cearrbhachais, is f\u00e9idir leo \u00e9 sin a dh\u00e9anamh le muin\u00edn go bhfuil a s\u00e1bh\u00e1ilteacht agus a sl\u00e1nd\u00e1il r\u00edth\u00e1bhachtach ag RocketPlay Casino.<\/p>\n","protected":false},"excerpt":{"rendered":"<p>Aithn\u00edonn RocketPlay Casino an t\u00e1bhacht a bhaineann le timpeallacht a chruth\u00fa saor \u00f3 choireanna airgeadais, ag cinnti\u00fa cosaint na n-imreoir\u00ed agus an t-ard\u00e1n araon. Is treoir chuimsitheach \u00e9 an beartas AML a leagann amach na bearta chun riosca\u00ed f\u00e9ideartha a bhaineann le sci\u00faradh airgid agus gn\u00edomha\u00edochta\u00ed aindleathacha eile a shainaithint agus a mhaol\u00fa. Aithnigh do&#8230;<\/p>\n","protected":false},"author":1,"featured_media":0,"parent":0,"menu_order":0,"comment_status":"closed","ping_status":"closed","template":"","meta":{"_acf_changed":false,"_kad_post_transparent":"default","_kad_post_title":"default","_kad_post_layout":"default","_kad_post_sidebar_id":"","_kad_post_content_style":"default","_kad_post_vertical_padding":"default","_kad_post_feature":"","_kad_post_feature_position":"","_kad_post_header":false,"_kad_post_footer":false,"footnotes":""},"class_list":["post-3595","page","type-page","status-publish","hentry"],"acf":[],"rttpg_featured_image_url":null,"rttpg_author":{"display_name":"Elvis","author_link":"https:\/\/rocketplay-slot.com\/ga\/author\/pemvas95n89x\/"},"rttpg_comment":0,"rttpg_category":null,"rttpg_excerpt":"Aithn\u00edonn RocketPlay Casino an t\u00e1bhacht a bhaineann le timpeallacht a chruth\u00fa saor \u00f3 choireanna airgeadais, ag cinnti\u00fa cosaint na n-imreoir\u00ed agus an t-ard\u00e1n araon. Is treoir chuimsitheach \u00e9 an beartas AML a leagann amach na bearta chun riosca\u00ed f\u00e9ideartha a bhaineann le sci\u00faradh airgid agus gn\u00edomha\u00edochta\u00ed aindleathacha eile a shainaithint agus a mhaol\u00fa. Aithnigh do...","_links":{"self":[{"href":"https:\/\/rocketplay-slot.com\/ga\/wp-json\/wp\/v2\/pages\/3595","targetHints":{"allow":["GET"]}}],"collection":[{"href":"https:\/\/rocketplay-slot.com\/ga\/wp-json\/wp\/v2\/pages"}],"about":[{"href":"https:\/\/rocketplay-slot.com\/ga\/wp-json\/wp\/v2\/types\/page"}],"author":[{"embeddable":true,"href":"https:\/\/rocketplay-slot.com\/ga\/wp-json\/wp\/v2\/users\/1"}],"replies":[{"embeddable":true,"href":"https:\/\/rocketplay-slot.com\/ga\/wp-json\/wp\/v2\/comments?post=3595"}],"version-history":[{"count":1,"href":"https:\/\/rocketplay-slot.com\/ga\/wp-json\/wp\/v2\/pages\/3595\/revisions"}],"predecessor-version":[{"id":3596,"href":"https:\/\/rocketplay-slot.com\/ga\/wp-json\/wp\/v2\/pages\/3595\/revisions\/3596"}],"wp:attachment":[{"href":"https:\/\/rocketplay-slot.com\/ga\/wp-json\/wp\/v2\/media?parent=3595"}],"curies":[{"name":"wp","href":"https:\/\/api.w.org\/{rel}","templated":true}]}}