{"id":3619,"date":"2024-01-22T21:39:33","date_gmt":"2024-01-22T18:39:33","guid":{"rendered":"https:\/\/rocketplay-slot.com\/bonus-policy\/"},"modified":"2024-01-22T22:33:47","modified_gmt":"2024-01-22T19:33:47","slug":"bonus-policy","status":"publish","type":"page","link":"https:\/\/rocketplay-slot.com\/ga\/bonus-policy\/","title":{"rendered":"Beartas B\u00f3nas"},"content":{"rendered":"<p>I saol dinimici\u00fail na gceasa\u00edneonna ar l\u00edne, b\u00edonn imreoir\u00ed i gc\u00f3na\u00ed ag lorg ard\u00e1in a thairgeann raon leathan cluich\u00ed agus a chuireann dreasachta\u00ed brab\u00fasa\u00ed ar f\u00e1il chun a dturas cearrbhachais a fheabhs\u00fa. Seasann RocketPlay Casino amach mar beacon sa t\u00edrdhreach seo, n\u00ed hamh\u00e1in as a roghanna cearrbhachais \u00e9ags\u00fala ach freisin as a Bheartas B\u00f3nas tr\u00e9dhearcach agus imreoir-l\u00e1rnach. D\u00e9anaimis ini\u00fachadh ar intricacies Pholasa\u00ed B\u00f3nas RocketPlay Casino chun tuiscint a fh\u00e1il ar an gcaoi a gcuireann s\u00e9 sraith bhreise spleodar leis an eisp\u00e9ireas cearrbhachais.<\/p>\n<h2>B\u00f3nais F\u00e1ilte: Ag Seoladh Do Eachtra<\/h2>\n<p>Cuireann RocketPlay Casino f\u00e1ilte roimh imreoir\u00ed nua a bhfuil airm oscailte acu tr\u00ed Bh\u00f3nais F\u00e1ilte mealltacha a thairiscint. T\u00e1 na b\u00f3nais seo deartha chun t\u00fas a chur le d\u2019eachtra cearrbhachais le cist\u00ed breise. Cib\u00e9 an bhfuil t\u00fa i do imreoir le taith\u00ed n\u00f3 nua-aoiseach, feidhm\u00edonn an B\u00f3nas F\u00e1ilte mar chatala\u00edoch, ag sol\u00e1thar acmhainn\u00ed breise chun ini\u00fachadh a dh\u00e9anamh ar an raon leathan cluich\u00ed at\u00e1 ar f\u00e1il ar an ard\u00e1n.<\/p>\n<p>T\u00e1 an strucht\u00far B\u00f3nas F\u00e1ilte ag RocketPlay Casino flaithi\u00fail agus \u00e9asca le tuiscint. Is f\u00e9idir le himreoir\u00ed a bheith ag s\u00fail le measc\u00e1n de chluich\u00ed taisce agus spins saor in aisce, rud a chrutha\u00edonn cothroma\u00edocht foirfe do dh\u00edograiseoir\u00ed sliot\u00e1n agus do lucht lean\u00fana cluich\u00ed boird. Cinnt\u00edonn t\u00e9arma\u00ed agus coinn\u00edollacha tr\u00e9dhearcacha na mb\u00f3nas seo go dt\u00e9ann imreoir\u00ed ar a dturas cearrbhachais le soil\u00e9ireacht agus muin\u00edn.<\/p>\n<h2>B\u00f3nais Athl\u00f3d\u00e1la: Ag Coinne\u00e1il an Thrill<\/h2>\n<p>T\u00e9ann RocketPlay Casino n\u00edos faide n\u00e1 an fh\u00e1ilte tosaigh agus cinnt\u00edonn s\u00e9 go bhfanann an spleodar l\u00e1idir le himeacht ama. Cuir isteach r\u00e9imse na mB\u00f3nais Athl\u00f3d\u00e1la, \u00e1it a dtugtar luach saothair do na himreoir\u00ed as a nd\u00edlseacht agus a gcluich\u00ed comhsheasmhach. L\u00e9ir\u00edonn na b\u00f3nais seo tiomantas RocketPlay do thimpeallacht chearrbhachais at\u00e1 fi\u00fantach agus inbhuanaithe a chruth\u00fa.<\/p>\n<p>Is gn\u00e1ch go dtiocfaidh B\u00f3nais Athl\u00f3d\u00e1la i bhfeidhm nuair a dh\u00e9anann imreoir\u00ed taisc\u00ed ina dhiaidh sin tar \u00e9is na c\u00e9ime f\u00e1ilte tosaigh. Is minic a bh\u00edonn na b\u00f3nais seo srathach, rud a chialla\u00edonn d\u00e1 mh\u00e9ad a infheist\u00edonn t\u00fa i do thaith\u00ed cluich\u00edochta is amhlaidh is substainti\u00fala a \u00e9ir\u00edonn an b\u00f3nas. Is m\u00f3r ag RocketPlay Casino d\u00edlseacht na n-imreoir\u00ed, agus tugann na B\u00f3nais Athl\u00f3d\u00e1la a mbu\u00edochas d\u00f3ibh si\u00fad a roghna\u00edonn an t-ard\u00e1n seo a dh\u00e9anamh ina dteach cearrbhachais.<\/p>\n<h2>Cromtha\u00ed Saor in Aisce: Ag Casadh Roth an tSaor<\/h2>\n<p>Cuireann RocketPlay Casino raidhse spins saor in aisce ar f\u00e1il mar chuid d\u00e1 Bheartas B\u00f3nas do dh\u00edograiseoir\u00ed sliot\u00e1n a bhfuil \u00e1thas orthu ag sn\u00edomh na r\u00edleanna. Is f\u00e9idir na spins saor in aisce seo a cheangal le tionscnaimh \u00e9ags\u00fala, lena n-\u00e1ir\u00edtear B\u00f3nais F\u00e1ilte agus B\u00f3nais Athl\u00f3d\u00e1la, a thugann seans breise d\u2019imreoir\u00ed buachan gan a gcuid cist\u00ed a laghd\u00fa.<\/p>\n<p>Lu\u00edonn \u00e1illeacht spins saor in aisce ina simpl\u00edocht agus sol\u00fabthacht. Is f\u00e9idir iad a cheangal le cluich\u00ed Sliot\u00e1n ar leith n\u00f3 a thairiscint mar bh\u00f3nas ginear\u00e1lta, rud a ligeann d&#8217;imreoir\u00ed teidil nua a ini\u00fachadh n\u00f3 taitneamh a bhaint as a gcuid roghanna uile-aimseartha. Nuashonra\u00edonn RocketPlay Casino a chuid tairiscint\u00ed spins saor in aisce go minic, ag cinnti\u00fa go mb\u00edonn rud \u00e9igin \u00far agus spreag\u00fail ag imreoir\u00ed i gc\u00f3na\u00ed ag tn\u00fath leis.<\/p>\n<h2>Riachtanais Geallt\u00f3ireachta: Ag Bualadh Iarmh\u00e9id<\/h2>\n<p>C\u00e9 go gcuireann b\u00f3nais sraith sult leis an taith\u00ed cluich\u00edochta, coinn\u00edonn RocketPlay Casino cothroime agus tr\u00e9dhearcacht tr\u00edna riachtanais geallt\u00f3ireachta dea-shainithe. Is gn\u00e9 choitianta de bh\u00f3nais cheasa\u00edneonna ar l\u00edne iad ceanglais geallchur, agus cinnt\u00edonn RocketPlay go nd\u00e9anann siad cothroma\u00edocht a thabhairt do imreoir\u00ed luach saothair agus sl\u00e1ine an ard\u00e1in a chothabh\u00e1il.<\/p>\n<p>T\u00e1 ceanglais geallchur an cheasa\u00edneo leagtha amach go soil\u00e9ir sna t\u00e9arma\u00ed agus coinn\u00edollacha a bhaineann le gach b\u00f3nas. Tr\u00ed \u00e9 sin a dh\u00e9anamh, tugann RocketPlay Casino ar chumas imreoir\u00ed an t-eolas chun cinnt\u00ed eolasacha a dh\u00e9anamh. T\u00e1 tiomantas an cheasa\u00edneo do chothrom na f\u00e9inne le feice\u00e1il ina riachtanais r\u00e9as\u00fanta geallchur, ag cinnti\u00fa gur f\u00e9idir le himreoir\u00ed taitneamh a bhaint as a mbuanna gan constaic\u00ed gan gh\u00e1.<\/p>\n<h2>Cl\u00e1r VIP: Lua\u00edochta\u00ed \u00e1 Ard\u00fa don Elite<\/h2>\n<p>T\u00e9ann RocketPlay Casino n\u00edos faide agus n\u00edos faide tr\u00ed Chl\u00e1r VIP a thairiscint a thugann luach saothair imreoir\u00ed chuig airde nua. T\u00e1 an Cl\u00e1r VIP deartha le haghaidh na n-imreoir\u00ed is tiomanta agus is airde sa cheasa\u00edneonna, ag sol\u00e1thar bunt\u00e1ist\u00ed agus b\u00f3nais eisiacha at\u00e1 in oiri\u00faint do roghanna aonair.<\/p>\n<p>Baineann baill VIP ag RocketPlay Casino taitneamh as eisp\u00e9ireas cluich\u00edochta pearsantaithe le bainisteoir\u00ed cuntais tiomnaithe, amanna aistarraingthe n\u00edos tap\u00fala, agus prom\u00f3isin saincheaptha. L\u00e9ir\u00edonn an Cl\u00e1r VIP tiomantas RocketPlay do dh\u00edlseacht na n-imreoir\u00ed is m\u00f3 meas a aithint agus luach saothair a thabhairt d\u00f3ibh, ag cruth\u00fa timpeallacht cluich\u00edochta ardaithe agus mionlach.<\/p>\n<p>I dt\u00edrdhreach m\u00f3r na gceasa\u00edneonna ar l\u00edne, d\u00e9anann RocketPlay Casino idirdheal\u00fa idir \u00e9 f\u00e9in tr\u00edna leabharlann leathan cluich\u00ed agus a Bheartas B\u00f3nas imreoir-l\u00e1rnach. \u00d3n n\u00f3im\u00e9ad a chl\u00e1ra\u00edonn agus a \u00e9il\u00edonn imreoir\u00ed a mB\u00f3nas F\u00e1ilte chuig an spleodar lean\u00fanach a bhaineann le B\u00f3nais Athl\u00f3d\u00e1la agus bunt\u00e1ist\u00ed eisiacha an Chl\u00e1ir VIP, cinnt\u00edonn RocketPlay Casino go mb\u00edonn luach saothair flaithi\u00fail ag gabh\u00e1il le gach turas cearrbhachais.<\/p>\n<p>Leagann an cur chuige tr\u00e9dhearcach agus cothrom maidir le b\u00f3nais agus ceanglais geallchur r\u00e9as\u00fanta amach RocketPlay Casino mar ard\u00e1n a thugann tosa\u00edocht d&#8217;eisp\u00e9ireas an imreora. Mar sin, b\u00facla suas agus ullmhaigh le haghaidh eachtra spleodrach cluich\u00edochta arna spreagadh ag Beartas B\u00f3nais gan mheaitse\u00e1il RocketPlay Casino.<\/p>\n","protected":false},"excerpt":{"rendered":"<p>I saol dinimici\u00fail na gceasa\u00edneonna ar l\u00edne, b\u00edonn imreoir\u00ed i gc\u00f3na\u00ed ag lorg ard\u00e1in a thairgeann raon leathan cluich\u00ed agus a chuireann dreasachta\u00ed brab\u00fasa\u00ed ar f\u00e1il chun a dturas cearrbhachais a fheabhs\u00fa. Seasann RocketPlay Casino amach mar beacon sa t\u00edrdhreach seo, n\u00ed hamh\u00e1in as a roghanna cearrbhachais \u00e9ags\u00fala ach freisin as a Bheartas B\u00f3nas tr\u00e9dhearcach&#8230;<\/p>\n","protected":false},"author":1,"featured_media":0,"parent":0,"menu_order":0,"comment_status":"closed","ping_status":"closed","template":"","meta":{"_acf_changed":false,"_kad_post_transparent":"default","_kad_post_title":"default","_kad_post_layout":"default","_kad_post_sidebar_id":"","_kad_post_content_style":"default","_kad_post_vertical_padding":"default","_kad_post_feature":"","_kad_post_feature_position":"","_kad_post_header":false,"_kad_post_footer":false,"footnotes":""},"class_list":["post-3619","page","type-page","status-publish","hentry"],"acf":[],"rttpg_featured_image_url":null,"rttpg_author":{"display_name":"Elvis","author_link":"https:\/\/rocketplay-slot.com\/ga\/author\/pemvas95n89x\/"},"rttpg_comment":0,"rttpg_category":null,"rttpg_excerpt":"I saol dinimici\u00fail na gceasa\u00edneonna ar l\u00edne, b\u00edonn imreoir\u00ed i gc\u00f3na\u00ed ag lorg ard\u00e1in a thairgeann raon leathan cluich\u00ed agus a chuireann dreasachta\u00ed brab\u00fasa\u00ed ar f\u00e1il chun a dturas cearrbhachais a fheabhs\u00fa. Seasann RocketPlay Casino amach mar beacon sa t\u00edrdhreach seo, n\u00ed hamh\u00e1in as a roghanna cearrbhachais \u00e9ags\u00fala ach freisin as a Bheartas B\u00f3nas tr\u00e9dhearcach...","_links":{"self":[{"href":"https:\/\/rocketplay-slot.com\/ga\/wp-json\/wp\/v2\/pages\/3619","targetHints":{"allow":["GET"]}}],"collection":[{"href":"https:\/\/rocketplay-slot.com\/ga\/wp-json\/wp\/v2\/pages"}],"about":[{"href":"https:\/\/rocketplay-slot.com\/ga\/wp-json\/wp\/v2\/types\/page"}],"author":[{"embeddable":true,"href":"https:\/\/rocketplay-slot.com\/ga\/wp-json\/wp\/v2\/users\/1"}],"replies":[{"embeddable":true,"href":"https:\/\/rocketplay-slot.com\/ga\/wp-json\/wp\/v2\/comments?post=3619"}],"version-history":[{"count":1,"href":"https:\/\/rocketplay-slot.com\/ga\/wp-json\/wp\/v2\/pages\/3619\/revisions"}],"predecessor-version":[{"id":3620,"href":"https:\/\/rocketplay-slot.com\/ga\/wp-json\/wp\/v2\/pages\/3619\/revisions\/3620"}],"wp:attachment":[{"href":"https:\/\/rocketplay-slot.com\/ga\/wp-json\/wp\/v2\/media?parent=3619"}],"curies":[{"name":"wp","href":"https:\/\/api.w.org\/{rel}","templated":true}]}}