{"id":3643,"date":"2024-01-22T20:16:05","date_gmt":"2024-01-22T17:16:05","guid":{"rendered":"https:\/\/rocketplay-slot.com\/contact-us\/"},"modified":"2024-01-22T22:48:04","modified_gmt":"2024-01-22T19:48:04","slug":"contact-us","status":"publish","type":"page","link":"https:\/\/rocketplay-slot.com\/ga\/contact-us\/","title":{"rendered":"Glaoigh orainn"},"content":{"rendered":"<p>F\u00e1ilte go RocketPlay Casino, \u00e1it a dtagann eisp\u00e9iris chearrbhachais spleodracha le taca\u00edocht do chustaim\u00e9ir\u00ed den scoth. S\u00edneann \u00e1r dtiomantas chun do sh\u00e1stacht a chinnti\u00fa len\u00e1r seirbh\u00eds thiomanta D\u00e9an Teagmh\u00e1il Linn. Cib\u00e9 an bhfuil fiosr\u00fach\u00e1in n\u00f3 aiseolas n\u00f3 c\u00fanamh uait, t\u00e1imid anseo chun do thaith\u00ed RocketPlay a dh\u00e9anamh gan uaim agus taitneamhach.<\/p>\n<h2>D\u00e9an Amach Aon L\u00e1, Aon \u00c1it<\/h2>\n<p>Ag RocketPlay Casino, tuigimid gur f\u00e9idir ceisteanna a ard\u00fa tr\u00e1th ar bith. Sin an f\u00e1th a bhfuil \u00e1r ngn\u00e9 D\u00e9an Teagmh\u00e1il Linn ar f\u00e1il 24\/7, ag cinnti\u00fa gur f\u00e9idir leat teagmh\u00e1il a dh\u00e9anamh linn aon uair a bh\u00edonn c\u00fanamh uait. Cib\u00e9 an bhfuil t\u00fa i do ulchabh\u00e1n o\u00edche ag baint taitnimh as casadh d\u00e9anach san o\u00edche n\u00f3 i d\u2019\u00e9an luath ag gabh\u00e1il do phota \u00f3ir na maidine, t\u00e1 \u00e1r bhfoireann taca\u00edochta r\u00e9idh chun cabhr\u00fa leat achan uair a chloig.<\/p>\n<h2>Iolchain\u00e9il le haghaidh \u00c1isi\u00falachta<\/h2>\n<p>Is m\u00f3r againn do chuid ama agus tuigimid go bhfuil a rogha modh cumars\u00e1ide ag gach duine. Sin an f\u00e1th a chuirimid ar f\u00e1il beala\u00ed iomad\u00fala chun teagmh\u00e1il a dh\u00e9anamh linn. Cib\u00e9 an fearr leat l\u00e1ithreacht comhr\u00e1 beo, foirmi\u00falacht an r\u00edomhphoist, n\u00f3 cur amach ar ghlao guth\u00e1in, t\u00e1 RocketPlay Casino cl\u00fadaithe agat. Cinnt\u00edonn \u00e1r raon \u00e9ags\u00fail roghanna teagmh\u00e1la gur f\u00e9idir leat an modh is fearr a oireann do do riachtanais agus do roghanna a roghn\u00fa.<\/p>\n<h2>C\u00fanamh Meandaracha le Comhr\u00e1 Beo<\/h2>\n<p>Is \u00ed an ghn\u00e9 comhr\u00e1 beo at\u00e1 againn n\u00e1 do rogha rochtana le haghaidh taca\u00edochta tapa agus f\u00edor-ama. D\u00e9an teagmh\u00e1il len\u00e1r ngn\u00edomhair\u00ed taca\u00edochta eolacha l\u00e1ithreach, rud a ligeann duit aon cheist n\u00f3 imn\u00ed a r\u00e9iteach gan mhoill. Cib\u00e9 an bhfuil ceisteanna agat maidir le rialacha cluiche, bainist\u00edocht cuntas, n\u00f3 prom\u00f3isin, t\u00e1 \u00e1r dtaca\u00edocht comhr\u00e1 beo deartha chun r\u00e9itigh l\u00e1ithreacha a shol\u00e1thar ar do mh\u00e9ar.<\/p>\n<h2>R\u00edomhphost le haghaidh Taca\u00edochta Cuimsitheach<\/h2>\n<p>M\u00e1s fearr leat m\u00edni\u00fa n\u00edos mionsonraithe n\u00f3 m\u00e1s g\u00e1 duit doicim\u00e9id a cheangal, t\u00e1 \u00e1r dtaca\u00edocht r\u00edomhphoist ar f\u00e1il duit. Seol r\u00edomhphost chugainn ag support@rocketplaycasino.com, agus freagr\u00f3idh \u00e1r bhfoireann tiomanta go pras. Cib\u00e9 an f\u00edor\u00fa cuntais, imn\u00ed \u00edoca\u00edochta n\u00f3 aiseolas ginear\u00e1lta \u00e9, cinnt\u00edonn \u00e1r dtaca\u00edocht r\u00edomhphoist c\u00fanamh cuimsitheach do gach fiosr\u00fach\u00e1n a bhaineann le ceasa\u00edneo.<\/p>\n<h2>Labhair go D\u00edreach len\u00e1r bhFoireann<\/h2>\n<p>Ligeann \u00e1r dtaca\u00edocht guth\u00e1in duit labhairt go d\u00edreach len\u00e1r bhfoireann saineolaithe le teagmh\u00e1il n\u00edos pearsanta a fh\u00e1il. Diailigh \u00e1r n-uimhir gan dola, agus tabharfaidh \u00e1r ngn\u00edomhair\u00ed taca\u00edochta cairdi\u00fail treoir duit tr\u00ed aon cheisteanna a d\u2019fh\u00e9adfadh teacht ort. Idir glitches teicni\u00fala agus bainist\u00edocht cuntas, t\u00e1 \u00e1r dtaca\u00edocht guth\u00e1in tiomanta do ch\u00fanamh a shol\u00e1thar duit go soil\u00e9ir agus go beacht.<\/p>\n<p>N\u00ed seirbh\u00eds amh\u00e1in \u00e9 D\u00e9an Teagmh\u00e1il Linn RocketPlay Casino; is tiomantas \u00e9 do thaca\u00edocht gan s\u00e1r\u00fa a shol\u00e1thar agus a chinnti\u00fa gur turas eisceacht\u00fail \u00e9 do thuras cearrbhachais linn. N\u00e1 b\u00edodh drogall ort teagmh\u00e1il a dh\u00e9anamh &#8211; t\u00e1imid anseo chun do thaith\u00ed RocketPlay a fheabhs\u00fa i ngach sl\u00ed is f\u00e9idir.<\/p>\n","protected":false},"excerpt":{"rendered":"<p>F\u00e1ilte go RocketPlay Casino, \u00e1it a dtagann eisp\u00e9iris chearrbhachais spleodracha le taca\u00edocht do chustaim\u00e9ir\u00ed den scoth. S\u00edneann \u00e1r dtiomantas chun do sh\u00e1stacht a chinnti\u00fa len\u00e1r seirbh\u00eds thiomanta D\u00e9an Teagmh\u00e1il Linn. Cib\u00e9 an bhfuil fiosr\u00fach\u00e1in n\u00f3 aiseolas n\u00f3 c\u00fanamh uait, t\u00e1imid anseo chun do thaith\u00ed RocketPlay a dh\u00e9anamh gan uaim agus taitneamhach. D\u00e9an Amach Aon L\u00e1,&#8230;<\/p>\n","protected":false},"author":1,"featured_media":0,"parent":0,"menu_order":0,"comment_status":"closed","ping_status":"closed","template":"","meta":{"_acf_changed":false,"_kad_post_transparent":"default","_kad_post_title":"default","_kad_post_layout":"default","_kad_post_sidebar_id":"","_kad_post_content_style":"default","_kad_post_vertical_padding":"default","_kad_post_feature":"","_kad_post_feature_position":"","_kad_post_header":false,"_kad_post_footer":false,"footnotes":""},"class_list":["post-3643","page","type-page","status-publish","hentry"],"acf":[],"rttpg_featured_image_url":null,"rttpg_author":{"display_name":"Elvis","author_link":"https:\/\/rocketplay-slot.com\/ga\/author\/pemvas95n89x\/"},"rttpg_comment":0,"rttpg_category":null,"rttpg_excerpt":"F\u00e1ilte go RocketPlay Casino, \u00e1it a dtagann eisp\u00e9iris chearrbhachais spleodracha le taca\u00edocht do chustaim\u00e9ir\u00ed den scoth. S\u00edneann \u00e1r dtiomantas chun do sh\u00e1stacht a chinnti\u00fa len\u00e1r seirbh\u00eds thiomanta D\u00e9an Teagmh\u00e1il Linn. Cib\u00e9 an bhfuil fiosr\u00fach\u00e1in n\u00f3 aiseolas n\u00f3 c\u00fanamh uait, t\u00e1imid anseo chun do thaith\u00ed RocketPlay a dh\u00e9anamh gan uaim agus taitneamhach. D\u00e9an Amach Aon L\u00e1,...","_links":{"self":[{"href":"https:\/\/rocketplay-slot.com\/ga\/wp-json\/wp\/v2\/pages\/3643","targetHints":{"allow":["GET"]}}],"collection":[{"href":"https:\/\/rocketplay-slot.com\/ga\/wp-json\/wp\/v2\/pages"}],"about":[{"href":"https:\/\/rocketplay-slot.com\/ga\/wp-json\/wp\/v2\/types\/page"}],"author":[{"embeddable":true,"href":"https:\/\/rocketplay-slot.com\/ga\/wp-json\/wp\/v2\/users\/1"}],"replies":[{"embeddable":true,"href":"https:\/\/rocketplay-slot.com\/ga\/wp-json\/wp\/v2\/comments?post=3643"}],"version-history":[{"count":1,"href":"https:\/\/rocketplay-slot.com\/ga\/wp-json\/wp\/v2\/pages\/3643\/revisions"}],"predecessor-version":[{"id":3644,"href":"https:\/\/rocketplay-slot.com\/ga\/wp-json\/wp\/v2\/pages\/3643\/revisions\/3644"}],"wp:attachment":[{"href":"https:\/\/rocketplay-slot.com\/ga\/wp-json\/wp\/v2\/media?parent=3643"}],"curies":[{"name":"wp","href":"https:\/\/api.w.org\/{rel}","templated":true}]}}