{"id":3670,"date":"2024-01-22T21:16:56","date_gmt":"2024-01-22T18:16:56","guid":{"rendered":"https:\/\/rocketplay-slot.com\/gdpr-policy\/"},"modified":"2024-01-22T23:03:54","modified_gmt":"2024-01-22T20:03:54","slug":"gdpr-policy","status":"publish","type":"page","link":"https:\/\/rocketplay-slot.com\/ga\/gdpr-policy\/","title":{"rendered":"Beartas GDPR"},"content":{"rendered":"<p>Tuigeann RocketPlay Casino t\u00e1bhacht an GDPR, rialach\u00e1n cosanta sonra\u00ed cuimsitheach a chuirtear i bhfeidhm chun daoine aonair a chumhacht\u00fa agus a smacht ar fhaisn\u00e9is phearsanta a fheabhs\u00fa. T\u00e9ann \u00e1r dtiomantas do chomhl\u00edonadh GDPR n\u00edos faide n\u00e1 clo\u00ed le ceanglais dhl\u00edthi\u00fala amh\u00e1in; l\u00e9ir\u00edonn s\u00e9 \u00e1r dtiomantas chun ard\u00e1n cearrbhachais sl\u00e1n agus imreoir-l\u00e1rnach a chruth\u00fa.<\/p>\n<h2>Sc\u00f3ip Bhailithe Sonra\u00ed<\/h2>\n<p>Nuair a th\u00e9ann imreoir\u00ed i ngleic le RocketPlay Casino, bail\u00edtear faisn\u00e9is \u00e1irithe chun eisp\u00e9ireas cearrbhachais gan uaim a shol\u00e1thar. \u00c1ir\u00edtear leis na sonra\u00ed seo sonra\u00ed pearsanta, faisn\u00e9is teagmh\u00e1la agus taifid idirbheart ach n\u00edl siad teoranta d\u00f3ibh. T\u00e1 s\u00e9 t\u00e1bhachtach a thabhairt faoi deara nach mbail\u00edonn RocketPlay Casino ach an fhaisn\u00e9is riachtanach a theasta\u00edonn le haghaidh oibr\u00edochta\u00ed cearrbhachais, agus d\u00e9antar gach iarracht cur chuige \u00edostach a chinnti\u00fa maidir le baili\u00fa sonra\u00ed.<\/p>\n<h2>Bun\u00fas Dl\u00edthi\u00fail le Pr\u00f3ise\u00e1il Sonra\u00ed<\/h2>\n<p>Pr\u00f3ise\u00e1lann RocketPlay Casino sonra\u00ed \u00fas\u00e1ideoir\u00ed bunaithe ar fhorais dhl\u00edthi\u00fala arna saini\u00fa ag an GDPR. \u00c1ir\u00edtear ar na forais dl\u00ed sin an g\u00e1 at\u00e1 le pr\u00f3ise\u00e1il sonra\u00ed chun conradh a chomhl\u00edonadh, comhl\u00edonadh oibleag\u00e1id\u00ed dl\u00edthi\u00fala, cosaint leasanna r\u00edth\u00e1bhachtacha, toili\u00fa, comhl\u00edonadh c\u00faraim\u00ed a dh\u00e9antar ar mhaithe le leas an phobail n\u00f3 feidhmi\u00fa \u00fadar\u00e1is oifigi\u00fail, agus leasanna dlisteanacha arna saothr\u00fa ag RocketPlay Casino n\u00f3 tr\u00ed\u00fa p\u00e1irt\u00ed.<\/p>\n<h2>Meicn\u00edocht Toilithe<\/h2>\n<p>Is cloch choirn\u00e9il d\u00e1r strait\u00e9is comhl\u00edonta GDPR \u00e9 toili\u00fa \u00fas\u00e1ideora a fh\u00e1il. Cinnt\u00edonn RocketPlay Casino go bhfuil imreoir\u00ed ar an eolas go maith faoi na sonra\u00ed a bhail\u00edmid, conas a \u00fas\u00e1idfear iad, agus a gcearta ar fhaisn\u00e9is phearsanta. Iarrtar toili\u00fa go sainr\u00e1ite, agus is f\u00e9idir le himreoir\u00ed a dtoili\u00fa a tharraingt siar tr\u00e1th ar bith gan difear a dh\u00e9anamh do dhl\u00edthi\u00falacht na pr\u00f3ise\u00e1la bunaithe ar thoili\u00fa sula dtarraingeofar siar \u00e9.<\/p>\n<h2>Bearta Sl\u00e1nd\u00e1la Sonra\u00ed<\/h2>\n<p>Fosta\u00edonn RocketPlay Casino bearta sl\u00e1nd\u00e1la den scoth chun sonra\u00ed imreoir\u00ed a chosaint \u00f3 rochtain neamh\u00fadaraithe, nochtadh, athr\u00fa agus scriosadh. \u00c1ir\u00edtear len\u00e1r bpr\u00f3tacail l\u00e1idre sl\u00e1nd\u00e1la cripti\u00fa, rialuithe rochtana, ini\u00fachta\u00ed rialta sl\u00e1nd\u00e1la, agus oili\u00faint foirne chun an leibh\u00e9al is airde cosanta sonra\u00ed a chinnti\u00fa.<\/p>\n<h2>\u00cdoslaghd\u00fa agus Coinne\u00e1il Sonra\u00ed<\/h2>\n<p>Clo\u00edimid le prionsabal an \u00edoslaghdaithe sonra\u00ed, ag cinnti\u00fa nach mbail\u00edmid agus nach gcoime\u00e1daimid ach an fhaisn\u00e9is at\u00e1 riachtanach don chusp\u00f3ir at\u00e1 beartaithe. Buna\u00edonn RocketPlay Casino tr\u00e9imhs\u00ed coinne\u00e1la sonracha do chatag\u00f3ir\u00ed \u00e9ags\u00fala sonra\u00ed, agus scriostar sonra\u00ed go sl\u00e1n agus doch\u00falaithe nuair a th\u00e9ann an tr\u00e9imhse choinne\u00e1la in \u00e9ag.<\/p>\n<h2>Cearta Imreora faoi GDPR<\/h2>\n<p>Aithn\u00edonn agus urrama\u00edonn RocketPlay Casino na cearta a thugtar d\u2019imreoir\u00ed faoin GDPR. \u00c1ir\u00edtear ar na cearta sin an ceart chun rochtain a fh\u00e1il, a cheart\u00fa, a scriosadh, a shrianadh ar phr\u00f3ise\u00e1il agus ag\u00f3id a dh\u00e9anamh i gcoinne pr\u00f3ise\u00e1il sonra\u00ed pearsanta. T\u00e1 meicn\u00edochta\u00ed curtha i bhfeidhm againn chun feidhmi\u00fa na gceart sin a \u00e9asc\u00fa, rud a ligeann d\u2019imreoir\u00ed smacht a bheith acu ar a gcuid faisn\u00e9ise pearsanta.<\/p>\n<h2>Aistri\u00fa Sonra\u00ed agus Pr\u00f3ise\u00e1il Tr\u00ed\u00fa P\u00e1irt\u00ed<\/h2>\n<p>I gc\u00fains\u00ed \u00e1irithe, f\u00e9adfaidh RocketPlay Casino sonra\u00ed imreoir\u00ed a aistri\u00fa chuig tr\u00ed\u00fa p\u00e1irtithe n\u00f3 iad a phr\u00f3ise\u00e1il i gcomhar le sol\u00e1thraithe seirbh\u00edse seachtracha. D\u00e9antar aistrithe den s\u00f3rt sin le f\u00edorch\u00faram, agus d\u00e9antar grinnfhiosr\u00fach\u00e1n c\u00faramach ar thr\u00ed\u00fa p\u00e1irtithe lena chinnti\u00fa go gcomhl\u00edonann siad caighde\u00e1in GDPR. Buna\u00edtear conartha\u00ed agus comhaontuithe chun gn\u00edomha\u00edochta\u00ed pr\u00f3ise\u00e1la sonra\u00ed a rial\u00fa, ag cur b\u00e9ime ar an t\u00e1bhacht a bhaineann le cosaint sonra\u00ed.<\/p>\n<h2>Freagairt Teagmhais agus F\u00f3gra S\u00e1ruithe<\/h2>\n<p>In ainneoin \u00e1r mbearta sl\u00e1nd\u00e1la d\u00e9ine, d\u2019fh\u00e9adfadh teagmhais gan choinne tarl\u00fa. I gc\u00e1s s\u00e1r\u00fa sonra\u00ed, t\u00e1 RocketPlay Casino tiomanta do chumars\u00e1id phras agus thr\u00e9dhearcach. Clo\u00edimid leis an gceanglas GDPR maidir le f\u00f3gra a thabhairt do na h\u00fadar\u00e1is mhaoirseachta \u00e1bhartha agus do na himreoir\u00ed lena mbaineann gan mhoill mh\u00edchu\u00ed, faisn\u00e9is a shol\u00e1thar maidir le cine\u00e1l an ts\u00e1raithe, na hiarmhairt\u00ed a d\u2019fh\u00e9adfadh a bheith ann, agus na bearta a glacadh chun aghaidh a thabhairt air.<\/p>\n<h2>Ini\u00fachta\u00ed agus Nuashonruithe Comhl\u00edonta GDPR rialta<\/h2>\n<p>Aithn\u00edonn RocketPlay Casino n\u00e1d\u00far dinimici\u00fail an t\u00edrdhreacha dhigitigh agus n\u00e1d\u00far athraitheach na rialach\u00e1n cosanta sonra\u00ed. Chun fanacht chun tosaigh ar an gcuar, d\u00e9anaimid ini\u00fachta\u00ed rialta ar chomhl\u00edonadh GDPR, ag nuashonr\u00fa \u00e1r mbeartais agus \u00e1r gcleachtais chun na ceanglais dhl\u00edthi\u00fala is d\u00e9ana\u00ed agus an dul chun cinn teicneola\u00edochta a l\u00e9iri\u00fa.<\/p>\n<p>Mar fhocal scoir, t\u00e1 RocketPlay Casino go daingean ina thiomantas do chomhl\u00edonadh GDPR, ag cinnti\u00fa go gcaitear le sonra\u00ed na n-imreoir\u00ed leis an gc\u00faram agus an meas is m\u00f3. L\u00e9ir\u00edonn \u00e1r mbeartas GDPR \u00e1r dtiomantas do thr\u00e9dhearcacht, do shl\u00e1nd\u00e1il, agus do chosaint phr\u00edobh\u00e1ideachas na n-imreoir\u00ed i dt\u00edrdhreach na gcearrbhachas ar l\u00edne a bh\u00edonn ag athr\u00fa de sh\u00edor. Agus muid ag lean\u00faint len\u00e1r dtairiscint\u00ed cearrbhachais a fheabhs\u00fa, is f\u00e9idir len\u00e1r n-imreoir\u00ed muin\u00edn a bheith acu go bhfuil a gcuid faisn\u00e9ise pearsanta s\u00e1bh\u00e1ilte ag RocketPlay Casino.<\/p>\n","protected":false},"excerpt":{"rendered":"<p>Tuigeann RocketPlay Casino t\u00e1bhacht an GDPR, rialach\u00e1n cosanta sonra\u00ed cuimsitheach a chuirtear i bhfeidhm chun daoine aonair a chumhacht\u00fa agus a smacht ar fhaisn\u00e9is phearsanta a fheabhs\u00fa. T\u00e9ann \u00e1r dtiomantas do chomhl\u00edonadh GDPR n\u00edos faide n\u00e1 clo\u00ed le ceanglais dhl\u00edthi\u00fala amh\u00e1in; l\u00e9ir\u00edonn s\u00e9 \u00e1r dtiomantas chun ard\u00e1n cearrbhachais sl\u00e1n agus imreoir-l\u00e1rnach a chruth\u00fa. Sc\u00f3ip Bhailithe&#8230;<\/p>\n","protected":false},"author":1,"featured_media":0,"parent":0,"menu_order":0,"comment_status":"closed","ping_status":"closed","template":"","meta":{"_acf_changed":false,"_kad_post_transparent":"default","_kad_post_title":"default","_kad_post_layout":"default","_kad_post_sidebar_id":"","_kad_post_content_style":"default","_kad_post_vertical_padding":"default","_kad_post_feature":"","_kad_post_feature_position":"","_kad_post_header":false,"_kad_post_footer":false,"footnotes":""},"class_list":["post-3670","page","type-page","status-publish","hentry"],"acf":[],"rttpg_featured_image_url":null,"rttpg_author":{"display_name":"Elvis","author_link":"https:\/\/rocketplay-slot.com\/ga\/author\/pemvas95n89x\/"},"rttpg_comment":0,"rttpg_category":null,"rttpg_excerpt":"Tuigeann RocketPlay Casino t\u00e1bhacht an GDPR, rialach\u00e1n cosanta sonra\u00ed cuimsitheach a chuirtear i bhfeidhm chun daoine aonair a chumhacht\u00fa agus a smacht ar fhaisn\u00e9is phearsanta a fheabhs\u00fa. T\u00e9ann \u00e1r dtiomantas do chomhl\u00edonadh GDPR n\u00edos faide n\u00e1 clo\u00ed le ceanglais dhl\u00edthi\u00fala amh\u00e1in; l\u00e9ir\u00edonn s\u00e9 \u00e1r dtiomantas chun ard\u00e1n cearrbhachais sl\u00e1n agus imreoir-l\u00e1rnach a chruth\u00fa. Sc\u00f3ip Bhailithe...","_links":{"self":[{"href":"https:\/\/rocketplay-slot.com\/ga\/wp-json\/wp\/v2\/pages\/3670","targetHints":{"allow":["GET"]}}],"collection":[{"href":"https:\/\/rocketplay-slot.com\/ga\/wp-json\/wp\/v2\/pages"}],"about":[{"href":"https:\/\/rocketplay-slot.com\/ga\/wp-json\/wp\/v2\/types\/page"}],"author":[{"embeddable":true,"href":"https:\/\/rocketplay-slot.com\/ga\/wp-json\/wp\/v2\/users\/1"}],"replies":[{"embeddable":true,"href":"https:\/\/rocketplay-slot.com\/ga\/wp-json\/wp\/v2\/comments?post=3670"}],"version-history":[{"count":1,"href":"https:\/\/rocketplay-slot.com\/ga\/wp-json\/wp\/v2\/pages\/3670\/revisions"}],"predecessor-version":[{"id":3671,"href":"https:\/\/rocketplay-slot.com\/ga\/wp-json\/wp\/v2\/pages\/3670\/revisions\/3671"}],"wp:attachment":[{"href":"https:\/\/rocketplay-slot.com\/ga\/wp-json\/wp\/v2\/media?parent=3670"}],"curies":[{"name":"wp","href":"https:\/\/api.w.org\/{rel}","templated":true}]}}