{"id":3697,"date":"2024-01-22T21:30:34","date_gmt":"2024-01-22T18:30:34","guid":{"rendered":"https:\/\/rocketplay-slot.com\/kyc-policy\/"},"modified":"2024-01-22T23:16:14","modified_gmt":"2024-01-22T20:16:14","slug":"kyc-policy","status":"publish","type":"page","link":"https:\/\/rocketplay-slot.com\/ga\/kyc-policy\/","title":{"rendered":"Beartas KYC"},"content":{"rendered":"<p>Tagra\u00edonn KYC, gn\u00e9 bhun\u00fasach sa tionscal cearrbhachais ar l\u00edne, don phr\u00f3iseas chun c\u00e9annacht na n-imreoir\u00ed a fh\u00edor\u00fa chun na riosca\u00ed a bhaineann le calaois, sci\u00faradh airgid agus cearrbhachas faoi aois a mhaol\u00fa. F\u00e9achann RocketPlay Casino ar KYC n\u00ed hamh\u00e1in mar oibleag\u00e1id rial\u00e1la ach mar chomhph\u00e1irt r\u00edth\u00e1bhachtach d\u00e1 thiomantas ard\u00e1n sl\u00e1n iontaofa a shol\u00e1thar d\u2019imreoir\u00ed.<\/p>\n<h2>An Pr\u00f3iseas RocketPlay Casino KYC: Simpl\u00ed Ach Docht<\/h2>\n<p>T\u00e1 a phr\u00f3iseas KYC deartha ag RocketPlay Casino le bheith so-\u00fas\u00e1idte agus ag an am c\u00e9anna cur chuige docht a choinne\u00e1il maidir le f\u00edor\u00fa aitheantais. Ar chl\u00e1r\u00fa d\u00f3ibh, n\u00ed m\u00f3r d\u2019imreoir\u00ed faisn\u00e9is bhun\u00fasach a shol\u00e1thar, lena n-\u00e1ir\u00edtear a n-ainm, seoladh, d\u00e1ta breithe, agus sonra\u00ed teagmh\u00e1la. Chun an pr\u00f3iseas a shruthl\u00edni\u00fa, \u00fas\u00e1ideann an ceasa\u00edneo teicneola\u00edocht cheannr\u00f3da\u00edoch chun doicim\u00e9ad a fh\u00edor\u00fa, rud a chinnt\u00edonn go mbeidh taith\u00ed tapa agus \u00e9ifeachtach ag imreoir\u00ed.<\/p>\n<h2>Sl\u00e1nd\u00e1il Sonra\u00ed: F\u00edorth\u00e1bhachtach i bhFeidhm KYC<\/h2>\n<p>T\u00e1 cosaint faisn\u00e9ise imreoir\u00ed ag cro\u00edl\u00e1r bheartas KYC RocketPlay Casino. \u00das\u00e1ideann an ceasa\u00edneo teicneola\u00edochta\u00ed criptithe den scoth chun tarchur agus st\u00f3r\u00e1il sonra\u00ed \u00edogaire a chinnti\u00fa. F\u00e9adfaidh imreoir\u00ed muin\u00edn a bheith acu go l\u00e1imhse\u00e1iltear a gcuid sonra\u00ed pearsanta agus airgeadais leis an r\u00fandacht is m\u00f3, ag clo\u00ed le caighde\u00e1in sl\u00e1nd\u00e1la at\u00e1 chun tosaigh sa tionscal.<\/p>\n<h2>F\u00edor\u00fa Aoise: Cearrbhachas a Choinne\u00e1il Freagrach agus Dl\u00edthi\u00fail<\/h2>\n<p>Ceann de phr\u00edomhchusp\u00f3ir\u00ed bheartas KYC RocketPlay Casino n\u00e1 cearrbhachas faoi aois a chosc. Is c\u00e9im r\u00edth\u00e1bhachtach sa phr\u00f3iseas seo \u00e9 f\u00edor\u00fa aoise, a \u00e9il\u00edonn ar imreoir\u00ed doicim\u00e9id aitheantais bhail\u00ed a chur isteach a chrutha\u00edonn go bhfuil aois dhl\u00edthi\u00fail an chearrbhachais acu. Cinnt\u00edonn s\u00e9 seo go gcomhl\u00edontar ceanglais rial\u00e1la agus cuireann s\u00e9 cleachtais chearrbhachais fhreagracha chun cinn.<\/p>\n<h2>Riachtanais Dhoicim\u00e9adach: Cur Chuige Tr\u00e9dhearcach<\/h2>\n<p>Coinn\u00edonn RocketPlay Casino tr\u00e9dhearcacht ina phr\u00f3iseas KYC tr\u00ed na ceanglais dhoicim\u00e9adacha maidir le f\u00edor\u00fa aitheantais a leagan amach go soil\u00e9ir. De ghn\u00e1th, iarrtar ar imreoir\u00ed aitheantas grianghraf arna eisi\u00faint ag an rialtas, cruth\u00fanas seolta, agus, i gc\u00e1sanna \u00e1irithe, doicim\u00e9ad\u00fa airgeadais a chur isteach. Tr\u00ed treochl\u00e1r soil\u00e9ir a shol\u00e1thar, t\u00e1 s\u00e9 mar aidhm ag an gceasa\u00edneo comhar a choth\u00fa \u00f3 imreoir\u00ed agus an pr\u00f3iseas f\u00edoraithe a chu\u00edch\u00f3iri\u00fa.<\/p>\n<h2>F\u00edor\u00fa Tapa: Cur isteach ar Eisp\u00e9ireas Cearrbhachais a \u00cdoslaghd\u00fa<\/h2>\n<p>Ag aithint an t\u00e1bhacht a bhaineann le taith\u00ed cluich\u00edochta gan uaim, d\u00e9anann RocketPlay Casino a dh\u00edcheall pr\u00f3iseas f\u00edoraithe KYC a chr\u00edochn\u00fa go pras. Cinnt\u00edonn arduirlis\u00ed f\u00edoraithe go mb\u00edonn an cur isteach is l\u00fa ar imreoir\u00ed dlisteanacha, rud a ligeann d\u00f3ibh taitneamh a bhaint as cluich\u00ed \u00e9ags\u00fala gan aon mhoill gan gh\u00e1. Is fianaise \u00e9 an tiomantas seo maidir le h\u00e9ifeachtacht ar thiomantas RocketPlay Casino do sh\u00e1stacht imreoir\u00ed.<\/p>\n<h2>D\u00edcheall Cu\u00ed Feabhsaithe: Faireachas i gCoinne Gn\u00edomha\u00edochta\u00ed Calaoise<\/h2>\n<p>Glacann RocketPlay Casino seasamh r\u00e9amhghn\u00edomhach i gcoinne gn\u00edomha\u00edochta\u00ed calaoiseacha tr\u00ed bhearta d\u00edchill chu\u00ed feabhsaithe a chur i bhfeidhm. Is \u00e9ard at\u00e1 i gceist leis seo n\u00e1 monat\u00f3ireacht lean\u00fanach ar chuntais imreoir\u00ed agus idirbhearta chun iompar amhrasach a aithint go pras. Oibr\u00edonn foireann sl\u00e1nd\u00e1la tiomnaithe an cheasa\u00edneo go dian d\u00edcheallach chun an t-ard\u00e1n a chosaint, ag tabhairt suaimhneas intinne d\u2019imreoir\u00ed agus iad ag glacadh leis na cluich\u00ed is fearr leo.<\/p>\n<h2>KYC agus Cearrbhachas Freagrach: Gaol Siomb\u00f3iseach<\/h2>\n<p>Feiceann RocketPlay Casino KYC mar riachtanas comhl\u00edonta agus mar chuid l\u00e1rnach de chearrbhachas freagrach a chur chun cinn. Tr\u00edna chinnti\u00fa go bhfuil imreoir\u00ed in aois dhl\u00edthi\u00fail agus go gclo\u00edonn siad le cleachtais chearrbhachais eitici\u00fala, cuireann an ceasa\u00edneo le timpeallacht chearrbhachais n\u00edos s\u00e1bh\u00e1ilte agus n\u00edos sl\u00e1inti\u00fala. T\u00e1 tiomantas do chearrbhachas freagrach ail\u00ednithe le misean n\u00edos leithne RocketPlay Casino chun tosa\u00edocht a thabhairt do leas imreoir\u00ed.<\/p>\n<h2>Comhl\u00edonadh Lean\u00fanach: Ag Cur in oiri\u00faint d&#8217;Athruithe Rial\u00e1la<\/h2>\n<p>I dt\u00edrdhreach na rialach\u00e1n cearrbhachais ar l\u00edne at\u00e1 ag s\u00edorathr\u00fa, t\u00e1 RocketPlay Casino f\u00f3s ar an airdeall agus oiri\u00fanaitheach. D\u00e9antar beartas KYC a nuashonr\u00fa go rialta chun ail\u00edni\u00fa leis na caighde\u00e1in tionscail agus na ceanglais rial\u00e1la is d\u00e9ana\u00ed. Leagann an tiomantas seo do chomhl\u00edonadh b\u00e9im ar thiomantas an cheasa\u00edneo maidir le feidhmi\u00fa go heitici\u00fail agus iontaoibh a bhonn imreoir\u00ed a chothabh\u00e1il.<\/p>\n<h2>Ag Oideachas Rannph\u00e1irtithe: Iarracht Chomhoibr\u00edoch<\/h2>\n<p>Creideann RocketPlay Casino i gcur chuige comhoibr\u00edoch maidir le cur i bhfeidhm KYC. D\u00e9anann an ceasa\u00edneo a dh\u00edcheall oideachas a chur ar imreoir\u00ed faoin t\u00e1bhacht at\u00e1 le KYC agus a r\u00f3l i dtimpeallacht shl\u00e1n cearrbhachais a chruth\u00fa. Buna\u00edtear beala\u00ed soil\u00e9ire cumars\u00e1ide chun cabhr\u00fa le himreoir\u00ed riachtanais KYC a thuiscint, moth\u00fa comhph\u00e1irt\u00edochta a choth\u00fa, agus sl\u00e1ine an ard\u00e1in chearrbhachais a chothabh\u00e1il.<\/p>\n<h2>An Eisp\u00e9ireas Cearrbhachais a Ard\u00fa le hIontaobhas agus Sl\u00e1nd\u00e1il<\/h2>\n<p>Mar fhocal scoir, t\u00e1 beartas KYC RocketPlay Casino ina theist ar a thiomantas gan staonadh do chothrom na f\u00e9inne, do shl\u00e1nd\u00e1il agus do chearrbhachas freagrach. Tr\u00ed phr\u00f3iseas KYC sruthl\u00ednithe ach dian a chur i bhfeidhm, tugann an ceasa\u00edneo tosa\u00edocht do chosaint faisn\u00e9ise imreoir\u00ed agus do ghn\u00edomha\u00edochta\u00ed calaoiseacha a chosc. Tugann RocketPlay Casino cuireadh d\u2019imreoir\u00ed dul i mbun eisp\u00e9ireas cluich\u00edochta spra\u00ed\u00fail agus iad muin\u00edneach go bhfuil a bhfoll\u00e1ine agus a sl\u00e1nd\u00e1il chun tosaigh i dtosa\u00edochta\u00ed an cheasa\u00edneo.<\/p>\n","protected":false},"excerpt":{"rendered":"<p>Tagra\u00edonn KYC, gn\u00e9 bhun\u00fasach sa tionscal cearrbhachais ar l\u00edne, don phr\u00f3iseas chun c\u00e9annacht na n-imreoir\u00ed a fh\u00edor\u00fa chun na riosca\u00ed a bhaineann le calaois, sci\u00faradh airgid agus cearrbhachas faoi aois a mhaol\u00fa. F\u00e9achann RocketPlay Casino ar KYC n\u00ed hamh\u00e1in mar oibleag\u00e1id rial\u00e1la ach mar chomhph\u00e1irt r\u00edth\u00e1bhachtach d\u00e1 thiomantas ard\u00e1n sl\u00e1n iontaofa a shol\u00e1thar d\u2019imreoir\u00ed. An&#8230;<\/p>\n","protected":false},"author":1,"featured_media":0,"parent":0,"menu_order":0,"comment_status":"closed","ping_status":"closed","template":"","meta":{"_acf_changed":false,"_kad_post_transparent":"default","_kad_post_title":"default","_kad_post_layout":"default","_kad_post_sidebar_id":"","_kad_post_content_style":"default","_kad_post_vertical_padding":"default","_kad_post_feature":"","_kad_post_feature_position":"","_kad_post_header":false,"_kad_post_footer":false,"footnotes":""},"class_list":["post-3697","page","type-page","status-publish","hentry"],"acf":[],"rttpg_featured_image_url":null,"rttpg_author":{"display_name":"Elvis","author_link":"https:\/\/rocketplay-slot.com\/ga\/author\/pemvas95n89x\/"},"rttpg_comment":0,"rttpg_category":null,"rttpg_excerpt":"Tagra\u00edonn KYC, gn\u00e9 bhun\u00fasach sa tionscal cearrbhachais ar l\u00edne, don phr\u00f3iseas chun c\u00e9annacht na n-imreoir\u00ed a fh\u00edor\u00fa chun na riosca\u00ed a bhaineann le calaois, sci\u00faradh airgid agus cearrbhachas faoi aois a mhaol\u00fa. F\u00e9achann RocketPlay Casino ar KYC n\u00ed hamh\u00e1in mar oibleag\u00e1id rial\u00e1la ach mar chomhph\u00e1irt r\u00edth\u00e1bhachtach d\u00e1 thiomantas ard\u00e1n sl\u00e1n iontaofa a shol\u00e1thar d\u2019imreoir\u00ed. An...","_links":{"self":[{"href":"https:\/\/rocketplay-slot.com\/ga\/wp-json\/wp\/v2\/pages\/3697","targetHints":{"allow":["GET"]}}],"collection":[{"href":"https:\/\/rocketplay-slot.com\/ga\/wp-json\/wp\/v2\/pages"}],"about":[{"href":"https:\/\/rocketplay-slot.com\/ga\/wp-json\/wp\/v2\/types\/page"}],"author":[{"embeddable":true,"href":"https:\/\/rocketplay-slot.com\/ga\/wp-json\/wp\/v2\/users\/1"}],"replies":[{"embeddable":true,"href":"https:\/\/rocketplay-slot.com\/ga\/wp-json\/wp\/v2\/comments?post=3697"}],"version-history":[{"count":1,"href":"https:\/\/rocketplay-slot.com\/ga\/wp-json\/wp\/v2\/pages\/3697\/revisions"}],"predecessor-version":[{"id":3698,"href":"https:\/\/rocketplay-slot.com\/ga\/wp-json\/wp\/v2\/pages\/3697\/revisions\/3698"}],"wp:attachment":[{"href":"https:\/\/rocketplay-slot.com\/ga\/wp-json\/wp\/v2\/media?parent=3697"}],"curies":[{"name":"wp","href":"https:\/\/api.w.org\/{rel}","templated":true}]}}