{"id":3725,"date":"2024-01-22T21:06:39","date_gmt":"2024-01-22T18:06:39","guid":{"rendered":"https:\/\/rocketplay-slot.com\/privacy-policy\/"},"modified":"2024-01-23T11:14:47","modified_gmt":"2024-01-23T08:14:47","slug":"privacy-policy","status":"publish","type":"page","link":"https:\/\/rocketplay-slot.com\/ga\/privacy-policy\/","title":{"rendered":"Beartas Pr\u00edobh\u00e1ideachais"},"content":{"rendered":"<p>F\u00e1ilte go RocketPlay Casino, \u00e1it a mbuaileann siamsa\u00edocht le cearrbhachas freagrach. T\u00e1 RocketPlay tiomanta do thimpeallacht cearrbhachais s\u00e1bh\u00e1ilte agus taitneamhach a shol\u00e1thar d&#8217;\u00fas\u00e1ideoir\u00ed. Ar cheann d\u00e1r bpr\u00edomhthosa\u00edochta\u00ed is ea pr\u00edobh\u00e1ideacht agus sl\u00e1nd\u00e1il do chuid faisn\u00e9ise pearsanta a chinnti\u00fa. Iml\u00edn\u00edonn an Beartas Pr\u00edobh\u00e1ideachta seo conas a bhail\u00edmid, a \u00fas\u00e1idimid agus a chosna\u00edonn t\u00fa do shonra\u00ed, ag cur b\u00e9ime ar \u00e1r dtiomantas do thr\u00e9dhearcacht agus muin\u00edn.<\/p>\n<h2>Eolas a Bhailimid<\/h2>\n<h3>Faisn\u00e9is Phearsanta<\/h3>\n<p>Chun d\u2019eisp\u00e9ireas cearrbhachais a fheabhs\u00fa, bail\u00edmid faisn\u00e9is phearsanta \u00e1irithe le linn an phr\u00f3isis cl\u00e1r\u00fach\u00e1in. D\u2019fh\u00e9adfadh d\u2019ainm, seoladh r\u00edomhphoist, d\u00e1ta breithe agus sonra\u00ed teagmh\u00e1la a bheith san \u00e1ireamh anseo. B\u00edg\u00ed cinnte, bainimid \u00fas\u00e1id as ardteicneola\u00edochta\u00ed criptithe chun an fhaisn\u00e9is seo a dhaingni\u00fa agus chun rochtain neamh\u00fadaraithe a chosc.<\/p>\n<h3>Faisn\u00e9is Airgeadais<\/h3>\n<p>D\u2019fh\u00e9adfadh go n-\u00e9ileoidh muid faisn\u00e9is airgeadais ar n\u00f3s sonra\u00ed c\u00e1rta creidmheasa n\u00f3 modhanna \u00edoca\u00edochta eile le haghaidh idirbhearta gan uaim agus eis\u00edoca\u00edochta\u00ed. Tugann RocketPlay Casino t\u00fas \u00e1ite do shl\u00e1nd\u00e1il do shonra\u00ed airgeadais, ag cur pr\u00f3tacail de chaighde\u00e1n an tionscail i bhfeidhm chun cosaint a dh\u00e9anamh ar ghn\u00edomha\u00edochta\u00ed calaoiseacha.<\/p>\n<h3>Eolas Teicni\u00fail<\/h3>\n<p>Mar is amhlaidh le go leor ard\u00e1n ar l\u00edne, bail\u00edmid faisn\u00e9is theicni\u00fail go huathoibr\u00edoch, lena n-\u00e1ir\u00edtear do sheoladh IP, cine\u00e1l gl\u00e9is, sonra\u00ed brabhs\u00e1la\u00ed, agus c\u00f3ras oibri\u00fach\u00e1in. T\u00e1 an fhaisn\u00e9is seo r\u00edth\u00e1bhachtach chun feidhm\u00edocht \u00e1r su\u00edomh Gr\u00e9as\u00e1in a bharrfheabhs\u00fa, chun comhoiri\u00fanacht thar ghl\u00e9asanna \u00e9ags\u00fala a chinnti\u00fa, agus chun do thaith\u00ed cluich\u00edochta a fheabhs\u00fa.<\/p>\n<h2>Conas a \u00das\u00e1idimid Do chuid Faisn\u00e9ise<\/h2>\n<h3>Do Eisp\u00e9ireas a Chur in oiri\u00faint<\/h3>\n<p>\u00das\u00e1ideann RocketPlay Casino na sonra\u00ed a bhail\u00edtear chun d\u2019eisp\u00e9ireas cearrbhachais a oiri\u00fan\u00fa. Tr\u00ed anail\u00eds a dh\u00e9anamh ar do chuid sainroghanna agus iompar, is f\u00e9idir linn cluich\u00ed agus prom\u00f3isin phearsantaithe a mholadh, rud a chruth\u00f3idh timpeallacht n\u00edos taitneamha\u00ed agus n\u00edos tarraingt\u00ed duit.<\/p>\n<h3>Pr\u00f3ise\u00e1il Idirbheart<\/h3>\n<p>\u00das\u00e1idtear faisn\u00e9is airgeadais chun idirbhearta a bhaineann le do ghn\u00edomha\u00edochta\u00ed cearrbhachais a phr\u00f3ise\u00e1il amh\u00e1in. \u00c1ir\u00edtear leis seo taisc\u00ed, aistarraingt\u00ed, agus aon idirbheart airgeada\u00edochta eile. D\u00e9anaimid comhph\u00e1irt\u00edocht le pr\u00f3ise\u00e1laithe \u00edoca\u00edochta creidi\u00fanacha chun sl\u00e1nd\u00e1il do shonra\u00ed airgeadais a r\u00e1th\u00fa.<\/p>\n<h3>Comhl\u00edonadh Dl\u00ed<\/h3>\n<p>F\u00e9adfaimid do chuid faisn\u00e9ise a \u00fas\u00e1id le haghaidh f\u00edor\u00fa aitheantais agus dearbh\u00fa aoise chun comhl\u00edonadh na ndl\u00edthe agus na rialach\u00e1in is infheidhme a chinnti\u00fa. T\u00e1 s\u00e9 r\u00edth\u00e1bhachtach timpeallacht chearrbhachais fhreagrach a chothabh\u00e1il agus rochtain faoi aois ar \u00e1r seirbh\u00eds\u00ed a chosc.<\/p>\n<h2>Comhroinnt Tr\u00ed\u00fa P\u00e1irt\u00ed<\/h2>\n<p>T\u00e1 RocketPlay Casino tiomanta do do phr\u00edobh\u00e1ideachas a chosaint, agus n\u00ed dh\u00edolaimid n\u00e1 n\u00ed roinnimid do chuid faisn\u00e9ise pearsanta le tr\u00ed\u00fa p\u00e1irtithe chun cr\u00edocha marga\u00edochta. Mar sin f\u00e9in, d\u2019fh\u00e9adfadh go mbeadh rochtain ag sol\u00e1thraithe seirbh\u00edse tr\u00ed\u00fa p\u00e1irt\u00ed \u00e1irithe ar do shonra\u00ed chun cabhr\u00fa linn eisp\u00e9ireas cearrbhachais gan uaim a shol\u00e1thar. B\u00edg\u00ed cinnte, d\u00e9anaimid grinnfhiosr\u00fach\u00e1n c\u00faramach ar na sol\u00e1thraithe seo agus cuirimid i bhfeidhm comhaontuithe r\u00fandachta dochta chun do chuid faisn\u00e9ise a chosaint.<\/p>\n<h2>Bearta Sl\u00e1nd\u00e1la<\/h2>\n<p>T\u00e1 s\u00e9 r\u00edth\u00e1bhachtach do shl\u00e1nd\u00e1il faisn\u00e9ise a chinnti\u00fa do RocketPlay Casino. Bainimid \u00fas\u00e1id as bearta sl\u00e1nd\u00e1la den scoth, lena n-\u00e1ir\u00edtear pr\u00f3tacail criptithe, balla\u00ed d\u00f3ite\u00e1in, agus teicneola\u00edocht ciseal soic\u00e9ad sl\u00e1n (SSL). D\u00e9antar na bearta seo a nuashonr\u00fa go lean\u00fanach chun fanacht chun tosaigh ar bhagairt\u00ed agus leochaileachta\u00ed at\u00e1 ag teacht chun cinn.<\/p>\n<h2>Fian\u00e1in agus Teicneola\u00edochta\u00ed Rianaithe<\/h2>\n<p>\u00das\u00e1ideann RocketPlay Casino fian\u00e1in agus teicneola\u00edochta\u00ed rianaithe comhchos\u00fala chun taith\u00ed \u00fas\u00e1ideora a fheabhs\u00fa agus chun anail\u00eds a dh\u00e9anamh ar thr\u00e1cht l\u00e1ithre\u00e1n gr\u00e9as\u00e1in. Cuid\u00edonn na teicneola\u00edochta\u00ed seo linn roghanna \u00fas\u00e1ideoir\u00ed a thuiscint, feidhmi\u00falacht an tsu\u00edmh a fheabhs\u00fa, agus cur chun cinn a chur in oiri\u00faint. Is f\u00e9idir leat sainroghanna fian\u00e1n a bhainisti\u00fa tr\u00ed shocruithe do bhrabhs\u00e1la\u00ed, rud a thugann smacht duit ar an bhfaisn\u00e9is a roinneann t\u00fa.<\/p>\n<h2>Do Chearta agus do Roghanna<\/h2>\n<h3>Rochtain agus Ceart\u00fa<\/h3>\n<p>T\u00e1 s\u00e9 de cheart agat aon mh\u00edchruinneas i do chuid faisn\u00e9ise pearsanta a rochtain agus a cheart\u00fa. Sol\u00e1thra\u00edonn RocketPlay Casino uirlis\u00ed agus socruithe laistigh de do chuntas chun do shonra\u00ed a nuashonr\u00fa agus chun cruinneas do shonra\u00ed a chinnti\u00fa.<\/p>\n<h3>Di\u00falt\u00fa As<\/h3>\n<p>Is f\u00e9idir leat tarraingt siar mura bhfuil t\u00fa ag iarraidh cumars\u00e1id bolscaireachta RocketPlay Casino a fh\u00e1il a thuilleadh. Coigeartaigh do shainroghanna cumars\u00e1ide laistigh de do shocruithe cuntais, agus measfaimid do rogha.<\/p>\n<h3>D\u00edghn\u00edomhacht\u00fa Cuntas<\/h3>\n<p>Is f\u00e9idir leat d\u00edghn\u00edomhacht\u00fa cuntais a iarraidh m\u00e1 scoireann t\u00fa do ghn\u00edomha\u00edochta\u00ed cearrbhachais le RocketPlay Casino. D\u00e9anfaimid do chuid faisn\u00e9ise pearsanta a scriosadh go sl\u00e1n, agus n\u00ed choinneofar ach na sonra\u00ed at\u00e1 riachtanach le haghaidh comhl\u00edonadh dl\u00edthi\u00fail agus rial\u00e1la.<\/p>\n<h2>Athruithe ar an bPolasa\u00ed Pr\u00edobh\u00e1ideachta<\/h2>\n<p>Forchoime\u00e1dann RocketPlay Casino an ceart an Beartas Pr\u00edobh\u00e1ideachta seo a nuashonr\u00fa agus a mhodhn\u00fa chun athruithe in\u00e1r gcleachtais ghn\u00f3, ceanglais dhl\u00edthi\u00fala n\u00f3 dul chun cinn teicneola\u00edochta a l\u00e9iri\u00fa. Molaimid duit athbhreithni\u00fa a dh\u00e9anamh ar an mbeartas seo go tr\u00e9imhsi\u00fail chun fanacht ar an eolas faoin gcaoi a bhfuilimid ag cosaint do chuid faisn\u00e9ise.<\/p>\n<h2>D\u00e9an Teagmh\u00e1il Linn<\/h2>\n<p>M\u00e1 t\u00e1 ceisteanna n\u00f3 imn\u00ed agat faoi Pholasa\u00ed Pr\u00edobh\u00e1ideachta RocketPlay Casino, n\u00e1 b\u00edodh drogall ort teagmh\u00e1il a dh\u00e9anamh len\u00e1r bhfoireann taca\u00edochta tiomnaithe. T\u00e1imid anseo chun cabhr\u00fa leat agus a chinnti\u00fa go bhfanann do thaith\u00ed cluich\u00edochta sl\u00e1n, taitneamhach agus d\u00edrithe ar phr\u00edobh\u00e1ideacht.<\/p>\n<p>Ag RocketPlay Casino, n\u00edlimid tiomanta do shiamsa\u00edocht den scoth a sheachadadh; t\u00e1imid tiomanta do phobal a th\u00f3g\u00e1il ina bhfuil pr\u00edobh\u00e1ideacht agus sl\u00e1nd\u00e1il r\u00edth\u00e1bhachtach. B\u00ed linn i ndomhan spleodrach na gcearrbhachas, agus fios agat go bhfuil do chuid faisn\u00e9ise s\u00e1bh\u00e1ilte.<\/p>\n","protected":false},"excerpt":{"rendered":"<p>F\u00e1ilte go RocketPlay Casino, \u00e1it a mbuaileann siamsa\u00edocht le cearrbhachas freagrach. T\u00e1 RocketPlay tiomanta do thimpeallacht cearrbhachais s\u00e1bh\u00e1ilte agus taitneamhach a shol\u00e1thar d&#8217;\u00fas\u00e1ideoir\u00ed. Ar cheann d\u00e1r bpr\u00edomhthosa\u00edochta\u00ed is ea pr\u00edobh\u00e1ideacht agus sl\u00e1nd\u00e1il do chuid faisn\u00e9ise pearsanta a chinnti\u00fa. Iml\u00edn\u00edonn an Beartas Pr\u00edobh\u00e1ideachta seo conas a bhail\u00edmid, a \u00fas\u00e1idimid agus a chosna\u00edonn t\u00fa do shonra\u00ed, ag&#8230;<\/p>\n","protected":false},"author":1,"featured_media":0,"parent":0,"menu_order":0,"comment_status":"closed","ping_status":"closed","template":"","meta":{"_acf_changed":false,"_kad_post_transparent":"default","_kad_post_title":"default","_kad_post_layout":"default","_kad_post_sidebar_id":"","_kad_post_content_style":"default","_kad_post_vertical_padding":"default","_kad_post_feature":"","_kad_post_feature_position":"","_kad_post_header":false,"_kad_post_footer":false,"footnotes":""},"class_list":["post-3725","page","type-page","status-publish","hentry"],"acf":[],"rttpg_featured_image_url":null,"rttpg_author":{"display_name":"Elvis","author_link":"https:\/\/rocketplay-slot.com\/ga\/author\/pemvas95n89x\/"},"rttpg_comment":0,"rttpg_category":null,"rttpg_excerpt":"F\u00e1ilte go RocketPlay Casino, \u00e1it a mbuaileann siamsa\u00edocht le cearrbhachas freagrach. T\u00e1 RocketPlay tiomanta do thimpeallacht cearrbhachais s\u00e1bh\u00e1ilte agus taitneamhach a shol\u00e1thar d&#8217;\u00fas\u00e1ideoir\u00ed. Ar cheann d\u00e1r bpr\u00edomhthosa\u00edochta\u00ed is ea pr\u00edobh\u00e1ideacht agus sl\u00e1nd\u00e1il do chuid faisn\u00e9ise pearsanta a chinnti\u00fa. Iml\u00edn\u00edonn an Beartas Pr\u00edobh\u00e1ideachta seo conas a bhail\u00edmid, a \u00fas\u00e1idimid agus a chosna\u00edonn t\u00fa do shonra\u00ed, ag...","_links":{"self":[{"href":"https:\/\/rocketplay-slot.com\/ga\/wp-json\/wp\/v2\/pages\/3725","targetHints":{"allow":["GET"]}}],"collection":[{"href":"https:\/\/rocketplay-slot.com\/ga\/wp-json\/wp\/v2\/pages"}],"about":[{"href":"https:\/\/rocketplay-slot.com\/ga\/wp-json\/wp\/v2\/types\/page"}],"author":[{"embeddable":true,"href":"https:\/\/rocketplay-slot.com\/ga\/wp-json\/wp\/v2\/users\/1"}],"replies":[{"embeddable":true,"href":"https:\/\/rocketplay-slot.com\/ga\/wp-json\/wp\/v2\/comments?post=3725"}],"version-history":[{"count":1,"href":"https:\/\/rocketplay-slot.com\/ga\/wp-json\/wp\/v2\/pages\/3725\/revisions"}],"predecessor-version":[{"id":3726,"href":"https:\/\/rocketplay-slot.com\/ga\/wp-json\/wp\/v2\/pages\/3725\/revisions\/3726"}],"wp:attachment":[{"href":"https:\/\/rocketplay-slot.com\/ga\/wp-json\/wp\/v2\/media?parent=3725"}],"curies":[{"name":"wp","href":"https:\/\/api.w.org\/{rel}","templated":true}]}}