{"id":3752,"date":"2024-01-22T20:29:31","date_gmt":"2024-01-22T17:29:31","guid":{"rendered":"https:\/\/rocketplay-slot.com\/responsible-gaming\/"},"modified":"2024-01-23T11:47:17","modified_gmt":"2024-01-23T08:47:17","slug":"responsible-gaming","status":"publish","type":"page","link":"https:\/\/rocketplay-slot.com\/ga\/responsible-gaming\/","title":{"rendered":"Cearrbhachas Freagrach"},"content":{"rendered":"<p>Is luach l\u00e1rnach \u00e9 cearrbhachas freagrach ag RocketPlay Casino, at\u00e1 leabaithe in\u00e1r misean timpeallacht shl\u00e1n agus thaitneamhach a shol\u00e1thar d\u00e1r n-imreoir\u00ed. Aithn\u00edmid na riosca\u00ed f\u00e9ideartha a bhaineann le cearrbhachas ar l\u00edne agus t\u00e1imid tiomanta do na riosca\u00ed seo a mhaol\u00fa tr\u00ed bhearta r\u00e9amhghn\u00edomhacha. Is cur chuige cuimsitheach \u00e9 \u00e1r dtionscnamh um Chearrbhachas Freagrach a bhfuil s\u00e9 mar aidhm aige \u00e1r n-imreoir\u00ed a chosaint \u00f3 thionchair dhi\u00faltacha an chearrbhachais iomarcach agus ag an am c\u00e9anna cult\u00far siamsa\u00edochta freagrach a choth\u00fa.<\/p>\n<h2>Oideachas agus Feasacht Imreoir\u00ed<\/h2>\n<p>Ag RocketPlay Casino, is imreoir\u00ed cumasacha iad imreoir\u00ed ar an eolas. Chuige sin, sol\u00e1thra\u00edmid acmhainn\u00ed fairsinge agus faisn\u00e9is maidir le cearrbhachas freagrach. T\u00e1 \u00e1bhair oideachais ar \u00e1r su\u00edomh Gr\u00e9as\u00e1in a chl\u00fada\u00edonn topaic\u00ed ar n\u00f3s teorainneacha a leagan s\u00edos, comhartha\u00ed fadhb-chearrbhachais a aithint, agus rochtain a fh\u00e1il ar sheirbh\u00eds\u00ed taca\u00edochta. Spreagaimid \u00e1r n-imreoir\u00ed chun na hacmhainn\u00ed seo a \u00fas\u00e1id chun cinnt\u00ed eolasacha a dh\u00e9anamh faoina ngn\u00edomha\u00edochta\u00ed cearrbhachais.<\/p>\n<h2>Teorainneacha agus Uirlis\u00ed F\u00e9ineisiaimh a Shocr\u00fa<\/h2>\n<p>Chun \u00e1r n-imreoir\u00ed a chumhacht\u00fa a gcuid gn\u00edomha\u00edochta\u00ed cearrbhachais a bhainisti\u00fa go freagrach, cuireann RocketPlay Casino raon uirlis\u00ed f\u00e9in-theorannaithe ar f\u00e1il. Is f\u00e9idir le himreoir\u00ed teorainneacha taisce laeth\u00fala, seachtaini\u00fala n\u00f3 m\u00edos\u00fala a shocr\u00fa, ag cinnti\u00fa go bhfanann siad laistigh d\u00e1 mbuis\u00e9id r\u00e9amhshocraithe. Ina theannta sin, ligeann \u00e1r ngn\u00e9 f\u00e9in-eisiaimh d\u2019imreoir\u00ed sos a ghlacadh \u00f3n gcearrbhachas tr\u00ed rochtain ar a gcuntais a bhloc\u00e1il ar feadh tr\u00e9imhse sonraithe. T\u00e1 na huirlis\u00ed seo deartha chun an smacht a theasta\u00edonn uathu a thabhairt do na himreoir\u00ed chun roghanna freagracha a dh\u00e9anamh.<\/p>\n<h2>F\u00edor\u00fa Aoise agus Sl\u00e1nd\u00e1il Cuntais<\/h2>\n<p>Gn\u00e9 bhun\u00fasach den chearrbhachas freagrach is ea a chinnti\u00fa go bhfuil cead dl\u00edthi\u00fail ag \u00e1r n-imreoir\u00ed p\u00e1irt a ghlacadh i gcearrbhachas ar l\u00edne. Fosta\u00edonn RocketPlay Casino pr\u00f3isis f\u00edoraithe aoise chun cinn chun a r\u00e1th\u00fa nach f\u00e9idir ach le daoine aonair in aois dhl\u00edthi\u00fail cuntais a chruth\u00fa agus dul i mbun cearrbhachas f\u00edor-airgid. Ina theannta sin, tugaimid t\u00fas \u00e1ite do shl\u00e1nd\u00e1il chuntais chun \u00e1r n-imreoir\u00ed a chosaint \u00f3 rochtain neamh\u00fadaraithe. T\u00e1 f\u00edordheimhni\u00fa dh\u00e1-fhacht\u00f3ir agus teicneola\u00edochta\u00ed l\u00e1idre criptithe i bhfeidhm chun faisn\u00e9is imreoir\u00ed a chosaint agus chun timpeallacht shl\u00e1n cearrbhachais a chothabh\u00e1il.<\/p>\n<h2>Comhoibri\u00fa le hEagra\u00edochta\u00ed Taca\u00edochta<\/h2>\n<p>Comhoibr\u00edonn RocketPlay Casino go gn\u00edomhach le heagra\u00edochta\u00ed taca\u00edochta creidi\u00fanacha a dh\u00e9anann speisialt\u00f3ireacht ar ch\u00fanamh a thabhairt do dhaoine aonair le saincheisteanna a bhaineann le cearrbhachas. Cuirimid naisc dh\u00edreacha ar f\u00e1il do na heagra\u00edochta\u00ed seo ar \u00e1r su\u00edomh Gr\u00e9as\u00e1in, rud a fh\u00e1gann go bhfuil s\u00e9 \u00e9asca d\u2019imreoir\u00ed teacht ar chabhair ghairmi\u00fail m\u00e1s g\u00e1. Tr\u00ed chomhph\u00e1irt\u00edochta\u00ed a choth\u00fa leis na heintitis sin, rannchuid\u00edmid le l\u00edonra acmhainn\u00ed at\u00e1 tiomnaithe do chleachtais chearrbhachais fhreagracha a chur chun cinn agus chun cabhr\u00fa leo si\u00fad a dteasta\u00edonn s\u00e9 uathu.<\/p>\n<h2>Faireach\u00e1n Rialta agus Ini\u00fachta\u00ed Freagracha Cearrbhachais<\/h2>\n<p>D\u00e9anann RocketPlay Casino monat\u00f3ireacht rialta agus ini\u00fachta\u00ed inmhe\u00e1nacha chun \u00e9ifeachtacht \u00e1r mbearta cearrbhachais freagracha a chinnti\u00fa. D\u00e9anaimid anail\u00eds ar phatr\u00fain iompra\u00edochta na n-imreoir\u00ed chun comhartha\u00ed f\u00e9ideartha de chearrbhachas fadhbach a aithint agus d\u00e9anaimid beart cu\u00ed. Ligeann an cur chuige r\u00e9amhghn\u00edomhach seo d\u00fainn idirghabh\u00e1il a dh\u00e9anamh nuair is g\u00e1, ag tac\u00fa le himreoir\u00ed a d\u2019fh\u00e9adfadh a bheith i mbaol. N\u00ed r\u00e1iteas amh\u00e1in \u00e9 \u00e1r dtiomantas do chearrbhachas freagrach ach iarracht lean\u00fanach chun \u00e1r gcleachtais a fhorbairt agus a fheabhs\u00fa.<\/p>\n<h2>Cult\u00far Siamsa\u00edochta Freagrach a Chur Chun Cinn<\/h2>\n<p>Taobh amuigh de na gn\u00e9ithe teicni\u00fala de chearrbhachas freagrach, t\u00e1 s\u00e9 mar aidhm ag RocketPlay Casino cult\u00far siamsa\u00edochta freagrach a choth\u00fa laistigh den phobal cearrbhachais ar l\u00edne. Spreagaimid imreoir\u00ed chun t\u00fas \u00e1ite a thabhairt do chothroma\u00edocht agus aire ina ngn\u00edomha\u00edochta\u00ed cearrbhachais tr\u00ed fheachtais chur chun cinn agus for-rochtain pobail. Tr\u00ed bh\u00e9im a leagan ar an t\u00e1bhacht a bhaineann le cearrbhachas freagrach, t\u00e1 s\u00fail againn cur le timpeallacht cluich\u00edochta dearfach agus inbhuanaithe do ch\u00e1ch.<\/p>\n<h2>\u00c1r dTiomantas Lean\u00fanach don Chearrbhachas Freagrach<\/h2>\n<p>Mar fhocal scoir, is \u00e9ard at\u00e1 i gceist le RocketPlay Casino n\u00e1 ard\u00e1n cearrbhachais ar l\u00edne amh\u00e1in; is pobal \u00e9 at\u00e1 tiomanta do chleachtais chearrbhachais fhreagracha a chur chun cinn. Cuims\u00edonn \u00e1r gcur chuige ilghn\u00e9itheach oideachas, cumas\u00fa imreoir\u00ed, comhoibri\u00fa le heagra\u00edochta\u00ed taca\u00edochta, agus monat\u00f3ireacht lean\u00fanach. De r\u00e9ir mar a fhorbra\u00edonn an t\u00edrdhreach cearrbhachais ar l\u00edne, is amhlaidh at\u00e1 \u00e1r dtiomantas chun eisp\u00e9ireas cearrbhachais s\u00e1bh\u00e1ilte, taitneamhach agus freagrach a shol\u00e1thar d\u00e1r n-imreoir\u00ed. Ag RocketPlay Casino, n\u00ed hamh\u00e1in gur ticbhosca \u00e9 cearrbhachas freagrach; is gn\u00e9 bhun\u00fasach d\u00e1r misean \u00e9 an t-eisp\u00e9ireas ceasa\u00edneo ar l\u00edne a ath-shainmh\u00edni\u00fa. B\u00edg\u00ed linn ag glacadh le sult na siamsa\u00edochta freagrach ag RocketPlay Casino \u2013 \u00e1it a bhfuil tiomantas do do dhea-bhail ag gabh\u00e1il leis an spleodar.<\/p>\n","protected":false},"excerpt":{"rendered":"<p>Is luach l\u00e1rnach \u00e9 cearrbhachas freagrach ag RocketPlay Casino, at\u00e1 leabaithe in\u00e1r misean timpeallacht shl\u00e1n agus thaitneamhach a shol\u00e1thar d\u00e1r n-imreoir\u00ed. Aithn\u00edmid na riosca\u00ed f\u00e9ideartha a bhaineann le cearrbhachas ar l\u00edne agus t\u00e1imid tiomanta do na riosca\u00ed seo a mhaol\u00fa tr\u00ed bhearta r\u00e9amhghn\u00edomhacha. Is cur chuige cuimsitheach \u00e9 \u00e1r dtionscnamh um Chearrbhachas Freagrach a bhfuil&#8230;<\/p>\n","protected":false},"author":1,"featured_media":0,"parent":0,"menu_order":0,"comment_status":"closed","ping_status":"closed","template":"","meta":{"_acf_changed":false,"_kad_post_transparent":"default","_kad_post_title":"default","_kad_post_layout":"default","_kad_post_sidebar_id":"","_kad_post_content_style":"default","_kad_post_vertical_padding":"default","_kad_post_feature":"","_kad_post_feature_position":"","_kad_post_header":false,"_kad_post_footer":false,"footnotes":""},"class_list":["post-3752","page","type-page","status-publish","hentry"],"acf":[],"rttpg_featured_image_url":null,"rttpg_author":{"display_name":"Elvis","author_link":"https:\/\/rocketplay-slot.com\/ga\/author\/pemvas95n89x\/"},"rttpg_comment":0,"rttpg_category":null,"rttpg_excerpt":"Is luach l\u00e1rnach \u00e9 cearrbhachas freagrach ag RocketPlay Casino, at\u00e1 leabaithe in\u00e1r misean timpeallacht shl\u00e1n agus thaitneamhach a shol\u00e1thar d\u00e1r n-imreoir\u00ed. Aithn\u00edmid na riosca\u00ed f\u00e9ideartha a bhaineann le cearrbhachas ar l\u00edne agus t\u00e1imid tiomanta do na riosca\u00ed seo a mhaol\u00fa tr\u00ed bhearta r\u00e9amhghn\u00edomhacha. Is cur chuige cuimsitheach \u00e9 \u00e1r dtionscnamh um Chearrbhachas Freagrach a bhfuil...","_links":{"self":[{"href":"https:\/\/rocketplay-slot.com\/ga\/wp-json\/wp\/v2\/pages\/3752","targetHints":{"allow":["GET"]}}],"collection":[{"href":"https:\/\/rocketplay-slot.com\/ga\/wp-json\/wp\/v2\/pages"}],"about":[{"href":"https:\/\/rocketplay-slot.com\/ga\/wp-json\/wp\/v2\/types\/page"}],"author":[{"embeddable":true,"href":"https:\/\/rocketplay-slot.com\/ga\/wp-json\/wp\/v2\/users\/1"}],"replies":[{"embeddable":true,"href":"https:\/\/rocketplay-slot.com\/ga\/wp-json\/wp\/v2\/comments?post=3752"}],"version-history":[{"count":1,"href":"https:\/\/rocketplay-slot.com\/ga\/wp-json\/wp\/v2\/pages\/3752\/revisions"}],"predecessor-version":[{"id":3753,"href":"https:\/\/rocketplay-slot.com\/ga\/wp-json\/wp\/v2\/pages\/3752\/revisions\/3753"}],"wp:attachment":[{"href":"https:\/\/rocketplay-slot.com\/ga\/wp-json\/wp\/v2\/media?parent=3752"}],"curies":[{"name":"wp","href":"https:\/\/api.w.org\/{rel}","templated":true}]}}