{"id":3777,"date":"2024-01-22T20:34:58","date_gmt":"2024-01-22T17:34:58","guid":{"rendered":"https:\/\/rocketplay-slot.com\/terms-conditions\/"},"modified":"2024-01-23T11:59:11","modified_gmt":"2024-01-23T08:59:11","slug":"terms-conditions","status":"publish","type":"page","link":"https:\/\/rocketplay-slot.com\/ga\/terms-conditions\/","title":{"rendered":"T\u00e9arma\u00ed \u204a Coinn\u00edollacha"},"content":{"rendered":"<p>F\u00e1ilte go RocketPlay Casino, do thic\u00e9ad chuig eisp\u00e9ireas cearrbhachais idir-r\u00e9altach! Sula dt\u00e9ann t\u00fa ar an turas cosma\u00ed seo, t\u00e1 s\u00e9 riachtanach eolas a chur ar na t\u00e9arma\u00ed agus na coinn\u00edollacha a riala\u00edonn do sh\u00fagradh. Is \u00e9 \u00e1r dtiomantas timpeallacht cearrbhachais gan uaim agus taitneamhach a shol\u00e1thar duit, ag cinnti\u00fa cothroime, sl\u00e1nd\u00e1la agus cearrbhachas freagrach. L\u00e9igh ar aghaidh chun ini\u00fachadh a dh\u00e9anamh ar na cruinne rialacha a mh\u00fanla\u00edonn do eachtra\u00edochta RocketPlay Casino.<\/p>\n<h2>Glacadh le T\u00e9arma\u00ed<\/h2>\n<p>Tr\u00ed rochtain agus \u00fas\u00e1id a bhaint as RocketPlay Casino, admha\u00edonn t\u00fa gur l\u00e9igh t\u00fa, gur thuig t\u00fa agus gur ghlac t\u00fa leis na t\u00e9arma\u00ed agus coinn\u00edollacha seo. T\u00e1 s\u00e9 r\u00edth\u00e1bhachtach fanacht ar an eolas faoi aon nuashonruithe n\u00f3 athruithe, mar go dtugann \u00fas\u00e1id lean\u00fanach ard\u00e1in le fios go nglacfaidh t\u00fa go lean\u00fanach leis na t\u00e9arma\u00ed.<\/p>\n<h2>Cl\u00e1r\u00fa Cuntais agus Sl\u00e1nd\u00e1il<\/h2>\n<p>Is \u00e9 do phas chuig na r\u00e9alta\u00ed \u00e9 cuntas a chruth\u00fa ag RocketPlay Casino. Cinntigh, \u00e1fach, go bhfuil an fhaisn\u00e9is a shol\u00e1thra\u00edonn t\u00fa le linn cl\u00e1r\u00fach\u00e1in cruinn agus cothrom le d\u00e1ta. T\u00e1 t\u00fa freagrach as r\u00fandacht do dhinti\u00fair chuntais a choinne\u00e1il. Ba cheart aon ghn\u00edomha\u00edocht amhrasach a thuairisci\u00fa go pras d\u00e1r bhfoireann taca\u00edochta. Tugaimid t\u00fas \u00e1ite do shl\u00e1nd\u00e1il do shonra\u00ed, ag baint \u00fas\u00e1ide as ardmhodhanna criptithe chun do chuid faisn\u00e9ise pearsanta a chosaint.<\/p>\n<h2>C\u00e1ilitheacht agus Dl\u00ednse<\/h2>\n<p>Is cl\u00f3s s\u00fagartha idir-r\u00e9altach \u00e9 RocketPlay Casino, ach n\u00ed f\u00e9idir le gach duine a bheith p\u00e1irteach sa ch\u00f3isir chosmach. Caithfidh imreoir\u00ed a bheith in aois dhl\u00edthi\u00fail ina ndl\u00ednse chun p\u00e1irt a ghlacadh. T\u00e1 srian ar ch\u00f3naitheoir\u00ed t\u00edortha ina bhfuil cosc ar chearrbhachas ar l\u00edne \u00e1r n-ard\u00e1n a \u00fas\u00e1id. Is ortsa at\u00e1 an fhreagracht a chinnti\u00fa go gcomhl\u00edontar dl\u00edthe \u00e1iti\u00fala.<\/p>\n<h2>Taisc\u00ed agus Aistarraingt\u00ed<\/h2>\n<p>Teasta\u00edonn borradh airgeadais chun do thuras RocketPlay a bhreosla. Agus taisc\u00ed \u00e1 dh\u00e9anamh agat, cinntigh go mbaineann an modh \u00edoca\u00edochta leat. Pr\u00f3ise\u00e1iltear iarratais ar tharraingt siar go pras, ach d\u2019fh\u00e9adfadh coinn\u00edollacha \u00e1irithe a bheith i bhfeidhm, amhail ceanglais geallchur a chomhl\u00edonadh. Cuir eolas ar \u00e1r bpolasaithe bainc\u00e9ireachta le do thoil chun idirbhearta rian\u00fala a chinnti\u00fa.<\/p>\n<h2>Rialacha Cearrbhachais agus Cothrom na F\u00e9inne<\/h2>\n<p>I r\u00e9imse m\u00f3r RocketPlay Casino, is \u00ed an chothroime an r\u00e9alta treorach. T\u00e1 gach cluiche deartha le bheith randamach agus cothrom, ag cinnti\u00fa comhdheiseanna do gach imreoir. N\u00ed ghlacfar le gn\u00edomha\u00edochta\u00ed caimil\u00e9ireachta agus calaoiseacha. D\u00e9anann \u00e1r gc\u00f3rais sofaistici\u00fala aon iompar m\u00edmhac\u00e1nta a bhrath agus a chosc. Bain sult as na cluich\u00ed go freagrach agus go heitici\u00fail.<\/p>\n<h2>B\u00f3nais agus Arduithe C\u00e9ime<\/h2>\n<p>Agus t\u00fa ag ini\u00fachadh r\u00e9altra\u00ed RocketPlay, b\u00ed ag faire amach do bh\u00f3nais spreag\u00fala agus cur chun cinn. Mar sin f\u00e9in, tagann gach bronntanas cosma\u00ed lena sraith t\u00e9arma\u00ed. D\u2019fh\u00e9adfadh go mbeadh feidhm ag ceanglais geallchur, d\u00e1ta\u00ed \u00e9aga, agus srianta cluiche. L\u00e9igh na t\u00e9arma\u00ed b\u00f3nais go c\u00faramach chun an leas is fearr a bhaint as na tairiscint\u00ed neamha\u00ed seo.<\/p>\n<h2>Cearrbhachas Freagrach<\/h2>\n<p>Molann RocketPlay Casino do chearrbhachas freagrach. C\u00e9 go bhfuil cosmos na siamsa\u00edochta ollmh\u00f3r, t\u00e1 s\u00e9 r\u00edth\u00e1bhachtach teorainneacha a shocr\u00fa agus imirt laistigh d&#8217;acmhainn\u00ed. Sol\u00e1thra\u00edonn \u00e1r n-ard\u00e1n uirlis\u00ed le haghaidh f\u00e9in-eisiamh, teorainneacha taisce, agus amanna ama chun timpeallacht shl\u00e1inti\u00fail cearrbhachais a chur chun cinn. Iarr c\u00fanamh m\u00e1 chreideann t\u00fa go bhfuil fadhb agat le cearrbhachas.<\/p>\n<h2>Foirceannadh an Chuntais<\/h2>\n<p>I Cruinne RocketPlay at\u00e1 ag m\u00e9ad\u00fa i gc\u00f3na\u00ed, riala\u00edonn roinnt rialacha deireadh do thurais. F\u00e9adfar cuntais a fhoirceannadh ar ch\u00faiseanna \u00e9ags\u00fala, lena n-\u00e1ir\u00edtear s\u00e1r\u00fa t\u00e9arma\u00ed, calaois n\u00f3 ceanglais dhl\u00edthi\u00fala. Forchoime\u00e1dann RocketPlay an ceart chun cuntais a dh\u00fanadh gan f\u00f3gra a thabhairt roimh r\u00e9. A chinnti\u00fa go gcomhl\u00edontar \u00e1r dt\u00e9arma\u00ed chun rochtain gan bhriseadh ar an eachtra chosma\u00ed a fh\u00e1il.<\/p>\n<h2>Beartas Pr\u00edobh\u00e1ideachta<\/h2>\n<p>Is tosa\u00edocht ard \u00e9 do phr\u00edobh\u00e1ideacht a chosaint ag RocketPlay Casino. Iml\u00edn\u00edonn \u00e1r bPolasa\u00ed Pr\u00edobh\u00e1ideachta conas a bhail\u00edtear, a \u00fas\u00e1idtear agus a sh\u00e1bh\u00e1iltear do shonra\u00ed. Aonta\u00edonn t\u00fa leis na cleachtais a bhfuil cur s\u00edos orthu sa Bheartas Pr\u00edobh\u00e1ideachta tr\u00ed \u00fas\u00e1id a bhaint as \u00e1r n-ard\u00e1n. Cuir an doicim\u00e9ad seo ar an eolas le do thoil chun tuiscint a fh\u00e1il ar na bearta a ghlacaimid chun r\u00fandacht do chuid faisn\u00e9ise a chinnti\u00fa.<\/p>\n<h2>Maoin Intleacht\u00fail<\/h2>\n<p>Eascra\u00edonn t\u00e9ama cosmach agus f\u00e9ini\u00falacht branda RocketPlay Casino as iarrachta\u00ed cruthaitheacha. Meas ar \u00e1r gcearta maoine intleacht\u00fala, agus staon \u00f3 \u00fas\u00e1id neamh\u00fadaraithe \u00e1r dtr\u00e1dmharcanna, l\u00f3g\u00f3nna, n\u00f3 aon \u00e1bhar eile. D\u2019fh\u00e9adfadh iarmhairt\u00ed dl\u00edthi\u00fala a bheith mar thoradh ar aon s\u00e1r\u00fa.<\/p>\n<h2>S\u00e9anadh Dliteanais<\/h2>\n<p>C\u00e9 go nd\u00e9anaimid \u00e1r nd\u00edcheall turas cosmach gan sm\u00e1l, n\u00ed f\u00e9idir le RocketPlay Casino oibri\u00fa gan bhriseadh gan earr\u00e1id a r\u00e1th\u00fa. N\u00edlimid faoi dhliteanas i leith aon saincheisteanna teicni\u00fala, lena n-\u00e1ir\u00edtear ach gan a bheith teoranta do downtime freastala\u00ed, glitches bogearra\u00ed, n\u00f3 fadhbanna nascachta. Is ar do phriacal f\u00e9in at\u00e1 an \u00fas\u00e1id a bhaineann t\u00fa as an ard\u00e1n.<\/p>\n<h2>Leasuithe ar Th\u00e9arma\u00ed agus Coinn\u00edollacha<\/h2>\n<p>T\u00e1 an cosmos ag s\u00edorathr\u00fa, agus mar sin t\u00e1 na rialacha a riala\u00edonn RocketPlay Casino. Coime\u00e1daimid an ceart na t\u00e9arma\u00ed agus coinn\u00edollacha seo a leas\u00fa n\u00f3 a mhodhn\u00fa ag am ar bith. Is ortsa at\u00e1 an fhreagracht fanacht ar an eolas faoi aon nuashonruithe. Cialla\u00edonn \u00fas\u00e1id lean\u00fanach an ard\u00e1in go nglacfar leis na t\u00e9arma\u00ed athbhreithnithe.<\/p>\n<h2>T\u00fas ar Do Eachtra R\u00e9altrach go Freagrach<\/h2>\n<p>Tugann RocketPlay Casino cuireadh duit dul ar eachtra chosma\u00ed l\u00e1n de spleodar agus siamsa\u00edocht. M\u00e1 chuirtear t\u00fa f\u00e9in ar an eolas len\u00e1r dt\u00e9arma\u00ed agus coinn\u00edollacha, \u00e1irith\u00edtear turas r\u00e9idh tr\u00ed na r\u00e9alta\u00ed. D\u00e9an nasclean\u00faint go freagrach, imirt go heitici\u00fail, agus lig do ghaotha cosmacha an \u00e1dh t\u00fa a threor\u00fa agus t\u00fa ag ini\u00fachadh r\u00e9altra\u00ed RocketPlay Casino. Go mbeadh do thaith\u00ed cluich\u00edochta chomh gan teorainn leis an gcruinne f\u00e9in!<\/p>\n","protected":false},"excerpt":{"rendered":"<p>F\u00e1ilte go RocketPlay Casino, do thic\u00e9ad chuig eisp\u00e9ireas cearrbhachais idir-r\u00e9altach! Sula dt\u00e9ann t\u00fa ar an turas cosma\u00ed seo, t\u00e1 s\u00e9 riachtanach eolas a chur ar na t\u00e9arma\u00ed agus na coinn\u00edollacha a riala\u00edonn do sh\u00fagradh. Is \u00e9 \u00e1r dtiomantas timpeallacht cearrbhachais gan uaim agus taitneamhach a shol\u00e1thar duit, ag cinnti\u00fa cothroime, sl\u00e1nd\u00e1la agus cearrbhachas freagrach. L\u00e9igh&#8230;<\/p>\n","protected":false},"author":1,"featured_media":0,"parent":0,"menu_order":0,"comment_status":"closed","ping_status":"closed","template":"","meta":{"_acf_changed":false,"_kad_post_transparent":"default","_kad_post_title":"default","_kad_post_layout":"default","_kad_post_sidebar_id":"","_kad_post_content_style":"default","_kad_post_vertical_padding":"default","_kad_post_feature":"","_kad_post_feature_position":"","_kad_post_header":false,"_kad_post_footer":false,"footnotes":""},"class_list":["post-3777","page","type-page","status-publish","hentry"],"acf":[],"rttpg_featured_image_url":null,"rttpg_author":{"display_name":"Elvis","author_link":"https:\/\/rocketplay-slot.com\/ga\/author\/pemvas95n89x\/"},"rttpg_comment":0,"rttpg_category":null,"rttpg_excerpt":"F\u00e1ilte go RocketPlay Casino, do thic\u00e9ad chuig eisp\u00e9ireas cearrbhachais idir-r\u00e9altach! Sula dt\u00e9ann t\u00fa ar an turas cosma\u00ed seo, t\u00e1 s\u00e9 riachtanach eolas a chur ar na t\u00e9arma\u00ed agus na coinn\u00edollacha a riala\u00edonn do sh\u00fagradh. Is \u00e9 \u00e1r dtiomantas timpeallacht cearrbhachais gan uaim agus taitneamhach a shol\u00e1thar duit, ag cinnti\u00fa cothroime, sl\u00e1nd\u00e1la agus cearrbhachas freagrach. L\u00e9igh...","_links":{"self":[{"href":"https:\/\/rocketplay-slot.com\/ga\/wp-json\/wp\/v2\/pages\/3777","targetHints":{"allow":["GET"]}}],"collection":[{"href":"https:\/\/rocketplay-slot.com\/ga\/wp-json\/wp\/v2\/pages"}],"about":[{"href":"https:\/\/rocketplay-slot.com\/ga\/wp-json\/wp\/v2\/types\/page"}],"author":[{"embeddable":true,"href":"https:\/\/rocketplay-slot.com\/ga\/wp-json\/wp\/v2\/users\/1"}],"replies":[{"embeddable":true,"href":"https:\/\/rocketplay-slot.com\/ga\/wp-json\/wp\/v2\/comments?post=3777"}],"version-history":[{"count":1,"href":"https:\/\/rocketplay-slot.com\/ga\/wp-json\/wp\/v2\/pages\/3777\/revisions"}],"predecessor-version":[{"id":3778,"href":"https:\/\/rocketplay-slot.com\/ga\/wp-json\/wp\/v2\/pages\/3777\/revisions\/3778"}],"wp:attachment":[{"href":"https:\/\/rocketplay-slot.com\/ga\/wp-json\/wp\/v2\/media?parent=3777"}],"curies":[{"name":"wp","href":"https:\/\/api.w.org\/{rel}","templated":true}]}}