{"id":3802,"date":"2024-01-22T21:12:25","date_gmt":"2024-01-22T18:12:25","guid":{"rendered":"https:\/\/rocketplay-slot.com\/underage-gaming-policy\/"},"modified":"2024-01-23T12:23:30","modified_gmt":"2024-01-23T09:23:30","slug":"underage-gaming-policy","status":"publish","type":"page","link":"https:\/\/rocketplay-slot.com\/ga\/underage-gaming-policy\/","title":{"rendered":"Beartas Cearrbhachais Faoi Aois"},"content":{"rendered":"<p>T\u00e1 cearrbhachas freagrach ina chro\u00edphrionsabal ag RocketPlay Casino, \u00e1 thiom\u00e1int ag an tuiscint gur cheart go mbeadh cearrbhachas ina chine\u00e1l siamsa\u00edochta do dhaoine f\u00e1sta ar f\u00e9idir leo cinnt\u00ed eolasacha a dh\u00e9anamh. Agus an fheals\u00fanacht seo san \u00e1ireamh, t\u00e1 polasaithe cuimsitheacha cruthaithe ag RocketPlay chun cosc a chur ar dhaoine faoi aois rochtain a fh\u00e1il ar ghn\u00edomha\u00edocht chearrbhachais ar l\u00edne de chine\u00e1l ar bith agus p\u00e1irt a ghlacadh ann.<\/p>\n<h2>Pr\u00f3tacail F\u00edoraithe Aoise<\/h2>\n<p>Fosta\u00edonn RocketPlay Casino pr\u00f3tacail f\u00edoraithe aoise den scoth chun a thiomantas do chearrbhachas freagrach a neart\u00fa. T\u00e1 na pr\u00f3tacail seo deartha lena chinnti\u00fa nach f\u00e9idir ach le daoine aonair a bhfuil an aois dhl\u00edthi\u00fail chearrbhachais bainte amach acu ina ndl\u00edns\u00ed faoi seach cuntais a chruth\u00fa agus dul i mbun gn\u00edomha\u00edochta\u00ed cearrbhachais f\u00edor-airgid. \u00das\u00e1ideann RocketPlay arduirlis\u00ed f\u00edoraithe aitheantais agus crostagairt\u00ed le bunachair shonra\u00ed oifigi\u00fala chun aois agus c\u00e9annacht gach \u00fas\u00e1ideora a shu\u00edomh.<\/p>\n<h2>Pr\u00f3iseas Cl\u00e1r\u00fach\u00e1in agus Doicim\u00e9ad\u00fach\u00e1n<\/h2>\n<p>Baineann n\u00f3s imeachta f\u00edoraithe mionch\u00faiseach leis an bpr\u00f3iseas cl\u00e1r\u00fach\u00e1in ag RocketPlay Casino. N\u00ed m\u00f3r d\u2019imreoir\u00ed ionchasacha doicim\u00e9id bhail\u00ed aitheantais a chur isteach, amhail IDanna n\u00f3 pasanna arna n-eisi\u00faint ag an rialtas, le linn cl\u00e1r\u00fach\u00e1in. T\u00e1 an doicim\u00e9ad\u00fa seo r\u00edth\u00e1bhachtach chun aois agus c\u00e9annacht an imreora a dhearbh\u00fa. Cinnt\u00edonn clo\u00ed RocketPlay Casino leis na bearta f\u00edoraithe d\u00e9ine seo cosaint i gcoinne cearrbhachas faoi aois.<\/p>\n<h2>Forfheidhmi\u00fa Dian ar Shrianta Aoise<\/h2>\n<p>Coinn\u00edonn RocketPlay Casino tiomantas seasta do shrianta aoise a fhorfheidhmi\u00fa go docht. \u00das\u00e1ideann an ceasa\u00edneo teicneola\u00edocht gheoshu\u00edmh cheannr\u00f3da\u00edoch chun su\u00edomh fisiceach a chuid \u00fas\u00e1ideoir\u00ed a fh\u00e1il amach. Cuid\u00edonn an teicneola\u00edocht seo, in \u00e9ineacht le rian\u00fa IP, lena chinnti\u00fa go bhfuil imreoir\u00ed ag rochtain ar an ard\u00e1n \u00f3 dhl\u00edns\u00ed ina bhfuil cearrbhachas ar l\u00edne dl\u00edthi\u00fail agus go gcomhl\u00edonann siad na riachtanais aoise.<\/p>\n<h2>Tionscnaimh agus Feasacht Oideachais<\/h2>\n<p>Chomh maith le bearta forfheidhmithe d\u00e9ine, cuireann RocketPlay Casino oideachas r\u00e9amhghn\u00edomhach ar a chuid \u00fas\u00e1ideoir\u00ed maidir le cleachtais chearrbhachais fhreagracha. Sol\u00e1thra\u00edonn an t-ard\u00e1n faisn\u00e9is chuimsitheach faoin aois dhl\u00edthi\u00fail chearrbhachais i ndl\u00edns\u00ed \u00e9ags\u00fala agus spreagann s\u00e9 imreoir\u00ed a bheith ar an eolas faoi dhl\u00edthe agus rialach\u00e1in \u00e1iti\u00fala agus clo\u00ed leo.<\/p>\n<p>Ina theannta sin, t\u00e1 RocketPlay Casino tiomanta do fheasacht a ard\u00fa faoi na riosca\u00ed f\u00e9ideartha a bhaineann le cearrbhachas faoi aois. Scaipeann an t-ard\u00e1n faisn\u00e9is faoin t\u00e1bhacht a bhaineann le sonra\u00ed pearsanta log\u00e1il isteach a choinne\u00e1il sl\u00e1n agus na hiarmhairt\u00ed a d\u2019fh\u00e9adfadh a bheith ann d\u00e1 gcead\u00f3fa\u00ed do mhionaoisigh rochtain a fh\u00e1il ar ard\u00e1in chearrbhachais. T\u00e1 s\u00e9 mar aidhm ag an tionscnamh oideachais seo moth\u00fa freagrachta a choth\u00fa i measc lucht imreoir\u00ed an cheasa\u00edneo.<\/p>\n<h2>Rialuithe Tuismitheoir\u00ed agus Uirlis\u00ed Scagtha<\/h2>\n<p>Aithn\u00edonn RocketPlay Casino an r\u00f3l at\u00e1 ag tuismitheoir\u00ed agus caomhn\u00f3ir\u00ed maidir le mionaoisigh a chosaint \u00f3 na dochair a d\u2019fh\u00e9adfadh a bheith ag cearrbhachas ar l\u00edne. Sol\u00e1thra\u00edonn an ceasa\u00edneo rialuithe l\u00e1idre tuismitheoir\u00ed agus uirlis\u00ed scagtha chun tac\u00fa leis an iarracht seo. Tugann na huirlis\u00ed seo cumhacht do thuismitheoir\u00ed rochtain ar shu\u00edomh Gr\u00e9as\u00e1in an cheasa\u00edneo a shrianadh ar ghl\u00e9asanna a \u00fas\u00e1ideann mionaoisigh. Creideann RocketPlay gur freagracht roinnte \u00e9 cearrbhachas freagrach, agus cuireann na gn\u00e9ithe seo ar chumas tuismitheoir\u00ed p\u00e1irt ghn\u00edomhach a ghlacadh i dtimpeallacht shl\u00e1n ar l\u00edne a chothabh\u00e1il d\u00e1 leana\u00ed.<\/p>\n<h2>Meicn\u00edochta\u00ed Tuairiscithe agus Seirbh\u00eds\u00ed Taca\u00edochta<\/h2>\n<p>T\u00e1 RocketPlay Casino tiomanta do thimpeallacht \u00fas\u00e1ideora oscailte agus tr\u00e9dhearcach a chruth\u00fa. Spreagann an t-ard\u00e1n an pobal chun aon ch\u00e1sanna de chearrbhachas faoi aois a thuairisci\u00fa. Ligeann meicn\u00edocht tuairiscithe at\u00e1 inrochtana go h\u00e9asca d\u2019\u00fas\u00e1ideoir\u00ed s\u00e1ruithe f\u00e9ideartha a chur in i\u00fal d\u2019fhoireann taca\u00edochta an cheasa\u00edneo go pras. Imscr\u00fada\u00edonn an ceasa\u00edneo tuairisc\u00ed den s\u00f3rt sin go pras agus glacann s\u00e9 bearta cu\u00ed chun comhl\u00edonadh a Bheartas Cearrbhachais Faoi Aois a chinnti\u00fa.<\/p>\n<p>Ina theannta sin, sol\u00e1thra\u00edonn RocketPlay seirbh\u00eds\u00ed taca\u00edochta d\u00f3ibh si\u00fad a d\u2019fh\u00e9adfadh a bheith ag streachailt le saincheisteanna a bhaineann le cearrbhachas. Comhoibr\u00edonn an t-ard\u00e1n le heagra\u00edochta\u00ed freagracha cearrbhachais chun acmhainn\u00ed, l\u00ednte cabhrach agus roghanna f\u00e9in-eisiaimh a thairiscint d\u2019imreoir\u00ed at\u00e1 ag lorg c\u00fanaimh chun a gcuid n\u00f3sanna cearrbhachais a bhainisti\u00fa.<\/p>\n<h2>Feabhs\u00fa Lean\u00fanach agus Oiri\u00fan\u00fa<\/h2>\n<p>T\u00e1 RocketPlay Casino tiomanta d&#8217;fheabhs\u00fa lean\u00fanach ar a chleachtais cearrbhachais freagracha. D\u00e9anann an t-ard\u00e1n athbhreithni\u00fa agus nuashonr\u00fa rialta ar a Bheartas Cearrbhachais Faoi Aois chun ail\u00edni\u00fa le teicneola\u00edochta\u00ed at\u00e1 ag teacht chun cinn agus le dea-chleachtais an tionscail. Tr\u00ed fanacht chun tosaigh ar an gcuar, cinnt\u00edonn RocketPlay go bhfuil a thiomantas do chearrbhachas freagrach f\u00f3s ar th\u00fas cadhna\u00edochta ina chuid oibr\u00edochta\u00ed.<\/p>\n<h2>Cur Chuige Ioml\u00e1na\u00edoch maidir le Cearrbhachas Freagrach<\/h2>\n<p>Mar fhocal scoir, is teist \u00e9 Beartas Cearrbhachais Faoi Aois RocketPlay Casino ar a thiomantas do thimpeallacht chearrbhachais at\u00e1 s\u00e1bh\u00e1ilte agus freagrach a choth\u00fa. Tr\u00ed phr\u00f3tacail f\u00edoraithe aoise d\u00e9ine, tionscnaimh oideachais, rialuithe tuismitheoir\u00ed, agus seirbh\u00eds\u00ed taca\u00edochta, t\u00e1 RocketPlay ag m\u00fanl\u00fa go gn\u00edomhach pobal cearrbhachais a thugann tosa\u00edocht d&#8217;iompar freagrach. De r\u00e9ir mar a fhorbra\u00edonn t\u00edrdhreach an chearrbhachais ar l\u00edne, t\u00e1 RocketPlay seasmhach ina thiomantas do na caighde\u00e1in is airde de chearrbhachas freagrach a sheasamh, ag cinnti\u00fa eisp\u00e9ireas taitneamhach sl\u00e1n do gach imreoir.<\/p>\n","protected":false},"excerpt":{"rendered":"<p>T\u00e1 cearrbhachas freagrach ina chro\u00edphrionsabal ag RocketPlay Casino, \u00e1 thiom\u00e1int ag an tuiscint gur cheart go mbeadh cearrbhachas ina chine\u00e1l siamsa\u00edochta do dhaoine f\u00e1sta ar f\u00e9idir leo cinnt\u00ed eolasacha a dh\u00e9anamh. Agus an fheals\u00fanacht seo san \u00e1ireamh, t\u00e1 polasaithe cuimsitheacha cruthaithe ag RocketPlay chun cosc a chur ar dhaoine faoi aois rochtain a fh\u00e1il ar&#8230;<\/p>\n","protected":false},"author":1,"featured_media":0,"parent":0,"menu_order":0,"comment_status":"closed","ping_status":"closed","template":"","meta":{"_acf_changed":false,"_kad_post_transparent":"default","_kad_post_title":"default","_kad_post_layout":"default","_kad_post_sidebar_id":"","_kad_post_content_style":"default","_kad_post_vertical_padding":"default","_kad_post_feature":"","_kad_post_feature_position":"","_kad_post_header":false,"_kad_post_footer":false,"footnotes":""},"class_list":["post-3802","page","type-page","status-publish","hentry"],"acf":[],"rttpg_featured_image_url":null,"rttpg_author":{"display_name":"Elvis","author_link":"https:\/\/rocketplay-slot.com\/ga\/author\/pemvas95n89x\/"},"rttpg_comment":0,"rttpg_category":null,"rttpg_excerpt":"T\u00e1 cearrbhachas freagrach ina chro\u00edphrionsabal ag RocketPlay Casino, \u00e1 thiom\u00e1int ag an tuiscint gur cheart go mbeadh cearrbhachas ina chine\u00e1l siamsa\u00edochta do dhaoine f\u00e1sta ar f\u00e9idir leo cinnt\u00ed eolasacha a dh\u00e9anamh. Agus an fheals\u00fanacht seo san \u00e1ireamh, t\u00e1 polasaithe cuimsitheacha cruthaithe ag RocketPlay chun cosc a chur ar dhaoine faoi aois rochtain a fh\u00e1il ar...","_links":{"self":[{"href":"https:\/\/rocketplay-slot.com\/ga\/wp-json\/wp\/v2\/pages\/3802","targetHints":{"allow":["GET"]}}],"collection":[{"href":"https:\/\/rocketplay-slot.com\/ga\/wp-json\/wp\/v2\/pages"}],"about":[{"href":"https:\/\/rocketplay-slot.com\/ga\/wp-json\/wp\/v2\/types\/page"}],"author":[{"embeddable":true,"href":"https:\/\/rocketplay-slot.com\/ga\/wp-json\/wp\/v2\/users\/1"}],"replies":[{"embeddable":true,"href":"https:\/\/rocketplay-slot.com\/ga\/wp-json\/wp\/v2\/comments?post=3802"}],"version-history":[{"count":1,"href":"https:\/\/rocketplay-slot.com\/ga\/wp-json\/wp\/v2\/pages\/3802\/revisions"}],"predecessor-version":[{"id":3803,"href":"https:\/\/rocketplay-slot.com\/ga\/wp-json\/wp\/v2\/pages\/3802\/revisions\/3803"}],"wp:attachment":[{"href":"https:\/\/rocketplay-slot.com\/ga\/wp-json\/wp\/v2\/media?parent=3802"}],"curies":[{"name":"wp","href":"https:\/\/api.w.org\/{rel}","templated":true}]}}