{"id":1423,"date":"2022-09-30T14:50:51","date_gmt":"2022-09-30T11:50:51","guid":{"rendered":"https:\/\/rocketplay-slot.com\/3-coins\/"},"modified":"2025-11-24T20:55:46","modified_gmt":"2025-11-24T17:55:46","slug":"3-coins","status":"publish","type":"page","link":"https:\/\/rocketplay-slot.com\/pl\/3-coins\/","title":{"rendered":"3 monety trzymaj i wygrywaj"},"content":{"rendered":"<p><img loading=\"lazy\" decoding=\"async\" class=\"size-medium wp-image-411 alignleft\" src=\"https:\/\/rocketplay-slot.com\/wp-content\/uploads\/2022\/09\/3-coins-hold-and-win-300x300.png\" alt=\"3 Coins Hold And Win\" width=\"300\" height=\"300\" srcset=\"https:\/\/rocketplay-slot.com\/wp-content\/uploads\/2022\/09\/3-coins-hold-and-win-300x300.png 300w, https:\/\/rocketplay-slot.com\/wp-content\/uploads\/2022\/09\/3-coins-hold-and-win-150x150.png 150w, https:\/\/rocketplay-slot.com\/wp-content\/uploads\/2022\/09\/3-coins-hold-and-win.png 425w\" sizes=\"auto, (max-width: 300px) 100vw, 300px\" \/><\/p>\n<p>Ogromna ekspansja jednego z wiod\u0105cych \u015bwiatowych tw\u00f3rc\u00f3w tre\u015bci hazardowych, Booongo, mo\u017cna znale\u017a\u0107 w asortymencie gier na portalu. Slot na monety Rocket Play 3 jest zdecydowanie wart Twojej uwagi i czasu. Rok po premierze gra zosta\u0142a niezwykle ukochana przez tysi\u0105ce klient\u00f3w. A ka\u017cdego dnia armia fan\u00f3w automatu tylko si\u0119 powi\u0119ksza. Zosta\u0144 koneserem tej rozrywki i od razu rozpocznij przygod\u0119.<\/p>\n<h2>3 MONETY ZATRZYMAJ I WYGRAJ RECENZJ\u0118<\/h2>\n<p>Przedstawiamy Wam recenzj\u0119 automatu do gry na monety Rocket Play 3. Nasz kr\u00f3tki opis zawiera wszystkie ciekawe informacje o programie i wa\u017cne fakty, kt\u00f3re przydadz\u0105 si\u0119. Dla lepszej prezentacji i zrozumienia wszystkiego, co ma wp\u0142yw, przeczytaj tabel\u0119.<\/p>\n<table border=\"0\" cellspacing=\"0\" cellpadding=\"0\">\n<tbody>\n<tr>\n<td>Deweloper<\/td>\n<td><b>Booongo<\/b><\/td>\n<\/tr>\n<tr>\n<td>Data pojawienia si\u0119<\/td>\n<td>2021<\/td>\n<\/tr>\n<tr>\n<td>Linie<\/td>\n<td>5<\/td>\n<\/tr>\n<tr>\n<td>Ko\u0142a<\/td>\n<td>3<\/td>\n<\/tr>\n<tr>\n<td>Wydziwianie<\/td>\n<td>3<\/td>\n<\/tr>\n<tr>\n<td>Bonusy<\/td>\n<td>odrzucony;<\/p>\n<p>Funkcja bonusowa<\/td>\n<\/tr>\n<tr>\n<td>RTP<\/td>\n<td>95,82%<\/td>\n<\/tr>\n<tr>\n<td>Zak\u0142ady diapazon<\/td>\n<td>0.01-80 PLN<\/td>\n<\/tr>\n<\/tbody>\n<\/table>\n<p>&nbsp;<\/p>\n<p>Po przestudiowaniu gry mo\u017cna zauwa\u017cy\u0107 wiele pozytywnych punkt\u00f3w, kt\u00f3re sprawiaj\u0105, \u017ce jest tak skuteczna w\u015br\u00f3d u\u017cytkownik\u00f3w. Oto niezwykle wygodna i szybka rozgrywka. Wszystko jest intuicyjne. Nawet pocz\u0105tkuj\u0105cy, kt\u00f3ry po raz pierwszy ma do czynienia ze slotami, potrzebuje zaledwie kilku minut na zapoznanie si\u0119 i poznanie funkcji menu g\u0142\u00f3wnego. Ponadto, je\u015bli masz jakie\u015b pytania, zawsze mo\u017cesz zajrze\u0107 do podpowiedzi, kt\u00f3re szczeg\u00f3\u0142owo opisz\u0105 wszystkie niezb\u0119dne funkcje, ikony i symbole gry.<\/p>\n<p>Jest tu ca\u0142kiem solidna seria bonus\u00f3w. Cztery respiny i dodatkowa runda z pewno\u015bci\u0105 nie pozostawi\u0105 Ci\u0119 bez wra\u017ce\u0144. Super okazje do niesamowitych wygranych! Nawet przy minimalnym zak\u0142adzie wynosz\u0105cym zaledwie 10 cent\u00f3w mo\u017cesz otrzyma\u0107 ca\u0142kiem niez\u0142\u0105 nagrod\u0119.<\/p>\n<h2>JAK GRA\u0106 W GR\u0118 3 MONETY EGIPT?<\/h2>\n<p>W portalu mo\u017cna gra\u0107 na dwa sposoby:<\/p>\n<ul>\n<li>Rocket Play 3 monety za darmo;<\/li>\n<li>Rocket Play 3 monety wrzutowe na prawdziwe pieni\u0105dze.<\/li>\n<\/ul>\n<p>Pierwsza opcja jest dost\u0119pna dla wszystkich odwiedzaj\u0105cych portal bez rejestracji lub depozytu. Druga opcja wymaga obu. Otwiera jednak drog\u0119 do niesamowitych wygranych. Zarejestruj si\u0119, dokonaj wp\u0142aty na swoje konto, wybierz ten slot i uruchom go. Dla udanej rotacji warto:<\/p>\n<ul>\n<li>ustawi\u0107 wielko\u015b\u0107 zak\u0142adu;<\/li>\n<li>wybierz liczb\u0119 linii;<\/li>\n<li>naci\u015bnij Start;<\/li>\n<li>poczekaj na zako\u0144czenie rotacji.<\/li>\n<\/ul>\n<p>Wszystkie zwyci\u0119skie kombinacje s\u0105 obliczane automatycznie, a \u015brodki s\u0105 natychmiast wp\u0142acane na Twoje konto.<\/p>\n<p style=\"text-align: center;\"><img loading=\"lazy\" decoding=\"async\" class=\"aligncenter wp-image-413 size-full\" src=\"https:\/\/rocketplay-slot.com\/wp-content\/uploads\/2022\/09\/3-coins--e1664538849251.jpeg\" alt=\"3 coins RocketPlay\" width=\"680\" height=\"406\" srcset=\"https:\/\/rocketplay-slot.com\/wp-content\/uploads\/2022\/09\/3-coins--e1664538849251.jpeg 680w, https:\/\/rocketplay-slot.com\/wp-content\/uploads\/2022\/09\/3-coins--e1664538849251-300x179.jpeg 300w\" sizes=\"auto, (max-width: 680px) 100vw, 680px\" \/><\/p>\n<h2>3 MONETY EGIPT AUTOMATYKA CECHY<\/h2>\n<p>Slot Rocket Play 3 monety online to klasyczna i znana rozrywka dla do\u015bwiadczonych graczy. Je\u015bli m\u00f3wimy konkretnie o funkcjach automatu, pierwsz\u0105 rzecz\u0105, kt\u00f3ra przychodzi na my\u015bl, jest obecno\u015b\u0107 4 respin\u00f3w. Pomog\u0105 one przej\u015b\u0107 do unikalnych rund z wy\u0142\u0105cznie specjalnymi, drogimi ikonami. Pomo\u017ce Ci to uzyska\u0107 niewiarygodny zysk. Najwy\u017csza wyp\u0142ata mo\u017ce wynosi\u0107 do 500-krotno\u015bci pocz\u0105tkowego zak\u0142adu.<\/p>\n<p>Kolejn\u0105 ciekawostk\u0105 dotycz\u0105c\u0105 slotu jest mo\u017cliwo\u015b\u0107 uzyskania losowego mno\u017cnika. Jego warto\u015b\u0107 mo\u017ce waha\u0107 si\u0119 od 1 do 20. To po raz kolejny pomaga uzyska\u0107 ogromny zysk przy minimalnej inwestycji kapita\u0142owej.<\/p>\n<h2>FAQ<\/h2>\n<h3>CZY MO\u017bESZ GRA\u0106 ZA DARMO?<\/h3>\n<p>Tak, wybieraj\u0105c wersj\u0119 demo automatu, mo\u017cesz gra\u0107 za darmo, bez depozytu, a nawet bez rejestracji. To \u015bwietna okazja, je\u015bli nie jeste\u015b jeszcze gotowy do inwestowania prawdziwych pieni\u0119dzy w hazard.<\/p>\n<h3>CO WYJ\u0104TKOWEGO JEST W AUTOMACIE?<\/h3>\n<p>Cech\u0105 pokies jest mo\u017cliwo\u015b\u0107 u\u017cycia w nim 4 respin\u00f3w, co otwiera dost\u0119p do rund bonusowych. Istnieje r\u00f3wnie\u017c losowy mno\u017cnik, kt\u00f3ry spada losowo i zwi\u0119ksza liczb\u0119 wygranych od 1 do 20 razy.<\/p>\n<h3>JAKA JEST G\u0141\u00d3WNA WADA AUTOMATYKI?<\/h3>\n<p>Takich wad nie zauwa\u017cyli\u015bmy po przejrzeniu gry. Jedyne, co mo\u017cna zauwa\u017cy\u0107, nawet nie jako wad\u0119, ale jako ma\u0142y niuans, to fakt, \u017ce w podstawowej wersji gry brakuje pewnych funkcji.<\/p>\n<p>Przeczytaj r\u00f3wnie\u017c o:<\/p>\n<ul>\n<li><a href=\"https:\/\/rocketplay-slot.com\/pl\/aloha-king-elvis\/\">Aloha King Elvis<\/a><\/li>\n<li><a href=\"https:\/\/rocketplay-slot.com\/pl\/black-wolf\/\">Black Wolf<\/a><\/li>\n<\/ul>\n","protected":false},"excerpt":{"rendered":"<p>Ogromna ekspansja jednego z wiod\u0105cych \u015bwiatowych tw\u00f3rc\u00f3w tre\u015bci hazardowych, Booongo, mo\u017cna znale\u017a\u0107 w asortymencie gier na portalu. Slot na monety Rocket Play 3 jest zdecydowanie wart Twojej uwagi i czasu. Rok po premierze gra zosta\u0142a niezwykle ukochana przez tysi\u0105ce klient\u00f3w. A ka\u017cdego dnia armia fan\u00f3w automatu tylko si\u0119 powi\u0119ksza. Zosta\u0144 koneserem tej rozrywki i od&#8230;<\/p>\n","protected":false},"author":1,"featured_media":0,"parent":0,"menu_order":0,"comment_status":"closed","ping_status":"closed","template":"","meta":{"_acf_changed":false,"_kad_post_transparent":"default","_kad_post_title":"default","_kad_post_layout":"default","_kad_post_sidebar_id":"","_kad_post_content_style":"default","_kad_post_vertical_padding":"default","_kad_post_feature":"","_kad_post_feature_position":"","_kad_post_header":false,"_kad_post_footer":false,"footnotes":""},"class_list":["post-1423","page","type-page","status-publish","hentry"],"acf":[],"rttpg_featured_image_url":null,"rttpg_author":{"display_name":"Elvis","author_link":"https:\/\/rocketplay-slot.com\/pl\/author\/pemvas95n89x\/"},"rttpg_comment":0,"rttpg_category":null,"rttpg_excerpt":"Ogromna ekspansja jednego z wiod\u0105cych \u015bwiatowych tw\u00f3rc\u00f3w tre\u015bci hazardowych, Booongo, mo\u017cna znale\u017a\u0107 w asortymencie gier na portalu. Slot na monety Rocket Play 3 jest zdecydowanie wart Twojej uwagi i czasu. Rok po premierze gra zosta\u0142a niezwykle ukochana przez tysi\u0105ce klient\u00f3w. A ka\u017cdego dnia armia fan\u00f3w automatu tylko si\u0119 powi\u0119ksza. Zosta\u0144 koneserem tej rozrywki i od...","_links":{"self":[{"href":"https:\/\/rocketplay-slot.com\/pl\/wp-json\/wp\/v2\/pages\/1423","targetHints":{"allow":["GET"]}}],"collection":[{"href":"https:\/\/rocketplay-slot.com\/pl\/wp-json\/wp\/v2\/pages"}],"about":[{"href":"https:\/\/rocketplay-slot.com\/pl\/wp-json\/wp\/v2\/types\/page"}],"author":[{"embeddable":true,"href":"https:\/\/rocketplay-slot.com\/pl\/wp-json\/wp\/v2\/users\/1"}],"replies":[{"embeddable":true,"href":"https:\/\/rocketplay-slot.com\/pl\/wp-json\/wp\/v2\/comments?post=1423"}],"version-history":[{"count":2,"href":"https:\/\/rocketplay-slot.com\/pl\/wp-json\/wp\/v2\/pages\/1423\/revisions"}],"predecessor-version":[{"id":1425,"href":"https:\/\/rocketplay-slot.com\/pl\/wp-json\/wp\/v2\/pages\/1423\/revisions\/1425"}],"wp:attachment":[{"href":"https:\/\/rocketplay-slot.com\/pl\/wp-json\/wp\/v2\/media?parent=1423"}],"curies":[{"name":"wp","href":"https:\/\/api.w.org\/{rel}","templated":true}]}}