{"id":1427,"date":"2022-09-30T15:52:03","date_gmt":"2022-09-30T12:52:03","guid":{"rendered":"https:\/\/rocketplay-slot.com\/aloha-king-elvis\/"},"modified":"2022-12-24T01:13:24","modified_gmt":"2022-12-23T22:13:24","slug":"aloha-king-elvis","status":"publish","type":"page","link":"https:\/\/rocketplay-slot.com\/pl\/aloha-king-elvis\/","title":{"rendered":"Aloha King Elvis Przejrze\u0107"},"content":{"rendered":"<p><img loading=\"lazy\" decoding=\"async\" class=\"aligncenter wp-image-425 size-full\" src=\"https:\/\/rocketplay-slot.com\/wp-content\/uploads\/2022\/09\/aloha-king-elvis.jpeg\" alt=\"Aloha King Elvis\" width=\"720\" height=\"240\" srcset=\"https:\/\/rocketplay-slot.com\/wp-content\/uploads\/2022\/09\/aloha-king-elvis.jpeg 720w, https:\/\/rocketplay-slot.com\/wp-content\/uploads\/2022\/09\/aloha-king-elvis-300x100.jpeg 300w\" sizes=\"auto, (max-width: 720px) 100vw, 720px\" \/><\/p>\n<p>Je\u015bli chcesz doda\u0107 jasne kolory do swojej rutyny, automat online Rocket Play Aloha King Elvis jest tym, czego potrzebujesz. Weso\u0142a \u017caba nie pozwoli si\u0119 nudzi\u0107. Motywy hawajskiej imprezy z szalonym ta\u0144cem i zabaw\u0105 oraz niesamowitymi wygranymi na pewno nie pozostawi\u0105 Ci\u0119 oboj\u0119tnym.<\/p>\n<p>Gra pojawi\u0142a si\u0119 stosunkowo niedawno, ale jej producent, firma BGaming, do\u0142o\u017cy\u0142a wszelkich stara\u0144, aby zapada\u0142a w pami\u0119\u0107 i by\u0142a lubiana przez wielu u\u017cytkownik\u00f3w. Zwracamy uwag\u0119 na recenzj\u0119 automatu Rocket Play Aloha King Elvis, dzi\u0119ki kt\u00f3rej b\u0119dziecie mogli pozna\u0107 t\u0119 rozrywk\u0119, pozna\u0107 wszystkie szczeg\u00f3\u0142y i od razu zacz\u0105\u0107 zarabia\u0107.<\/p>\n<p>Rocket Play Aloha King Elvis na prawdziwe pieni\u0105dze zosta\u0142 wydany latem 2021 roku i wielu u\u017cytkownik\u00f3w natychmiast to polubi\u0142o. Jasny design, dyskretna fabu\u0142a i doskona\u0142a oferta bonusowa podbi\u0142y serca wielu graczy.<\/p>\n<p>&nbsp;<\/p>\n<table border=\"0\" cellspacing=\"0\" cellpadding=\"0\">\n<tbody>\n<tr>\n<td><b>Deweloper\u00a0<\/b><\/td>\n<td><b>BGamowanie<\/b><\/td>\n<\/tr>\n<tr>\n<td>Data pojawienia si\u0119<\/td>\n<td>2021<\/td>\n<\/tr>\n<tr>\n<td>Linie<\/td>\n<td>20<\/td>\n<\/tr>\n<tr>\n<td>Ko\u0142a<\/td>\n<td>5<\/td>\n<\/tr>\n<tr>\n<td>Wydziwianie<\/td>\n<td>3<\/td>\n<\/tr>\n<tr>\n<td>Bonusy<\/td>\n<td>darmowe starty;<\/p>\n<p>3 jackpoty<\/td>\n<\/tr>\n<tr>\n<td>RTP<\/td>\n<td>94,9%<\/td>\n<\/tr>\n<tr>\n<td>Autoodtwarzanie<\/td>\n<td>+<\/td>\n<\/tr>\n<tr>\n<td>Znaki specjalne<\/td>\n<td>Rozprasza\u0107<\/p>\n<p>Dziki<\/td>\n<\/tr>\n<tr>\n<td>Zak\u0142ady diapazon<\/td>\n<td>0.25-50 PLN<\/td>\n<\/tr>\n<\/tbody>\n<\/table>\n<p>&nbsp;<\/p>\n<p>\u017baden hazardzista nie pozostanie oboj\u0119tny na niesamowite wyp\u0142aty i ekscytuj\u0105ce przygody, kt\u00f3re go tutaj czekaj\u0105.<\/p>\n<p>Jest tu ca\u0142kiem solidna seria bonus\u00f3w. Je\u015bli gracze nie s\u0105 ju\u017c zaskoczeni dodatkowymi darmowymi spinami Rocket Play Aloha King Elvis lub specjalnymi symbolami scatter, tw\u00f3rcy gry ukryli kilka dodatkowych sztuczek w r\u0119kawie. Cztery sta\u0142e jackpoty i dodatkowa mini-runda z pewno\u015bci\u0105 nie pozostawi\u0105 Ci\u0119 bez wra\u017ce\u0144. Super okazje do niewiarygodnych wygranych! Nawet przy minimalnym zak\u0142adzie wynosz\u0105cym zaledwie 25 cent\u00f3w mo\u017cesz otrzyma\u0107 ca\u0142kiem niez\u0142\u0105 nagrod\u0119.<\/p>\n<h2>GRAJ W GR\u0118<\/h2>\n<p>Po przestudiowaniu darmowego automatu Rocket Play Aloha King Elvis mo\u017cesz zauwa\u017cy\u0107 wiele pozytywnych punkt\u00f3w, kt\u00f3re sprawiaj\u0105, \u017ce jest tak skuteczny w\u015br\u00f3d u\u017cytkownik\u00f3w. Oto niezwykle wygodna i szybka rozgrywka. Wszystko jest intuicyjne. Nawet pocz\u0105tkuj\u0105cy, kt\u00f3ry po raz pierwszy ma do czynienia ze slotami, potrzebuje zaledwie kilku minut na zapoznanie si\u0119 i poznanie funkcji menu g\u0142\u00f3wnego.<\/p>\n<p>Konstrukcja gniazda jest przyjemna wizualnie. W tle gracze widz\u0105 tropikaln\u0105 przyrod\u0119 i atrybuty imprezy oraz niesamowit\u0105 hawajsk\u0105 zabaw\u0119: Zgodnie z tematem, zwyci\u0119skie kombinacje sk\u0142adaj\u0105 si\u0119 z tematycznych wizerunk\u00f3w osobisto\u015bci. Oto prezentowane:<\/p>\n<ul>\n<li>Weso\u0142a \u017caba z gitar\u0105 (dzika);<\/li>\n<li>\u017baba dziewczyna z koktajlem;<\/li>\n<li>Zabawny totem (\u0142y\u017cwiarz);<\/li>\n<li>R\u00f3\u017cowy van;<\/li>\n<li>Gitara;<\/li>\n<li>B\u0119bny;<\/li>\n<li>Zbieraj monety;<\/li>\n<li>Litery A, Q, K i J w kwiatach!<\/li>\n<\/ul>\n<p>Tej \u017cywej akcji w grach towarzysz\u0105 \u015bcie\u017cki d\u017awi\u0119kowe odpowiednie do tematu.<\/p>\n<p>Obie metody maj\u0105 identyczne zasady i warunki, z wyj\u0105tkiem komponentu finansowego w wersji demo. Zak\u0142ady s\u0105 obstawiane na wirtualne \u015brodki, a zatem wygrane s\u0105 otrzymywane w tej samej walucie. W dowolnym trybie gracze mog\u0105 korzysta\u0107 z autoodtwarzania.<\/p>\n<h2>CECHY<\/h2>\n<p>Rocket Play Aloha King Elvis to klasyczna rozrywka z 5 k\u00f3\u0142kami i 3 rz\u0119dami. Je\u015bli m\u00f3wimy konkretnie o funkcjach automatu, pierwsz\u0105 rzecz\u0105, kt\u00f3ra przychodzi na my\u015bl, jest obecno\u015b\u0107:<\/p>\n<ul>\n<li>3 jackpoty;<\/li>\n<li>Bezp\u0142atne wodowanie;<\/li>\n<li>Spiny;<\/li>\n<li>Gigantyczne ikony!<\/li>\n<\/ul>\n<p>Wszystkie te osobliwo\u015bci pomog\u0105 Ci uzyska\u0107 niesamowity zysk. Najwy\u017csza wyp\u0142ata mo\u017ce wynosi\u0107 do 2200-krotno\u015bci pocz\u0105tkowego zak\u0142adu.<\/p>\n<p style=\"text-align: center;\"><img loading=\"lazy\" decoding=\"async\" class=\"aligncenter wp-image-426 size-large\" src=\"https:\/\/rocketplay-slot.com\/wp-content\/uploads\/2022\/09\/aloha-king-elvis-slot-e1664541573948-1024x514.jpeg\" alt=\"Aloha King Elvis slot\" width=\"1024\" height=\"514\" srcset=\"https:\/\/rocketplay-slot.com\/wp-content\/uploads\/2022\/09\/aloha-king-elvis-slot-e1664541573948-1024x514.jpeg 1024w, https:\/\/rocketplay-slot.com\/wp-content\/uploads\/2022\/09\/aloha-king-elvis-slot-e1664541573948-300x151.jpeg 300w, https:\/\/rocketplay-slot.com\/wp-content\/uploads\/2022\/09\/aloha-king-elvis-slot-e1664541573948-768x386.jpeg 768w, https:\/\/rocketplay-slot.com\/wp-content\/uploads\/2022\/09\/aloha-king-elvis-slot-e1664541573948.jpeg 1455w\" sizes=\"auto, (max-width: 1024px) 100vw, 1024px\" \/><\/p>\n<h2>WNIOSEK<\/h2>\n<p>Podsumowuj\u0105c, mo\u017cna zauwa\u017cy\u0107 jedno &#8211; to genialna i ciekawa rozrywka. Tutaj wszystko jest zrozumia\u0142e, dzi\u0119ki czemu rozgrywka jest \u0142atwa, nawet dla pocz\u0105tkuj\u0105cych. S\u0105 zwyk\u0142e liny i szpule. Dost\u0119pne s\u0105 r\u00f3wnie\u017c ponowne spiny, bezp\u0142atne pr\u00f3by i dodatkowa mini runda. Istnieje super jackpot, kt\u00f3ry mo\u017ce wzrosn\u0105\u0107 2200 razy. Zakres zak\u0142ad\u00f3w jest niezwykle szeroki \u2013 od 25 cent\u00f3w do 50 dolar\u00f3w za spin. Jednak nawet przy minimalnej inwestycji kapita\u0142owej mo\u017cesz wygra\u0107 du\u017co pieni\u0119dzy. Ta gra jest zdecydowanie warta Twojej uwagi i czasu.<\/p>\n<p>Przeczytaj r\u00f3wnie\u017c o:<\/p>\n<ul>\n<li><a href=\"https:\/\/rocketplay-slot.com\/pl\/black-wolf\/\">Black Wolf<\/a><\/li>\n<li><a href=\"https:\/\/rocketplay-slot.com\/pl\/buffalo-power-hold-and-win\/\">Buffalo Power Hold And Win<\/a><\/li>\n<\/ul>\n","protected":false},"excerpt":{"rendered":"<p>Je\u015bli chcesz doda\u0107 jasne kolory do swojej rutyny, automat online Rocket Play Aloha King Elvis jest tym, czego potrzebujesz. Weso\u0142a \u017caba nie pozwoli si\u0119 nudzi\u0107. Motywy hawajskiej imprezy z szalonym ta\u0144cem i zabaw\u0105 oraz niesamowitymi wygranymi na pewno nie pozostawi\u0105 Ci\u0119 oboj\u0119tnym. Gra pojawi\u0142a si\u0119 stosunkowo niedawno, ale jej producent, firma BGaming, do\u0142o\u017cy\u0142a wszelkich stara\u0144,&#8230;<\/p>\n","protected":false},"author":1,"featured_media":0,"parent":0,"menu_order":0,"comment_status":"closed","ping_status":"closed","template":"","meta":{"_acf_changed":false,"_kad_post_transparent":"default","_kad_post_title":"default","_kad_post_layout":"default","_kad_post_sidebar_id":"","_kad_post_content_style":"default","_kad_post_vertical_padding":"default","_kad_post_feature":"","_kad_post_feature_position":"","_kad_post_header":false,"_kad_post_footer":false,"footnotes":""},"class_list":["post-1427","page","type-page","status-publish","hentry"],"acf":[],"rttpg_featured_image_url":null,"rttpg_author":{"display_name":"Elvis","author_link":"https:\/\/rocketplay-slot.com\/pl\/author\/pemvas95n89x\/"},"rttpg_comment":0,"rttpg_category":null,"rttpg_excerpt":"Je\u015bli chcesz doda\u0107 jasne kolory do swojej rutyny, automat online Rocket Play Aloha King Elvis jest tym, czego potrzebujesz. Weso\u0142a \u017caba nie pozwoli si\u0119 nudzi\u0107. Motywy hawajskiej imprezy z szalonym ta\u0144cem i zabaw\u0105 oraz niesamowitymi wygranymi na pewno nie pozostawi\u0105 Ci\u0119 oboj\u0119tnym. Gra pojawi\u0142a si\u0119 stosunkowo niedawno, ale jej producent, firma BGaming, do\u0142o\u017cy\u0142a wszelkich stara\u0144,...","_links":{"self":[{"href":"https:\/\/rocketplay-slot.com\/pl\/wp-json\/wp\/v2\/pages\/1427","targetHints":{"allow":["GET"]}}],"collection":[{"href":"https:\/\/rocketplay-slot.com\/pl\/wp-json\/wp\/v2\/pages"}],"about":[{"href":"https:\/\/rocketplay-slot.com\/pl\/wp-json\/wp\/v2\/types\/page"}],"author":[{"embeddable":true,"href":"https:\/\/rocketplay-slot.com\/pl\/wp-json\/wp\/v2\/users\/1"}],"replies":[{"embeddable":true,"href":"https:\/\/rocketplay-slot.com\/pl\/wp-json\/wp\/v2\/comments?post=1427"}],"version-history":[{"count":3,"href":"https:\/\/rocketplay-slot.com\/pl\/wp-json\/wp\/v2\/pages\/1427\/revisions"}],"predecessor-version":[{"id":2396,"href":"https:\/\/rocketplay-slot.com\/pl\/wp-json\/wp\/v2\/pages\/1427\/revisions\/2396"}],"wp:attachment":[{"href":"https:\/\/rocketplay-slot.com\/pl\/wp-json\/wp\/v2\/media?parent=1427"}],"curies":[{"name":"wp","href":"https:\/\/api.w.org\/{rel}","templated":true}]}}