{"id":1431,"date":"2022-06-15T09:01:36","date_gmt":"2022-06-15T06:01:36","guid":{"rendered":"https:\/\/rocketplay-slot.com\/live-baccarat\/"},"modified":"2026-02-28T00:46:23","modified_gmt":"2026-02-27T21:46:23","slug":"live-baccarat","status":"publish","type":"page","link":"https:\/\/rocketplay-slot.com\/pl\/live-baccarat\/","title":{"rendered":"Bakarat online w RocketPlay Casino"},"content":{"rendered":"<p>Baccarat mo\u017cna \u015bmia\u0142o nazwa\u0107 jedn\u0105 z klasycznych gier kasynowych, kt\u00f3ra zawsze b\u0119dzie popularna w\u015br\u00f3d szerokiego grona graczy z ca\u0142ego \u015bwiata. Pierwotnie gra losowa wy\u0142\u0105cznie dla arystokracji, bakarat nie jest ju\u017c tylko gr\u0105 dla elity \u2013 nie ma ogranicze\u0144 co do tego, kto mo\u017ce w ni\u0105 gra\u0107. Dlatego kasyna online oferuj\u0105 dzi\u015b r\u00f3\u017cnorodne gry, w kt\u00f3re mo\u017cna gra\u0107 przy minimalnych stawkach. Jednocze\u015bnie automaty do gry w Baccarat nie straci\u0142y swojego uroku, emocji i wielkich szans na wygranie prawdziwych pieni\u0119dzy. Ta ostatnia wynika z prostej zasady gry i du\u017cej szansy na wygran\u0105 dla gracza.<\/p>\n<p><a href=\"https:\/\/rocketplay-slot.com\/pl\/\">RocketPlay online<\/a> Baccarat na \u017cywo to jedna z naj\u0142atwiejszych gier, w kt\u00f3rej wystarczy postawi\u0107 zak\u0142ad i to wszystko. W przeciwie\u0144stwie do innych gier kasynowych, uczestnicy mog\u0105 obstawia\u0107 gracza, bankiera lub jedno i drugie. Nie ma skomplikowanych zasad ani skomplikowanych kombinacji, wi\u0119c nie musisz traci\u0107 czasu na nauk\u0119 teorii. Celem gry jest odgadni\u0119cie, kto postawi\u0142 prawid\u0142owe zak\u0142ady: gracz czy bankier. Opr\u00f3cz tego mo\u017cesz postawi\u0107 na oba, co r\u00f3wnie\u017c mo\u017ce przynie\u015b\u0107 Ci pieni\u0105dze w grze.<\/p>\n<p>Je\u015bli nigdy nie gra\u0142e\u015b w Baccarat w <a href=\"https:\/\/rocketplay-slot.com\/pl\/live-casino\/\">kasynie na \u017cywo<\/a> RocketPlay i nie wiesz, dlaczego powiniene\u015b wypr\u00f3bowa\u0107 t\u0119 gr\u0119, mamy dla Ciebie kilka argument\u00f3w i rekomendacji;<\/p>\n<ul>\n<li>Je\u015bli chcesz sprawdzi\u0107, czy szcz\u0119\u015bcie jest dzisiaj po Twojej stronie, to bakarat jest dla Ciebie najlepsz\u0105 gr\u0105. W bakaracie sukces w 100% zale\u017cy od szcz\u0119\u015bcia;<\/li>\n<li>W tej grze kasyno ma najmniejsz\u0105 przewag\u0119 nad graczem, tylko 1,06%;<\/li>\n<li>Zak\u0142ady Baccarat wahaj\u0105 si\u0119 od 0,15 PLN do 1000 PLN.<\/li>\n<\/ul>\n<p>Podczas gry nale\u017cy pami\u0119ta\u0107, \u017ce nawet je\u015bli kasyno ma niewielk\u0105 przewag\u0119, im d\u0142u\u017cej grasz, tym mniejsze prawdopodobie\u0144stwo wygranej.<\/p>\n<p>Je\u015bli nie polujesz na wygrane, ale po prostu chcesz si\u0119 dobrze bawi\u0107 graj\u0105c w swoj\u0105 ulubion\u0105 gr\u0119, mo\u017cesz zagra\u0107 w RocketPlay na \u017cywo Baccarat Australia. Gwarantujemy ekscytuj\u0105c\u0105 rozgrywk\u0119 i szerok\u0105 gam\u0119 gier. Zanim rozpoczniesz sesj\u0119, zwr\u00f3\u0107 uwag\u0119 na nast\u0119puj\u0105ce zalecenia ekspert\u00f3w bakarata:<\/p>\n<ul>\n<li>Obstawianie na bankiera jest korzystniejsze w por\u00f3wnaniu z obstawianiem na gracza. Dla por\u00f3wnania przewaga gracza wynosi 1,29%, a przewaga bankiera 1,01%. Jednocze\u015bnie obstawianie obu jest najmniej udane.<\/li>\n<li>Im wi\u0119cej talii jest zaanga\u017cowanych w gr\u0119, tym mniej jest ona korzystna dla gracza.<\/li>\n<li>Twoje szanse na wygran\u0105 zale\u017c\u0105 r\u00f3wnie\u017c od kwoty wyp\u0142aty, je\u015bli postawisz na bankiera. Wybierz gr\u0119, w kt\u00f3rej ten odsetek jest ni\u017cszy ni\u017c 4%.<\/li>\n<li>R\u00f3b rozs\u0105dne zak\u0142ady, ale jak tylko zaczniesz wygrywa\u0107, natychmiast zatrzymaj gr\u0119.<\/li>\n<\/ul>\n<p>Zazwyczaj kasyna online oferuj\u0105 klasyczn\u0105 wersj\u0119 gry. Jeste\u015bmy jednak pod tym wzgl\u0119dem wyj\u0105tkiem. Na naszej stronie mo\u017cesz wybiera\u0107 spo\u015br\u00f3d wielu odmian Baccarat, dost\u0119pnych bez rejestracji i obejmuj\u0105cych najlepsze wersje tej gry.<\/p>\n<p><span style=\"font-family: var(--global-body-font-family); letter-spacing: 0em;\"> \u00a0 \u00a0 \u00a0 \u00a0 \u00a0 \u00a0 \u00a0 \u00a0 \u00a0 \u00a0 \u00a0 \u00a0 \u00a0 \u00a0 \u00a0 \u00a0 \u00a0 \u00a0 \u00a0 \u00a0 \u00a0 \u00a0 \u00a0 \u00a0 \u00a0 \u00a0 \u00a0 \u00a0 \u00a0 \u00a0 \u00a0 \u00a0 \u00a0\u00a0<\/span><\/p>\n<p><span style=\"font-weight: 400;\"><img loading=\"lazy\" decoding=\"async\" class=\"aligncenter wp-image-272\" src=\"https:\/\/rocketplay-slot.com\/wp-content\/uploads\/2022\/06\/second_bonus_nonlog-300x148.png\" alt=\"\" width=\"600\" height=\"295\" srcset=\"https:\/\/rocketplay-slot.com\/wp-content\/uploads\/2022\/06\/second_bonus_nonlog-300x148.png 300w, https:\/\/rocketplay-slot.com\/wp-content\/uploads\/2022\/06\/second_bonus_nonlog-1024x504.png 1024w, https:\/\/rocketplay-slot.com\/wp-content\/uploads\/2022\/06\/second_bonus_nonlog-768x378.png 768w, https:\/\/rocketplay-slot.com\/wp-content\/uploads\/2022\/06\/second_bonus_nonlog.png 1300w\" sizes=\"auto, (max-width: 600px) 100vw, 600px\" \/><\/span><\/p>\n<h2>ZALETY GRY W BAKARAT ONLINE<\/h2>\n<p>O tym, \u017ce gry karciane s\u0105 ekscytuj\u0105ce i nieprzewidywalne, wiedz\u0105 wszyscy mi\u0142o\u015bnicy emocji i emocji. Ten rodzaj rozrywki jest popularny na ca\u0142ym \u015bwiecie od bardzo wielu lat. Nawet dzisiaj, kiedy gracze mog\u0105 gra\u0107 w gry takie jak automaty i poker wideo, bakarat nie straci\u0142 na popularno\u015bci.<\/p>\n<p>Ale najlepsz\u0105 rzecz\u0105 w tej grze s\u0105 wysokie szanse na wygran\u0105, a tak\u017ce kwoty, kt\u00f3re mo\u017cesz wygra\u0107 jako g\u0142\u00f3wn\u0105 nagrod\u0119 w grze. Pod tym wzgl\u0119dem bakarat jest bardzo kusz\u0105c\u0105 gr\u0105.<\/p>\n<p>Nie jeste\u015b pewien, czy ma sens granie w premi\u0119 Baccarat na \u017cywo RocketPlay na naszej stronie? Oferujemy wiele powod\u00f3w, aby wypr\u00f3bowa\u0107 t\u0119 gr\u0119 z nami. A oto tylko kilka z nich:<\/p>\n<ul>\n<li>Szeroki wyb\u00f3r gier &#8211; Opr\u00f3cz klasycznej wersji gry mo\u017cesz zagra\u0107 w 15 innych odmian bakarata. Baccarat Gold, Baccarat High Roller, Baccarat Pro i Baccarat Pro &#8211; VIP Limit to tylko niekt\u00f3re z opcji;<\/li>\n<li>Wysokiej jako\u015bci oprogramowanie do gier \u2014 u\u017cywamy wy\u0142\u0105cznie wysokiej jako\u015bci oprogramowania do gier od wiod\u0105cych \u015bwiatowych producent\u00f3w \u2014 Microgaming, OneTouch i NetEnt;<\/li>\n<li>Kasyno online RocketPlay na \u017cywo w bakarata na prawdziwe pieni\u0105dze &#8211; Je\u015bli zdecydujesz si\u0119 walczy\u0107 o najwy\u017csz\u0105 nagrod\u0119, z pewno\u015bci\u0105 spodoba ci si\u0119 gra z nami;<\/li>\n<li>Wysokie kursy na wygran\u0105 &#8211; Oferujemy jeden z najwy\u017cszych kurs\u00f3w na wygran\u0105 w Baccarat, wahaj\u0105cy si\u0119 od 94% do 97%;<\/li>\n<li>Prosta gra RocketPlay na \u017cywo w Baccarat online za darmo &#8211; nie musisz traci\u0107 czasu na poznawanie zasad gry. Naucz si\u0119 zasad, graj\u0105c w gr\u0119;<\/li>\n<li>Generator liczb losowych gwarantuje uczciw\u0105 gr\u0119 &#8211; Absolutnie brak ryzyka oszustwa;<\/li>\n<li>Bez ogranicze\u0144. Bez wzgl\u0119du na kraj, w kt\u00f3rym mieszkasz, mo\u017cesz uzyska\u0107 dost\u0119p do naszego kasyna i zagra\u0107 w dowoln\u0105 gr\u0119 online;<\/li>\n<li>Nic nie ryzykujesz, graj\u0105c w naszym kasynie online. To idealne miejsce zar\u00f3wno dla pocz\u0105tkuj\u0105cych graczy, jak i do\u015bwiadczonych mistrz\u00f3w bakarata.<\/li>\n<\/ul>\n<p>Baccarat mo\u017cna \u015bmia\u0142o nazwa\u0107 jedn\u0105 z klasycznych gier kasynowych, kt\u00f3ra zawsze b\u0119dzie popularna w\u015br\u00f3d szerokiego grona graczy z ca\u0142ego \u015bwiata. Pierwotnie gra losowa wy\u0142\u0105cznie dla arystokracji, bakarat nie jest ju\u017c tylko gr\u0105 dla elity \u2013 nie ma ogranicze\u0144 co do tego, kto mo\u017ce w ni\u0105 gra\u0107. Dlatego kasyna online oferuj\u0105 dzi\u015b r\u00f3\u017cnorodne gry, w kt\u00f3re mo\u017cna gra\u0107 przy minimalnych stawkach. Jednocze\u015bnie automaty do gry w Baccarat nie straci\u0142y swojego uroku, emocji i wielkich szans na wygranie prawdziwych pieni\u0119dzy. Ta ostatnia wynika z prostej zasady gry i du\u017cej szansy na wygran\u0105 dla gracza.<\/p>\n<p>RocketPlay online Baccarat na \u017cywo to jedna z naj\u0142atwiejszych gier, w kt\u00f3rej wystarczy postawi\u0107 zak\u0142ad i to wszystko. W przeciwie\u0144stwie do innych gier kasynowych, uczestnicy mog\u0105 obstawia\u0107 gracza, bankiera lub jedno i drugie. Nie ma skomplikowanych zasad ani skomplikowanych kombinacji, wi\u0119c nie musisz traci\u0107 czasu na nauk\u0119 teorii. Celem gry jest odgadni\u0119cie, kto postawi\u0142 prawid\u0142owe zak\u0142ady: gracz czy bankier. Opr\u00f3cz tego mo\u017cesz postawi\u0107 na oba, co r\u00f3wnie\u017c mo\u017ce przynie\u015b\u0107 Ci pieni\u0105dze w grze.<\/p>\n<p>Je\u015bli nigdy nie gra\u0142e\u015b w Baccarat w kasynie na \u017cywo RocketPlay i nie wiesz, dlaczego powiniene\u015b wypr\u00f3bowa\u0107 t\u0119 gr\u0119, mamy dla Ciebie kilka argument\u00f3w i rekomendacji;<\/p>\n<p>Je\u015bli chcesz sprawdzi\u0107, czy szcz\u0119\u015bcie jest dzisiaj po Twojej stronie, to bakarat jest dla Ciebie najlepsz\u0105 gr\u0105. W bakaracie sukces w 100% zale\u017cy od szcz\u0119\u015bcia;<\/p>\n<p>W tej grze kasyno ma najmniejsz\u0105 przewag\u0119 nad graczem, tylko 1,06%;<\/p>\n<p>Zak\u0142ady Baccarat wahaj\u0105 si\u0119 od 0,15 PLN do 1000 PLN.<\/p>\n<p>Podczas gry nale\u017cy pami\u0119ta\u0107, \u017ce nawet je\u015bli kasyno ma niewielk\u0105 przewag\u0119, im d\u0142u\u017cej grasz, tym mniejsze prawdopodobie\u0144stwo wygranej.<\/p>\n<p>Je\u015bli nie polujesz na wygrane, ale po prostu chcesz si\u0119 dobrze bawi\u0107 graj\u0105c w swoj\u0105 ulubion\u0105 gr\u0119, mo\u017cesz zagra\u0107 w RocketPlay na \u017cywo Baccarat Polska. Gwarantujemy ekscytuj\u0105c\u0105 rozgrywk\u0119 i szerok\u0105 gam\u0119 gier. Zanim rozpoczniesz sesj\u0119, zwr\u00f3\u0107 uwag\u0119 na nast\u0119puj\u0105ce zalecenia ekspert\u00f3w bakarata:<\/p>\n<p>Obstawianie na bankiera jest korzystniejsze w por\u00f3wnaniu z obstawianiem na gracza. Dla por\u00f3wnania przewaga gracza wynosi 1,29%, a przewaga bankiera 1,01%. Jednocze\u015bnie obstawianie obu jest najmniej udane.<\/p>\n<p>Im wi\u0119cej talii jest zaanga\u017cowanych w gr\u0119, tym mniej jest ona korzystna dla gracza.<\/p>\n<p>Twoje szanse na wygran\u0105 zale\u017c\u0105 r\u00f3wnie\u017c od kwoty wyp\u0142aty, je\u015bli postawisz na bankiera. Wybierz gr\u0119, w kt\u00f3rej ten odsetek jest ni\u017cszy ni\u017c 4%.<\/p>\n<p>R\u00f3b rozs\u0105dne zak\u0142ady, ale jak tylko zaczniesz wygrywa\u0107, natychmiast zatrzymaj gr\u0119.<\/p>\n<p>Zazwyczaj kasyna online oferuj\u0105 klasyczn\u0105 wersj\u0119 gry. Jeste\u015bmy jednak pod tym wzgl\u0119dem wyj\u0105tkiem. Na naszej stronie mo\u017cesz wybiera\u0107 spo\u015br\u00f3d wielu odmian Baccarat, dost\u0119pnych bez rejestracji i obejmuj\u0105cych najlepsze wersje tej gry.<\/p>\n\t<div class=\"alao-sidebar-box alao-sidebar-box-\">\n\t\t<a href=\"\" class=\"alao-sidebar-box__link\">\n\t\t\t<span class=\"alao-sidebar-box__thumb\">\n\t\t\t\t<img decoding=\"async\" src=\"https:\/\/rocketplay-slot.com\/wp-content\/uploads\/2022\/06\/second_bonus_nonlog.png\" alt=\"Bonus za pierwsz\u0105 wp\u0142at\u0119\">\n\t\t\t<\/span>\n\t\t\t<span class=\"alao-sidebar-box__info\">\n\t\t\t\t<span class=\"alao-sidebar-box__info-wrap\">\n\t\t\t\t\t<span class=\"alao-sidebar-box__head\">Bonus za pierwsz\u0105 wp\u0142at\u0119<\/span>\n\t\t\t\t\t<span class=\"alao-sidebar-box__desc\">100% + 100 FS NA IDEALNY START<\/span>\n\t\t\t\t\t<span class=\"alao-sidebar-box__button\">Pobierz Teraz<\/span>\n\t\t\t\t<\/span>\n\t\t\t<\/span>\n\t\t<\/a>\n\t<\/div>\n\t\n<h2>NAJLEPSZE GRY BACCARAT<\/h2>\n<p>Baccarat to powszechna gra karciana, oferowana we wszystkich tradycyjnych kasynach i kasynach online na \u015bwiecie. Oczywi\u015bcie, ze wzgl\u0119du na jej popularno\u015b\u0107, a tak\u017ce d\u0142ug\u0105 histori\u0119, istniej\u0105 r\u00f3\u017cne rodzaje tej gry &#8211; najpopularniejsze i popularne to American Baccarat, Mini Baccara, Punto Banco, Macau i dziewi\u0119\u0107. R\u00f3\u017cni\u0105 si\u0119 od siebie:<\/p>\n<ul>\n<li>Zasady rozdawania i dystrybucji kart;<\/li>\n<li>Liczba talii bior\u0105cych udzia\u0142 w grze;<\/li>\n<li>Procent zak\u0142ad\u00f3w;<\/li>\n<li>Liczba graczy;<\/li>\n<li>Wygrane;<\/li>\n<li>liczba kart;<\/li>\n<li>zasady odnosz\u0105ce si\u0119 do trzeciej karty.<\/li>\n<\/ul>\n<p>Rozwa\u017c najpopularniejsze warianty tej gry, w kt\u00f3r\u0105 mo\u017cesz zagra\u0107 w Baccarat RocketPlay na \u017cywo w naszym kasynie.<\/p>\n<h2>BAKARAT EUROPEJSKI<\/h2>\n<p>Europejski Baccarat to klasyczna gra. W europejskim bakaracie wygrane s\u0105 okre\u015blane przez kasyno, a liczba uczestnik\u00f3w zale\u017cy od \u0142\u0105cznej wielko\u015bci wszystkich zak\u0142ad\u00f3w postawionych w rundzie. Podczas obstawiania na bankiera gracze (je\u015bli wygraj\u0105) s\u0105 obci\u0105\u017cani op\u0142at\u0105, kt\u00f3ra zwykle wynosi oko\u0142o 5%. Poza tym wszystkie zasady gry s\u0105 identyczne z klasycznym bakaratem.<\/p>\n<h2>BAKARAT FRANCUSKI (CHEMIN DE FER)<\/h2>\n<p>Innym popularnym rodzajem gry jest bakarat francuski. Jego podstawowe zasady s\u0105 takie same jak w klasycznej wersji gry, ale jego g\u0142\u00f3wn\u0105 cech\u0105 jest to, \u017ce kasyno nie jest zaanga\u017cowane w gr\u0119. W ten spos\u00f3b gracze graj\u0105 przeciwko sobie. W takim przypadku kasyno dzia\u0142a jako obserwator i pilnuje, aby gracze przestrzegali wszystkich zasad i oczywi\u015bcie pobiera prowizj\u0119 od ka\u017cdej strony.<\/p>\n<h2>MINI BAKARAT<\/h2>\n<p>Mini bakarat jest najbardziej popularny w Stanach Zjednoczonych. Gra jest praktycznie taka sama jak w klasycznych wersjach, z t\u0105 r\u00f3\u017cnic\u0105, \u017ce gra toczy si\u0119 przy ma\u0142ym stoliku. Tak wi\u0119c w mini bakaracie przy jednym stole mo\u017ce gra\u0107 maksymalnie siedem os\u00f3b. W tym RocketPlay z krupierem na \u017cywo, kt\u00f3ry jest odpowiedzialny za ca\u0142\u0105 akcj\u0119 i zak\u0142ady, kt\u00f3re maj\u0105 miejsce podczas gry w minibakarat. Pe\u0142ni r\u00f3wnie\u017c funkcj\u0119 bankiera.<\/p>\n<p><img loading=\"lazy\" decoding=\"async\" class=\"aligncenter wp-image-247\" src=\"https:\/\/rocketplay-slot.com\/wp-content\/uploads\/2022\/06\/vip_header_icon1-300x300.png\" alt=\"\" width=\"600\" height=\"600\" srcset=\"https:\/\/rocketplay-slot.com\/wp-content\/uploads\/2022\/06\/vip_header_icon1-300x300.png 300w, https:\/\/rocketplay-slot.com\/wp-content\/uploads\/2022\/06\/vip_header_icon1-150x150.png 150w, https:\/\/rocketplay-slot.com\/wp-content\/uploads\/2022\/06\/vip_header_icon1.png 552w\" sizes=\"auto, (max-width: 600px) 100vw, 600px\" \/><\/p>\n<h2>PUNTO BANCO<\/h2>\n<p>Gra Punto Banco jest bardzo podobna do klasycznej wersji bakarata. Jedyna r\u00f3\u017cnica polega na tym, \u017ce zamiast obstawia\u0107 gracza i bankiera, uczestnicy obstawiaj\u0105 Punto (gracz) lub Banco (bankier). Innymi s\u0142owy, nazwy s\u0105 r\u00f3\u017cne &#8211; esencja gry jest taka sama.<\/p>\n<p>Bez wzgl\u0119du na to, kt\u00f3r\u0105 gr\u0119 wybierzesz, mo\u017cesz w ni\u0105 zagra\u0107 bez rejestracji na naszej stronie. Brak ogranicze\u0144, szeroka gama gier &#8211; to tylko niekt\u00f3re z zalet gry w bakarata na RocketPlay.<\/p>\n<p>Baccarat to powszechna gra karciana, oferowana we wszystkich tradycyjnych kasynach i kasynach online na \u015bwiecie. Oczywi\u015bcie, ze wzgl\u0119du na jej popularno\u015b\u0107, a tak\u017ce d\u0142ug\u0105 histori\u0119, istniej\u0105 r\u00f3\u017cne rodzaje tej gry &#8211; najpopularniejsze i popularne to American Baccarat, Mini Baccara, Punto Banco, Macau i dziewi\u0119\u0107. R\u00f3\u017cni\u0105 si\u0119 od siebie:<\/p>\n<ul>\n<li>Zasady rozdawania i dystrybucji kart;<\/li>\n<li>Liczba talii bior\u0105cych udzia\u0142 w grze;<\/li>\n<li>Procent zak\u0142ad\u00f3w;<\/li>\n<li>Liczba graczy;<\/li>\n<li>Wygrane;<\/li>\n<li>liczba kart;<\/li>\n<li>zasady odnosz\u0105ce si\u0119 do trzeciej karty.<\/li>\n<\/ul>\n<p>Rozwa\u017c najpopularniejsze warianty tej gry, w kt\u00f3r\u0105 mo\u017cesz zagra\u0107 w Baccarat RocketPlay na \u017cywo w naszym kasynie.<\/p>\n<h2>BAKARAT EUROPEJSKI<\/h2>\n<p>Europejski Baccarat to klasyczna gra. W europejskim bakaracie wygrane s\u0105 okre\u015blane przez kasyno, a liczba uczestnik\u00f3w zale\u017cy od \u0142\u0105cznej wielko\u015bci wszystkich zak\u0142ad\u00f3w postawionych w rundzie. Podczas obstawiania na bankiera gracze (je\u015bli wygraj\u0105) s\u0105 obci\u0105\u017cani op\u0142at\u0105, kt\u00f3ra zwykle wynosi oko\u0142o 5%. Poza tym wszystkie zasady gry s\u0105 identyczne z klasycznym bakaratem.<\/p>\n<h2>BAKARAT FRANCUSKI (CHEMIN DE FER)<\/h2>\n<p>Innym popularnym rodzajem gry jest bakarat francuski. Jego podstawowe zasady s\u0105 takie same jak w klasycznej wersji gry, ale jego g\u0142\u00f3wn\u0105 cech\u0105 jest to, \u017ce kasyno nie jest zaanga\u017cowane w gr\u0119. W ten spos\u00f3b gracze graj\u0105 przeciwko sobie. W takim przypadku kasyno dzia\u0142a jako obserwator i pilnuje, aby gracze przestrzegali wszystkich zasad i oczywi\u015bcie pobiera prowizj\u0119 od ka\u017cdej strony.<\/p>\n<h2>MINI BAKARAT<\/h2>\n<p>Mini bakarat jest najbardziej popularny w Stanach Zjednoczonych. Gra jest praktycznie taka sama jak w klasycznych wersjach, z t\u0105 r\u00f3\u017cnic\u0105, \u017ce gra toczy si\u0119 przy ma\u0142ym stoliku. Tak wi\u0119c w mini bakaracie przy jednym stole mo\u017ce gra\u0107 maksymalnie siedem os\u00f3b. W tym RocketPlay z krupierem na \u017cywo, kt\u00f3ry jest odpowiedzialny za ca\u0142\u0105 akcj\u0119 i zak\u0142ady, kt\u00f3re maj\u0105 miejsce podczas gry w minibakarat. Pe\u0142ni r\u00f3wnie\u017c funkcj\u0119 bankiera.<\/p>\n<h2>PUNTO BANCO<\/h2>\n<p>Gra Punto Banco jest bardzo podobna do klasycznej wersji bakarata. Jedyna r\u00f3\u017cnica polega na tym, \u017ce zamiast obstawia\u0107 gracza i bankiera, uczestnicy obstawiaj\u0105 Punto (gracz) lub Banco (bankier). Innymi s\u0142owy, nazwy s\u0105 r\u00f3\u017cne &#8211; esencja gry jest taka sama.<\/p>\n<p>Bez wzgl\u0119du na to, kt\u00f3r\u0105 gr\u0119 wybierzesz, mo\u017cesz w ni\u0105 zagra\u0107 bez rejestracji na naszej stronie. Brak ogranicze\u0144, szeroka gama gier &#8211; to tylko niekt\u00f3re z zalet gry w bakarata na RocketPlay.<\/p>\n","protected":false},"excerpt":{"rendered":"<p>Baccarat mo\u017cna \u015bmia\u0142o nazwa\u0107 jedn\u0105 z klasycznych gier kasynowych, kt\u00f3ra zawsze b\u0119dzie popularna w\u015br\u00f3d szerokiego grona graczy z ca\u0142ego \u015bwiata. Pierwotnie gra losowa wy\u0142\u0105cznie dla arystokracji, bakarat nie jest ju\u017c tylko gr\u0105 dla elity \u2013 nie ma ogranicze\u0144 co do tego, kto mo\u017ce w ni\u0105 gra\u0107. Dlatego kasyna online oferuj\u0105 dzi\u015b r\u00f3\u017cnorodne gry, w kt\u00f3re&#8230;<\/p>\n","protected":false},"author":1,"featured_media":0,"parent":0,"menu_order":0,"comment_status":"closed","ping_status":"closed","template":"","meta":{"_acf_changed":false,"_kad_post_transparent":"default","_kad_post_title":"default","_kad_post_layout":"default","_kad_post_sidebar_id":"","_kad_post_content_style":"default","_kad_post_vertical_padding":"default","_kad_post_feature":"","_kad_post_feature_position":"","_kad_post_header":false,"_kad_post_footer":false,"footnotes":""},"class_list":["post-1431","page","type-page","status-publish","hentry"],"acf":[],"rttpg_featured_image_url":null,"rttpg_author":{"display_name":"Elvis","author_link":"https:\/\/rocketplay-slot.com\/pl\/author\/pemvas95n89x\/"},"rttpg_comment":0,"rttpg_category":null,"rttpg_excerpt":"Baccarat mo\u017cna \u015bmia\u0142o nazwa\u0107 jedn\u0105 z klasycznych gier kasynowych, kt\u00f3ra zawsze b\u0119dzie popularna w\u015br\u00f3d szerokiego grona graczy z ca\u0142ego \u015bwiata. Pierwotnie gra losowa wy\u0142\u0105cznie dla arystokracji, bakarat nie jest ju\u017c tylko gr\u0105 dla elity \u2013 nie ma ogranicze\u0144 co do tego, kto mo\u017ce w ni\u0105 gra\u0107. Dlatego kasyna online oferuj\u0105 dzi\u015b r\u00f3\u017cnorodne gry, w kt\u00f3re...","_links":{"self":[{"href":"https:\/\/rocketplay-slot.com\/pl\/wp-json\/wp\/v2\/pages\/1431","targetHints":{"allow":["GET"]}}],"collection":[{"href":"https:\/\/rocketplay-slot.com\/pl\/wp-json\/wp\/v2\/pages"}],"about":[{"href":"https:\/\/rocketplay-slot.com\/pl\/wp-json\/wp\/v2\/types\/page"}],"author":[{"embeddable":true,"href":"https:\/\/rocketplay-slot.com\/pl\/wp-json\/wp\/v2\/users\/1"}],"replies":[{"embeddable":true,"href":"https:\/\/rocketplay-slot.com\/pl\/wp-json\/wp\/v2\/comments?post=1431"}],"version-history":[{"count":5,"href":"https:\/\/rocketplay-slot.com\/pl\/wp-json\/wp\/v2\/pages\/1431\/revisions"}],"predecessor-version":[{"id":7895,"href":"https:\/\/rocketplay-slot.com\/pl\/wp-json\/wp\/v2\/pages\/1431\/revisions\/7895"}],"wp:attachment":[{"href":"https:\/\/rocketplay-slot.com\/pl\/wp-json\/wp\/v2\/media?parent=1431"}],"curies":[{"name":"wp","href":"https:\/\/api.w.org\/{rel}","templated":true}]}}