{"id":1441,"date":"2022-09-30T15:12:17","date_gmt":"2022-09-30T12:12:17","guid":{"rendered":"https:\/\/rocketplay-slot.com\/black-wolf\/"},"modified":"2022-12-24T01:14:54","modified_gmt":"2022-12-23T22:14:54","slug":"black-wolf","status":"publish","type":"page","link":"https:\/\/rocketplay-slot.com\/pl\/black-wolf\/","title":{"rendered":"Black Wolf: Hold and Win Przejrze\u0107"},"content":{"rendered":"<p><img loading=\"lazy\" decoding=\"async\" class=\"size-medium wp-image-421 alignleft\" src=\"https:\/\/rocketplay-slot.com\/wp-content\/uploads\/2022\/09\/black-wolf-hold-and-win-300x300.png\" alt=\"Black Wolf hold and win\" width=\"300\" height=\"300\" srcset=\"https:\/\/rocketplay-slot.com\/wp-content\/uploads\/2022\/09\/black-wolf-hold-and-win-300x300.png 300w, https:\/\/rocketplay-slot.com\/wp-content\/uploads\/2022\/09\/black-wolf-hold-and-win-150x150.png 150w, https:\/\/rocketplay-slot.com\/wp-content\/uploads\/2022\/09\/black-wolf-hold-and-win.png 425w\" sizes=\"auto, (max-width: 300px) 100vw, 300px\" \/><\/p>\n<p>Po premierze pod koniec 2021 roku automat online Rocket Play Black Wolf zrobi\u0142 prawdziwy furor\u0119 w\u015br\u00f3d spo\u0142eczno\u015bci hazardowych i zyska\u0142 mniej lub bardziej popularno\u015b\u0107. Tysi\u0105ce u\u017cytkownik\u00f3w zwraca uwag\u0119 na jego wysokie parametry technologiczne i niesamowite funkcje. Tw\u00f3rcy automatu, firma Booongo, naprawd\u0119 si\u0119 postarali i stworzyli mega fajny projekt.<\/p>\n<p>Aby dowiedzie\u0107 si\u0119 wi\u0119cej o tej nowo\u015bci hazardowej, oferujemy recenzj\u0119 automatu Rocket Play Black Wolf. Tylko przydatne i sprawdzone informacje, ciekawostki i przydatne wskaz\u00f3wki. Zosta\u0144 z nami i dowiedz si\u0119 wi\u0119cej!<\/p>\n<h2>WPROWADZENIE DO CZARNEGO WILKA<\/h2>\n<p>Aby jak najlepiej i jak najlepiej pozna\u0107 automat Rocket Play Black Wolf, sugerujemy zapoznanie si\u0119 z g\u0142\u00f3wnymi cechami gry.<\/p>\n<p>&nbsp;<\/p>\n<table border=\"0\" cellspacing=\"0\" cellpadding=\"0\">\n<tbody>\n<tr>\n<td><b>Deweloper\u00a0<\/b><\/td>\n<td><b>Booongo<\/b><\/td>\n<\/tr>\n<tr>\n<td>Data pojawienia si\u0119<\/td>\n<td>2021<\/td>\n<\/tr>\n<tr>\n<td>Linie<\/td>\n<td>25<\/td>\n<\/tr>\n<tr>\n<td>Ko\u0142a<\/td>\n<td>5<\/td>\n<\/tr>\n<tr>\n<td>Wydziwianie<\/td>\n<td>4<\/td>\n<\/tr>\n<tr>\n<td>Bonusy<\/td>\n<td>Darmowe spiny na automacie Rocket Play Black Wolf;<\/p>\n<p>Runda bonusowa<\/p>\n<p>Tryb wieloosobowy<\/td>\n<\/tr>\n<tr>\n<td>RTP<\/td>\n<td>95.65%<\/td>\n<\/tr>\n<tr>\n<td>Autoodtwarzanie<\/td>\n<td>+<\/td>\n<\/tr>\n<tr>\n<td>Znaki specjalne<\/td>\n<td>Rozprasza\u0107<\/p>\n<p>Dziki<\/td>\n<\/tr>\n<tr>\n<td>Zak\u0142ady diapazon<\/td>\n<td>0.25-60 PLN<\/td>\n<\/tr>\n<\/tbody>\n<\/table>\n<p>&nbsp;<\/p>\n<p>\u017baden hazardzista nie pozostanie oboj\u0119tny na niesamowite wyp\u0142aty i ekscytuj\u0105ce przygody, kt\u00f3re go tutaj czekaj\u0105.<\/p>\n<p>Jest tu ca\u0142kiem solidna seria bonus\u00f3w. Je\u015bli gracze nie s\u0105 ju\u017c zaskoczeni dodatkowymi darmowymi pr\u00f3bami lub specjalnymi symbolami rozproszonymi, tw\u00f3rcy gry ukryli kilka dodatkowych sztuczek w r\u0119kawie. Multiplayer i dodatkowa mini-runda na pewno nie pozostawi\u0105 bez wra\u017ce\u0144. Super okazje do niesamowitych wygranych! Nawet przy minimalnym zak\u0142adzie wynosz\u0105cym zaledwie 25 cent\u00f3w mo\u017cesz otrzyma\u0107 ca\u0142kiem niez\u0142\u0105 nagrod\u0119.<\/p>\n<h2>ROZGRYWKA I FUNKCJE<\/h2>\n<p>Po przestudiowaniu gry mo\u017cna zauwa\u017cy\u0107 wiele pozytywnych punkt\u00f3w, kt\u00f3re sprawiaj\u0105, \u017ce jest tak skuteczna w\u015br\u00f3d u\u017cytkownik\u00f3w. Oto niezwykle wygodna i szybka rozgrywka. Wszystko jest intuicyjne. Nawet pocz\u0105tkuj\u0105cy, kt\u00f3ry po raz pierwszy ma do czynienia ze slotami, potrzebuje zaledwie kilku minut na zapoznanie si\u0119 i poznanie funkcji menu g\u0142\u00f3wnego.<\/p>\n<p>Konstrukcja gniazda jest przyjemna wizualnie. W tle gracze widz\u0105 niesamowit\u0105 przyrod\u0119 i zmierzch w g\u00f3rach. Zgodnie z tematem, zwyci\u0119skie kombinacje sk\u0142adaj\u0105 si\u0119 z tematycznych obraz\u00f3w zwierz\u0105t. Oto prezentowane:<\/p>\n<ul>\n<li>Jele\u0144 kanadyjski;<\/li>\n<li>Wilk (dziki);<\/li>\n<li>\u0141owca kobiet (\u0142y\u017cwiarka);<\/li>\n<li>Ry\u015b;<\/li>\n<li>Orze\u0142;<\/li>\n<li>Sowa.<\/li>\n<\/ul>\n<p>Opr\u00f3cz obraz\u00f3w tematycznych s\u0105 te\u017c zwyk\u0142e symbole z talii kart.<\/p>\n<p>S\u0105 tu dwie opcje gry:<\/p>\n<ul>\n<li>Rocket Play Black Wolf na prawdziwe pieni\u0105dze;<\/li>\n<li>Rocket Zagraj na automacie Black Wolf za darmo.<\/li>\n<\/ul>\n<p>Obie metody maj\u0105 identyczne zasady i warunki, z wyj\u0105tkiem komponentu finansowego w wersji demo. Zak\u0142ady s\u0105 obstawiane na wirtualne \u015brodki, a zatem wygrane s\u0105 otrzymywane w tej samej walucie. W dowolnym trybie gracze mog\u0105 korzysta\u0107 z autoodtwarzania.<\/p>\n<p><img loading=\"lazy\" decoding=\"async\" class=\"aligncenter wp-image-422 size-full\" style=\"text-align: center; font-family: var(--global-body-font-family); letter-spacing: 0em;\" src=\"https:\/\/rocketplay-slot.com\/wp-content\/uploads\/2022\/09\/black-wolf-slot.png\" alt=\"Black Wolf slot\" width=\"1280\" height=\"720\" srcset=\"https:\/\/rocketplay-slot.com\/wp-content\/uploads\/2022\/09\/black-wolf-slot.png 1280w, https:\/\/rocketplay-slot.com\/wp-content\/uploads\/2022\/09\/black-wolf-slot-300x169.png 300w, https:\/\/rocketplay-slot.com\/wp-content\/uploads\/2022\/09\/black-wolf-slot-1024x576.png 1024w, https:\/\/rocketplay-slot.com\/wp-content\/uploads\/2022\/09\/black-wolf-slot-768x432.png 768w\" sizes=\"auto, (max-width: 1280px) 100vw, 1280px\" \/><\/p>\n<h2>JAK WYGRA\u0106 W BLACK WOLF I ODBIERZ DARMOWE SPINY?<\/h2>\n<p>Aby zmaksymalizowa\u0107 swoje szanse na wygran\u0105 i wysoko p\u0142atne wygrane, musisz wykorzysta\u0107 wszystkie bonusy i dodatkowe funkcje. Po pierwsze, przyda si\u0119 dziki \u2014 wizerunek wilka. Zast\u0119puje ka\u017cdy inny symbol z wyj\u0105tkiem rozproszenia. Dzi\u0119ki temu mo\u017cesz jak najszybciej stworzy\u0107 zwyci\u0119sk\u0105 kombinacj\u0119 z najwy\u017csz\u0105 wyp\u0142at\u0105.<\/p>\n<p>Po drugie, po zebraniu 3 scatter\u00f3w, gracz otrzymuje 8 darmowych dodatkowych spin\u00f3w. To idealnie zwi\u0119ksza szanse na wygran\u0105, poniewa\u017c im wi\u0119cej pr\u00f3b, tym wi\u0119ksze prawdopodobie\u0144stwo, \u017ce jedna z nich si\u0119 powiedzie.<\/p>\n<h2>FAQ<\/h2>\n<h3>JAK WYGRA\u0106 GR\u0118 I UZYSKA\u0106 \u200b\u200bMAKSYMALNE WYP\u0141ATY?<\/h3>\n<p>Wykorzystaj wszystkie mo\u017cliwo\u015bci i oferty bonusowe, kt\u00f3re pomog\u0105 Ci zosta\u0107 zwyci\u0119zc\u0105. Wilds zast\u0119puj\u0105 inne ikony, co pozwala szybciej uzyska\u0107 po\u017c\u0105dan\u0105 kombinacj\u0119. Scatters odblokowuj\u0105 dodatkowe darmowe spiny. Istnieje r\u00f3wnie\u017c dodatkowa runda, dzi\u0119ki kt\u00f3rej Twoje szanse na wygran\u0105 r\u00f3wnie\u017c znacznie wzrosn\u0105.<\/p>\n<h3>CZY MOG\u0118 GRA\u0106 ZA DARMO?<\/h3>\n<p>Tak, dzi\u0119ki darmowej wersji demo mo\u017cesz gra\u0107 o wirtualne monety. W tym celu nie musisz dokonywa\u0107 wp\u0142at ani nawet zosta\u0107 oficjalnym klientem portalu.<\/p>\n<h3>JAKI JEST NAJNI\u017bSZY ZAK\u0141AD, KT\u00d3RY MOG\u0118 POSTAWI\u0106?<\/h3>\n<p>Rozpi\u0119to\u015b\u0107 stawek jest bardzo du\u017ca. Najmniejsza kwota jak\u0105 mo\u017cna postawi\u0107 na jeden spin to tylko 25 cent\u00f3w.<\/p>\n<p>Przeczytaj r\u00f3wnie\u017c o:<\/p>\n<ul>\n<li><a href=\"https:\/\/rocketplay-slot.com\/pl\/buffalo-power-hold-and-win\/\">Buffalo Power Hold And Win<\/a><\/li>\n<li><a href=\"https:\/\/rocketplay-slot.com\/pl\/magic-spins\/\">Magic Spins<\/a><\/li>\n<\/ul>\n","protected":false},"excerpt":{"rendered":"<p>Po premierze pod koniec 2021 roku automat online Rocket Play Black Wolf zrobi\u0142 prawdziwy furor\u0119 w\u015br\u00f3d spo\u0142eczno\u015bci hazardowych i zyska\u0142 mniej lub bardziej popularno\u015b\u0107. Tysi\u0105ce u\u017cytkownik\u00f3w zwraca uwag\u0119 na jego wysokie parametry technologiczne i niesamowite funkcje. Tw\u00f3rcy automatu, firma Booongo, naprawd\u0119 si\u0119 postarali i stworzyli mega fajny projekt. Aby dowiedzie\u0107 si\u0119 wi\u0119cej o tej nowo\u015bci&#8230;<\/p>\n","protected":false},"author":1,"featured_media":0,"parent":0,"menu_order":0,"comment_status":"closed","ping_status":"closed","template":"","meta":{"_acf_changed":false,"_kad_post_transparent":"default","_kad_post_title":"default","_kad_post_layout":"default","_kad_post_sidebar_id":"","_kad_post_content_style":"default","_kad_post_vertical_padding":"default","_kad_post_feature":"","_kad_post_feature_position":"","_kad_post_header":false,"_kad_post_footer":false,"footnotes":""},"class_list":["post-1441","page","type-page","status-publish","hentry"],"acf":[],"rttpg_featured_image_url":null,"rttpg_author":{"display_name":"Elvis","author_link":"https:\/\/rocketplay-slot.com\/pl\/author\/pemvas95n89x\/"},"rttpg_comment":0,"rttpg_category":null,"rttpg_excerpt":"Po premierze pod koniec 2021 roku automat online Rocket Play Black Wolf zrobi\u0142 prawdziwy furor\u0119 w\u015br\u00f3d spo\u0142eczno\u015bci hazardowych i zyska\u0142 mniej lub bardziej popularno\u015b\u0107. Tysi\u0105ce u\u017cytkownik\u00f3w zwraca uwag\u0119 na jego wysokie parametry technologiczne i niesamowite funkcje. Tw\u00f3rcy automatu, firma Booongo, naprawd\u0119 si\u0119 postarali i stworzyli mega fajny projekt. Aby dowiedzie\u0107 si\u0119 wi\u0119cej o tej nowo\u015bci...","_links":{"self":[{"href":"https:\/\/rocketplay-slot.com\/pl\/wp-json\/wp\/v2\/pages\/1441","targetHints":{"allow":["GET"]}}],"collection":[{"href":"https:\/\/rocketplay-slot.com\/pl\/wp-json\/wp\/v2\/pages"}],"about":[{"href":"https:\/\/rocketplay-slot.com\/pl\/wp-json\/wp\/v2\/types\/page"}],"author":[{"embeddable":true,"href":"https:\/\/rocketplay-slot.com\/pl\/wp-json\/wp\/v2\/users\/1"}],"replies":[{"embeddable":true,"href":"https:\/\/rocketplay-slot.com\/pl\/wp-json\/wp\/v2\/comments?post=1441"}],"version-history":[{"count":3,"href":"https:\/\/rocketplay-slot.com\/pl\/wp-json\/wp\/v2\/pages\/1441\/revisions"}],"predecessor-version":[{"id":2401,"href":"https:\/\/rocketplay-slot.com\/pl\/wp-json\/wp\/v2\/pages\/1441\/revisions\/2401"}],"wp:attachment":[{"href":"https:\/\/rocketplay-slot.com\/pl\/wp-json\/wp\/v2\/media?parent=1441"}],"curies":[{"name":"wp","href":"https:\/\/api.w.org\/{rel}","templated":true}]}}