{"id":1465,"date":"2022-09-30T13:41:51","date_gmt":"2022-09-30T10:41:51","guid":{"rendered":"https:\/\/rocketplay-slot.com\/bonus\/loyalty-program\/"},"modified":"2024-02-08T18:27:46","modified_gmt":"2024-02-08T15:27:46","slug":"loyalty-program","status":"publish","type":"page","link":"https:\/\/rocketplay-slot.com\/pl\/bonus\/loyalty-program\/","title":{"rendered":"Program lojalno\u015bciowy RocketPlay"},"content":{"rendered":"<p>Najlepsz\u0105 rzecz\u0105, jak\u0105 mo\u017cesz pomy\u015ble\u0107 dla klient\u00f3w zak\u0142ad\u00f3w hazardowych, jest stworzenie unikalnego programu z prezentami i zach\u0119tami. Po\u015bwi\u0119cenie jak najwi\u0119kszej ilo\u015bci czasu na ulubion\u0105 aktywno\u015b\u0107 jest bardzo motywuj\u0105ce i stymuluj\u0105ce. Pomaga tak\u017ce nie traci\u0107 wiary w zwyci\u0119stwo, nie denerwowa\u0107 si\u0119 pora\u017ckami i zwi\u0119ksza\u0107 szanse na zwyci\u0119stwo.<\/p>\n<h2>CZYM S\u0104 PROGRAMY LOJALNO\u015aCIOWE KASYNA?<\/h2>\n<p>Pierwsz\u0105 rzecz\u0105 do zrozumienia jest dowiedzenie si\u0119, czym jest program lojalno\u015bciowy. Warto te\u017c zbada\u0107 wszystkie przywileje programu lojalno\u015bciowego Rocket Play i zrozumie\u0107, co czyni go wyj\u0105tkowym i atrakcyjnym.<\/p>\n<p>Program lojalno\u015bciowy to dodatkowa mo\u017cliwo\u015b\u0107 otrzymywania bonus\u00f3w, nagr\u00f3d, nagr\u00f3d czy cashbacku. W przypadku tej instytucji jest to szansa na zwrot okre\u015blonej kwoty \u015brodk\u00f3w wykorzystanych na zak\u0142ady. Zgodnie z warunkami zwrotu, gracze mog\u0105 otrzyma\u0107 od 10 do 15% kwoty wydanej na automaty i gry na \u017cywo.<\/p>\n<p style=\"text-align: center;\"><img loading=\"lazy\" decoding=\"async\" class=\"aligncenter wp-image-4156\" src=\"https:\/\/rocketplay-slot.com\/wp-content\/uploads\/2024\/02\/2222.png\" alt=\"Program lojalno\u015bciowy RocketPlay\" width=\"800\" height=\"193\" srcset=\"https:\/\/rocketplay-slot.com\/wp-content\/uploads\/2024\/02\/2222.png 1213w, https:\/\/rocketplay-slot.com\/wp-content\/uploads\/2024\/02\/2222-300x72.png 300w, https:\/\/rocketplay-slot.com\/wp-content\/uploads\/2024\/02\/2222-1024x247.png 1024w, https:\/\/rocketplay-slot.com\/wp-content\/uploads\/2024\/02\/2222-768x185.png 768w\" sizes=\"auto, (max-width: 800px) 100vw, 800px\" \/><\/p>\n<h2>G\u0141\u00d3WNE KORZY\u015aCI Z PROGRAM\u00d3W LOJALNO\u015aCIOWYCH W KASYNIE ROCKET PLAY<\/h2>\n<p>G\u0142\u00f3wnymi korzy\u015bciami programu lojalno\u015bciowego kasyna online Rocket Play jest mo\u017cliwo\u015b\u0107 zwr\u00f3cenia na konto okre\u015blonego procentu \u015brodk\u00f3w wydanych na zak\u0142ady. To wyj\u0105tkowa oferta, kt\u00f3ra dba o Tw\u00f3j bud\u017cet i daje dodatkowe mo\u017cliwo\u015bci odpowiednio wi\u0119kszej liczby zak\u0142ad\u00f3w i wygranych.<\/p>\n<p>Instytucja oferuje swoim klientom dwa rodzaje program\u00f3w lojalno\u015bciowych. Wszystkie jednak odnosz\u0105 si\u0119 do zwrotu wydanych \u015brodk\u00f3w. R\u00f3\u017cni si\u0119 jedynie kwota cashbacku i warunki jego otrzymania.<\/p>\n<p>Do 15% \u015brodk\u00f3w wydanych na sloty, kt\u00f3re s\u0105 naliczane w ka\u017cdy poniedzia\u0142ek i s\u0105 wa\u017cne przez 3 dni;<br \/>\nDo 10% cashbacku w grach na \u017cywo w ka\u017cdy czwartek.<\/p>\n<p>Kwota pieni\u0119dzy, kt\u00f3ra zostanie zwr\u00f3cona klientowi, zale\u017cy od jego statusu gracza. Im jest wy\u017cszy, tym wi\u0119ksza kwota. Dlatego warto by\u0107 aktywnym u\u017cytkownikiem i stale uzupe\u0142nia\u0107 konto. Nale\u017cy pami\u0119ta\u0107, \u017ce obliczane s\u0105 tylko prawdziwe \u015brodki, a bonusy lub wygrane nie s\u0105 brane pod uwag\u0119. W odpowiednim dniu (poniedzia\u0142ek lub czwartek) ca\u0142a procedura zwrotu cashbacku odbywa si\u0119 automatycznie. Maksymalna kwota zwrotu to 5000 euro lub 8000 dolar\u00f3w australijskich.<\/p>\n<h2>JAK KWALIFIKOWA\u0106 SI\u0118 DO PROGRAMU LOJALNO\u015aCIOWEGO KASYNA?<\/h2>\n<p>Aby ubiega\u0107 si\u0119 o program lojalno\u015bciowy kasyna Rocket Play Polska, musisz przestrzega\u0107 wszystkich warunk\u00f3w przyznawania bonus\u00f3w. W tym przypadku jest to naliczanie cashbacku. Po pierwsze, musisz by\u0107 oficjalnie zarejestrowanym klientem portalu i posiada\u0107 w\u0142asne konto i konto w grze. Po drugie, musisz dokona\u0107 wp\u0142at na swoje konto. Po trzecie, konieczne jest stawianie zak\u0142ad\u00f3w z wykorzystaniem realnego bud\u017cetu. W ko\u0144cu to w\u0142a\u015bnie z tych \u015brodk\u00f3w zostanie potr\u0105cona kwota zwrotu.<\/p>\n<h2>WNIOSEK<\/h2>\n<p>Podsumowuj\u0105c powy\u017csze, mo\u017cemy stwierdzi\u0107, \u017ce dla oficjalnych klient\u00f3w portalu najlepszy program lojalno\u015bciowy kasyna Rocket Play to niesamowita oferta, kt\u00f3ra pomo\u017ce zwr\u00f3ci\u0107 cz\u0119\u015b\u0107 wydanych \u015brodk\u00f3w. Mo\u017cesz otrzyma\u0107 do 15% zwrotu got\u00f3wki na zak\u0142ady na automaty i do 10% na wydatki na rozrywk\u0119 na \u017cywo. Podnie\u015b sw\u00f3j status w grze i uzyskaj maksymalne zwroty. Kwota jest automatycznie naliczana i przelewana na konto gry w ka\u017cdy poniedzia\u0142ek i czwartek.<\/p>\n<p>Przeczytaj r\u00f3wnie\u017c o:<\/p>\n<ul>\n<li><a href=\"https:\/\/rocketplay-slot.com\/pl\/bonus\/regular-bonuses\/\">Regular Bonuses<\/a><\/li>\n<li><a href=\"https:\/\/rocketplay-slot.com\/pl\/bonus\/vip-program\/\">VIP program<\/a><\/li>\n<\/ul>\n","protected":false},"excerpt":{"rendered":"<p>Najlepsz\u0105 rzecz\u0105, jak\u0105 mo\u017cesz pomy\u015ble\u0107 dla klient\u00f3w zak\u0142ad\u00f3w hazardowych, jest stworzenie unikalnego programu z prezentami i zach\u0119tami. Po\u015bwi\u0119cenie jak najwi\u0119kszej ilo\u015bci czasu na ulubion\u0105 aktywno\u015b\u0107 jest bardzo motywuj\u0105ce i stymuluj\u0105ce. Pomaga tak\u017ce nie traci\u0107 wiary w zwyci\u0119stwo, nie denerwowa\u0107 si\u0119 pora\u017ckami i zwi\u0119ksza\u0107 szanse na zwyci\u0119stwo. CZYM S\u0104 PROGRAMY LOJALNO\u015aCIOWE KASYNA? Pierwsz\u0105 rzecz\u0105 do zrozumienia&#8230;<\/p>\n","protected":false},"author":1,"featured_media":0,"parent":1447,"menu_order":0,"comment_status":"closed","ping_status":"closed","template":"","meta":{"_acf_changed":false,"_kad_post_transparent":"default","_kad_post_title":"default","_kad_post_layout":"default","_kad_post_sidebar_id":"","_kad_post_content_style":"default","_kad_post_vertical_padding":"default","_kad_post_feature":"","_kad_post_feature_position":"","_kad_post_header":false,"_kad_post_footer":false,"footnotes":""},"class_list":["post-1465","page","type-page","status-publish","hentry"],"acf":[],"rttpg_featured_image_url":null,"rttpg_author":{"display_name":"Elvis","author_link":"https:\/\/rocketplay-slot.com\/pl\/author\/pemvas95n89x\/"},"rttpg_comment":0,"rttpg_category":null,"rttpg_excerpt":"Najlepsz\u0105 rzecz\u0105, jak\u0105 mo\u017cesz pomy\u015ble\u0107 dla klient\u00f3w zak\u0142ad\u00f3w hazardowych, jest stworzenie unikalnego programu z prezentami i zach\u0119tami. Po\u015bwi\u0119cenie jak najwi\u0119kszej ilo\u015bci czasu na ulubion\u0105 aktywno\u015b\u0107 jest bardzo motywuj\u0105ce i stymuluj\u0105ce. Pomaga tak\u017ce nie traci\u0107 wiary w zwyci\u0119stwo, nie denerwowa\u0107 si\u0119 pora\u017ckami i zwi\u0119ksza\u0107 szanse na zwyci\u0119stwo. CZYM S\u0104 PROGRAMY LOJALNO\u015aCIOWE KASYNA? Pierwsz\u0105 rzecz\u0105 do zrozumienia...","_links":{"self":[{"href":"https:\/\/rocketplay-slot.com\/pl\/wp-json\/wp\/v2\/pages\/1465","targetHints":{"allow":["GET"]}}],"collection":[{"href":"https:\/\/rocketplay-slot.com\/pl\/wp-json\/wp\/v2\/pages"}],"about":[{"href":"https:\/\/rocketplay-slot.com\/pl\/wp-json\/wp\/v2\/types\/page"}],"author":[{"embeddable":true,"href":"https:\/\/rocketplay-slot.com\/pl\/wp-json\/wp\/v2\/users\/1"}],"replies":[{"embeddable":true,"href":"https:\/\/rocketplay-slot.com\/pl\/wp-json\/wp\/v2\/comments?post=1465"}],"version-history":[{"count":3,"href":"https:\/\/rocketplay-slot.com\/pl\/wp-json\/wp\/v2\/pages\/1465\/revisions"}],"predecessor-version":[{"id":4665,"href":"https:\/\/rocketplay-slot.com\/pl\/wp-json\/wp\/v2\/pages\/1465\/revisions\/4665"}],"up":[{"embeddable":true,"href":"https:\/\/rocketplay-slot.com\/pl\/wp-json\/wp\/v2\/pages\/1447"}],"wp:attachment":[{"href":"https:\/\/rocketplay-slot.com\/pl\/wp-json\/wp\/v2\/media?parent=1465"}],"curies":[{"name":"wp","href":"https:\/\/api.w.org\/{rel}","templated":true}]}}