{"id":1473,"date":"2022-09-30T12:39:29","date_gmt":"2022-09-30T09:39:29","guid":{"rendered":"https:\/\/rocketplay-slot.com\/bonus\/regular-bonuses\/"},"modified":"2025-11-24T20:44:31","modified_gmt":"2025-11-24T17:44:31","slug":"regular-bonuses","status":"publish","type":"page","link":"https:\/\/rocketplay-slot.com\/pl\/bonus\/regular-bonuses\/","title":{"rendered":"Regularne bonusy RocketPlay"},"content":{"rendered":"<div id=\"wppb-builder-container\" class=\"wppb-builder-container\"><p>Fajnie jest wsp\u00f3\u0142pracowa\u0107 z instytucj\u0105, kt\u00f3ra pracuje dla klient\u00f3w i robi wszystko co mo\u017cliwe dla ich komfortu, satysfakcji i korzy\u015bci. Dlatego radzimy zwr\u00f3ci\u0107 uwag\u0119 na program bonusowy kasyna Rocket Play. To wyj\u0105tkowa instytucja, kt\u00f3ra s\u0142ynie z hojnych dar\u00f3w. Wielu klient\u00f3w to lojalni u\u017cytkownicy tego portalu ze wzgl\u0119du na tak korzystne warunki bonusowe i szerok\u0105 gam\u0119 ofert.<\/p>\n<h2>WSZYSTKO O REGULARNYCH BONUSACH W KASYNIE ROCKET PLAY<\/h2>\n<p>Bonus w kasynie Rocket Play Polska ma regularne bonusy, o kt\u00f3rych powiniene\u015b wiedzie\u0107 i z kt\u00f3rych w pe\u0142ni korzysta\u0107. Jak m\u00f3wi\u0105: \u201eZaufaj Bogu, ale sam te\u017c podejmij wysi\u0142ek\u201d. Wi\u0119c nie b\u0105d\u017a leniwy i czytaj dalej. Wszystkie niezb\u0119dne informacje, kt\u00f3re musisz wiedzie\u0107 o regularnych bonusach, s\u0105 gromadzone tutaj.<\/p>\n<p>Wa\u017cnym punktem jest fakt, \u017ce aby m\u00f3c korzysta\u0107 ze wszystkich bonus\u00f3w, ofert i przywilej\u00f3w portalu, musisz by\u0107 oficjalnie zarejestrowanym klientem. Przejd\u017a przez prost\u0105 i szybk\u0105 procedur\u0119 rejestracji, stw\u00f3rz sw\u00f3j profil i ciesz si\u0119 wszystkimi korzy\u015bciami i dywidendami.<\/p>\n<p>Nie zapomnij r\u00f3wnie\u017c do\u0142adowa\u0107 konta gry minimaln\u0105 kwot\u0105. To otworzy Ci drog\u0119 nie tylko do prawdziwych zak\u0142ad\u00f3w i maksymalnych wygranych, ale tak\u017ce do wszystkich mo\u017cliwych bonus\u00f3w. Im aktywniej do\u0142adujesz swoje konto, tym wi\u0119cej do niego otrzymasz.<\/p>\n<p style=\"text-align: center;\"><img loading=\"lazy\" decoding=\"async\" class=\"aligncenter wp-image-4205\" src=\"https:\/\/rocketplay-slot.com\/wp-content\/uploads\/2024\/02\/32352252.png\" alt=\"bonus RocketPlay\" width=\"800\" height=\"304\" \/><\/p>\n<h2>RODZAJE BONUS\u00d3W KASYNO<\/h2>\n<p>Instytucja oferuje swoim klientom kilka rodzaj\u00f3w bonus\u00f3w:<\/p>\n<ul>\n<li>W pi\u0105tki s\u0105 to spiny prezentowe za prze\u0142adowanie;<\/li>\n<li>W ka\u017cd\u0105 niedziel\u0119 to dodatkowe 50% na konto;<\/li>\n<li>Kody promocyjne Rocket Play.<\/li>\n<\/ul>\n<p>Wszystkie s\u0105 bardzo op\u0142acalne i otwieraj\u0105 przed graczem nowe mo\u017cliwo\u015bci. Jednak ka\u017cda z tych premii wymaga spe\u0142nienia okre\u015blonych warunk\u00f3w. Zosta\u0144 z nami i przeczytaj, co jest do tego potrzebne.<\/p>\n<p><img loading=\"lazy\" decoding=\"async\" class=\"alignright wp-image-4195\" src=\"https:\/\/rocketplay-slot.com\/wp-content\/uploads\/2024\/02\/333.png\" alt=\"bonus RocketPlay 2\" width=\"600\" height=\"299\" srcset=\"https:\/\/rocketplay-slot.com\/wp-content\/uploads\/2024\/02\/333.png 626w, https:\/\/rocketplay-slot.com\/wp-content\/uploads\/2024\/02\/333-300x150.png 300w\" sizes=\"auto, (max-width: 600px) 100vw, 600px\" \/><\/p>\n<h2>JAK OTRZYMA\u0106 BONUS W KASYNIE?<\/h2>\n<p>Aby otrzyma\u0107 bonusy, nie musisz robi\u0107 nic niezwyk\u0142ego. Po pierwsze, musisz by\u0107 oficjalnie zarejestrowanym klientem i posiada\u0107 w\u0142asne konto i konto osobiste.<\/p>\n<p>Ponadto, aby otrzyma\u0107 prezenty, musisz wp\u0142aci\u0107 w\u0142asne prawdziwe pieni\u0105dze na konto gry. Jednak dla hazardzisty jest to zwyk\u0142y biznes. W ko\u0144cu, aby postawi\u0107 zak\u0142ad i mie\u0107 szans\u0119 na wygranie pieni\u0119dzy, konieczne jest dokonywanie wp\u0142at. Zr\u00f3b je poprawnie, na czas i w wymaganej ilo\u015bci, a otrzymasz za to dodatkowe prezenty.<\/p>\n<h2>REGULARNE WARUNKI I WARUNKI BONUS\u00d3W<\/h2>\n<p>Aby lepiej zrozumie\u0107 wszystkie korzy\u015bci p\u0142yn\u0105ce z otrzymywania takich prezent\u00f3w i co jest do tego niezb\u0119dne, przeczytaj poni\u017csz\u0105 tabel\u0119. Opisuje szczeg\u00f3\u0142owo wszystkie niezb\u0119dne informacje.<\/p>\n<table border=\"0\" cellspacing=\"0\" cellpadding=\"0\">\n<tbody>\n<tr>\n<td><b>Premia<\/b><\/td>\n<td><b>Warunki<\/b><\/td>\n<\/tr>\n<tr>\n<td>Pi\u0105tkowe prze\u0142adowanie<\/td>\n<td>Je\u015bli w pi\u0105tek zasilisz konto gry o co najmniej minimaln\u0105 kwot\u0119 (20 EUR lub 30 PLN), otrzymasz darmowe spiny Rocket Play w wysoko\u015bci odpowiadaj\u0105cej Twojemu wk\u0142adowi (20, 50 lub 100).<\/td>\n<\/tr>\n<tr>\n<td>Oferta niedzielna<\/td>\n<td>Je\u015bli w niedziel\u0119 uzupe\u0142nisz konto gry o co najmniej minimaln\u0105 kwot\u0119 (20 EUR lub 30 PLN), otrzymasz dodatkowe 50% wp\u0142aconej kwoty.<\/td>\n<\/tr>\n<tr>\n<td>Kody bonusowe Rocket Play (promocyjne)<\/td>\n<td>Do\u0142aduj swoje konto kwot\u0105 350 euro lub 300 PLN i wprowad\u017a specjalny kod promocyjny HIGHROLLER w okienku kasowym. W tym celu otrzymasz dodatkowe 50% wp\u0142aconej kwoty.<\/td>\n<\/tr>\n<\/tbody>\n<\/table>\n<p>Jak wida\u0107, warunki s\u0105 do\u015b\u0107 proste, ale prezenty s\u0105 niezwykle op\u0142acalne. I tak dokonujesz wp\u0142at, wi\u0119c dokonuj ich poprawnie i na czas. Nie zwlekaj, bo szalone wygrane ju\u017c na Ciebie czekaj\u0105!<\/p>\n<h2>FAQ<\/h2>\n<h3>JAKIE S\u0104 REGULARNE PREMIE DLA GRACZY?<\/h3>\n<p>Dla klient\u00f3w portalu dost\u0119pne s\u0105 cotygodniowe bonusy &#8211; w \u015brody s\u0105 prezenty za do\u0142adowanie, a w ka\u017cd\u0105 niedziel\u0119 mo\u017cna otrzyma\u0107 dodatkowe 50% depozytu. Mo\u017cesz tak\u017ce u\u017cy\u0107 specjalnego kodu promocyjnego i, pod pewnymi warunkami, otrzyma\u0107 kolejne 50% zni\u017cki na swoje konto.<\/p>\n<h3>CZEGO POTRZEBUJESZ, ABY OTRZYMA\u0106 BONUSY?<\/h3>\n<p>Dwa najwa\u017cniejsze warunki, kt\u00f3re nale\u017cy spe\u0142ni\u0107, aby otrzyma\u0107 bonusy, to: bycie oficjalnie zarejestrowanym klientem i okresowe wp\u0142acanie w\u0142asnych prawdziwych \u015brodk\u00f3w na konto gry.<\/p>\n<h3>CZY JEDEN GRACZ MO\u017bE OTRZYMA\u0106 WSZYSTKIE BONUSY JEDNOCZE\u015aNIE?<\/h3>\n<p>TAk. Ka\u017cdy klient mo\u017ce otrzyma\u0107 absolutnie wszystkie rodzaje prezentowanych bonus\u00f3w.<\/p>\n<p>Przeczytaj r\u00f3wnie\u017c o:<\/p>\n<ul>\n<li><a href=\"https:\/\/rocketplay-slot.com\/pl\/bonus\/welcome-offer\/\">Welcome Offer<\/a><\/li>\n<li><a href=\"https:\/\/rocketplay-slot.com\/pl\/bonus\/vip-program\/\">VIP Program<\/a><\/li>\n<\/ul>\n<\/div>","protected":false},"excerpt":{"rendered":"<p>Fajnie jest wsp\u00f3\u0142pracowa\u0107 z instytucj\u0105, kt\u00f3ra pracuje dla klient\u00f3w i robi wszystko co mo\u017cliwe dla ich komfortu, satysfakcji i korzy\u015bci. Dlatego radzimy zwr\u00f3ci\u0107 uwag\u0119 na program bonusowy kasyna Rocket Play. To wyj\u0105tkowa instytucja, kt\u00f3ra s\u0142ynie z hojnych dar\u00f3w. Wielu klient\u00f3w to lojalni u\u017cytkownicy tego portalu ze wzgl\u0119du na tak korzystne warunki bonusowe i szerok\u0105 gam\u0119&#8230;<\/p>\n","protected":false},"author":1,"featured_media":0,"parent":1447,"menu_order":0,"comment_status":"closed","ping_status":"closed","template":"","meta":{"_acf_changed":false,"_kad_post_transparent":"default","_kad_post_title":"default","_kad_post_layout":"default","_kad_post_sidebar_id":"","_kad_post_content_style":"default","_kad_post_vertical_padding":"default","_kad_post_feature":"","_kad_post_feature_position":"","_kad_post_header":false,"_kad_post_footer":false,"footnotes":""},"class_list":["post-1473","page","type-page","status-publish","hentry"],"acf":[],"rttpg_featured_image_url":null,"rttpg_author":{"display_name":"Elvis","author_link":"https:\/\/rocketplay-slot.com\/pl\/author\/pemvas95n89x\/"},"rttpg_comment":0,"rttpg_category":null,"rttpg_excerpt":"Fajnie jest wsp\u00f3\u0142pracowa\u0107 z instytucj\u0105, kt\u00f3ra pracuje dla klient\u00f3w i robi wszystko co mo\u017cliwe dla ich komfortu, satysfakcji i korzy\u015bci. Dlatego radzimy zwr\u00f3ci\u0107 uwag\u0119 na program bonusowy kasyna Rocket Play. To wyj\u0105tkowa instytucja, kt\u00f3ra s\u0142ynie z hojnych dar\u00f3w. Wielu klient\u00f3w to lojalni u\u017cytkownicy tego portalu ze wzgl\u0119du na tak korzystne warunki bonusowe i szerok\u0105 gam\u0119...","_links":{"self":[{"href":"https:\/\/rocketplay-slot.com\/pl\/wp-json\/wp\/v2\/pages\/1473","targetHints":{"allow":["GET"]}}],"collection":[{"href":"https:\/\/rocketplay-slot.com\/pl\/wp-json\/wp\/v2\/pages"}],"about":[{"href":"https:\/\/rocketplay-slot.com\/pl\/wp-json\/wp\/v2\/types\/page"}],"author":[{"embeddable":true,"href":"https:\/\/rocketplay-slot.com\/pl\/wp-json\/wp\/v2\/users\/1"}],"replies":[{"embeddable":true,"href":"https:\/\/rocketplay-slot.com\/pl\/wp-json\/wp\/v2\/comments?post=1473"}],"version-history":[{"count":4,"href":"https:\/\/rocketplay-slot.com\/pl\/wp-json\/wp\/v2\/pages\/1473\/revisions"}],"predecessor-version":[{"id":4655,"href":"https:\/\/rocketplay-slot.com\/pl\/wp-json\/wp\/v2\/pages\/1473\/revisions\/4655"}],"up":[{"embeddable":true,"href":"https:\/\/rocketplay-slot.com\/pl\/wp-json\/wp\/v2\/pages\/1447"}],"wp:attachment":[{"href":"https:\/\/rocketplay-slot.com\/pl\/wp-json\/wp\/v2\/media?parent=1473"}],"curies":[{"name":"wp","href":"https:\/\/api.w.org\/{rel}","templated":true}]}}