{"id":1511,"date":"2022-09-30T14:05:28","date_gmt":"2022-09-30T11:05:28","guid":{"rendered":"https:\/\/rocketplay-slot.com\/bonus\/vip-program\/"},"modified":"2024-02-08T18:16:30","modified_gmt":"2024-02-08T15:16:30","slug":"vip-program","status":"publish","type":"page","link":"https:\/\/rocketplay-slot.com\/pl\/bonus\/vip-program\/","title":{"rendered":"Program VIP RocketPlay"},"content":{"rendered":"<p>Tylko elitarne zak\u0142ady hazardowe mog\u0105 pochwali\u0107 si\u0119 posiadaniem specjalnego systemu motywacyjnego dla klient\u00f3w. Je\u015bli wybra\u0142e\u015b t\u0119 instytucj\u0119 do wsp\u00f3\u0142pracy, dokona\u0142e\u015b w\u0142a\u015bciwego wyboru, poniewa\u017c aktywni klienci tutaj czekaj\u0105 na najlepszy program VIP w kasynie Rocket Play oraz sta\u0142e bonusy i prezenty za podniesienie statusu gry. Dowiemy si\u0119, czym dok\u0142adnie jest ten program i jakie oferuje korzy\u015bci. Zosta\u0144 z nami i dowiedz si\u0119 wi\u0119cej!<\/p>\n<h2>CZYM JEST PROGRAM VIP W KASYNIE ROCKET PLAY?<\/h2>\n<p>Program VIP kasyna Rocket Play to wyj\u0105tkowa oferta, kt\u00f3ra daje mo\u017cliwo\u015b\u0107 podwy\u017cszenia statusu gry. Im wy\u017cszy ten status, tym lepsze warunki wsp\u00f3\u0142pracy oraz cenniejsze prezenty i bonusy. W sumie jest 10 poziom\u00f3w. Pierwszym z nich jest \u017celazo, kt\u00f3re gracz otrzymuje po pomy\u015blnym zako\u0144czeniu procesu rejestracji.<\/p>\n<p>Nast\u0119pnie musisz zdobywa\u0107 punkty Comp \u2014 wirtualne punkty, kt\u00f3rych gromadzenie poprawi tw\u00f3j status. Pierwszy poziom to br\u0105z, a kiedy go osi\u0105gniesz, otrzymasz 10 darmowych spin\u00f3w na najlepszych automatach. Najwy\u017cszym statusem jest Diamond Legend. Daje graczowi niesamowite korzy\u015bci \u2014 zwrot 15% tygodniowego cashbacku, a tak\u017ce do 15 tysi\u0119cy euro lub 22,5 tysi\u0105ca dolar\u00f3w australijskich w postaci bonusu bez depozytu.<\/p>\n<p>Warunki naliczania punkt\u00f3w Comp s\u0105 bardzo proste. S\u0105 one automatycznie dodawane do specjalnego konta w grze za ka\u017cdy zak\u0142ad na automaty postawiony za prawdziwe pieni\u0105dze. Ekwiwalent naliczania to 1 wirtualna moneta za ka\u017cde 20\/30 PLN wydane na zak\u0142ad.<\/p>\n<p style=\"text-align: center;\"><img loading=\"lazy\" decoding=\"async\" class=\"aligncenter wp-image-4215\" src=\"https:\/\/rocketplay-slot.com\/wp-content\/uploads\/2024\/02\/r3463463.png\" alt=\"VIP RocketPlay\" width=\"1000\" height=\"333\" srcset=\"https:\/\/rocketplay-slot.com\/wp-content\/uploads\/2024\/02\/r3463463.png 1568w, https:\/\/rocketplay-slot.com\/wp-content\/uploads\/2024\/02\/r3463463-300x100.png 300w, https:\/\/rocketplay-slot.com\/wp-content\/uploads\/2024\/02\/r3463463-1024x341.png 1024w, https:\/\/rocketplay-slot.com\/wp-content\/uploads\/2024\/02\/r3463463-768x256.png 768w, https:\/\/rocketplay-slot.com\/wp-content\/uploads\/2024\/02\/r3463463-1536x511.png 1536w\" sizes=\"auto, (max-width: 1000px) 100vw, 1000px\" \/><\/p>\n<h2>KORZY\u015aCI Z BYCIA VIPEM W KASYNIE ROCKET PLAY<\/h2>\n<p>Korzy\u015bci z programu VIP Rocket Play w kasynie Australia s\u0105 oczywiste. Ka\u017cdy nowy status przyniesie lepsze warunki wsp\u00f3\u0142pracy i bardziej op\u0142acalne bonusy. Oczywi\u015bcie wszystko zale\u017cy od statusu, ale nawet po zdobyciu pierwszych poziom\u00f3w hazardzista ch\u0119tnie otrzyma dodatkowe zach\u0119ty. W zale\u017cno\u015bci od poziomu jest to:<\/p>\n<p>Dodatkowe darmowe spiny w automatach (od 10 dla poziomu Bronze do 300 dla Silver Legend);<br \/>\nCashback (od 3% dla Silver do 15% dla Diamond Legend);<br \/>\nBonus bez depozytu (od 1,5 tys. \u20ac\/2,3 tys. PLN w przypadku Gold Legend do 15 tys. \u20ac\/22,5 tys. PLN w przypadku Diamond Legend).<\/p>\n<p>Jak wida\u0107, warunki i korzy\u015bci s\u0105 nawet lepsze, ni\u017c mo\u017cesz sobie wyobrazi\u0107. Dodatkowo, aby podnie\u015b\u0107 status, nie musisz robi\u0107 nic specjalnego &#8211; jedynie uzupe\u0142nia\u0107 w\u0142asne konto i stawia\u0107 zak\u0142ady na realny bud\u017cet. Jednak istot\u0105 hazardu jest to. Wykonuj nawyki i otrzymuj za to dywidendy.<\/p>\n<h2>PLUSY I MINUSY<\/h2>\n<p>Program VIP Rocket Play kasyna online ma swoje liczne zalety i drobne wady, na kt\u00f3re nale\u017cy zwr\u00f3ci\u0107 uwag\u0119.<\/p>\n<table border=\"0\" cellspacing=\"0\" cellpadding=\"0\">\n<tbody>\n<tr>\n<td><b>Plusy<\/b><\/td>\n<td><b>Wady<\/b><\/td>\n<\/tr>\n<tr>\n<td>Darmowe starty w NAJLEPSZYCH automatach<\/td>\n<td>Limit czasu na bonusy (5 dni)<\/td>\n<\/tr>\n<tr>\n<td>Cashback od 3% do 15%<\/td>\n<td>Proces osi\u0105gania ka\u017cdego nowego poziomu jest do\u015b\u0107 d\u0142ugi<\/td>\n<\/tr>\n<tr>\n<td>Bez bonus\u00f3w depozytowych<\/td>\n<td><\/td>\n<\/tr>\n<\/tbody>\n<\/table>\n<p>Drobne wady wci\u0105\u017c nie niweluj\u0105 niesamowitych korzy\u015bci, jakie klient portalu otrzymuje z ka\u017cdym nowym poziomem.<\/p>\n<h2>FAQ<\/h2>\n<h3>JAK OTRZYMA\u0106 NOWY POZIOM GRY?<\/h3>\n<p>Aby to zrobi\u0107, konieczne jest zasilenie konta prawdziwymi \u015brodkami i obstawianie zak\u0142ad\u00f3w z wykorzystaniem tego kapita\u0142u.<\/p>\n<h3>CO DOSTAJ\u0118, KIEDY osi\u0105gn\u0119 MAKSYMALNY POZIOM VIP?<\/h3>\n<p>W takim przypadku otrzymasz 15% zwrotu got\u00f3wki i znaczn\u0105 kwot\u0119 bonusu bez depozytu.<\/p>\n<h3>JAK ZDOBY\u0106 1 WIRTUALN\u0104 MONET\u0118?<\/h3>\n<p>Ka\u017cdy nowy punkt jest naliczany po postawieniu przez amblera zak\u0142adu w wysoko\u015bci 20 \u20ac lub 30 PLN.<\/p>\n<p>Przeczytaj r\u00f3wnie\u017c o:<\/p>\n<ul>\n<li><a href=\"https:\/\/rocketplay-slot.com\/pl\/bonus\/welcome-offer\/\">Welcome Offer<\/a><\/li>\n<\/ul>\n","protected":false},"excerpt":{"rendered":"<p>Tylko elitarne zak\u0142ady hazardowe mog\u0105 pochwali\u0107 si\u0119 posiadaniem specjalnego systemu motywacyjnego dla klient\u00f3w. Je\u015bli wybra\u0142e\u015b t\u0119 instytucj\u0119 do wsp\u00f3\u0142pracy, dokona\u0142e\u015b w\u0142a\u015bciwego wyboru, poniewa\u017c aktywni klienci tutaj czekaj\u0105 na najlepszy program VIP w kasynie Rocket Play oraz sta\u0142e bonusy i prezenty za podniesienie statusu gry. Dowiemy si\u0119, czym dok\u0142adnie jest ten program i jakie oferuje korzy\u015bci&#8230;.<\/p>\n","protected":false},"author":1,"featured_media":0,"parent":1447,"menu_order":0,"comment_status":"closed","ping_status":"closed","template":"","meta":{"_acf_changed":false,"_kad_post_transparent":"default","_kad_post_title":"default","_kad_post_layout":"default","_kad_post_sidebar_id":"","_kad_post_content_style":"default","_kad_post_vertical_padding":"default","_kad_post_feature":"","_kad_post_feature_position":"","_kad_post_header":false,"_kad_post_footer":false,"footnotes":""},"class_list":["post-1511","page","type-page","status-publish","hentry"],"acf":[],"rttpg_featured_image_url":null,"rttpg_author":{"display_name":"Elvis","author_link":"https:\/\/rocketplay-slot.com\/pl\/author\/pemvas95n89x\/"},"rttpg_comment":0,"rttpg_category":null,"rttpg_excerpt":"Tylko elitarne zak\u0142ady hazardowe mog\u0105 pochwali\u0107 si\u0119 posiadaniem specjalnego systemu motywacyjnego dla klient\u00f3w. Je\u015bli wybra\u0142e\u015b t\u0119 instytucj\u0119 do wsp\u00f3\u0142pracy, dokona\u0142e\u015b w\u0142a\u015bciwego wyboru, poniewa\u017c aktywni klienci tutaj czekaj\u0105 na najlepszy program VIP w kasynie Rocket Play oraz sta\u0142e bonusy i prezenty za podniesienie statusu gry. Dowiemy si\u0119, czym dok\u0142adnie jest ten program i jakie oferuje korzy\u015bci....","_links":{"self":[{"href":"https:\/\/rocketplay-slot.com\/pl\/wp-json\/wp\/v2\/pages\/1511","targetHints":{"allow":["GET"]}}],"collection":[{"href":"https:\/\/rocketplay-slot.com\/pl\/wp-json\/wp\/v2\/pages"}],"about":[{"href":"https:\/\/rocketplay-slot.com\/pl\/wp-json\/wp\/v2\/types\/page"}],"author":[{"embeddable":true,"href":"https:\/\/rocketplay-slot.com\/pl\/wp-json\/wp\/v2\/users\/1"}],"replies":[{"embeddable":true,"href":"https:\/\/rocketplay-slot.com\/pl\/wp-json\/wp\/v2\/comments?post=1511"}],"version-history":[{"count":3,"href":"https:\/\/rocketplay-slot.com\/pl\/wp-json\/wp\/v2\/pages\/1511\/revisions"}],"predecessor-version":[{"id":4646,"href":"https:\/\/rocketplay-slot.com\/pl\/wp-json\/wp\/v2\/pages\/1511\/revisions\/4646"}],"up":[{"embeddable":true,"href":"https:\/\/rocketplay-slot.com\/pl\/wp-json\/wp\/v2\/pages\/1447"}],"wp:attachment":[{"href":"https:\/\/rocketplay-slot.com\/pl\/wp-json\/wp\/v2\/media?parent=1511"}],"curies":[{"name":"wp","href":"https:\/\/api.w.org\/{rel}","templated":true}]}}