{"id":1519,"date":"2022-09-29T18:12:36","date_gmt":"2022-09-29T15:12:36","guid":{"rendered":"https:\/\/rocketplay-slot.com\/bonus\/welcome-offer\/"},"modified":"2024-02-08T18:11:38","modified_gmt":"2024-02-08T15:11:38","slug":"welcome-offer","status":"publish","type":"page","link":"https:\/\/rocketplay-slot.com\/pl\/bonus\/welcome-offer\/","title":{"rendered":"Oferta powitalna RocketPlay"},"content":{"rendered":"<p>Ka\u017cdy hazardzista chce uzyska\u0107 jak najlepsze warunki wsp\u00f3\u0142pracy. Jest to prawdopodobnie jeden z kluczowych punkt\u00f3w przy podejmowaniu decyzji o do\u0142\u0105czeniu do zak\u0142adu gier. Jednak bonusy powitalne w kasynie online Rocket Play nie ka\u017c\u0105 d\u0142ugo czeka\u0107 i w\u0105tpi\u0107 w s\u0142uszno\u015b\u0107 decyzji.<\/p>\n<p>Nowicjusze, kt\u00f3rzy zdecyduj\u0105 si\u0119 do\u0142\u0105czy\u0107 do super zespo\u0142u klient\u00f3w portalu, mog\u0105 liczy\u0107 na niesamowite prezenty, kt\u00f3re b\u0119d\u0105 dobrym pocz\u0105tkiem do dalszych osi\u0105gni\u0119\u0107. Oferta powitalna Casino Rocket Play jest czym\u015b wartym Twojej uwagi. Dlatego warto dowiedzie\u0107 si\u0119 wi\u0119cej o tej wyj\u0105tkowej ofercie, o kt\u00f3rej opowiemy p\u00f3\u017aniej.<\/p>\n<p style=\"text-align: center;\"><img loading=\"lazy\" decoding=\"async\" class=\"aligncenter wp-image-4234\" src=\"https:\/\/rocketplay-slot.com\/wp-content\/uploads\/2024\/02\/wtyeuyr453.png\" alt=\"Oferta powitalna RocketPlay\" width=\"1000\" height=\"303\" srcset=\"https:\/\/rocketplay-slot.com\/wp-content\/uploads\/2024\/02\/wtyeuyr453.png 1047w, https:\/\/rocketplay-slot.com\/wp-content\/uploads\/2024\/02\/wtyeuyr453-300x91.png 300w, https:\/\/rocketplay-slot.com\/wp-content\/uploads\/2024\/02\/wtyeuyr453-1024x310.png 1024w, https:\/\/rocketplay-slot.com\/wp-content\/uploads\/2024\/02\/wtyeuyr453-768x233.png 768w\" sizes=\"auto, (max-width: 1000px) 100vw, 1000px\" \/><\/p>\n<h2>R\u00d3\u017bNE RODZAJE OFERTY POWITALNEJ<\/h2>\n<p>Nic dziwnego, \u017ce bonusy powitalne w najlepszym kasynie Rocket Play s\u0105 tak popularne w\u015br\u00f3d graczy.<\/p>\n<p>Celem ka\u017cdej oferty powitalnej Rocket Play Polska jest zapoznanie u\u017cytkownika z portalem, a tak\u017ce u\u0142atwienie drogi do wygranej. Oczywi\u015bcie w \u015bwiecie hazardu szcz\u0119\u015bcie jest kluczowym i bardzo wa\u017cnym punktem, ale zawsze mo\u017cesz spr\u00f3bowa\u0107 zwi\u0119kszy\u0107 swoje szanse na szcz\u0119\u015bcie. Jak m\u00f3wi\u0105: \u201eZaufaj Bogu, ale nie sied\u017a bezczynnie sam\u201d.<\/p>\n<p>Po udanej rejestracji w portalu najlepsza oferta powitalna kasyna Rocket Play staje si\u0119 dost\u0119pna dla absolutnie ka\u017cdego klienta portalu. Ta zach\u0119ta sk\u0142ada si\u0119 z dw\u00f3ch cz\u0119\u015bci, wi\u0119c mo\u017cna wyr\u00f3\u017cni\u0107 nast\u0119puj\u0105ce rodzaje prezent\u00f3w powitalnych.<\/p>\n<ol>\n<li>Prezent za pierwszy depozyt. To bardzo fajna oferta, poniewa\u017c minimalna kwota do\u0142adowania to tylko 20 \u20ac lub 30 PLN. Ta hojna dywidenda jest otrzymywana przez gracza natychmiast po uzupe\u0142nieniu konta. Dodatkowe 100% wp\u0142aconej kwoty zostanie zaksi\u0119gowane na koncie gry. Ponadto gracz otrzymuje 100 darmowych spin\u00f3w na najlepszych maszynach. 20 pr\u00f3b jest liczonych natychmiast. Pozosta\u0142e spiny s\u0105 przyznawane w ci\u0105gu nast\u0119pnych 4 dni.<\/li>\n<li>Po drugim do\u0142adowaniu czekaj\u0105 na Ciebie jeszcze fajniejsze prezenty. Je\u015bli wp\u0142acisz kwot\u0119 od 50 do 200 euro lub PLN, dodadz\u0105 Ci kolejne 200% wp\u0142aconej kwoty. Minimalna kwota do otrzymania bonusu to 50 EUR lub PLN, wi\u0119c b\u0105d\u017a \u015bwiadomy tego warunku i nie przegap swojej szansy.<\/li>\n<\/ol>\n<p>Jak wida\u0107, polityka instytucji dzia\u0142a na korzy\u015b\u0107 klienta ju\u017c od pierwszych minut po rejestracji. Niewiele jest dzi\u015b miejsc, w kt\u00f3rych mo\u017cna znale\u017a\u0107 tak korzystne warunki. Dlatego nie szukaj czego\u015b lepszego, gdy idea\u0142 jest ju\u017c przed Tob\u0105.<\/p>\n<p><img loading=\"lazy\" decoding=\"async\" class=\"alignright wp-image-4243\" src=\"https:\/\/rocketplay-slot.com\/wp-content\/uploads\/2024\/02\/45345435435.png\" alt=\"Oferta powitalna RocketPlay 2\" width=\"600\" height=\"304\" srcset=\"https:\/\/rocketplay-slot.com\/wp-content\/uploads\/2024\/02\/45345435435.png 615w, https:\/\/rocketplay-slot.com\/wp-content\/uploads\/2024\/02\/45345435435-300x152.png 300w\" sizes=\"auto, (max-width: 600px) 100vw, 600px\" \/><\/p>\n<h2>JAK ODBIERA\u0106 OFERT\u0118 POWITALN\u0104?<\/h2>\n<p>Warunki dostarczenia pakietu powitalnego s\u0105 bardzo proste. Pod\u0105\u017caj za nimi, a b\u0119dziesz szcz\u0119\u015bliwy.<\/p>\n<ul>\n<li>Najpierw musisz pomy\u015blnie zako\u0144czy\u0107 proces rejestracji. Tylko oficjalni klienci mog\u0105 ubiega\u0107 si\u0119 o wszystkie korzy\u015bci ze wsp\u00f3\u0142pracy z instytucj\u0105.<\/li>\n<li>Po drugie, po rejestracji bezwzgl\u0119dnie konieczne jest wp\u0142acenie w\u0142asnych \u015brodk\u00f3w na konto gry. Dodatkowe \u015brodki i darmowe spiny zostan\u0105 przyznane dopiero po dokonaniu wp\u0142aty. To jest bardzo proste. Aby to zrobi\u0107, skorzystaj ze specjalnej sekcji menu na swoim koncie osobistym. Minimalny depozyt to tylko 30 PLN za pierwsze do\u0142adowanie i 50 UAD za drugie. I tak pozostaj\u0105 na Twoim koncie osobistym. Jednak im wi\u0119cej \u015brodk\u00f3w zostanie przekazanych, tym wi\u0119cej pieni\u0119dzy zostanie przekazanych. Zwr\u00f3\u0107 na to uwag\u0119.<\/li>\n<\/ul>\n<p>Tylko kilka warunk\u00f3w wst\u0119pnych i pe\u0142ny pakiet prezent\u00f3w powitalnych s\u0105 w Twoich r\u0119kach. Nie zaniedbuj tej okazji. Wykorzystaj ka\u017cd\u0105 okazj\u0119 do maksimum dla w\u0142asnej korzy\u015bci. Fortuna sprzyja wytrwa\u0142ym.<\/p>\n<h2>FAQ<\/h2>\n<h3>JAK OTRZYMA\u0106 BONUS POWITALNY?<\/h3>\n<p>Aby otrzyma\u0107 pakiet prezentu powitalnego, musisz by\u0107 oficjalnie zarejestrowanym klientem portalu. Drugim obowi\u0105zkowym warunkiem jest uzupe\u0142nienie konta gry o co najmniej minimaln\u0105 kwot\u0119. Po pierwszej udanej p\u0142atno\u015bci prezenty zostan\u0105 natychmiast zaksi\u0119gowane na Twoim koncie.<\/p>\n<h3>CO ZAWIERA PAKIET POWITALNY?<\/h3>\n<p>Pakiet prezentu powitalnego zawiera dodatkowe \u015brodki na konto i startuje 100 darmowych slot\u00f3w. Kapita\u0142 bonusowy otrzymujesz po pierwszym i drugim do\u0142adowaniu. Po pierwszym w postaci 100% kwoty, po drugim &#8211; a\u017c 200%.<\/p>\n<h3>JAKA JEST MINIMALNA KWOTA DEPOZYTU?<\/h3>\n<p>To zale\u017cy od wybranej waluty. Tak, je\u015bli wybra\u0142e\u015b euro w ustawieniach swojego profilu, pierwsza wp\u0142ata musi wynosi\u0107 co najmniej 20 euro. Je\u015bli transakcje finansowe s\u0105 przeprowadzane w dolarach australijskich lub kanadyjskich, b\u0119dzie to 30 PLN.<\/p>\n<p>Przeczytaj r\u00f3wnie\u017c o:<\/p>\n<ul>\n<li><a href=\"https:\/\/rocketplay-slot.com\/pl\/bonus\/loyalty-program\/\">Loyalty Program<\/a><\/li>\n<li><a href=\"https:\/\/rocketplay-slot.com\/pl\/bonus\/regular-bonuses\/\">Regular Bonuses<\/a><\/li>\n<\/ul>\n","protected":false},"excerpt":{"rendered":"<p>Ka\u017cdy hazardzista chce uzyska\u0107 jak najlepsze warunki wsp\u00f3\u0142pracy. Jest to prawdopodobnie jeden z kluczowych punkt\u00f3w przy podejmowaniu decyzji o do\u0142\u0105czeniu do zak\u0142adu gier. Jednak bonusy powitalne w kasynie online Rocket Play nie ka\u017c\u0105 d\u0142ugo czeka\u0107 i w\u0105tpi\u0107 w s\u0142uszno\u015b\u0107 decyzji. Nowicjusze, kt\u00f3rzy zdecyduj\u0105 si\u0119 do\u0142\u0105czy\u0107 do super zespo\u0142u klient\u00f3w portalu, mog\u0105 liczy\u0107 na niesamowite prezenty,&#8230;<\/p>\n","protected":false},"author":1,"featured_media":0,"parent":1447,"menu_order":0,"comment_status":"closed","ping_status":"closed","template":"","meta":{"_acf_changed":false,"_kad_post_transparent":"default","_kad_post_title":"default","_kad_post_layout":"default","_kad_post_sidebar_id":"","_kad_post_content_style":"default","_kad_post_vertical_padding":"default","_kad_post_feature":"","_kad_post_feature_position":"","_kad_post_header":false,"_kad_post_footer":false,"footnotes":""},"class_list":["post-1519","page","type-page","status-publish","hentry"],"acf":[],"rttpg_featured_image_url":null,"rttpg_author":{"display_name":"Elvis","author_link":"https:\/\/rocketplay-slot.com\/pl\/author\/pemvas95n89x\/"},"rttpg_comment":0,"rttpg_category":null,"rttpg_excerpt":"Ka\u017cdy hazardzista chce uzyska\u0107 jak najlepsze warunki wsp\u00f3\u0142pracy. Jest to prawdopodobnie jeden z kluczowych punkt\u00f3w przy podejmowaniu decyzji o do\u0142\u0105czeniu do zak\u0142adu gier. Jednak bonusy powitalne w kasynie online Rocket Play nie ka\u017c\u0105 d\u0142ugo czeka\u0107 i w\u0105tpi\u0107 w s\u0142uszno\u015b\u0107 decyzji. Nowicjusze, kt\u00f3rzy zdecyduj\u0105 si\u0119 do\u0142\u0105czy\u0107 do super zespo\u0142u klient\u00f3w portalu, mog\u0105 liczy\u0107 na niesamowite prezenty,...","_links":{"self":[{"href":"https:\/\/rocketplay-slot.com\/pl\/wp-json\/wp\/v2\/pages\/1519","targetHints":{"allow":["GET"]}}],"collection":[{"href":"https:\/\/rocketplay-slot.com\/pl\/wp-json\/wp\/v2\/pages"}],"about":[{"href":"https:\/\/rocketplay-slot.com\/pl\/wp-json\/wp\/v2\/types\/page"}],"author":[{"embeddable":true,"href":"https:\/\/rocketplay-slot.com\/pl\/wp-json\/wp\/v2\/users\/1"}],"replies":[{"embeddable":true,"href":"https:\/\/rocketplay-slot.com\/pl\/wp-json\/wp\/v2\/comments?post=1519"}],"version-history":[{"count":6,"href":"https:\/\/rocketplay-slot.com\/pl\/wp-json\/wp\/v2\/pages\/1519\/revisions"}],"predecessor-version":[{"id":4637,"href":"https:\/\/rocketplay-slot.com\/pl\/wp-json\/wp\/v2\/pages\/1519\/revisions\/4637"}],"up":[{"embeddable":true,"href":"https:\/\/rocketplay-slot.com\/pl\/wp-json\/wp\/v2\/pages\/1447"}],"wp:attachment":[{"href":"https:\/\/rocketplay-slot.com\/pl\/wp-json\/wp\/v2\/media?parent=1519"}],"curies":[{"name":"wp","href":"https:\/\/api.w.org\/{rel}","templated":true}]}}