{"id":1538,"date":"2022-09-30T14:22:20","date_gmt":"2022-09-30T11:22:20","guid":{"rendered":"https:\/\/rocketplay-slot.com\/buffalo-power-hold-and-win\/"},"modified":"2022-12-24T01:16:34","modified_gmt":"2022-12-23T22:16:34","slug":"buffalo-power-hold-and-win","status":"publish","type":"page","link":"https:\/\/rocketplay-slot.com\/pl\/buffalo-power-hold-and-win\/","title":{"rendered":"Buffalo Power Hold And Win Przejrze\u0107"},"content":{"rendered":"<p><img loading=\"lazy\" decoding=\"async\" class=\"alignleft wp-image-405\" src=\"https:\/\/rocketplay-slot.com\/wp-content\/uploads\/2022\/09\/buffalo-power-hold-and-win-150x150.png\" alt=\"Buffalo Power Hold And Win\" width=\"200\" height=\"200\" srcset=\"https:\/\/rocketplay-slot.com\/wp-content\/uploads\/2022\/09\/buffalo-power-hold-and-win-150x150.png 150w, https:\/\/rocketplay-slot.com\/wp-content\/uploads\/2022\/09\/buffalo-power-hold-and-win-300x300.png 300w, https:\/\/rocketplay-slot.com\/wp-content\/uploads\/2022\/09\/buffalo-power-hold-and-win.png 380w\" sizes=\"auto, (max-width: 200px) 100vw, 200px\" \/><\/p>\n<p>Niesamowity rozw\u00f3j jednego z wiod\u0105cych \u015bwiatowych tw\u00f3rc\u00f3w tre\u015bci hazardowych, firmy Playson, mo\u017cna znale\u017a\u0107 w asortymencie gier na portalu. Rocket Play Buffalo Power Hold and Win jest wystarczaj\u0105co poszukiwany i mo\u017cesz na nim sp\u0119dzi\u0107 czas. 2 lata po pierwszym wydaniu gra zosta\u0142a niezwykle pokochana przez tysi\u0105ce u\u017cytkownik\u00f3w. A ka\u017cdego dnia armia fan\u00f3w automatu tylko si\u0119 powi\u0119ksza. Zosta\u0144 koneserem tej rozrywki i od razu rozpocznij przygod\u0119.<\/p>\n<p>Przedstawiamy wam recenzj\u0119 Rocket Play Buffalo Power Hold and Win. Nasz kr\u00f3tki opis zawiera wszystkie ciekawe informacje o programie i wa\u017cne fakty, kt\u00f3re przydadz\u0105 si\u0119. Dla lepszej prezentacji i zrozumienia wszystkiego, co niezb\u0119dne, przeczytaj tabel\u0119.<\/p>\n<table border=\"0\" cellspacing=\"0\" cellpadding=\"0\">\n<tbody>\n<tr>\n<td><b>Programista\u00a0<\/b><\/td>\n<td><b>Playson<\/b><\/td>\n<\/tr>\n<tr>\n<td>Data pojawienia si\u0119<\/td>\n<td>2020<\/td>\n<\/tr>\n<tr>\n<td>Linie<\/td>\n<td>20<\/td>\n<\/tr>\n<tr>\n<td>Ko\u0142a<\/td>\n<td>5<\/td>\n<\/tr>\n<tr>\n<td>Wiersze<\/td>\n<td>3<\/td>\n<\/tr>\n<tr>\n<td>Bonusy<\/td>\n<td>darmowe uruchamianie;<\/p>\n<p>4 jackpoty<\/td>\n<\/tr>\n<tr>\n<td>RTP<\/td>\n<td>95%<\/td>\n<\/tr>\n<tr>\n<td>Autoodtwarzanie<\/td>\n<td>+<\/td>\n<\/tr>\n<tr>\n<td>Znaki specjalne<\/td>\n<td>Rozpraszanie<\/p>\n<p>Dzikie<\/td>\n<\/tr>\n<tr>\n<td>Diapason zak\u0142ad\u00f3w<\/td>\n<td>0.20-100 PLN<\/td>\n<\/tr>\n<\/tbody>\n<\/table>\n<p>Po przestudiowaniu gry mo\u017cna zauwa\u017cy\u0107 wiele pozytywnych punkt\u00f3w, kt\u00f3re sprawiaj\u0105, \u017ce jest tak skuteczna w\u015br\u00f3d u\u017cytkownik\u00f3w. Oto niezwykle wygodna i szybka rozgrywka. Wszystko jest intuicyjne. Nawet pocz\u0105tkuj\u0105cy, kt\u00f3ry po raz pierwszy ma do czynienia ze slotami, potrzebuje zaledwie kilku minut na zapoznanie si\u0119 i poznanie funkcji menu g\u0142\u00f3wnego. Ponadto, je\u015bli masz jakie\u015b pytania, zawsze mo\u017cesz zajrze\u0107 do podpowiedzi, kt\u00f3re szczeg\u00f3\u0142owo opisz\u0105 wszystkie niezb\u0119dne funkcje, ikony i symbole gry.<\/p>\n<p>Nie mo\u017cna nie cieszy\u0107 si\u0119 dodatkowymi funkcjami gry. Jest tu ca\u0142kiem solidna seria bonus\u00f3w. Je\u015bli gracze nie s\u0105 ju\u017c zaskoczeni dodatkowymi darmowymi pr\u00f3bami lub specjalnymi symbolami rozproszonymi, tw\u00f3rcy gry ukryli kilka dodatkowych sztuczek w r\u0119kawie. Cztery jackpoty i dodatkowa mini-runda z pewno\u015bci\u0105 nie pozostawi\u0105 Ci\u0119 bez wra\u017ce\u0144. Super okazje do niesamowitych wygranych! Nawet przy minimalnym zak\u0142adzie wynosz\u0105cym zaledwie 20 cent\u00f3w mo\u017cesz otrzyma\u0107 ca\u0142kiem niez\u0142\u0105 nagrod\u0119.<\/p>\n<h2>TEMAT, GRAFIKA I \u015aCIE\u017bKA D\u0179WI\u0118KOWA<\/h2>\n<p>Szczeg\u00f3lne miejsce w sercu zajmuje grafika, \u015bcie\u017cki d\u017awi\u0119kowe oraz motyw przewodni gry. Rocket Play Buffalo power hold and win harmonijnie \u0142\u0105czy symbole zwierz\u0105t z towarzysz\u0105cymi d\u017awi\u0119kowymi i graficznymi efektami specjalnymi. Ju\u017c od pierwszych sekund po premierze staje si\u0119 jasne, jak kompetentnie tw\u00f3rcy pracowali nad po\u0142\u0105czeniem tych trzech aspekt\u00f3w.<\/p>\n<p>Ju\u017c z samej nazwy staje si\u0119 jasne, \u017ce tutaj b\u0119dziesz musia\u0142 zobaczy\u0107 tradycyjne ikony ze zwierz\u0119tami i zwyk\u0142ymi symbolami kart. Aby tworzy\u0107 zwyci\u0119skie kombinacje i odbiera\u0107 nagrody, musisz zebra\u0107 co najmniej trzy symbole:<\/p>\n<ul>\n<li>byki;<\/li>\n<li>Nied\u017awiedzie;<\/li>\n<li>kuguary;<\/li>\n<li>Wilki;<\/li>\n<li>Or\u0142y;<\/li>\n<li>Podstawowe symbole kart!<\/li>\n<\/ul>\n<p>Ka\u017cdy znak ma swoj\u0105 warto\u015b\u0107. R\u00f3wnie\u017c ostateczna kwota wygranych zale\u017cy od ca\u0142kowitej liczby w linii. Dodatkowe symbole mog\u0105 przynie\u015b\u0107 darmowe spiny, mini rund\u0119 i jeden z 4 lub nawet wszystkich jackpot\u00f3w.<\/p>\n<h2>RTP I Wariancja<\/h2>\n<p>Warto\u015b\u0107 RTP wynosi nieco ponad 95%. Oczywi\u015bcie chcieliby\u015bmy poprawi\u0107 te wska\u017aniki, ale to nie jest krytyczne. Nawet przy tych warto\u015bciach rozrywka jest godna polecenia.<\/p>\n<p style=\"text-align: center;\"><img loading=\"lazy\" decoding=\"async\" class=\"aligncenter wp-image-406 size-full\" src=\"https:\/\/rocketplay-slot.com\/wp-content\/uploads\/2022\/09\/buffalo-power-hold-and-win-slot.jpeg\" alt=\"Buffalo Power Hold And Win slot\" width=\"1280\" height=\"720\" srcset=\"https:\/\/rocketplay-slot.com\/wp-content\/uploads\/2022\/09\/buffalo-power-hold-and-win-slot.jpeg 1280w, https:\/\/rocketplay-slot.com\/wp-content\/uploads\/2022\/09\/buffalo-power-hold-and-win-slot-300x169.jpeg 300w, https:\/\/rocketplay-slot.com\/wp-content\/uploads\/2022\/09\/buffalo-power-hold-and-win-slot-1024x576.jpeg 1024w, https:\/\/rocketplay-slot.com\/wp-content\/uploads\/2022\/09\/buffalo-power-hold-and-win-slot-768x432.jpeg 768w\" sizes=\"auto, (max-width: 1280px) 100vw, 1280px\" \/><\/p>\n<h2>JAK GRA\u0106<\/h2>\n<p>Istniej\u0105 dwa sposoby gry na portalu Rocket Play Buffalo, trzymaj moc i wygrywaj za darmo. Pierwsza opcja jest dost\u0119pna dla wszystkich odwiedzaj\u0105cych portal bez rejestracji lub depozytu. Druga opcja wymaga obu. Otwiera jednak drog\u0119 do niesamowitych wygranych. Zarejestruj si\u0119, dokonaj wp\u0142aty na swoje konto, wybierz ten slot i uruchom go. Dla udanej rotacji warto:<\/p>\n<ul>\n<li>ustawi\u0107 wielko\u015b\u0107 zak\u0142adu;<\/li>\n<li>wybierz liczb\u0119 linii;<\/li>\n<li>naci\u015bnij Start;<\/li>\n<li>poczekaj na zako\u0144czenie rotacji.<\/li>\n<\/ul>\n<p>Wszystkie zwyci\u0119skie kombinacje s\u0105 obliczane automatycznie, a \u015brodki s\u0105 natychmiast wp\u0142acane na Twoje konto.<\/p>\n<h2>FAQ<\/h2>\n<h3>CZY MO\u017bESZ GRA\u0106 ZA DARMO?<\/h3>\n<p>Tak, wybieraj\u0105c wersj\u0119 demonstracyjn\u0105 Rocket Play Buffalo power hold i wygrywaj\u0105c prawdziwe pieni\u0105dze, mo\u017cesz gra\u0107 za darmo, bez depozytu, a nawet bez rejestracji.<\/p>\n<h3>CO WYJ\u0104TKOWEGO JEST W AUTOMACIE?<\/h3>\n<p>S\u0105 4 jackpoty, mini runda, dodatkowe spiny i wiele innych interesuj\u0105cych rzeczy, na kt\u00f3re warto zwr\u00f3ci\u0107 uwag\u0119.<\/p>\n<p>Przeczytaj r\u00f3wnie\u017c o:<\/p>\n<ul>\n<li><a href=\"https:\/\/rocketplay-slot.com\/pl\/magic-spins\/\">Magic Spins<\/a><\/li>\n<li><a href=\"https:\/\/rocketplay-slot.com\/pl\/3-coins\/\">3 Coins<\/a><\/li>\n<\/ul>\n","protected":false},"excerpt":{"rendered":"<p>Niesamowity rozw\u00f3j jednego z wiod\u0105cych \u015bwiatowych tw\u00f3rc\u00f3w tre\u015bci hazardowych, firmy Playson, mo\u017cna znale\u017a\u0107 w asortymencie gier na portalu. Rocket Play Buffalo Power Hold and Win jest wystarczaj\u0105co poszukiwany i mo\u017cesz na nim sp\u0119dzi\u0107 czas. 2 lata po pierwszym wydaniu gra zosta\u0142a niezwykle pokochana przez tysi\u0105ce u\u017cytkownik\u00f3w. A ka\u017cdego dnia armia fan\u00f3w automatu tylko si\u0119 powi\u0119ksza&#8230;.<\/p>\n","protected":false},"author":1,"featured_media":0,"parent":0,"menu_order":0,"comment_status":"closed","ping_status":"closed","template":"","meta":{"_acf_changed":false,"_kad_post_transparent":"default","_kad_post_title":"default","_kad_post_layout":"default","_kad_post_sidebar_id":"","_kad_post_content_style":"default","_kad_post_vertical_padding":"default","_kad_post_feature":"","_kad_post_feature_position":"","_kad_post_header":false,"_kad_post_footer":false,"footnotes":""},"class_list":["post-1538","page","type-page","status-publish","hentry"],"acf":[],"rttpg_featured_image_url":null,"rttpg_author":{"display_name":"Elvis","author_link":"https:\/\/rocketplay-slot.com\/pl\/author\/pemvas95n89x\/"},"rttpg_comment":0,"rttpg_category":null,"rttpg_excerpt":"Niesamowity rozw\u00f3j jednego z wiod\u0105cych \u015bwiatowych tw\u00f3rc\u00f3w tre\u015bci hazardowych, firmy Playson, mo\u017cna znale\u017a\u0107 w asortymencie gier na portalu. Rocket Play Buffalo Power Hold and Win jest wystarczaj\u0105co poszukiwany i mo\u017cesz na nim sp\u0119dzi\u0107 czas. 2 lata po pierwszym wydaniu gra zosta\u0142a niezwykle pokochana przez tysi\u0105ce u\u017cytkownik\u00f3w. A ka\u017cdego dnia armia fan\u00f3w automatu tylko si\u0119 powi\u0119ksza....","_links":{"self":[{"href":"https:\/\/rocketplay-slot.com\/pl\/wp-json\/wp\/v2\/pages\/1538","targetHints":{"allow":["GET"]}}],"collection":[{"href":"https:\/\/rocketplay-slot.com\/pl\/wp-json\/wp\/v2\/pages"}],"about":[{"href":"https:\/\/rocketplay-slot.com\/pl\/wp-json\/wp\/v2\/types\/page"}],"author":[{"embeddable":true,"href":"https:\/\/rocketplay-slot.com\/pl\/wp-json\/wp\/v2\/users\/1"}],"replies":[{"embeddable":true,"href":"https:\/\/rocketplay-slot.com\/pl\/wp-json\/wp\/v2\/comments?post=1538"}],"version-history":[{"count":3,"href":"https:\/\/rocketplay-slot.com\/pl\/wp-json\/wp\/v2\/pages\/1538\/revisions"}],"predecessor-version":[{"id":2406,"href":"https:\/\/rocketplay-slot.com\/pl\/wp-json\/wp\/v2\/pages\/1538\/revisions\/2406"}],"wp:attachment":[{"href":"https:\/\/rocketplay-slot.com\/pl\/wp-json\/wp\/v2\/media?parent=1538"}],"curies":[{"name":"wp","href":"https:\/\/api.w.org\/{rel}","templated":true}]}}