{"id":1558,"date":"2022-09-30T15:05:52","date_gmt":"2022-09-30T12:05:52","guid":{"rendered":"https:\/\/rocketplay-slot.com\/magic-spins\/"},"modified":"2022-12-24T01:19:04","modified_gmt":"2022-12-23T22:19:04","slug":"magic-spins","status":"publish","type":"page","link":"https:\/\/rocketplay-slot.com\/pl\/magic-spins\/","title":{"rendered":"Magic Spins Przejrze\u0107"},"content":{"rendered":"<p>Dzi\u0119ki tw\u00f3rcy automatu, firmie Wazdan, za tak ciekaw\u0105 i niezwyk\u0142\u0105 oraz kreatywn\u0105 kreacj\u0119. Imponuj\u0105cy jest nie tylko design i nowe mo\u017cliwo\u015bci, kt\u00f3re mo\u017cna wykorzysta\u0107, ale tak\u017ce liczba mo\u017cliwych wygranych. Je\u015bli szcz\u0119\u015bcie si\u0119 do Ciebie u\u015bmiechnie, Twoja nagroda wzro\u015bnie do 2500-krotno\u015bci pocz\u0105tkowego zak\u0142adu.<\/p>\n<p>Porozmawiamy o niezwyk\u0142ych nagrodach i innych wspania\u0142ych funkcjach gry w naszej recenzji automat\u00f3w Rocket Play Magic Spins. Zosta\u0144 z nami, a nie po\u017ca\u0142ujesz, bo kto jest w\u0142a\u015bcicielem informacji, jest w\u0142a\u015bcicielem \u015bwiata.<\/p>\n<p style=\"text-align: center;\"><img loading=\"lazy\" decoding=\"async\" class=\"aligncenter wp-image-417 size-full\" src=\"https:\/\/rocketplay-slot.com\/wp-content\/uploads\/2022\/09\/magic-spins.png\" alt=\"Magic Spins\" width=\"595\" height=\"150\" srcset=\"https:\/\/rocketplay-slot.com\/wp-content\/uploads\/2022\/09\/magic-spins.png 595w, https:\/\/rocketplay-slot.com\/wp-content\/uploads\/2022\/09\/magic-spins-300x76.png 300w\" sizes=\"auto, (max-width: 595px) 100vw, 595px\" \/><\/p>\n<h2>PRZEGL\u0104D MAGICZNYCH SPIN\u00d3W<\/h2>\n<p>G\u0142\u00f3wne punkty slotu Rocket Play Magic Spins, kt\u00f3re ka\u017cdy gracz powinien zna\u0107 przed rozpocz\u0119ciem gry, zosta\u0142y przedstawione i opisane w tabeli.<\/p>\n<p>&nbsp;<\/p>\n<table border=\"0\" cellspacing=\"0\" cellpadding=\"0\">\n<tbody>\n<tr>\n<td><b>Programista\u00a0<\/b><\/td>\n<td><b>Wazdan<\/b><\/td>\n<\/tr>\n<tr>\n<td>Data pojawienia si\u0119<\/td>\n<td>2022<\/td>\n<\/tr>\n<tr>\n<td>Bonusy<\/td>\n<td>Rocket Play Magic Spins darmowe spiny;<\/p>\n<p>jackpoty<\/td>\n<\/tr>\n<tr>\n<td>RTP<\/td>\n<td>95%<\/td>\n<\/tr>\n<tr>\n<td>Znaki specjalne<\/td>\n<td>Zbierz do niesko\u0144czono\u015bci;<\/p>\n<p>Kolekcjoner<\/td>\n<\/tr>\n<tr>\n<td>Maksymalna wygrana<\/td>\n<td>x2500<\/td>\n<\/tr>\n<\/tbody>\n<\/table>\n<p>&nbsp;<\/p>\n<p>Ju\u017c od pierwszego spojrzenia na gr\u0119 mo\u017cesz zrozumie\u0107, \u017ce czeka na Ciebie co\u015b wyj\u0105tkowego i niezwyk\u0142ego. Data premiery automatu to 2023; czyli wci\u0105\u017c jest to najnowsza nowo\u015b\u0107 w \u015bwiecie hazardu, na kt\u00f3r\u0105 warto zwr\u00f3ci\u0107 uwag\u0119.<\/p>\n<p>Cho\u0107 od razu mo\u017ce si\u0119 wydawa\u0107, \u017ce rozgrywka jest skomplikowana i niejasna, wcale tak nie jest. Ju\u017c w grze podstawowej mo\u017cesz zdoby\u0107 nagrod\u0119 z mno\u017cnikiem 150 na zwyk\u0142e symbole. U\u017cywaj\u0105c specjalnych ikon, mo\u017cesz wygra\u0107 maksymalny jackpot i szalone pieni\u0105dze.<\/p>\n<p>Kolejn\u0105 cech\u0105 slotu jest nowa, opatentowana funkcja CollectToInfinity. My\u015bl\u0119, \u017ce przekonali\u015bmy ci\u0119 do spr\u00f3bowania. Ale nawet je\u015bli nadal masz w\u0105tpliwo\u015bci, skorzystaj z Rocket Play Magic Spins, graj za darmo i zapoznaj si\u0119 z nowym dzie\u0142em Wazdana bez nara\u017cania w\u0142asnego kapita\u0142u.<\/p>\n<h2>MAGIC SPINS CECHY GRY<\/h2>\n<p>Aby stworzy\u0107 zwyci\u0119sk\u0105 kombinacj\u0119, musisz zebra\u0107 co najmniej 10 identycznych obraz\u00f3w. Nie ma zwyk\u0142ych linii i b\u0119bn\u00f3w, wi\u0119c mo\u017cna je zbiera\u0107 w dowolnej pozycji na boisku. Specjalne symbole scatter, kt\u00f3re zast\u0119puj\u0105 inne podstawowe obrazki (poza specjalnymi), pomog\u0105 jeszcze bardziej zwi\u0119kszy\u0107 twoje szanse i odnie\u015b\u0107 sukces. Je\u015bli wypadnie 6 lub wi\u0119cej ikon bonusowych, rozpoczyna si\u0119 gra bonusowa.<\/p>\n<p>Automat Rocket Play Magic Spins na prawdziwe pieni\u0105dze jest r\u00f3wnie\u017c ekscytuj\u0105cy, z mo\u017cliwo\u015bci\u0105 otrzymania niezwyk\u0142ej nagrody &#8211; 2500 razy wi\u0119kszej ni\u017c pocz\u0105tkowy zak\u0142ad.<\/p>\n<p>Kolejn\u0105 cech\u0105 automat\u00f3w jest mo\u017cliwo\u015b\u0107 zakupu jednego z czterech dost\u0119pnych volatilizes:<\/p>\n<ul>\n<li>Niski;<\/li>\n<li>Standard;<\/li>\n<li>Wysoki;<\/li>\n<li>Skrajny!<\/li>\n<\/ul>\n<p>Taka okazja nie zosta\u0142a jeszcze przedstawiona. To \u015bwietna funkcja, ale warto zauwa\u017cy\u0107, \u017ce nie jest tania. Za najwy\u017cszy poziom trzeba zap\u0142aci\u0107 500 razy wi\u0119cej ni\u017c kwota zak\u0142adu. Czasami jednak warto.<\/p>\n<p style=\"text-align: center;\"><img loading=\"lazy\" decoding=\"async\" class=\"aligncenter wp-image-418 size-full\" src=\"https:\/\/rocketplay-slot.com\/wp-content\/uploads\/2022\/09\/magic-spins-e1664539322637.jpeg\" alt=\"Magic Spins slot\" width=\"900\" height=\"546\" srcset=\"https:\/\/rocketplay-slot.com\/wp-content\/uploads\/2022\/09\/magic-spins-e1664539322637.jpeg 900w, https:\/\/rocketplay-slot.com\/wp-content\/uploads\/2022\/09\/magic-spins-e1664539322637-300x182.jpeg 300w, https:\/\/rocketplay-slot.com\/wp-content\/uploads\/2022\/09\/magic-spins-e1664539322637-768x466.jpeg 768w\" sizes=\"auto, (max-width: 900px) 100vw, 900px\" \/><\/p>\n<h2>TEMAT I PROJEKT<\/h2>\n<p>Automat online Rocket Play Magic Spins ma nietypowy, ale przyjemny wizualnie design. W tle gracze obserwuj\u0105 rozgwie\u017cd\u017cone niebo, gdzie dzieje si\u0119 magia. Ekran roboczy podzielony jest na cztery symetryczne segmenty w formie krzy\u017ca. To w nich wypadaj\u0105 symbole przynosz\u0105ce wygrane.<\/p>\n<p>Nie ma tu zwyk\u0142ych b\u0119bn\u00f3w. Obrazy pojawiaj\u0105 si\u0119 na ca\u0142ym ekranie i sumuj\u0105 si\u0119 do \u0142\u0105cznej liczby. Opr\u00f3cz tematycznych ikon tajemniczych kolorowych klejnot\u00f3w, gra zawiera zwyk\u0142e symbole kart.<\/p>\n<h2>WNIOSEK<\/h2>\n<p>Podsumowuj\u0105c, mo\u017cna zauwa\u017cy\u0107 jedno &#8211; jest to wyj\u0105tkowa i niezwyk\u0142a rozrywka. Tutaj wszystko jest inne, wi\u0119c rozgrywka na pierwszy rzut oka mo\u017ce wydawa\u0107 si\u0119 nieco skomplikowana i zagmatwana. Nie ma linii i rolek, a ekran jest podzielony na segmenty. Istnieje jednak super jackpot, kt\u00f3ry mo\u017ce wzrosn\u0105\u0107 2500 razy.<\/p>\n<p>Ale nawet bez jackpota ju\u017c w grze podstawowej liczba wygranych mo\u017ce wynosi\u0107 x150. Gracz mo\u017ce r\u00f3wnie\u017c zakupi\u0107 poziom zmienno\u015bci i wybra\u0107 tempo gry. W automacie jest 5 jackpot\u00f3w, ale niestety wszystkie poprzednie s\u0105 anulowane, je\u015bli gracz wygra najwi\u0119kszy z nich.<\/p>\n<p>Przeczytaj r\u00f3wnie\u017c o:<\/p>\n<ul>\n<li><a href=\"https:\/\/rocketplay-slot.com\/pl\/3-coins\/\">3 Coins<\/a><\/li>\n<li><a href=\"https:\/\/rocketplay-slot.com\/pl\/aloha-king-elvis\/\">Aloha King Elvis<\/a><\/li>\n<\/ul>\n","protected":false},"excerpt":{"rendered":"<p>Dzi\u0119ki tw\u00f3rcy automatu, firmie Wazdan, za tak ciekaw\u0105 i niezwyk\u0142\u0105 oraz kreatywn\u0105 kreacj\u0119. Imponuj\u0105cy jest nie tylko design i nowe mo\u017cliwo\u015bci, kt\u00f3re mo\u017cna wykorzysta\u0107, ale tak\u017ce liczba mo\u017cliwych wygranych. Je\u015bli szcz\u0119\u015bcie si\u0119 do Ciebie u\u015bmiechnie, Twoja nagroda wzro\u015bnie do 2500-krotno\u015bci pocz\u0105tkowego zak\u0142adu. Porozmawiamy o niezwyk\u0142ych nagrodach i innych wspania\u0142ych funkcjach gry w naszej recenzji automat\u00f3w&#8230;<\/p>\n","protected":false},"author":1,"featured_media":0,"parent":0,"menu_order":0,"comment_status":"closed","ping_status":"closed","template":"","meta":{"_acf_changed":false,"_kad_post_transparent":"default","_kad_post_title":"default","_kad_post_layout":"default","_kad_post_sidebar_id":"","_kad_post_content_style":"default","_kad_post_vertical_padding":"default","_kad_post_feature":"","_kad_post_feature_position":"","_kad_post_header":false,"_kad_post_footer":false,"footnotes":""},"class_list":["post-1558","page","type-page","status-publish","hentry"],"acf":[],"rttpg_featured_image_url":null,"rttpg_author":{"display_name":"Elvis","author_link":"https:\/\/rocketplay-slot.com\/pl\/author\/pemvas95n89x\/"},"rttpg_comment":0,"rttpg_category":null,"rttpg_excerpt":"Dzi\u0119ki tw\u00f3rcy automatu, firmie Wazdan, za tak ciekaw\u0105 i niezwyk\u0142\u0105 oraz kreatywn\u0105 kreacj\u0119. Imponuj\u0105cy jest nie tylko design i nowe mo\u017cliwo\u015bci, kt\u00f3re mo\u017cna wykorzysta\u0107, ale tak\u017ce liczba mo\u017cliwych wygranych. Je\u015bli szcz\u0119\u015bcie si\u0119 do Ciebie u\u015bmiechnie, Twoja nagroda wzro\u015bnie do 2500-krotno\u015bci pocz\u0105tkowego zak\u0142adu. Porozmawiamy o niezwyk\u0142ych nagrodach i innych wspania\u0142ych funkcjach gry w naszej recenzji automat\u00f3w...","_links":{"self":[{"href":"https:\/\/rocketplay-slot.com\/pl\/wp-json\/wp\/v2\/pages\/1558","targetHints":{"allow":["GET"]}}],"collection":[{"href":"https:\/\/rocketplay-slot.com\/pl\/wp-json\/wp\/v2\/pages"}],"about":[{"href":"https:\/\/rocketplay-slot.com\/pl\/wp-json\/wp\/v2\/types\/page"}],"author":[{"embeddable":true,"href":"https:\/\/rocketplay-slot.com\/pl\/wp-json\/wp\/v2\/users\/1"}],"replies":[{"embeddable":true,"href":"https:\/\/rocketplay-slot.com\/pl\/wp-json\/wp\/v2\/comments?post=1558"}],"version-history":[{"count":3,"href":"https:\/\/rocketplay-slot.com\/pl\/wp-json\/wp\/v2\/pages\/1558\/revisions"}],"predecessor-version":[{"id":2413,"href":"https:\/\/rocketplay-slot.com\/pl\/wp-json\/wp\/v2\/pages\/1558\/revisions\/2413"}],"wp:attachment":[{"href":"https:\/\/rocketplay-slot.com\/pl\/wp-json\/wp\/v2\/media?parent=1558"}],"curies":[{"name":"wp","href":"https:\/\/api.w.org\/{rel}","templated":true}]}}