{"id":1579,"date":"2022-08-11T20:10:48","date_gmt":"2022-08-11T17:10:48","guid":{"rendered":"https:\/\/rocketplay-slot.com\/baccarat\/"},"modified":"2022-10-31T21:33:30","modified_gmt":"2022-10-31T18:33:30","slug":"baccarat","status":"publish","type":"page","link":"https:\/\/rocketplay-slot.com\/pl\/baccarat\/","title":{"rendered":"Zagraj w Baccarat na prawdziwe pieni\u0105dze"},"content":{"rendered":"<p><img loading=\"lazy\" decoding=\"async\" class=\" wp-image-311 aligncenter\" src=\"https:\/\/rocketplay-slot.com\/wp-content\/uploads\/2022\/08\/online-baccarat-1-300x146.jpg\" alt=\"baccarat online\" width=\"596\" height=\"290\" srcset=\"https:\/\/rocketplay-slot.com\/wp-content\/uploads\/2022\/08\/online-baccarat-1-300x146.jpg 300w, https:\/\/rocketplay-slot.com\/wp-content\/uploads\/2022\/08\/online-baccarat-1-1024x497.jpg 1024w, https:\/\/rocketplay-slot.com\/wp-content\/uploads\/2022\/08\/online-baccarat-1-768x372.jpg 768w, https:\/\/rocketplay-slot.com\/wp-content\/uploads\/2022\/08\/online-baccarat-1.jpg 1200w\" sizes=\"auto, (max-width: 596px) 100vw, 596px\" \/><\/p>\n<p>Kasyno Baccarat RocketPlay to znana na ca\u0142ym \u015bwiecie gra. Jest uwielbiana przez miliony ludzi w wielu krajach. Mo\u017cesz go znale\u017a\u0107 zar\u00f3wno w kasynie online, jak iw klasycznym zak\u0142adzie stacjonarnym. Tam przejmuje inicjatyw\u0119. Ta hazardowa rozrywka ma specyficzn\u0105 atmosfer\u0119, dzi\u0119ki kt\u00f3rej mo\u017cesz zapomnie\u0107 o wszystkim na \u015bwiecie.<\/p>\n<p>Arystokraci lubili gra\u0107, siedz\u0105c godzinami przy stole. Rozgrywka mog\u0142aby trwa\u0107 bardzo d\u0142ugo. Zasady s\u0105 naprawd\u0119 bardzo proste. Ale nawet w tak prostej grze istniej\u0105 osobliwe strategie, kt\u00f3rych gracze u\u017cywaj\u0105, aby wygra\u0107. Ich skuteczno\u015b\u0107 mo\u017cna sprawdzi\u0107 tylko na podstawie w\u0142asnego do\u015bwiadczenia.<\/p>\n<p>Mo\u017cesz gra\u0107 w kasynie online RocketPlay z bakaratem. Do wyboru jest tryb tradycyjny, a tak\u017ce na \u017cywo. Na \u017cywo spotkasz si\u0119 z \u017cywym krupierem. W ten spos\u00f3b mo\u017cesz poczu\u0107 si\u0119 jak w prawdziwym domu hazardowym, przesi\u0105kni\u0119tym atmosfer\u0105.<\/p>\n<p>Tryb na \u017cywo mog\u0105 wypr\u00f3bowa\u0107 tylko pe\u0142noprawni u\u017cytkownicy, kt\u00f3rzy za\u0142o\u017cyli konto, podali wszystkie niezb\u0119dne informacje i dokonali wp\u0142aty. Je\u015bli jeste\u015b kompletnym pocz\u0105tkuj\u0105cym i jeszcze nie pr\u00f3bowa\u0142e\u015b w to gra\u0107, ale powa\u017cnie postanowi\u0142e\u015b zacz\u0105\u0107 gra\u0107, sprawd\u017a wszystkie niuanse. Chocia\u017c zasady nie s\u0105 zbyt skomplikowane, nadal musisz je zna\u0107.<\/p>\n<h2>JAK GRA\u0106 W BAKARATA?<\/h2>\n<p>Spr\u00f3buj swoich si\u0142 w najlepszym kasynie online w Baccarat RocketPlay. Jedyne, czego wymaga si\u0119 od uczestnik\u00f3w tej gry, to zdoby\u0107 dziewi\u0119\u0107 punkt\u00f3w. no czy co\u015b w tym stylu. Na samym pocz\u0105tku gracze, a tak\u017ce sam krupier, otrzymuj\u0105 par\u0119 kart. Tutaj powiniene\u015b by\u0107 szczeg\u00f3lnie ostro\u017cny:<\/p>\n<ul>\n<li>Dziesi\u0119\u0107 i starsze karty &#8211; dostaj\u0105 za nie zero;<\/li>\n<li>Bo tutaj &#8211; jeden;<\/li>\n<li>Od dw\u00f3ch do dziewi\u0119ciu &#8211; wychodzi tak, jak jest w warto\u015bci nominalnej tych kart.<\/li>\n<\/ul>\n<p>Je\u015bli uzyska si\u0119 wi\u0119cej ni\u017c dziesi\u0119\u0107 punkt\u00f3w lub wi\u0119cej, od wyniku odejmuje si\u0119 tylko dziesi\u0119\u0107. A to, co pozostanie, to ostatnie punkty. Je\u015bli masz dwana\u015bcie, a nast\u0119pnie odejmuj\u0105c dziesi\u0119\u0107, otrzymujemy 2. To jest tw\u00f3j wynik. Kiedy wszyscy uczestnicy znaj\u0105 swoje wyniki. Je\u015bli zak\u0142ad nie zosta\u0142 rozegrany, potrzebna b\u0119dzie r\u00f3wnie\u017c trzecia karta. Je\u015bli 2 karty daj\u0105 nie wi\u0119cej ni\u017c sze\u015b\u0107 punkt\u00f3w, potrzebna jest kolejna karta. Wszystko jest proste. Po kilku grach zapami\u0119tasz wszystkie subtelno\u015bci. Ci, kt\u00f3rzy dok\u0142adnie znaj\u0105 wszystkie zasady, maj\u0105 wi\u0119ksze szanse na wygran\u0105 w kasynie online Baccarat RocketPlay.<\/p>\n<h2>ZWYCI\u0118SKIE WSKAZ\u00d3WKI DOTYCZ\u0104CE GRY KARTOWEJ BACCARAT<\/h2>\n<p>Wszyscy ludzie s\u0105 r\u00f3\u017cni, ale wci\u0105\u017c maj\u0105 co\u015b wsp\u00f3lnego. A raczej w ich psychologii. Dla ka\u017cdego z nas bardzo wa\u017cna jest kontrola sytuacji. Z tego powodu cz\u0119sto jeste\u015bmy zestresowani. W przypadku kasyna gry Baccarat RocketPlay nie ma sensu szczeg\u00f3lne napi\u0119cie, tylko szcz\u0119\u015bcie mo\u017ce w tym przypadku wp\u0142yn\u0105\u0107 na zwyci\u0119stwo. Ale wielu pocz\u0105tkuj\u0105cych, a tak\u017ce tych, kt\u00f3rzy graj\u0105 od d\u0142u\u017cszego czasu, nieustannie pr\u00f3buje u\u017cywa\u0107 r\u00f3\u017cnych metod, aby jako\u015b przechytrzy\u0107 los. Konwencjonalnie wszystkie te tak zwane triki mo\u017cna podzieli\u0107 na pewne progresje, kt\u00f3re mog\u0105 by\u0107 negatywne lub pozytywne.<\/p>\n<p>W przypadku pozytywnych typowe jest zwi\u0119kszanie stawki, je\u015bli szcz\u0119\u015bcie jest po stronie gracza, w przeciwnym razie &#8211; zmniejszanie. Progresje ujemne s\u0105 zupe\u0142nie inne. Je\u015bli szcz\u0119\u015bcie si\u0119 odwraca, zak\u0142ad ro\u015bnie, a w przypadku szcz\u0119\u015bcia wszystko dzieje si\u0119 na odwr\u00f3t.<\/p>\n<p>Jest co\u015b jeszcze. Kolejny system, kt\u00f3ry nazywa si\u0119 p\u0142askim. Je\u015bli skorzystasz z tej metody, pieni\u0105dze musisz oszcz\u0119dza\u0107 przez ca\u0142y czas gry. Celem takiej strategii jest to, \u017ce kwota zak\u0142adu pozostaje stabilna. Je\u015bli jeste\u015b pocz\u0105tkuj\u0105cym i nie znasz gry, na pocz\u0105tku wszystkie te metody b\u0119d\u0105 dla ciebie dziwne i niezrozumia\u0142e. Ale s\u0105 u\u017cywane przez dziesi\u0105tki tysi\u0119cy ludzi. Mo\u017ce komu\u015b pomagaj\u0105. To s\u0105 najs\u0142ynniejsze z nich.<\/p>\n<p>Nie polegaj zbytnio na \u017cadnej ze strategii. W ko\u0144cu \u017cadna z tych metod nie przyniesie ci stuprocentowego zysku. Ka\u017cdy hazardzista wybiera to tylko ze wzgl\u0119du na swoj\u0105 pewno\u015b\u0107 siebie. I nie powinien zapomina\u0107 o odpowiedzialnym hazardzie. Je\u015bli otrzymasz jak\u0105\u015b p\u0142atn\u0105 porad\u0119, nie wierz w to. Chc\u0105 ci\u0119 po prostu oszuka\u0107, wykorzystuj\u0105c tw\u00f3j brak do\u015bwiadczenia.<\/p>\n<p><img loading=\"lazy\" decoding=\"async\" class=\" wp-image-314 aligncenter\" src=\"https:\/\/rocketplay-slot.com\/wp-content\/uploads\/2022\/08\/bac5-300x169.jpg\" alt=\"rocketplay baccarat\" width=\"561\" height=\"316\" srcset=\"https:\/\/rocketplay-slot.com\/wp-content\/uploads\/2022\/08\/bac5-300x169.jpg 300w, https:\/\/rocketplay-slot.com\/wp-content\/uploads\/2022\/08\/bac5-1024x576.jpg 1024w, https:\/\/rocketplay-slot.com\/wp-content\/uploads\/2022\/08\/bac5-768x432.jpg 768w, https:\/\/rocketplay-slot.com\/wp-content\/uploads\/2022\/08\/bac5.jpg 1200w\" sizes=\"auto, (max-width: 561px) 100vw, 561px\" \/><\/p>\n<h2>FAQ<\/h2>\n<h3>DLACZEGO WYBRA\u0106 BACCARAT?<\/h3>\n<p>Setki tysi\u0119cy ludzi na ca\u0142ym \u015bwiecie jest uzale\u017cnionych od tej gry. W ko\u0144cu to naprawd\u0119 wywo\u0142uje prawdziwe emocje. Opr\u00f3cz tego, \u017ce dzi\u0119ki niemu mo\u017cesz \u015bwietnie si\u0119 bawi\u0107, oderwany od \u017cyciowych problem\u00f3w, mo\u017cesz te\u017c wygra\u0107 niez\u0142e pieni\u0105dze. Oczywi\u015bcie, je\u015bli masz szcz\u0119\u015bcie. Ale nawet je\u015bli nie, to nic wielkiego. W ko\u0144cu nadal b\u0119dziesz do\u015bwiadcza\u0107 \u017cywych emocji i prawdziwego podniecenia, kt\u00f3rego efekt jest podobny do leku. Tylko nie zapomnij o samokontroli. nie przesadzaj z wynikiem.<\/p>\n<h3>DLACZEGO NIE WARTO STAWIA\u0106 NA REMIS W BACCARAT?<\/h3>\n<p>W takim przypadku prawdopodobie\u0144stwo jest cz\u0119sto niskie. Dlatego nie powiniene\u015b stawia\u0107 na remis. Najcz\u0119\u015bciej ten b\u0142\u0105d pope\u0142niaj\u0105 niedo\u015bwiadczeni nowicjusze, kt\u00f3rzy bardzo regularnie podejmuj\u0105 bezmy\u015blne ryzyko, trac\u0105c w ten spos\u00f3b wszystkie swoje pieni\u0105dze. Najlepiej pos\u0142ucha\u0107 rad do\u015bwiadczonych graczy i zapozna\u0107 si\u0119 z najs\u0142ynniejszymi strategiami. Z biegiem czasu nawet pocz\u0105tkuj\u0105cy gracz stanie si\u0119 do\u015bwiadczonym hazardzist\u0105. Ale to wymaga wiedzy i do\u015bwiadczenia. Wa\u017cnym czynnikiem dla zak\u0142ad\u00f3w jest udzia\u0142 wygranych instytucji. Na gracza wynosi 1,26%, na bankiera 1,06%, a na remis do 14,4%. W\u0142a\u015bnie o tym m\u00f3wimy. Dlatego b\u0105d\u017a rozs\u0105dny.<\/p>\n<h3>JAKIE S\u0104 ZAK\u0141ADY POBOCZNE W BACCARAT?<\/h3>\n<p>Czasami zdarzaj\u0105 si\u0119 przypadki, gdy kasyna udost\u0119pniaj\u0105 rozszerzon\u0105 wersj\u0119 tej gry. Oznacza to, \u017ce opr\u00f3cz klasycznych zak\u0142ad\u00f3w istniej\u0105 inne zak\u0142ady. Mo\u017cesz postawi\u0107 na przewag\u0119 punkt\u00f3w jednego z uczestnik\u00f3w lub okre\u015blon\u0105 kombinacj\u0119 kart. Bardzo cz\u0119sto stawia si\u0119 na idealn\u0105 par\u0119. Najwa\u017cniejsze jest to, \u017ce bankier lub hazardzista b\u0119dzie mia\u0142 kart\u0119 z par\u0105. Taki zak\u0142ad jest oferowany ze wsp\u00f3\u0142czynnikiem jedena\u015bcie do jednego. To naprawd\u0119 realne ryzyko. Ta opcja jest tylko dla do\u015bwiadczonych.<\/p>\n","protected":false},"excerpt":{"rendered":"<p>Kasyno Baccarat RocketPlay to znana na ca\u0142ym \u015bwiecie gra. Jest uwielbiana przez miliony ludzi w wielu krajach. Mo\u017cesz go znale\u017a\u0107 zar\u00f3wno w kasynie online, jak iw klasycznym zak\u0142adzie stacjonarnym. Tam przejmuje inicjatyw\u0119. Ta hazardowa rozrywka ma specyficzn\u0105 atmosfer\u0119, dzi\u0119ki kt\u00f3rej mo\u017cesz zapomnie\u0107 o wszystkim na \u015bwiecie. Arystokraci lubili gra\u0107, siedz\u0105c godzinami przy stole. Rozgrywka mog\u0142aby&#8230;<\/p>\n","protected":false},"author":1,"featured_media":0,"parent":0,"menu_order":0,"comment_status":"closed","ping_status":"closed","template":"","meta":{"_acf_changed":false,"_kad_post_transparent":"default","_kad_post_title":"default","_kad_post_layout":"default","_kad_post_sidebar_id":"","_kad_post_content_style":"default","_kad_post_vertical_padding":"default","_kad_post_feature":"","_kad_post_feature_position":"","_kad_post_header":false,"_kad_post_footer":false,"footnotes":""},"class_list":["post-1579","page","type-page","status-publish","hentry"],"acf":[],"rttpg_featured_image_url":null,"rttpg_author":{"display_name":"Elvis","author_link":"https:\/\/rocketplay-slot.com\/pl\/author\/pemvas95n89x\/"},"rttpg_comment":0,"rttpg_category":null,"rttpg_excerpt":"Kasyno Baccarat RocketPlay to znana na ca\u0142ym \u015bwiecie gra. Jest uwielbiana przez miliony ludzi w wielu krajach. Mo\u017cesz go znale\u017a\u0107 zar\u00f3wno w kasynie online, jak iw klasycznym zak\u0142adzie stacjonarnym. Tam przejmuje inicjatyw\u0119. Ta hazardowa rozrywka ma specyficzn\u0105 atmosfer\u0119, dzi\u0119ki kt\u00f3rej mo\u017cesz zapomnie\u0107 o wszystkim na \u015bwiecie. Arystokraci lubili gra\u0107, siedz\u0105c godzinami przy stole. Rozgrywka mog\u0142aby...","_links":{"self":[{"href":"https:\/\/rocketplay-slot.com\/pl\/wp-json\/wp\/v2\/pages\/1579","targetHints":{"allow":["GET"]}}],"collection":[{"href":"https:\/\/rocketplay-slot.com\/pl\/wp-json\/wp\/v2\/pages"}],"about":[{"href":"https:\/\/rocketplay-slot.com\/pl\/wp-json\/wp\/v2\/types\/page"}],"author":[{"embeddable":true,"href":"https:\/\/rocketplay-slot.com\/pl\/wp-json\/wp\/v2\/users\/1"}],"replies":[{"embeddable":true,"href":"https:\/\/rocketplay-slot.com\/pl\/wp-json\/wp\/v2\/comments?post=1579"}],"version-history":[{"count":2,"href":"https:\/\/rocketplay-slot.com\/pl\/wp-json\/wp\/v2\/pages\/1579\/revisions"}],"predecessor-version":[{"id":1581,"href":"https:\/\/rocketplay-slot.com\/pl\/wp-json\/wp\/v2\/pages\/1579\/revisions\/1581"}],"wp:attachment":[{"href":"https:\/\/rocketplay-slot.com\/pl\/wp-json\/wp\/v2\/media?parent=1579"}],"curies":[{"name":"wp","href":"https:\/\/api.w.org\/{rel}","templated":true}]}}