{"id":1589,"date":"2022-08-11T20:17:19","date_gmt":"2022-08-11T17:17:19","guid":{"rendered":"https:\/\/rocketplay-slot.com\/blackjack\/"},"modified":"2022-10-31T21:50:59","modified_gmt":"2022-10-31T18:50:59","slug":"blackjack","status":"publish","type":"page","link":"https:\/\/rocketplay-slot.com\/pl\/blackjack\/","title":{"rendered":"Graj w blackjacka online za prawdziwe pieni\u0105dze"},"content":{"rendered":"<p><img loading=\"lazy\" decoding=\"async\" class=\" wp-image-318 aligncenter\" src=\"https:\/\/rocketplay-slot.com\/wp-content\/uploads\/2022\/08\/h.9_blackjack_webimage-_690x418-300x182.jpg\" alt=\"blackjack online\" width=\"610\" height=\"370\" srcset=\"https:\/\/rocketplay-slot.com\/wp-content\/uploads\/2022\/08\/h.9_blackjack_webimage-_690x418-300x182.jpg 300w, https:\/\/rocketplay-slot.com\/wp-content\/uploads\/2022\/08\/h.9_blackjack_webimage-_690x418.jpg 690w\" sizes=\"auto, (max-width: 610px) 100vw, 610px\" \/><\/p>\n<p>Nowi u\u017cytkownicy Blackjacka w kasynie <a href=\"https:\/\/rocketplay-slot.com\/pl\">RocketPlay<\/a> nie wybieraj\u0105 od razu, poniewa\u017c strona kasyna mo\u017ce mie\u0107 wiele gier hazardowych online, kt\u00f3re ich interesuj\u0105 ofertami <a href=\"https:\/\/rocketplay-slot.com\/pl\/bonus\/\">bonusowymi<\/a> i dynamik\u0105 gry. Oczywi\u015bcie wi\u0119kszo\u015b\u0107 graczy decyduje si\u0119 na hazard online nie tylko ze wzgl\u0119du na mo\u017cliwo\u015b\u0107 dobrej zabawy, ale tak\u017ce wygrania prawdziwych lub wirtualnych pieni\u0119dzy. Gra na prawdziwe pieni\u0105dze jest do\u015b\u0107 prosta, ale musisz spe\u0142ni\u0107 pewn\u0105 list\u0119 warunk\u00f3w.<\/p>\n<p>Mo\u017cesz gra\u0107 w blackjacka w kasynie online RocketPlay na prawdziwe pieni\u0105dze dopiero po zako\u0144czeniu tradycyjnej rejestracji dla wszystkich u\u017cytkownik\u00f3w bez wyj\u0105tku. Ta procedura jest do\u015b\u0107 prosta i zajmuje niewiele czasu. Gracze z do\u015bwiadczeniem w grach hazardowych online przechodz\u0105 t\u0119 procedur\u0119 jeszcze szybciej, poniewa\u017c teraz na pewno wiedz\u0105, kt\u00f3ra metoda rejestracji najbardziej im odpowiada i dlaczego powinni przej\u015b\u0107 weryfikacj\u0119 zaraz po rejestracji.<\/p>\n<p>Mo\u017cesz zarejestrowa\u0107 si\u0119 nie tylko przez komputer, ale tak\u017ce przez urz\u0105dzenia mobilne. Aplikacja kasyna mobilnego sprawia, \u017ce \u200b\u200bgranie w gry hazardowe online, w tym w blackjacka, jest wygodniejsze. Ale aplikacja mobilna ma jedn\u0105 oczywist\u0105 wad\u0119 &#8211; jest to uproszczona wersja oficjalnej strony kasyna, wi\u0119c nie wszystkie funkcje s\u0105 wy\u015bwietlane w mobilnej wersji kasyna. Do szybkiej gry 24\/7 nie s\u0105 potrzebne wszystkie funkcje, ale te informacje s\u0105 niezb\u0119dne dla tych graczy, kt\u00f3rzy planuj\u0105 ca\u0142kowicie zrezygnowa\u0107 z korzystania z kasyn na PC.<\/p>\n<h2>JAK GRA\u0106 W BLACKJACKA ONLINE?<\/h2>\n<p>Regularni lub nowi u\u017cytkownicy zasad blackjacka w kasynie RocketPlay mog\u0105 zapozna\u0107 si\u0119 z zasadami gry w blackjacka tu\u017c przed rozpocz\u0119ciem gry. Ale jest ma\u0142o prawdopodobne, \u017ce znajd\u0105 si\u0119 tacy u\u017cytkownicy, kt\u00f3rzy nic nie wiedzieli o grze w blackjacka lub 21, lub w point. Jest to jedna z najpopularniejszych gier sto\u0142owych w kasynach online, w kt\u00f3r\u0105 mo\u017ce gra\u0107 od 1 do 7 graczy. Z kim gra u\u017cytkownik? Gra toczy si\u0119 przeciwko krupierowi. Aby wyj\u015b\u0107 z gry jako zwyci\u0119zca, musisz mie\u0107 w r\u0119ku 21 punkt\u00f3w lub przynajmniej zdoby\u0107 wi\u0119cej punkt\u00f3w ni\u017c osoba, z kt\u00f3r\u0105 grasz. R\u0119ka z wi\u0119cej ni\u017c 21 punktami jest uwa\u017cana za martw\u0105 do gry, wi\u0119c automatycznie przegrywa zak\u0142ad.<\/p>\n<p>Nie wszystko jest takie proste, je\u015bli chodzi o wyb\u00f3r gry w blackjacka. R\u00f3\u017cne kasyna oferuj\u0105 zar\u00f3wno nowoczesne, jak i klasyczne wersje gry. Oczywi\u015bcie zasady gry pozostaj\u0105 podobne, ale r\u00f3\u017cni\u0105 si\u0119 wielko\u015bci\u0105 zak\u0142ad\u00f3w, liczb\u0105 otwartych lub zamkni\u0119tych kart u\u0142o\u017conych na stole do gry na pocz\u0105tku gry.<\/p>\n<p>W trakcie gry u\u017cytkownik, niczym krupier, mo\u017ce dobiera\u0107 karty, aby zwi\u0119kszy\u0107 warto\u015b\u0107 swojej r\u0119ki. Ka\u017cda wersja gry w blackjacka ma swoje w\u0142asne cechy doboru kart i nale\u017cy to wzi\u0105\u0107 pod uwag\u0119. Gracz, kt\u00f3ry ma przewag\u0119 w rozdaniu, nazywa si\u0119 blackjack. Je\u015bli \u017cadnemu z graczy nie uda\u0142o si\u0119 zgromadzi\u0107 wi\u0119cej, a ich punkty s\u0105 r\u00f3wne, to nie ma blackjacka, ale jest remis lub push.<\/p>\n<p>Zak\u0142ad postawiony przez uczestnika na pocz\u0105tku gry jest po prostu zwracany w przypadku remisu. Gracz mo\u017ce zarobi\u0107 dodatkowe pieni\u0105dze tylko wtedy, gdy ma wyra\u017an\u0105 przewag\u0119 w rozdaniu z kartami, a mianowicie blackjacka.<\/p>\n<h2>GRAJ W BLACKJACKA BEZ DEPOZYTU<\/h2>\n<p>Darmowe kasyno blackjack RocketPlay to dost\u0119pna opcja gry dla wszystkich u\u017cytkownik\u00f3w kasyna, niezale\u017cnie od tego, czy s\u0105 zarejestrowani na stronie kasyna, czy nie. W ko\u0144cu nie wszyscy u\u017cytkownicy s\u0105 od razu gotowi na postawienie pierwszych minimalnych lub maksymalnych zak\u0142ad\u00f3w. Aby gra\u0107 na prawdziwe pieni\u0105dze, musisz mie\u0107 przynajmniej jakie\u015b poj\u0119cie o grze i przej\u015b\u0107 przez rejestracj\u0119. Dlatego do gry na prawdziwe pieni\u0105dze trzeba si\u0119 odpowiednio przygotowa\u0107. Dlatego istnieje gra bez depozytu lub bezp\u0142atna.<\/p>\n<p>Je\u015bli u\u017cytkownik nic nie ryzykuje, nie mo\u017ce nic wygra\u0107. W ko\u0144cu hazardzi\u015bci nie poluj\u0105 tylko na jackpot lub dodatkowe pieni\u0105dze. S\u0105 poszukiwaczami mocnych wra\u017ce\u0144, tych do\u015bwiadcze\u0144, kt\u00f3re niezwykle trudno znale\u017a\u0107 w prawdziwym \u017cyciu. Dlatego bez depozytu gra nie b\u0119dzie tak intensywna emocjonalnie, ale nadal jest niezb\u0119dnym do\u015bwiadczeniem, aby odwa\u017cy\u0107 si\u0119 zagra\u0107 w powa\u017cn\u0105 gr\u0119 na prawdziwe pieni\u0105dze.<\/p>\n<p><img loading=\"lazy\" decoding=\"async\" class=\" wp-image-319 aligncenter\" src=\"https:\/\/rocketplay-slot.com\/wp-content\/uploads\/2022\/08\/illuminate-philkesten-header-30-1-1160x386-1-300x100.jpeg\" alt=\"blackjack game\" width=\"660\" height=\"220\" srcset=\"https:\/\/rocketplay-slot.com\/wp-content\/uploads\/2022\/08\/illuminate-philkesten-header-30-1-1160x386-1-300x100.jpeg 300w, https:\/\/rocketplay-slot.com\/wp-content\/uploads\/2022\/08\/illuminate-philkesten-header-30-1-1160x386-1-1024x341.jpeg 1024w, https:\/\/rocketplay-slot.com\/wp-content\/uploads\/2022\/08\/illuminate-philkesten-header-30-1-1160x386-1-768x256.jpeg 768w, https:\/\/rocketplay-slot.com\/wp-content\/uploads\/2022\/08\/illuminate-philkesten-header-30-1-1160x386-1.jpeg 1160w\" sizes=\"auto, (max-width: 660px) 100vw, 660px\" \/><\/p>\n<h2>STRATEGIE I WSKAZ\u00d3WKI DOTYCZ\u0104CE BLACKJACKA<\/h2>\n<p>Bez wzgl\u0119du na strategi\u0119 gry w blackjacka w kasynie RocketPlay, nie wszystkie z nich b\u0119d\u0105 wygrywa\u0107 dla wszystkich u\u017cytkownik\u00f3w bez wyj\u0105tku. Do\u015b\u0107 cz\u0119sto wygrywanie jest owocn\u0105 prac\u0105, poniewa\u017c musisz przetestowa\u0107 wszystkie mo\u017cliwe strategie gry i wybra\u0107 te, kt\u00f3re najlepiej pasuj\u0105 do Twojego indywidualnego tempa gry i mo\u017cliwo\u015bci finansowych.<\/p>\n<p>Do\u015bwiadczeni gracze, kt\u00f3rzy graj\u0105 w blackjacka od ponad roku, zalecaj\u0105 wykonywanie oblicze\u0144 matematycznych. W ko\u0144cu nie chodzi o szcz\u0119\u015bcie, chocia\u017c w hazardzie online nie ma nic bez niego, ale o umiej\u0119tno\u015b\u0107 prawid\u0142owego obliczenia, kiedy trzeba podwoi\u0107 zak\u0142ad, podzieli\u0107 karty lub zrezygnowa\u0107.<\/p>\n<p>O czym to jest? Split, czyli rozdzielenie kart, to do\u015b\u0107 trudna decyzja, poniewa\u017c u\u017cytkownik pewnie zmierza do zwyci\u0119stwa. Postanawia wi\u0119c rozegra\u0107 dwie r\u0119ce zamiast jednego, aby podwoi\u0107 swoje szanse na wygran\u0105. W takim przypadku r\u0119ce b\u0119d\u0105 ca\u0142kowicie niezale\u017cne. Podzia\u0142 kart na dwie r\u0119ce jest mo\u017cliwy tylko wtedy, gdy gracz ma okre\u015blony zestaw kart, np. dwie sz\u00f3stki lub kr\u00f3l i dziesi\u0105tka itp. Aby dok\u0142adnie zrozumie\u0107, jak s\u0105 dzielone karty, musisz zapozna\u0107 si\u0119 z zasadami blackjacka, kt\u00f3re dotycz\u0105 wybranej przez u\u017cytkownika opcji gry.<\/p>\n<p>Nie lekcewa\u017c mo\u017cliwo\u015bci poddania si\u0119 w grze. W ko\u0144cu czasami lepiej si\u0119 podda\u0107 ni\u017c straci\u0107 wszystko bez mo\u017cliwo\u015bci wygrania dodatkowych \u015brodk\u00f3w ju\u017c w kolejnej grze. Aby si\u0119 podda\u0107, musisz poprawnie oceni\u0107 swoje mo\u017cliwo\u015bci. To \u015bwiadomy wyb\u00f3r i znacz\u0105cy krok. Je\u015bli u\u017cytkownik si\u0119 podda, ma mo\u017cliwo\u015b\u0107 odzyskania cz\u0119\u015bci pieni\u0119dzy, np. 50% tego, co zainwestowa\u0142 w gr\u0119.<\/p>\n<p>Czasami po\u0142owa jest lepsza ni\u017c nic. Wa\u017cne jest, aby zrozumie\u0107, kiedy dobiera\u0107 karty, a kiedy rezygnowa\u0107 z dodatkowych kart. Aby pewnie gra\u0107 w blackjacka, potrzebujesz nie tylko do\u015bwiadczenia, ale tak\u017ce zrozumienia zasad gry.<\/p>\n","protected":false},"excerpt":{"rendered":"<p>Nowi u\u017cytkownicy Blackjacka w kasynie RocketPlay nie wybieraj\u0105 od razu, poniewa\u017c strona kasyna mo\u017ce mie\u0107 wiele gier hazardowych online, kt\u00f3re ich interesuj\u0105 ofertami bonusowymi i dynamik\u0105 gry. Oczywi\u015bcie wi\u0119kszo\u015b\u0107 graczy decyduje si\u0119 na hazard online nie tylko ze wzgl\u0119du na mo\u017cliwo\u015b\u0107 dobrej zabawy, ale tak\u017ce wygrania prawdziwych lub wirtualnych pieni\u0119dzy. Gra na prawdziwe pieni\u0105dze jest&#8230;<\/p>\n","protected":false},"author":1,"featured_media":0,"parent":0,"menu_order":0,"comment_status":"closed","ping_status":"closed","template":"","meta":{"_acf_changed":false,"_kad_post_transparent":"default","_kad_post_title":"default","_kad_post_layout":"default","_kad_post_sidebar_id":"","_kad_post_content_style":"default","_kad_post_vertical_padding":"default","_kad_post_feature":"","_kad_post_feature_position":"","_kad_post_header":false,"_kad_post_footer":false,"footnotes":""},"class_list":["post-1589","page","type-page","status-publish","hentry"],"acf":[],"rttpg_featured_image_url":null,"rttpg_author":{"display_name":"Elvis","author_link":"https:\/\/rocketplay-slot.com\/pl\/author\/pemvas95n89x\/"},"rttpg_comment":0,"rttpg_category":null,"rttpg_excerpt":"Nowi u\u017cytkownicy Blackjacka w kasynie RocketPlay nie wybieraj\u0105 od razu, poniewa\u017c strona kasyna mo\u017ce mie\u0107 wiele gier hazardowych online, kt\u00f3re ich interesuj\u0105 ofertami bonusowymi i dynamik\u0105 gry. Oczywi\u015bcie wi\u0119kszo\u015b\u0107 graczy decyduje si\u0119 na hazard online nie tylko ze wzgl\u0119du na mo\u017cliwo\u015b\u0107 dobrej zabawy, ale tak\u017ce wygrania prawdziwych lub wirtualnych pieni\u0119dzy. Gra na prawdziwe pieni\u0105dze jest...","_links":{"self":[{"href":"https:\/\/rocketplay-slot.com\/pl\/wp-json\/wp\/v2\/pages\/1589","targetHints":{"allow":["GET"]}}],"collection":[{"href":"https:\/\/rocketplay-slot.com\/pl\/wp-json\/wp\/v2\/pages"}],"about":[{"href":"https:\/\/rocketplay-slot.com\/pl\/wp-json\/wp\/v2\/types\/page"}],"author":[{"embeddable":true,"href":"https:\/\/rocketplay-slot.com\/pl\/wp-json\/wp\/v2\/users\/1"}],"replies":[{"embeddable":true,"href":"https:\/\/rocketplay-slot.com\/pl\/wp-json\/wp\/v2\/comments?post=1589"}],"version-history":[{"count":2,"href":"https:\/\/rocketplay-slot.com\/pl\/wp-json\/wp\/v2\/pages\/1589\/revisions"}],"predecessor-version":[{"id":1591,"href":"https:\/\/rocketplay-slot.com\/pl\/wp-json\/wp\/v2\/pages\/1589\/revisions\/1591"}],"wp:attachment":[{"href":"https:\/\/rocketplay-slot.com\/pl\/wp-json\/wp\/v2\/media?parent=1589"}],"curies":[{"name":"wp","href":"https:\/\/api.w.org\/{rel}","templated":true}]}}