{"id":1606,"date":"2022-06-15T00:06:54","date_gmt":"2022-06-14T21:06:54","guid":{"rendered":"https:\/\/rocketplay-slot.com\/live-bingo\/"},"modified":"2022-10-31T22:05:48","modified_gmt":"2022-10-31T19:05:48","slug":"live-bingo","status":"publish","type":"page","link":"https:\/\/rocketplay-slot.com\/pl\/live-bingo\/","title":{"rendered":"Graj w bingo na \u017cywo w RocketPlay"},"content":{"rendered":"<p><span style=\"font-weight: 400;\"> W tej grze wszystko zale\u017cy od przypadku. Ka\u017cdy gracz otrzymuje kart\u0119 z cyframi wydrukowanymi w losowej kolejno\u015bci. Gospodarz na zmian\u0119 wyci\u0105ga liczby, a osoba sprawdza, czy na karcie znajduj\u0105 si\u0119 liczby. Gracz, kt\u00f3rego karta jako pierwsza zawiera\u0142a zwyci\u0119sk\u0105 kombinacj\u0119, wygrywa. Gracze z pasuj\u0105cymi liczbami w rz\u0119dzie, kilku rz\u0119dach lub bloku wygrywaj\u0105. W grach bingo na \u017cywo <a href=\"https:\/\/rocketplay-slot.com\/pl\">RocketPlay<\/a> liczby s\u0105 wybierane przez program oparty na generatorze liczb losowych, a nie na liderze.<\/span><span style=\"font-weight: 400;\">\u00a0 \u00a0 \u00a0 \u00a0 \u00a0 \u00a0 \u00a0 \u00a0 \u00a0 \u00a0 \u00a0 \u00a0 \u00a0 \u00a0 \u00a0 \u00a0 \u00a0 \u00a0 \u00a0 \u00a0 \u00a0 \u00a0 \u00a0 \u00a0 \u00a0 \u00a0 \u00a0 \u00a0 \u00a0 \u00a0 \u00a0 \u00a0 \u00a0 \u00a0 \u00a0 \u00a0 \u00a0 \u00a0 \u00a0 \u00a0 \u00a0 \u00a0 \u00a0 \u00a0 \u00a0 \u00a0 \u00a0 \u00a0 \u00a0 \u00a0 \u00a0 \u00a0 \u00a0 \u00a0 \u00a0 \u00a0 \u00a0 \u00a0 \u00a0 \u00a0 \u00a0 \u00a0 \u00a0 \u00a0 \u00a0 \u00a0 \u00a0 \u00a0 \u00a0 \u00a0 \u00a0 \u00a0 \u00a0 \u00a0 \u00a0 \u00a0 \u00a0 \u00a0 \u00a0 \u00a0 \u00a0 \u00a0 \u00a0\u00a0<img loading=\"lazy\" decoding=\"async\" class=\"aligncenter wp-image-215\" src=\"https:\/\/rocketplay-slot.com\/wp-content\/uploads\/2022\/06\/nvpl6ximfjejhyr5duzzhoww2mtzxdvyfv7bm5b6.jpeg\" alt=\"\" width=\"600\" height=\"600\" srcset=\"https:\/\/rocketplay-slot.com\/wp-content\/uploads\/2022\/06\/nvpl6ximfjejhyr5duzzhoww2mtzxdvyfv7bm5b6.jpeg 300w, https:\/\/rocketplay-slot.com\/wp-content\/uploads\/2022\/06\/nvpl6ximfjejhyr5duzzhoww2mtzxdvyfv7bm5b6-150x150.jpeg 150w\" sizes=\"auto, (max-width: 600px) 100vw, 600px\" \/><\/span><\/p>\n<h2>KR\u00d3TKA HISTORIA<\/h2>\n<p>My W\u0142osi zawdzi\u0119czamy W\u0142ochom nie tylko makaron, pizz\u0119 i wino, ale tak\u017ce bingo. W XVI wieku wymy\u015blili gr\u0119 zwan\u0105 bingo, w kt\u00f3r\u0105 gra si\u0119 do dzi\u015b. Z biegiem lat gra rozprzestrzeni\u0142a si\u0119 w ca\u0142ej Europie, a p\u00f3\u017aniej dotar\u0142a do Ameryki P\u00f3\u0142nocnej. W tamtym czasie nazywa\u0142o si\u0119 \u201ebino\u201d i sta\u0142o si\u0119 \u201ebingo\u201d ca\u0142kiem przypadkowo, gdy jeden z graczy, kt\u00f3ry otrzyma\u0142 zwyci\u0119sk\u0105 kombinacj\u0119, przypadkowo pomyli\u0142 nazw\u0119 i krzykn\u0105\u0142 \u201ebingo\u201d. W Wielkiej Brytanii ta gra jest nie mniej popularna. W 1960 roku zosta\u0142a zalegalizowana i od tego czasu zacz\u0119\u0142a gromadzi\u0107 tysi\u0105ce Brytyjczyk\u00f3w, staj\u0105c si\u0119 ulubion\u0105 rozrywk\u0105. P\u00f3\u017aniej jej zakres osi\u0105gn\u0105\u0142 tak\u0105 skal\u0119, \u017ce od po\u0142owy lat 80-tych w wielu krajach pojawi\u0142y si\u0119 krajowe loterie z wielomilionowymi wygranymi. Od 2000 roku bingo lub bingo sta\u0142o si\u0119 online, pozwalaj\u0105c ludziom na ca\u0142ym \u015bwiecie gra\u0107, wygrywa\u0107 i spotyka\u0107 innych entuzjast\u00f3w bingo.<\/p>\n<h2>DLACZEGO BINGO ONLINE?<\/h2>\n<ul>\n<li>Wysokie wyp\u0142aty;<\/li>\n<li>Dost\u0119pno\u015b\u0107 gier o ka\u017cdej porze dnia i nocy;<\/li>\n<li>Gra jest szybsza;<\/li>\n<li>Mo\u017cesz gra\u0107 w wiele gier lub pokoi jednocze\u015bnie;<\/li>\n<li>Szeroka gama odmian bingo na \u017cywo RocketPlay i liczba graczy;<\/li>\n<li>Mo\u017cesz gra\u0107 za darmo.<\/li>\n<\/ul>\n<h2>PODSTAWOWE ZASADY<\/h2>\n<p>Przede wszystkim musisz wybra\u0107 rodzaj gry: wersja ameryka\u0144ska ma 75 kulek; istniej\u0105 r\u00f3wnie\u017c warianty z 30 kulkami. Tradycyjna gra w Wielkiej Brytanii obejmuje 90 pi\u0142ek. Przyjrzyjmy si\u0119 regu\u0142om gry na nim opartej.<\/p>\n<p>Bilet na gr\u0119 z 90 mo\u017cliwymi liczbami podzielony jest na 3 rz\u0119dy i 9 kolumn, co daje w sumie 27 kwadrat\u00f3w. Ka\u017cdy wiersz zawiera 15 liczb. Ka\u017cdy bilet standardowy sk\u0142ada si\u0119 z 6 mniejszych bilet\u00f3w, kt\u00f3re nazywane s\u0105 \u201epaskami\u201d. Zasadniczo te sze\u015b\u0107 bilet\u00f3w zawiera wszystkie liczby od 1 do 90, u\u0142o\u017cone w r\u00f3\u017cnej kolejno\u015bci.<\/p>\n<p>Teraz, gdy ju\u017c wiesz, jak wygl\u0105da standardowy bilet na bingo, przejd\u017amy do samej gry.<\/p>\n<p>Wyb\u00f3r gry. Wygrane w Bingo zale\u017c\u0105 od rodzaju gry, wielko\u015bci zak\u0142ad\u00f3w i liczby kupon\u00f3w. Aby walczy\u0107 o najwi\u0119ksze nagrody, <a href=\"https:\/\/rocketplay-slot.com\/pl\/casino\/\">kasyna online<\/a> zazwyczaj prosz\u0105 gracza o podanie informacji o metodzie p\u0142atno\u015bci. Mog\u0105 to by\u0107 informacje o karcie bankowej lub co\u015b innego.<\/p>\n<p>Zakup biletu. Po wybraniu odpowiedniej gry otrzymasz bilety. Najcz\u0119\u015bciej mo\u017cna kupi\u0107 wi\u0119cej ni\u017c jeden bilet, ale cz\u0119sto s\u0105 to maksymalnie dwa. I nie ma tu sprawdzonego mechanizmu \u2013 wszystko zale\u017cy od twojego szcz\u0119\u015bcia. Pami\u0119taj, \u017ce nawet je\u015bli grasz w gr\u0119 za darmo, nadal musisz \u201ekupi\u0107\u201d bilet. Nie daj si\u0119 zastraszy\u0107 tym s\u0142owem, darmowa gra nie wymaga niczego. Potem zaczyna si\u0119 zabawna cz\u0119\u015b\u0107.<\/p>\n<p>Og\u0142oszenie numer\u00f3w. W kasynach online kulki s\u0105 wybierane za pomoc\u0105 generatora liczb losowych. W przeciwie\u0144stwie do tradycyjnej gry, w wersji online komputer podpowiada, gdzie masz mecze, a nawet automatycznie je skre\u015bla, pozostawiaj\u0105c wi\u0119cej czasu na interakcj\u0119 z innymi graczami. Mo\u017cesz przej\u015b\u0107 do trybu automatycznego lub samodzielnie skre\u015bli\u0107 liczby. Tak czy inaczej, ryzyko przeoczenia numeru jest zminimalizowane &#8211; komputer nadal liczy mecze na Twoim bilecie.<\/p>\n<p>Og\u0142oszenie zwyci\u0119zcy. Gdy tylko pojawi si\u0119 zwyci\u0119zca, gra zostaje zatrzymana. Zwyci\u0119ski gracz otrzymuje g\u0142\u00f3wn\u0105 wygran\u0105, a pozostali mog\u0105 sprawdzi\u0107, czy na ich kuponie znajduj\u0105 si\u0119 zwyci\u0119skie kombinacje. Nawet je\u015bli to nie ty powiedzia\u0142e\u015b &#8222;Bingo!&#8221; mo\u017cesz dosta\u0107 fajn\u0105 nagrod\u0119. Kluczem jest umieszczenie na bilecie kombinacji pasuj\u0105cych liczb, takich jak wiele kolumn lub kwadrat liczb. Ka\u017cdy rodzaj bingo ma swoje w\u0142asne zwyci\u0119skie kombinacje, kt\u00f3re mo\u017cna znale\u017a\u0107 na stronie kasyna online.<\/p>\n\t<div class=\"alao-sidebar-box alao-sidebar-box-rose\">\n\t\t<a href=\"\" class=\"alao-sidebar-box__link\">\n\t\t\t<span class=\"alao-sidebar-box__thumb\">\n\t\t\t\t<img decoding=\"async\" src=\"https:\/\/rocketplay-slot.com\/wp-content\/uploads\/2022\/06\/second_bonus_nonlog.png\" alt=\"Bonus z kodem promocyjnym za high roll\">\n\t\t\t<\/span>\n\t\t\t<span class=\"alao-sidebar-box__info\">\n\t\t\t\t<span class=\"alao-sidebar-box__info-wrap\">\n\t\t\t\t\t<span class=\"alao-sidebar-box__head\">Bonus z kodem promocyjnym za high roll<\/span>\n\t\t\t\t\t<span class=\"alao-sidebar-box__desc\">50% WYSOKIEJ PREMII<\/span>\n\t\t\t\t\t<span class=\"alao-sidebar-box__button\">Pobierz Teraz<\/span>\n\t\t\t\t<\/span>\n\t\t\t<\/span>\n\t\t<\/a>\n\t<\/div>\n\t\n<h2>ODMIANY BINGO<\/h2>\n<p>W tej grze jest wiele modeli. Rozwa\u017c najpopularniejsze z nich.<\/p>\n<p>75 pi\u0142ek to popularna gra w Stanach Zjednoczonych i Kanadzie. Opr\u00f3cz mniejszej liczby pi\u0142ek, ta gra wykorzystuje inny format kuponu 5 na 5, w kt\u00f3rym umieszczane s\u0105 24 liczby i pusty kwadrat po\u015brodku. Ka\u017cda z pi\u0119ciu kolumn zaczyna si\u0119 liter\u0105 w s\u0142owie \u201eBingo\u201d, co u\u0142atwia znalezienie numer\u00f3w na bilecie.<\/p>\n<p>80 kulek to gra bardzo podobna do odmiany bingo z 75 liczbami, ale kupon ma 4 rz\u0119dy i 4 kolumny (16 liczb).<\/p>\n<p>90 pi\u0142ek to popularna gra w Wielkiej Brytanii. Bilet ma 3 rz\u0119dy po 9 kom\u00f3rek, po 5 liczb w ka\u017cdym rz\u0119dzie. W ka\u017cdej cz\u0119\u015bci biletu znajduje si\u0119 15 losowych liczb, od 1 do 90.<\/p>\n<p>30 Balls to przyspieszona wersja gry. Bilet ma 9 liczb i 3 rz\u0119dy i kolumny.<\/p>\n<p>Opr\u00f3cz tego istniej\u0105 inne wersje gry.<\/p>\n<h2>PORADY<\/h2>\n<p>Ogranicz sw\u00f3j bud\u017cet. Spontaniczny zakup wielu kupon\u00f3w w ci\u0105gu jednego dnia prawdopodobnie nie przyniesie po\u017c\u0105danych wygranych. Konsekwencja jest wa\u017cna w tej grze, wi\u0119c pomy\u015bl z wyprzedzeniem, ile chcesz wyda\u0107. Zwr\u00f3\u0107 uwag\u0119 na kody bonusowe bingo na \u017cywo RocketPlay.<\/p>\n<p>Znajd\u017a sw\u00f3j ulubiony rodzaj gry i witryny. R\u00f3\u017cne gry s\u0105 przeznaczone dla r\u00f3\u017cnych os\u00f3b. To samo dotyczy r\u00f3wnie\u017c witryn. Wi\u0119c je\u015bli grasz w bingo na \u017cywo za darmo RocketPlay regularnie lub tylko od czasu do czasu, znajd\u017a stron\u0119, kt\u00f3r\u0105 lubisz.<\/p>\n<p>Je\u015bli to mo\u017cliwe, kup kilka bilet\u00f3w. Je\u015bli Tw\u00f3j bud\u017cet na to pozwala, zalecamy zakup wielu bilet\u00f3w na jedn\u0105 gr\u0119. Jest to lepsze ni\u017c wiele jednoczesnych lub nast\u0119puj\u0105cych po sobie gier.<\/p>\n<p>Zwi\u0119ksz swoje szanse na wygran\u0105. Staraj si\u0119 wybiera\u0107 nie najpopularniejsze czasy gry, dzi\u0119ki czemu b\u0119dziesz mie\u0107 wi\u0119ksz\u0105 szans\u0119 na z\u0142apanie szcz\u0119\u015bcia za ogon.<\/p>\n<h2><span style=\"font-family: var(--global-body-font-family); font-size: 16px; letter-spacing: 0em;\"> \u00a0 \u00a0 \u00a0 \u00a0 \u00a0 \u00a0 \u00a0 \u00a0 \u00a0 \u00a0 \u00a0 \u00a0 \u00a0 \u00a0 \u00a0 \u00a0 \u00a0 \u00a0 \u00a0 \u00a0 \u00a0 \u00a0 \u00a0 \u00a0 \u00a0 \u00a0 \u00a0 \u00a0 \u00a0 \u00a0 \u00a0 \u00a0 \u00a0 \u00a0 \u00a0 \u00a0 \u00a0 \u00a0 \u00a0 \u00a0 \u00a0 \u00a0 \u00a0 \u00a0 \u00a0 \u00a0<\/span><\/h2>\n<p><span style=\"font-weight: 400;\"><img loading=\"lazy\" decoding=\"async\" class=\"aligncenter wp-image-218\" src=\"https:\/\/rocketplay-slot.com\/wp-content\/uploads\/2022\/06\/rocketplay-1.webp\" alt=\"\" width=\"600\" height=\"337\" srcset=\"https:\/\/rocketplay-slot.com\/wp-content\/uploads\/2022\/06\/rocketplay-1.webp 360w, https:\/\/rocketplay-slot.com\/wp-content\/uploads\/2022\/06\/rocketplay-1-300x168.webp 300w\" sizes=\"auto, (max-width: 600px) 100vw, 600px\" \/><\/span><\/p>\n<h2>GRAJ W BINGO NA WYJAZD<\/h2>\n<p>Dzisiaj prawie ka\u017cdy ma smartfona i nic dziwnego, \u017ce hazard online na urz\u0105dzeniach mobilnych staje si\u0119 coraz bardziej popularny. Prawie ka\u017cda strona internetowa bingo jest teraz dost\u0119pna na urz\u0105dzeniach mobilnych, w tym smartfonach i tabletach.<\/p>\n<p>Oznacza to, \u017ce mo\u017cesz pobra\u0107 bingo na \u017cywo RocketPlay, do\u0142\u0105czy\u0107 do pokoju i gra\u0107 dalej, gdziekolwiek jeste\u015b! Kiedy grasz w bingo na swoim urz\u0105dzeniu mobilnym, nie musisz pobiera\u0107 dodatkowej aplikacji bingo na \u017cywo RocketPlay, zwykle strony dbaj\u0105 o to, aby Twoje ulubione gry by\u0142y dostosowane do urz\u0105dze\u0144 mobilnych, to zdecydowanie zapewnia najprzyjemniejsze wra\u017cenia z gry w bingo.<\/p>\n<p>Upewnij si\u0119, \u017ce masz dost\u0119p do strony z urz\u0105dzenia mobilnego i wszystkie te same funkcje, zanim zarejestrujesz si\u0119 w kasynie.<\/p>\n<h2>FAQ<\/h2>\n<h3>CZY GRA\u0106 W BINGO ONLINE JEST BEZPIECZNE?<\/h3>\n<p>Tak, oczywi\u015bcie, \u017ce tak. Je\u015bli jeste\u015b pewien, \u017ce witryna, z kt\u00f3rej korzystasz, jest godna zaufania, nie wahaj si\u0119 gra\u0107 w bingo online.<\/p>\n<h3>CZY MUSZ\u0118 INSTALOWA\u0106 JAKIEKOLWIEK OPROGRAMOWANIE NA SWOIM KOMPUTERZE, ABY GRA\u0106 W BINGO ROCKETPLAY NA \u017bYWO?<\/h3>\n<p>Dawno, dawno temu wiele witryn wymaga\u0142o od u\u017cytkownik\u00f3w pobrania oprogramowania do gry w internetowych witrynach bingo. Obecnie jednak technologia uleg\u0142a poprawie i wi\u0119kszo\u015b\u0107 gier bingo online jest budowana przy u\u017cyciu najnowszej technologii HTML5. Oznacza to, \u017ce \u0142aduje si\u0119 szybko, co pozwala cieszy\u0107 si\u0119 gr\u0105 w przegl\u0105darce.<\/p>\n<h3>CZY MOG\u0118 GRA\u0106 W BINGO NA MOIM SMARTFONIE?<\/h3>\n<p>Dzi\u0119ki post\u0119powi technologicznemu mo\u017cesz teraz gra\u0107 w bingo w dowolnym miejscu. Nie musisz niczego pobiera\u0107, ale niekt\u00f3re witryny oferuj\u0105 osobne aplikacje. Mo\u017cesz uzyska\u0107 dost\u0119p do witryny z przegl\u0105darki lub u\u017cy\u0107 aplikacji, aby zapewni\u0107 p\u0142ynniejsz\u0105 rozgrywk\u0119.<\/p>\n","protected":false},"excerpt":{"rendered":"<p>W tej grze wszystko zale\u017cy od przypadku. Ka\u017cdy gracz otrzymuje kart\u0119 z cyframi wydrukowanymi w losowej kolejno\u015bci. Gospodarz na zmian\u0119 wyci\u0105ga liczby, a osoba sprawdza, czy na karcie znajduj\u0105 si\u0119 liczby. Gracz, kt\u00f3rego karta jako pierwsza zawiera\u0142a zwyci\u0119sk\u0105 kombinacj\u0119, wygrywa. Gracze z pasuj\u0105cymi liczbami w rz\u0119dzie, kilku rz\u0119dach lub bloku wygrywaj\u0105. W grach bingo na&#8230;<\/p>\n","protected":false},"author":1,"featured_media":0,"parent":0,"menu_order":0,"comment_status":"closed","ping_status":"closed","template":"","meta":{"_acf_changed":false,"_kad_post_transparent":"default","_kad_post_title":"default","_kad_post_layout":"default","_kad_post_sidebar_id":"","_kad_post_content_style":"default","_kad_post_vertical_padding":"default","_kad_post_feature":"","_kad_post_feature_position":"","_kad_post_header":false,"_kad_post_footer":false,"footnotes":""},"class_list":["post-1606","page","type-page","status-publish","hentry"],"acf":[],"rttpg_featured_image_url":null,"rttpg_author":{"display_name":"Elvis","author_link":"https:\/\/rocketplay-slot.com\/pl\/author\/pemvas95n89x\/"},"rttpg_comment":0,"rttpg_category":null,"rttpg_excerpt":"W tej grze wszystko zale\u017cy od przypadku. Ka\u017cdy gracz otrzymuje kart\u0119 z cyframi wydrukowanymi w losowej kolejno\u015bci. Gospodarz na zmian\u0119 wyci\u0105ga liczby, a osoba sprawdza, czy na karcie znajduj\u0105 si\u0119 liczby. Gracz, kt\u00f3rego karta jako pierwsza zawiera\u0142a zwyci\u0119sk\u0105 kombinacj\u0119, wygrywa. Gracze z pasuj\u0105cymi liczbami w rz\u0119dzie, kilku rz\u0119dach lub bloku wygrywaj\u0105. W grach bingo na...","_links":{"self":[{"href":"https:\/\/rocketplay-slot.com\/pl\/wp-json\/wp\/v2\/pages\/1606","targetHints":{"allow":["GET"]}}],"collection":[{"href":"https:\/\/rocketplay-slot.com\/pl\/wp-json\/wp\/v2\/pages"}],"about":[{"href":"https:\/\/rocketplay-slot.com\/pl\/wp-json\/wp\/v2\/types\/page"}],"author":[{"embeddable":true,"href":"https:\/\/rocketplay-slot.com\/pl\/wp-json\/wp\/v2\/users\/1"}],"replies":[{"embeddable":true,"href":"https:\/\/rocketplay-slot.com\/pl\/wp-json\/wp\/v2\/comments?post=1606"}],"version-history":[{"count":2,"href":"https:\/\/rocketplay-slot.com\/pl\/wp-json\/wp\/v2\/pages\/1606\/revisions"}],"predecessor-version":[{"id":1608,"href":"https:\/\/rocketplay-slot.com\/pl\/wp-json\/wp\/v2\/pages\/1606\/revisions\/1608"}],"wp:attachment":[{"href":"https:\/\/rocketplay-slot.com\/pl\/wp-json\/wp\/v2\/media?parent=1606"}],"curies":[{"name":"wp","href":"https:\/\/api.w.org\/{rel}","templated":true}]}}