{"id":1955,"date":"2022-06-15T00:33:34","date_gmt":"2022-06-14T21:33:34","guid":{"rendered":"https:\/\/rocketplay-slot.com\/live-casino\/"},"modified":"2022-11-02T01:53:24","modified_gmt":"2022-11-01T22:53:24","slug":"live-casino","status":"publish","type":"page","link":"https:\/\/rocketplay-slot.com\/pl\/live-casino\/","title":{"rendered":"Graj w kasynie na \u017cywo w RocketPlay"},"content":{"rendered":"<p>&nbsp;<\/p>\n<p>Kasyno na \u017cywo RocketPlay aktywnie pracuje nad zainteresowaniem graczy i maksymalizacj\u0105 ich zainteresowa\u0144. Nie tak dawno temu na stronie pojawi\u0142y si\u0119 gry z prawdziwymi krupierami. Gry na \u017cywo szybko zyskuj\u0105 na popularno\u015bci, poniewa\u017c czynnik komunikacji na \u017cywo jest dla graczy nie mniej wa\u017cny ni\u017c wysoko\u015b\u0107 wygranych. Ponadto krupier jest bardziej godny zaufania ni\u017c automatyczny program komputerowy.<\/p>\n<h2>GRY NA \u017bYWO W KASYNACH ONLINE ROCKETPLAY<\/h2>\n<p>Osobliwo\u015bci\u0105 trybu na \u017cywo jest to, \u017ce komunikacja mi\u0119dzy krupierem a graczem odbywa si\u0119 w czasie rzeczywistym za po\u015brednictwem czatu online. Transmisja gry prowadzona jest ze specjalnego studia, w kt\u00f3rym wszystko odpowiada \u015brodowisku prawdziwego kasyna. To ustawia sto\u0142y do \u200b\u200bgier, kt\u00f3re s\u0105 profesjonalnymi krupierami. Nie tylko prowadz\u0105 gr\u0119 i utrzymuj\u0105 dialog z graczem.<\/p>\n<p>Asortyment Gry kasynowe na \u017cywo RocketPlay to r\u00f3\u017cnorodne opcje gry w ruletk\u0119, blackjacka, pokera, bakarata i loterie online. Warto zauwa\u017cy\u0107, \u017ce maj\u0105 darmowe wersje, ale postawienie zak\u0142adu warunkowego nie jest mo\u017cliwe. To tylko wersja wprowadzaj\u0105ca, aby pozna\u0107 zasady i zasady gry. Zanim zaczniesz gr\u0119 z \u017cywym krupierem, nastriruyte, \u017ce ten proces b\u0119dzie jak najbardziej inny, zakr\u0119\u0107 b\u0119bnami w automacie Books od Novomatic lub poci\u0105gnij za liny Monkey od Igrosoft &#8211; to elitarny styl gry w drogim kasynie!<\/p>\n<p><span style=\"font-family: var(--global-body-font-family); letter-spacing: 0em;\"> \u00a0 \u00a0 \u00a0 \u00a0 \u00a0 \u00a0 \u00a0 \u00a0 \u00a0 \u00a0 \u00a0 \u00a0 \u00a0 \u00a0 \u00a0 \u00a0 \u00a0 \u00a0 \u00a0 \u00a0 \u00a0 \u00a0 \u00a0 \u00a0 \u00a0 \u00a0 \u00a0 \u00a0<\/span><\/p>\n<p><span style=\"font-weight: 400;\"><img loading=\"lazy\" decoding=\"async\" class=\"aligncenter wp-image-274\" src=\"https:\/\/rocketplay-slot.com\/wp-content\/uploads\/2022\/06\/welcome_1300x640-1-300x148.png\" alt=\"\" width=\"600\" height=\"295\" srcset=\"https:\/\/rocketplay-slot.com\/wp-content\/uploads\/2022\/06\/welcome_1300x640-1-300x148.png 300w, https:\/\/rocketplay-slot.com\/wp-content\/uploads\/2022\/06\/welcome_1300x640-1-1024x504.png 1024w, https:\/\/rocketplay-slot.com\/wp-content\/uploads\/2022\/06\/welcome_1300x640-1-768x378.png 768w, https:\/\/rocketplay-slot.com\/wp-content\/uploads\/2022\/06\/welcome_1300x640-1.png 1300w\" sizes=\"auto, (max-width: 600px) 100vw, 600px\" \/><\/span><\/p>\n<p>Rozw\u00f3j produkt\u00f3w dla kasyna na \u017cywo RocketPlay Australia zajmuje si\u0119 kilkoma firmami, w tym Ezugi urojeniem, kt\u00f3re og\u0142osi\u0142o si\u0119 stosunkowo niedawno, ale szybko zyska\u0142o popularno\u015b\u0107. Jego model znajduje si\u0119 w\u0142a\u015bnie w ofercie kasyn online RocketPlay. Klienci maj\u0105 do wyboru <a href=\"https:\/\/rocketplay-slot.com\/pl\/roulette\/\">Ruletk\u0119<\/a>, Ruletk\u0119 Rosyjsk\u0105, Ruletk\u0119 Portomaso, a tak\u017ce Blackjack, Unlimited Blackjack, Baccarat Dragon Tiger, Keno i inne gry. Aby zagra\u0107 w kt\u00f3r\u0105kolwiek z nich, po prostu najed\u017a kursorem na odpowiedni\u0105 ikon\u0119 i kliknij na ni\u0105. Nast\u0119pnie zostanie nawi\u0105zane po\u0142\u0105czenie ze studiem, w kt\u00f3rym toczy si\u0119 gra.<\/p>\n<h2>CECHY GIER KASYNO NA \u017bYWO<\/h2>\n<p>W <a href=\"https:\/\/rocketplay-slot.com\/pl\/live-roulette\/\">ruletk\u0119 na \u017cywo<\/a> mo\u017ce gra\u0107 nieograniczona liczba uczestnik\u00f3w. \u017betony o r\u00f3\u017cnych nomina\u0142ach znajduj\u0105 si\u0119 na dole ekranu. Tutaj r\u00f3wnie\u017c znajduj\u0105 si\u0119 przyciski steruj\u0105ce i ustawienia. Informacje o aktualnej rundzie s\u0105 umieszczane na tablicy wynik\u00f3w, dla wygody graczy. Dodatkowe funkcje, w tym historia gry, pomog\u0105 w grze z wysokim wynikiem.<\/p>\n<p>Baccarat jest uznawany za gr\u0119 o najprostszych zasadach. U\u017cytkownicy zobacz\u0105 przed sob\u0105 stolik z odpowiednimi oznaczeniami i napisami. Zasady rozgrywki opisane s\u0105 w dziale informacyjnym. Przy jego prowadzeniu nie b\u0119dzie \u017cadnych trudno\u015bci.<\/p>\n<p>Dla fan\u00f3w loterii online oferowane s\u0105 Keno i Bet on Numbers. Odbywaj\u0105 si\u0119 one tradycyjnie przy u\u017cyciu maszyny loteryjnej, kt\u00f3ra jest za\u0142adowana kulkami z numerami. Aby upewni\u0107 si\u0119, \u017ce uczestnik nie przegapi zwyci\u0119skiego numeru, krupier og\u0142asza go. Liczba ta znajduje r\u00f3wnie\u017c odzwierciedlenie na dodatkowej tablicy wynik\u00f3w w powi\u0119kszonej formie.<\/p>\n<p>Wybieraj\u0105c najbardziej atrakcyjn\u0105 wersj\u0119 blackjacka, gracz RocketPlay kasyna na \u017cywo z bonusem powitalnym nie mo\u017ce w\u0105tpi\u0107, \u017ce gra zako\u0144czy si\u0119 pozytywnym wynikiem. Zasady s\u0105 tradycyjne, nie nale\u017cy okazywa\u0107 zb\u0119dnych emocji i skupi\u0107 si\u0119 na komponowaniu kombinacji nagr\u00f3d. Do gry mo\u017cesz u\u017cy\u0107 aplikacji kasyna na \u017cywo RocketPlay.<\/p>\n<p><span style=\"font-weight: 400;\">\t<div class=\"alao-sidebar-box alao-sidebar-box-\">\n\t\t<a href=\"\" class=\"alao-sidebar-box__link\">\n\t\t\t<span class=\"alao-sidebar-box__thumb\">\n\t\t\t\t<img decoding=\"async\" src=\"https:\/\/rocketplay-slot.com\/wp-content\/uploads\/2022\/06\/second_bonus_nonlog.png\" alt=\"Bonus od pierwszego depozytu\">\n\t\t\t<\/span>\n\t\t\t<span class=\"alao-sidebar-box__info\">\n\t\t\t\t<span class=\"alao-sidebar-box__info-wrap\">\n\t\t\t\t\t<span class=\"alao-sidebar-box__head\">Bonus od pierwszego depozytu<\/span>\n\t\t\t\t\t<span class=\"alao-sidebar-box__desc\">100% + 100 FS NA IDEALNY POCZ\u0104TEK<\/span>\n\t\t\t\t\t<span class=\"alao-sidebar-box__button\">Pobierz Teraz<\/span>\n\t\t\t\t<\/span>\n\t\t\t<\/span>\n\t\t<\/a>\n\t<\/div>\n\t\u00a0 \u00a0 \u00a0 \u00a0 \u00a0 \u00a0 \u00a0 \u00a0 \u00a0 \u00a0 \u00a0 \u00a0 \u00a0 \u00a0 \u00a0 \u00a0 \u00a0 \u00a0 \u00a0 \u00a0 \u00a0 \u00a0 \u00a0 \u00a0 \u00a0 \u00a0 \u00a0 \u00a0 \u00a0 \u00a0 \u00a0 \u00a0 \u00a0 \u00a0 \u00a0 \u00a0 \u00a0 \u00a0 \u00a0 \u00a0 \u00a0 \u00a0 \u00a0 \u00a0 \u00a0 \u00a0 \u00a0 \u00a0 \u00a0 \u00a0 \u00a0 \u00a0 \u00a0 \u00a0 \u00a0 \u00a0 \u00a0 \u00a0 \u00a0 \u00a0 \u00a0 \u00a0\u00a0<\/span><\/p>\n<h2>ZALETY GIER NA \u017bYWO<\/h2>\n<p>G\u0142\u00f3wn\u0105 zalet\u0105 kasyna na \u017cywo RocketPlay bez depozytu nad automatami do gry, automatami do gry lub elektronicznymi grami sto\u0142owymi jest to, \u017ce procesem zarz\u0105dza profesjonalny krupier. To ma charakter prawdziwego kasyna. Tworzy go otoczenie i wype\u0142nienie d\u017awi\u0119kowe. Obecno\u015b\u0107 krupiera dodaje graczowi pewno\u015bci siebie. S\u0142u\u017cy to r\u00f3wnie\u017c jako potwierdzenie, \u017ce gra b\u0119dzie uczciwa i nie b\u0119dzie fa\u0142szowania wynik\u00f3w. Zalet\u0105 gier na \u017cywo jest to, \u017ce maj\u0105 one znajome zasady, znane graczom, a tak\u017ce bonus w kasynie na \u017cywo RocketPlay. Do wykonywania operacji w grze s\u0142u\u017c\u0105 przyciski funkcyjne. Umieszczone s\u0105 na ekranie tak, aby nie przeszkadza\u0142y u\u017cytkownikowi w \u015bledzeniu rozwoju wydarze\u0144. Obowi\u0105zuj\u0105 r\u00f3wnie\u017c szerok\u0105 gam\u0119 zak\u0142ad\u00f3w. Mo\u017cesz gra\u0107 z minimaln\u0105 kwot\u0105 i przy wysokich stawkach. Menu dodatkowych ustawie\u0144 pomaga stworzy\u0107 komfortowe \u015brodowisko. Wa\u017cne jest r\u00f3wnie\u017c, aby rejestrowana by\u0142a bie\u017c\u0105ca runda informacji i tworzona by\u0142a historia gry. Jego badanie uwzgl\u0119dni b\u0142\u0119dy i zbuduje bardziej udany model gry. A mo\u017cliwo\u015b\u0107 darmowej gry w kasynie na \u017cywo RocketPlay jest idealna dla tych, kt\u00f3rzy pr\u00f3buj\u0105 tego typu gry po raz pierwszy.<\/p>\n<p><span style=\"font-weight: 400;\"><img loading=\"lazy\" decoding=\"async\" class=\"aligncenter wp-image-263\" src=\"https:\/\/rocketplay-slot.com\/wp-content\/uploads\/2022\/06\/casino-coins-300x218.png\" alt=\"\" width=\"600\" height=\"436\" srcset=\"https:\/\/rocketplay-slot.com\/wp-content\/uploads\/2022\/06\/casino-coins-300x218.png 300w, https:\/\/rocketplay-slot.com\/wp-content\/uploads\/2022\/06\/casino-coins.png 358w\" sizes=\"auto, (max-width: 600px) 100vw, 600px\" \/><\/span><\/p>\n<h2>FAQ<\/h2>\n<h3>CZYM JEST KASYNO NA \u017bYWO?<\/h3>\n<p>Jest to po\u0142\u0105czenie zalet gry online i przej\u015bcia do klasycznego kasyna, mo\u017cliwe dzi\u0119ki Internetowi. To wygodne \u2013 mo\u017cesz gra\u0107 w dowolnym miejscu, ale w tym samym czasie \u2013 z prawdziwym krupierem, kt\u00f3ry transmituje gr\u0119 z sali lub studia specjalnie dla kasyna online RocketPlay.<\/p>\n<h3>JAKI RODZAJ HAZARDU OFERUJE KASYNO NA \u017bYWO?<\/h3>\n<p>S\u0105 to klasyczne kasynowe stoliki \u201etr\u00f3jki\u201d \u2013 ruletka, blackjack i bakarat, rzadziej poker i r\u00f3\u017cne natychmiastowe losowania, jak ko\u0142o fortuny.<\/p>\n<h3>JAKIE S\u0104 ZALETY GIER NA \u017bYWO W STOSUNKU DO INNYCH GIER KASYNOWYCH?<\/h3>\n<p>Wprawdzie depozytowi bonusowemu w kasynie na \u017cywo RocketPlay towarzyszy oprogramowanie do gry (na przyk\u0142ad do rozpoznawania wypadaj\u0105cego numeru w ruletce i p\u00f3\u017aniejszego wy\u015bwietlenia go na tablicy wynik\u00f3w), ale nie s\u0105 one oparte na algorytmach RNG (generator liczb losowych), wi\u0119c s\u0105 bardziej odpowiedni dla os\u00f3b, kt\u00f3re lubi\u0105 gra\u0107 w kasynach naziemnych i preferuj\u0105 komunikacj\u0119 z krupierem zamiast cichej rotacji automatycznej ruletki<\/p>\n","protected":false},"excerpt":{"rendered":"<p>&nbsp; Kasyno na \u017cywo RocketPlay aktywnie pracuje nad zainteresowaniem graczy i maksymalizacj\u0105 ich zainteresowa\u0144. Nie tak dawno temu na stronie pojawi\u0142y si\u0119 gry z prawdziwymi krupierami. Gry na \u017cywo szybko zyskuj\u0105 na popularno\u015bci, poniewa\u017c czynnik komunikacji na \u017cywo jest dla graczy nie mniej wa\u017cny ni\u017c wysoko\u015b\u0107 wygranych. Ponadto krupier jest bardziej godny zaufania ni\u017c automatyczny&#8230;<\/p>\n","protected":false},"author":1,"featured_media":0,"parent":0,"menu_order":0,"comment_status":"closed","ping_status":"closed","template":"","meta":{"_acf_changed":false,"_kad_post_transparent":"default","_kad_post_title":"default","_kad_post_layout":"default","_kad_post_sidebar_id":"","_kad_post_content_style":"default","_kad_post_vertical_padding":"default","_kad_post_feature":"","_kad_post_feature_position":"","_kad_post_header":false,"_kad_post_footer":false,"footnotes":""},"class_list":["post-1955","page","type-page","status-publish","hentry"],"acf":[],"rttpg_featured_image_url":null,"rttpg_author":{"display_name":"Elvis","author_link":"https:\/\/rocketplay-slot.com\/pl\/author\/pemvas95n89x\/"},"rttpg_comment":0,"rttpg_category":null,"rttpg_excerpt":"&nbsp; Kasyno na \u017cywo RocketPlay aktywnie pracuje nad zainteresowaniem graczy i maksymalizacj\u0105 ich zainteresowa\u0144. Nie tak dawno temu na stronie pojawi\u0142y si\u0119 gry z prawdziwymi krupierami. Gry na \u017cywo szybko zyskuj\u0105 na popularno\u015bci, poniewa\u017c czynnik komunikacji na \u017cywo jest dla graczy nie mniej wa\u017cny ni\u017c wysoko\u015b\u0107 wygranych. Ponadto krupier jest bardziej godny zaufania ni\u017c automatyczny...","_links":{"self":[{"href":"https:\/\/rocketplay-slot.com\/pl\/wp-json\/wp\/v2\/pages\/1955","targetHints":{"allow":["GET"]}}],"collection":[{"href":"https:\/\/rocketplay-slot.com\/pl\/wp-json\/wp\/v2\/pages"}],"about":[{"href":"https:\/\/rocketplay-slot.com\/pl\/wp-json\/wp\/v2\/types\/page"}],"author":[{"embeddable":true,"href":"https:\/\/rocketplay-slot.com\/pl\/wp-json\/wp\/v2\/users\/1"}],"replies":[{"embeddable":true,"href":"https:\/\/rocketplay-slot.com\/pl\/wp-json\/wp\/v2\/comments?post=1955"}],"version-history":[{"count":2,"href":"https:\/\/rocketplay-slot.com\/pl\/wp-json\/wp\/v2\/pages\/1955\/revisions"}],"predecessor-version":[{"id":1957,"href":"https:\/\/rocketplay-slot.com\/pl\/wp-json\/wp\/v2\/pages\/1955\/revisions\/1957"}],"wp:attachment":[{"href":"https:\/\/rocketplay-slot.com\/pl\/wp-json\/wp\/v2\/media?parent=1955"}],"curies":[{"name":"wp","href":"https:\/\/api.w.org\/{rel}","templated":true}]}}