{"id":1959,"date":"2022-08-11T20:22:23","date_gmt":"2022-08-11T17:22:23","guid":{"rendered":"https:\/\/rocketplay-slot.com\/bingo\/"},"modified":"2023-01-17T22:48:43","modified_gmt":"2023-01-17T19:48:43","slug":"bingo","status":"publish","type":"page","link":"https:\/\/rocketplay-slot.com\/pl\/bingo\/","title":{"rendered":"RocketGraj online w Bingo za prawdziwe pieni\u0105dze"},"content":{"rendered":"<p><img loading=\"lazy\" decoding=\"async\" class=\" wp-image-323 aligncenter\" src=\"https:\/\/rocketplay-slot.com\/wp-content\/uploads\/2022\/08\/apps.3686.13771585125703035.1a4ab674-204b-4aee-bd33-5d3bf50e79d9-1-300x169.jpg\" alt=\"bingo \" width=\"660\" height=\"372\" srcset=\"https:\/\/rocketplay-slot.com\/wp-content\/uploads\/2022\/08\/apps.3686.13771585125703035.1a4ab674-204b-4aee-bd33-5d3bf50e79d9-1-300x169.jpg 300w, https:\/\/rocketplay-slot.com\/wp-content\/uploads\/2022\/08\/apps.3686.13771585125703035.1a4ab674-204b-4aee-bd33-5d3bf50e79d9-1-1024x576.jpg 1024w, https:\/\/rocketplay-slot.com\/wp-content\/uploads\/2022\/08\/apps.3686.13771585125703035.1a4ab674-204b-4aee-bd33-5d3bf50e79d9-1-768x432.jpg 768w, https:\/\/rocketplay-slot.com\/wp-content\/uploads\/2022\/08\/apps.3686.13771585125703035.1a4ab674-204b-4aee-bd33-5d3bf50e79d9-1-1536x864.jpg 1536w, https:\/\/rocketplay-slot.com\/wp-content\/uploads\/2022\/08\/apps.3686.13771585125703035.1a4ab674-204b-4aee-bd33-5d3bf50e79d9-1.jpg 1920w\" sizes=\"auto, (max-width: 660px) 100vw, 660px\" \/><\/p>\n<p>Aby zainwestowa\u0107 swoje pierwsze prawdziwe pieni\u0105dze w hazard online, gra w bingo online <a href=\"https:\/\/rocketplay-slot.com\/pl\">RocketPlay<\/a> jest dobr\u0105 opcj\u0105 na rozpocz\u0119cie przygody z hazardem. Nowi u\u017cytkownicy rejestruj\u0105cy si\u0119 na stronie <a href=\"https:\/\/rocketplay-slot.com\/pl\/casino\/\">kasyna<\/a> online natychmiast do\u0142adowuj\u0105 swoje konta do gier, aby wygra\u0107 pierwsze dodatkowe pieni\u0105dze.<\/p>\n<p>O czym powinni pami\u0119ta\u0107 wszyscy u\u017cytkownicy, kt\u00f3rzy nie maj\u0105 do\u015bwiadczenia w graniu w gry hazardowe online lub nie maj\u0105 go du\u017co? Hazard online to tylko kolejna forma rozrywki online, a nie spos\u00f3b na zarabianie pieni\u0119dzy w Internecie. Dlatego zaleca si\u0119 rozpocz\u0119cie od minimalnego zak\u0142adu, niezale\u017cnie od wybranej przez u\u017cytkownika gry, aby przed\u0142u\u017cy\u0107 przyjemno\u015b\u0107 gry na prawdziwe pieni\u0105dze.<\/p>\n<p>Wi\u0119c czego potrzebujesz, aby gra\u0107 w bingo online RocketPlay na prawdziwe pieni\u0105dze? Obowi\u0105zkowym warunkiem gry na prawdziwe pieni\u0105dze jest rejestracja. Bez w\u0142asnego konta i konta do gry mo\u017cesz by\u0107 pewien, \u017ce u\u017cytkownik nie jest gotowy ponosi\u0107 odpowiedzialno\u015bci za w\u0142asne dzia\u0142ania i przestrzega\u0107 warunk\u00f3w korzystania z witryny kasyna. Je\u015bli u\u017cytkownik nie ponosi odpowiedzialno\u015bci za w\u0142asne dzia\u0142ania, kasyno raczej nie zagwarantuje otrzymania tej lub innej wygranej. Dlatego musisz potwierdzi\u0107 rejestracj\u0119, przej\u015b\u0107 weryfikacj\u0119, gdzie nie tylko musisz poda\u0107 dane osobowe, ale tak\u017ce dostarczy\u0107 kopi\u0119 dokumentu, co jest gwarancj\u0105, \u017ce u\u017cytkownik jest prawdziw\u0105 osob\u0105.<\/p>\n<p>Aby zagra\u0107 w RocketPlay bingo online Australia, musisz zapozna\u0107 si\u0119 z zasadami kasyna, przejrze\u0107 zasady gry w bingo i zgodzi\u0107 si\u0119 na nie. Aby nowy u\u017cytkownik nie waha\u0142 si\u0119, czy zarejestrowa\u0107 si\u0119 na stronie kasyna, czy nie, kasyno daje bonus powitalny w wysoko\u015bci 300%. To ca\u0142kiem niez\u0142y bonus, je\u015bli jest to twoje pierwsze do\u015bwiadczenie z hazardem online.<\/p>\n<h2>INSTRUKCJE DO GRY W BINGO<\/h2>\n<p>Gra w bingo online na prawdziwe pieni\u0105dze RocketPlay jest \u0142atwa i nie musisz po\u015bwi\u0119ca\u0107 czasu na nauk\u0119 gry. To proste zasady gry, kt\u00f3rej przestrzega\u0142o ju\u017c nie jedno pokolenie graczy, \u0142owc\u00f3w emocji i szcz\u0119\u015bcia. Wi\u0119c o co chodzi w grze w bingo?<\/p>\n<p>Przed rozpocz\u0119ciem gry u\u017cytkownik otrzymuje specjaln\u0105 kart\u0119 z wieloma numerami. Wszystkie liczby s\u0105 umieszczane losowo. Gra rozpoczyna si\u0119 w momencie pojawienia si\u0119 numer\u00f3w kulek, kt\u00f3re u\u017cytkownik musi znale\u017a\u0107 na swojej karcie. Je\u015bli u\u017cytkownik ma taki numer, wykre\u015bla go. U\u017cytkownik, kt\u00f3remu uda\u0142o si\u0119 wykre\u015bli\u0107 wszystkie cyfry na karcie, otrzymuje swoj\u0105 wygran\u0105. Do\u015b\u0107 proste zasady. Musisz jednak uzbroi\u0107 si\u0119 w cierpliwo\u015b\u0107, bo ka\u017cda kolejna liczba przybli\u017ca Ci\u0119 do zwyci\u0119stwa lub od niego oddala.<\/p>\n<p>Jakie\u015b wskaz\u00f3wki dotycz\u0105ce gry w bingo? Trudno naprawd\u0119 poleci\u0107 cokolwiek, poniewa\u017c nigdy nie mo\u017cna powiedzie\u0107 na pewno, kto b\u0119dzie kolejnym zwyci\u0119zc\u0105 bingo.<\/p>\n<h2>RODZAJE GRY BINGO<\/h2>\n<p>Je\u015bli u\u017cytkownik nie mo\u017ce wybra\u0107 karty lub liczb z kulkami, kt\u00f3re pojawi\u0105 si\u0119 jedna po drugiej, mo\u017ce wybra\u0107 rodzaj gry. W ko\u0144cu istnieje wi\u0119cej ni\u017c jedna wersja gry i mo\u017ce to zale\u017ce\u0107 od szcz\u0119\u015bcia u\u017cytkownika. Wi\u0119c z czego mo\u017cesz wybiera\u0107?<\/p>\n<p>Jedna gra w darmowe bingo online RocketPlay r\u00f3\u017cni si\u0119 od innych nie tylko liczb\u0105 kulek z liczbami. Najkr\u00f3tsza wersja gry sk\u0142ada si\u0119 tylko z 30 kulek. Tak wi\u0119c u\u017cytkownik ma do czynienia z trzema rz\u0119dami i kolumnami. Je\u015bli najkr\u00f3tsza wersja Ci\u0119 nie inspiruje, mo\u017cesz zatrzyma\u0107 si\u0119 przy wersji z 75 kulami. Ta wersja gry jest popularna w\u015br\u00f3d mieszka\u0144c\u00f3w Stan\u00f3w Zjednoczonych. Ale tak zwana wersja ameryka\u0144ska ma jeszcze jedn\u0105 cech\u0119 \u2013 pojawia si\u0119 tam wi\u0119cej liter. Opr\u00f3cz cyfr u\u017cytkownicy wykre\u015blaj\u0105 r\u00f3wnie\u017c litery. W ten spos\u00f3b u\u017cytkownik r\u00f3wnie\u017c \u0142agodzi stres, koloruj\u0105c okre\u015blony obraz. To do\u015b\u0107 ciekawe podej\u015bcie do gry w bingo.<\/p>\n<p>Opr\u00f3cz 30 i 75 kulek mo\u017cna r\u00f3wnie\u017c wybra\u0107 wersj\u0119 z 80 kulkami, kt\u00f3ra jest podobna w zasadach do ameryka\u0144skiej wersji bingo. Znowu s\u0105 nie tylko cyfry, ale tak\u017ce litery, co oznacza figur\u0119 geometryczn\u0105. Wersja 90-punktowa jest najbardziej popularna w\u015br\u00f3d mieszka\u0144c\u00f3w Wielkiej Brytanii. Najnowsza wersja r\u00f3\u017cni si\u0119 poziomem trudno\u015bci, poniewa\u017c istniej\u0105 trzy etapy gry, a ka\u017cdy z nich u\u017cytkownik musi uko\u0144czy\u0107 na 100%. O czym to jest? Pierwszy etap ko\u0144czy si\u0119, gdy u\u017cytkownik zamkn\u0105\u0142 czyj\u015b rz\u0105dek, drugi etap &#8211; dwa rz\u0119dy, trzeci etap &#8211; wszystkie rz\u0119dy.<\/p>\n<p><img loading=\"lazy\" decoding=\"async\" class=\" wp-image-324 aligncenter\" src=\"https:\/\/rocketplay-slot.com\/wp-content\/uploads\/2022\/08\/is-bingo-a-casino-game-hero-300x150.jpg\" alt=\"bingo online\" width=\"596\" height=\"298\" srcset=\"https:\/\/rocketplay-slot.com\/wp-content\/uploads\/2022\/08\/is-bingo-a-casino-game-hero-300x150.jpg 300w, https:\/\/rocketplay-slot.com\/wp-content\/uploads\/2022\/08\/is-bingo-a-casino-game-hero-1024x512.jpg 1024w, https:\/\/rocketplay-slot.com\/wp-content\/uploads\/2022\/08\/is-bingo-a-casino-game-hero-768x384.jpg 768w, https:\/\/rocketplay-slot.com\/wp-content\/uploads\/2022\/08\/is-bingo-a-casino-game-hero-1536x768.jpg 1536w, https:\/\/rocketplay-slot.com\/wp-content\/uploads\/2022\/08\/is-bingo-a-casino-game-hero-2048x1024.jpg 2048w\" sizes=\"auto, (max-width: 596px) 100vw, 596px\" \/><\/p>\n<h2>FAQ<\/h2>\n<h3>ROCKETPLAY BEZP\u0141ATNE BINGO ONLINE CZY GRA ZA PIENI\u0104DZE?<\/h3>\n<p>Nowy u\u017cytkownik kasyna lub do\u015bwiadczony gracz mo\u017ce samodzielnie wybra\u0107 opcj\u0119 gry, kt\u00f3ra odpowiada jego aspiracjom i mo\u017cliwo\u015bciom finansowym. Ale w darmow\u0105 wersj\u0119 gry mog\u0105 gra\u0107 wszyscy u\u017cytkownicy, nawet bez rejestracji, podczas gdy gra na prawdziwe pieni\u0105dze wymaga wcze\u015bniejszej rejestracji. Ponadto gracz musi wp\u0142aci\u0107 swoje pierwsze pieni\u0105dze na konto gry i wp\u0142aci\u0107 co najmniej minimaln\u0105 kwot\u0119 zak\u0142ad\u00f3w.<\/p>\n<h3>CZY WYGRYWA\u0106 BINGO NAPRAWD\u0118?<\/h3>\n<p>Aby wygra\u0107 w bingo, nie musisz wykonywa\u0107 oblicze\u0144 matematycznych ani uczy\u0107 si\u0119 r\u00f3\u017cnych strategii gry. Wystarczy wybra\u0107 jedn\u0105 z odmian gry bingo i po prostu zagra\u0107. Je\u015bli gracz ma szcz\u0119\u015bcie, mo\u017ce zdoby\u0107 swoje pierwsze pieni\u0105dze jako wygran\u0105 w bingo.<\/p>\n<h3>CZY ISTNIEJ\u0104 SKUTECZNE STRATEGIE BINGO?<\/h3>\n<p>W rzeczywisto\u015bci nie mo\u017ce by\u0107 skutecznej strategii gry w bingo. Kiedy u\u017cytkownik otrzyma kart\u0119 i zacznie przekre\u015bla\u0107 cyfry, musisz by\u0107 jak najbardziej uwa\u017cny i \u015bledzi\u0107 gr\u0119. Nie ka\u017cdy ma szcz\u0119\u015bcie, ka\u017cdy o tym wie na pewno.<\/p>\n<h3>GDZIE GRA\u0106 W BINGO?<\/h3>\n<p>Nie wszystkie kasyna online oferuj\u0105 gr\u0119, w kt\u00f3rej jeste\u015b w bingo Witryna RocketPlay zdecydowanie ma t\u0119 gr\u0119. Przed rozpocz\u0119ciem gry nale\u017cy sprawdzi\u0107, kt\u00f3re opcje gry wybra\u0142 u\u017cytkownik, aby poprawnie i w odpowiednim czasie skupi\u0107 si\u0119 na liczbie rz\u0119d\u00f3w i pi\u0142ek z liczbami.<\/p>\n<h3>CZY MOG\u0118 GRA\u0106 W BINGO Z APLIKACJI MOBILNEJ?<\/h3>\n<p>Wszyscy u\u017cytkownicy RocketPlay mog\u0105 pobra\u0107 aplikacj\u0119 mobiln\u0105 i gra\u0107 w bingo na urz\u0105dzeniu mobilnym zamiast na komputerze. Jest to do\u015b\u0107 wygodne i proste oraz zapewnia dost\u0119p do gry 24\/7.<\/p>\n","protected":false},"excerpt":{"rendered":"<p>Aby zainwestowa\u0107 swoje pierwsze prawdziwe pieni\u0105dze w hazard online, gra w bingo online RocketPlay jest dobr\u0105 opcj\u0105 na rozpocz\u0119cie przygody z hazardem. Nowi u\u017cytkownicy rejestruj\u0105cy si\u0119 na stronie kasyna online natychmiast do\u0142adowuj\u0105 swoje konta do gier, aby wygra\u0107 pierwsze dodatkowe pieni\u0105dze. O czym powinni pami\u0119ta\u0107 wszyscy u\u017cytkownicy, kt\u00f3rzy nie maj\u0105 do\u015bwiadczenia w graniu w gry&#8230;<\/p>\n","protected":false},"author":1,"featured_media":0,"parent":0,"menu_order":0,"comment_status":"closed","ping_status":"closed","template":"","meta":{"_acf_changed":false,"_kad_post_transparent":"default","_kad_post_title":"default","_kad_post_layout":"default","_kad_post_sidebar_id":"","_kad_post_content_style":"default","_kad_post_vertical_padding":"default","_kad_post_feature":"","_kad_post_feature_position":"","_kad_post_header":false,"_kad_post_footer":false,"footnotes":""},"class_list":["post-1959","page","type-page","status-publish","hentry"],"acf":[],"rttpg_featured_image_url":null,"rttpg_author":{"display_name":"Elvis","author_link":"https:\/\/rocketplay-slot.com\/pl\/author\/pemvas95n89x\/"},"rttpg_comment":0,"rttpg_category":null,"rttpg_excerpt":"Aby zainwestowa\u0107 swoje pierwsze prawdziwe pieni\u0105dze w hazard online, gra w bingo online RocketPlay jest dobr\u0105 opcj\u0105 na rozpocz\u0119cie przygody z hazardem. Nowi u\u017cytkownicy rejestruj\u0105cy si\u0119 na stronie kasyna online natychmiast do\u0142adowuj\u0105 swoje konta do gier, aby wygra\u0107 pierwsze dodatkowe pieni\u0105dze. O czym powinni pami\u0119ta\u0107 wszyscy u\u017cytkownicy, kt\u00f3rzy nie maj\u0105 do\u015bwiadczenia w graniu w gry...","_links":{"self":[{"href":"https:\/\/rocketplay-slot.com\/pl\/wp-json\/wp\/v2\/pages\/1959","targetHints":{"allow":["GET"]}}],"collection":[{"href":"https:\/\/rocketplay-slot.com\/pl\/wp-json\/wp\/v2\/pages"}],"about":[{"href":"https:\/\/rocketplay-slot.com\/pl\/wp-json\/wp\/v2\/types\/page"}],"author":[{"embeddable":true,"href":"https:\/\/rocketplay-slot.com\/pl\/wp-json\/wp\/v2\/users\/1"}],"replies":[{"embeddable":true,"href":"https:\/\/rocketplay-slot.com\/pl\/wp-json\/wp\/v2\/comments?post=1959"}],"version-history":[{"count":3,"href":"https:\/\/rocketplay-slot.com\/pl\/wp-json\/wp\/v2\/pages\/1959\/revisions"}],"predecessor-version":[{"id":1962,"href":"https:\/\/rocketplay-slot.com\/pl\/wp-json\/wp\/v2\/pages\/1959\/revisions\/1962"}],"wp:attachment":[{"href":"https:\/\/rocketplay-slot.com\/pl\/wp-json\/wp\/v2\/media?parent=1959"}],"curies":[{"name":"wp","href":"https:\/\/api.w.org\/{rel}","templated":true}]}}