{"id":1968,"date":"2022-05-16T10:44:31","date_gmt":"2022-05-16T07:44:31","guid":{"rendered":"https:\/\/rocketplay-slot.com\/roulette\/"},"modified":"2022-11-02T02:14:27","modified_gmt":"2022-11-01T23:14:27","slug":"roulette","status":"publish","type":"page","link":"https:\/\/rocketplay-slot.com\/pl\/roulette\/","title":{"rendered":"Ruletka"},"content":{"rendered":"<div id=\"wppb-builder-container\" class=\"wppb-builder-container\">                <div  class=\"wppb-row-parent  wppb-row-1651149714946 \"  >\n\t\t\t\t\t\n\t\t\t\t\t\t\t\t\t\t\n\t\t\t\t\t\t\t\t\t\t\n\t\t\t\t\t<div class=\"wppb-container \">\n\t\t\t\t\t\t\t\t\t\t\t\t\t\n                        <div class=\"wppb-row\">\n\t\t\t\t\t\t\t                                    <div  class=\"wppb-column-parent wppb-column-parent-view wppb-col-1651149714949  \"  >\n                                        <div class=\"wppb-column\">\n\t\t\t\t\t\n\t\t\t\t\t\t\t\t\t\t\t\n                                            <div class=\"wppb-builder-addons\">\n\t\t\t\t\t\t\t\t\t\t\t\t<div class='wppb-builder-addon wppb-addon-1651150162258'  data-addon-id='1651150162258'><div class='wppb-addon'><div class=\"wppb-headline-addon\"><div class=\"wppb-headline-content\"><h1 class=\"wppb-addon-title\">Ruletka w kasynie online RocketPlay<\/h1><\/div><\/div><\/div><\/div><div class='wppb-builder-addon wppb-addon-1651150171497'  data-addon-id='1651150171497'><div class='wppb-addon'><div class=\"wppb-text-block-addon\"><div class=\"wppb-text-block-content 0\"><p>Ruletka <a href=\"https:\/\/rocketplay-slot.com\/pl\">RocketPlay online<\/a> jest dost\u0119pna na urz\u0105dzenia <a href=\"https:\/\/rocketplay-slot.com\/pl\/mobile-version\/\">mobilne<\/a> i komputer dla wszystkich zarejestrowanych go\u015bci za pieni\u0105dze. Oznacza to, \u017ce u\u017cytkownicy nie musz\u0105 wydawa\u0107 dodatkowych pieni\u0119dzy na op\u0142aty za konwersj\u0119. Je\u015bli pami\u0119tasz, aby gra\u0107 na oficjalnej stronie, staje si\u0119 jasne, dlaczego gracze wybrali ten zas\u00f3b do zabawy i wygrywania.<\/p><\/div><\/div><\/div><\/div><div class='wppb-builder-addon wppb-addon-1651149715158'  data-addon-id='1651149715158'><div class='wppb-addon'><div class=\"wppb-addon wppb-button-addon\"><div class=\"wppb-button-addon-content\"><a  href=\"\/go-casino\/\" target=_blank class=\"wppb-btn-addons  wppb-btn-custom wppb-btn-round wppb-btn-large wppb-btn-no\">ZAGRAJ TERAZ<\/a><\/div><\/div><\/div><\/div>                                            <\/div>\n                                        <\/div>\n                                    <\/div>\n\t\t\t\t\t\t\t\t\t                                    <div  class=\"wppb-column-parent wppb-column-parent-view wppb-col-1651149714947  \"  >\n                                        <div class=\"wppb-column\">\n\t\t\t\t\t\n\t\t\t\t\t\t\t\t\t\t\t\n                                            <div class=\"wppb-builder-addons\">\n\t\t\t\t\t\t\t\t\t\t\t\t<div class='wppb-builder-addon wppb-addon-1707397683829'  data-addon-id='1707397683829'><div class='wppb-addon'><div class=\"wppb-image-addon\"><figure class=\"wppb-image-addon-content-wrap\"><div class=\"wppb-image-addon-content wppb-imginlineblock\"><img decoding=\"async\" class=\"wppb-image-addon-img\" src=\"https:\/\/rocketplay-slot.com\/wp-content\/uploads\/2024\/02\/roulette-at-rocketplay-online-casino.jpg\" alt=\"RULETKA W KASYNIE ONLINE ROCKETPLAY\"><\/div><\/figure><\/div><\/div><\/div>                                            <\/div>\n                                        <\/div>\n                                    <\/div>\n\t\t\t\t\t\t\t\t\t                        <\/div>\n\n                    <\/div>\n                <\/div>\n\t\t\t\t                <div  class=\"wppb-row-parent  wppb-row-1651149715118 \"  >\n\t\t\t\t\t\n\t\t\t\t\t\t\t\t\t\t\n\t\t\t\t\t\t\t\t\t\t\n\t\t\t\t\t<div class=\"wppb-container \">\n\t\t\t\t\t\t\t\t\t\t\t\t\t\n                        <div class=\"wppb-row\">\n\t\t\t\t\t\t\t                                    <div  class=\"wppb-column-parent wppb-column-parent-view wppb-col-1651149715122  \"  >\n                                        <div class=\"wppb-column\">\n\t\t\t\t\t\n\t\t\t\t\t\t\t\t\t\t\t\n                                            <div class=\"wppb-builder-addons\">\n\t\t\t\t\t\t\t\t\t\t\t\t<div class='wppb-builder-addon wppb-addon-1707397683834'  data-addon-id='1707397683834'><div class='wppb-addon'><div class=\"wppb-image-addon\"><figure class=\"wppb-image-addon-content-wrap\"><div class=\"wppb-image-addon-content wppb-imginlineblock\"><img decoding=\"async\" class=\"wppb-image-addon-img\" src=\"https:\/\/rocketplay-slot.com\/wp-content\/uploads\/2024\/02\/roulette-at-rocketplay-online-casino-2.jpg\" alt=\"RULETKA W KASYNIE ONLINE ROCKETPLAY 2\"><\/div><\/figure><\/div><\/div><\/div>                                            <\/div>\n                                        <\/div>\n                                    <\/div>\n\t\t\t\t\t\t\t\t\t                                    <div  class=\"wppb-column-parent wppb-column-parent-view wppb-col-1651149715119  \"  >\n                                        <div class=\"wppb-column\">\n\t\t\t\t\t\n\t\t\t\t\t\t\t\t\t\t\t\n                                            <div class=\"wppb-builder-addons\">\n\t\t\t\t\t\t\t\t\t\t\t\t<div class='wppb-builder-addon wppb-addon-1651149715120'  data-addon-id='1651149715120'><div class='wppb-addon'><div class=\"wppb-headline-addon\"><div class=\"wppb-headline-content\"><h2 class=\"wppb-addon-title\">Ruletka: ciekawy i ekscytuj\u0105cy automat<\/h2><\/div><\/div><\/div><\/div><div class='wppb-builder-addon wppb-addon-1651149715121'  data-addon-id='1651149715121'><div class='wppb-addon'><div class=\"wppb-text-block-addon\"><div class=\"wppb-text-block-content 0\"><p>Ka\u017cdy gracz stara si\u0119 gra\u0107 z maksymaln\u0105 wydajno\u015bci\u0105. Je\u015bli gracz preferuje okre\u015blony rodzaj aplikacji, nie oznacza to, \u017ce woli tylko jeden klasyczny automat do gry. Ruletka na prawdziwe pieni\u0105dze jest reprezentowana w tej sekcji portalu kilka rodzaj\u00f3w (dost\u0119pnych oko\u0142o 20 odmian). Najwi\u0119ksz\u0105 popularno\u015bci\u0105 cieszy\u0142a si\u0119 oczywi\u015bcie europejska ruletka z najni\u017csz\u0105 przewag\u0105 w\u0142a\u015bcicieli klub\u00f3w \u2013 2,7%. Online mo\u017cesz u\u017cywa\u0107 kod\u00f3w bonusowych z administracji w ramach r\u00f3\u017cnych promocji i otrzymywa\u0107 dodatkowe bonusy do gry.<\/p><p>Opr\u00f3cz ruletki europejskiej istniej\u0105 inne odmiany: ameryka\u0144ska, francuska itp. Aby ca\u0142kowicie zanurzy\u0107 si\u0119 w hazardzie, mo\u017cesz gra\u0107 z krupierami na \u017cywo, co jest bardzo lubiane przez wielu u\u017cytkownik\u00f3w. Pomimo tego, \u017ce w takich aplikacjach nie ma darmowych spin\u00f3w, szybkie wygranie jest nadal realne. Nawiasem m\u00f3wi\u0105c, do\u015bwiadczeni gracze zalecaj\u0105 prowadzenie francuskiej ruletki i aktywne stosowanie \u201ezasady wi\u0119ziennej\u201d. Zmniejsza przewag\u0119 kasyna do 1,35%.<\/p><\/div><\/div><\/div><\/div>                                            <\/div>\n                                        <\/div>\n                                    <\/div>\n\t\t\t\t\t\t\t\t\t                        <\/div>\n\n                    <\/div>\n                <\/div>\n\t\t\t\t                <div  class=\"wppb-row-parent  wppb-row-1652183192609 \"  >\n\t\t\t\t\t\n\t\t\t\t\t\t\t\t\t\t\n\t\t\t\t\t\t\t\t\t\t\n\t\t\t\t\t<div class=\"wppb-container \">\n\t\t\t\t\t\t\t\t\t\t\t\t\t\n                        <div class=\"wppb-row\">\n\t\t\t\t\t\t\t                                    <div  class=\"wppb-column-parent wppb-column-parent-view wppb-col-1652183192610  \"  >\n                                        <div class=\"wppb-column\">\n\t\t\t\t\t\n\t\t\t\t\t\t\t\t\t\t\t\n                                            <div class=\"wppb-builder-addons\">\n\t\t\t\t\t\t\t\t\t\t\t\t<div class='wppb-builder-addon wppb-addon-1652183192623'  data-addon-id='1652183192623'><div class='wppb-addon'><div class=\"wppb-headline-addon\"><div class=\"wppb-headline-content\"><h2 class=\"wppb-addon-title\">Jak wygra\u0107 w ruletce<\/h2><\/div><\/div><\/div><\/div><div class='wppb-builder-addon wppb-addon-1652183192612'  data-addon-id='1652183192612'><div class='wppb-addon'><div class=\"wppb-text-block-addon\"><div class=\"wppb-text-block-content 0\"><p>Celem ka\u017cdej gry hazardowej jest wygrana przy minimalnej inwestycji. Po rozpocz\u0119ciu gry w ruletk\u0119 RocketPlay za pieni\u0105dze, ka\u017cdy gracz stara si\u0119 z\u0142ama\u0107 pieni\u0105dze. Stosuj\u0105c r\u00f3\u017cne strategie, ka\u017cdy mo\u017ce osi\u0105gn\u0105\u0107 szcz\u0119\u015bcie. Nie zapominaj jednak, \u017ce hazard zale\u017cy od szcz\u0119\u015bcia i umiej\u0119tno\u015bci zatrzymania si\u0119 na czas, wi\u0119c wynik rundy mo\u017ce by\u0107 inny. Zak\u0142ady powinny by\u0107 rozs\u0105dne i nie wchodzi\u0107 all-in, je\u015bli nie jest to uzasadnione.<\/p><p>Za najprostsz\u0105 i najbardziej popularn\u0105 strategi\u0119 uwa\u017ca si\u0119 Martingale. Gracze musz\u0105 obstawia\u0107 r\u00f3wne kursy (wi\u0119cej\/mniej, czerwony\/czarny, parzysty\/nieparzysty). Zgodnie z teori\u0105 prawdopodobie\u0144stwa pi\u0142ka nie mo\u017ce ca\u0142y czas spada\u0107 w okre\u015blonych kom\u00f3rkach, dlatego konieczne jest stawianie ca\u0142y czas na jednej opcji. Nale\u017cy zacz\u0105\u0107 od minimalnego zak\u0142adu. W przypadku niepowodzenia w kolejnej rundzie ilo\u015b\u0107 \u017ceton\u00f3w jest podwajana. Tak r\u00f3b, dop\u00f3ki nie wygrasz.<\/p><p>W zasadzie ten system m\u00f3g\u0142by by\u0107 ca\u0142kowicie korzystny, gdyby nie jeden ma\u0142y niuans. W ka\u017cdym kasynie (a tak\u017ce w RocketPlay) obowi\u0105zuj\u0105 limity zak\u0142ad\u00f3w. Jednak prawdopodobie\u0144stwo wygranej jest bardzo du\u017ce, poniewa\u017c ten sam wynik rundy wi\u0119cej ni\u017c 3-5 razy z rz\u0119du jest bardzo rzadki.<\/p><\/div><\/div><\/div><\/div>                                            <\/div>\n                                        <\/div>\n                                    <\/div>\n\t\t\t\t\t\t\t\t\t                                    <div  class=\"wppb-column-parent wppb-column-parent-view wppb-col-1652183192613  \"  >\n                                        <div class=\"wppb-column\">\n\t\t\t\t\t\n\t\t\t\t\t\t\t\t\t\t\t\n                                            <div class=\"wppb-builder-addons\">\n\t\t\t\t\t\t\t\t\t\t\t\t<div class='wppb-builder-addon wppb-addon-1707397683839'  data-addon-id='1707397683839'><div class='wppb-addon'><div class=\"wppb-image-addon\"><figure class=\"wppb-image-addon-content-wrap\"><div class=\"wppb-image-addon-content wppb-imginlineblock\"><img decoding=\"async\" class=\"wppb-image-addon-img\" src=\"https:\/\/rocketplay-slot.com\/wp-content\/uploads\/2024\/02\/roulette-at-rocketplay-online-casino-3.jpg\" alt=\"RULETKA W KASYNIE ONLINE ROCKETPLAY 3\"><\/div><\/figure><\/div><\/div><\/div>                                            <\/div>\n                                        <\/div>\n                                    <\/div>\n\t\t\t\t\t\t\t\t\t                        <\/div>\n\n                    <\/div>\n                <\/div>\n\t\t\t\t                <div  class=\"wppb-row-parent  wppb-row-1652183192667 \"  >\n\t\t\t\t\t\n\t\t\t\t\t\t\t\t\t\t\n\t\t\t\t\t\t\t\t\t\t\n\t\t\t\t\t<div class=\"wppb-container \">\n\t\t\t\t\t\t\t\t\t\t\t\t\t\n                        <div class=\"wppb-row\">\n\t\t\t\t\t\t\t                                    <div  class=\"wppb-column-parent wppb-column-parent-view wppb-col-1652183192668  \"  >\n                                        <div class=\"wppb-column\">\n\t\t\t\t\t\n\t\t\t\t\t\t\t\t\t\t\t\n                                            <div class=\"wppb-builder-addons\">\n\t\t\t\t\t\t\t\t\t\t\t\t<div class='wppb-builder-addon wppb-addon-1652183192669'  data-addon-id='1652183192669'><div class='wppb-addon'><div class=\"wppb-headline-addon\"><div class=\"wppb-headline-content\"><h2 class=\"wppb-addon-title\">Zagraj w ruletk\u0119 za darmo<\/h2><\/div><\/div><\/div><\/div><div class='wppb-builder-addon wppb-addon-1652183192670'  data-addon-id='1652183192670'><div class='wppb-addon'><div class=\"wppb-text-block-addon\"><div class=\"wppb-text-block-content 0\"><p>W klubie wszystkie odmiany klasycznej ruletki oferowane s\u0105 w dw\u00f3ch odmianach: p\u0142atnej i bezp\u0142atnej. Gra demo ma jedn\u0105 zalet\u0119: jest dost\u0119pna dla tych graczy, kt\u00f3rzy nie zarejestrowali si\u0119 w hali gier. Mo\u017cesz po prostu wej\u015b\u0107 na stron\u0119 kasyna i zacz\u0105\u0107 gra\u0107 bez wp\u0142aty i bez rejestracji.<\/p><p>Funkcjonalno\u015b\u0107 wersji darmowej r\u00f3\u017cni si\u0119 od wersji p\u0142atnej co do zasady: nie ma mo\u017cliwo\u015bci wygrania prawdziwych pieni\u0119dzy. W przeciwnym razie te automaty RocketPlay nie s\u0105 gorsz\u0105 p\u0142atn\u0105 wersj\u0105. W demo-emulatorze mo\u017cesz za\u0142o\u017cy\u0107, \u017ce rozgrywka rozwija si\u0119 w standardowy spos\u00f3b. To \u015bwietna opcja dla pocz\u0105tkuj\u0105cych graczy, kt\u00f3rzy chc\u0105 zrozumie\u0107 zasady, aby nie zawie\u015b\u0107, obstawiaj\u0105c zak\u0142ady za pieni\u0105dze.<\/p><p>Nawet wielu graczy z do\u015bwiadczeniem cz\u0119sto gra w opcj\u0119 bez p\u0142acenia. To w\u0142a\u015bnie w grze demo zawsze mo\u017cesz sprawdzi\u0107, czy kt\u00f3ry\u015b z popularnych schemat\u00f3w dzia\u0142a lub wymy\u015bli\u0107 w\u0142asny algorytm wygrywaj\u0105cy. Je\u015bli chcesz po prostu sp\u0119dzi\u0107 czas w kasynie i zaoszcz\u0119dzi\u0107 pieni\u0105dze, zagraj w Roulette RocketPlay za darmo. S\u0105dz\u0105c po recenzjach graczy, gra demo w klubie przynosi tak\u0105 sam\u0105 przyjemno\u015b\u0107 jak wersja p\u0142atna.<\/p><\/div><\/div><\/div><\/div>                                            <\/div>\n                                        <\/div>\n                                    <\/div>\n\t\t\t\t\t\t\t\t\t                                    <div  class=\"wppb-column-parent wppb-column-parent-view wppb-col-1652183192671  \"  >\n                                        <div class=\"wppb-column\">\n\t\t\t\t\t\n\t\t\t\t\t\t\t\t\t\t\t\n                                            <div class=\"wppb-builder-addons\">\n\t\t\t\t\t\t\t\t\t\t\t\t<div class='wppb-builder-addon wppb-addon-1707397683844'  data-addon-id='1707397683844'><div class='wppb-addon'><div class=\"wppb-image-addon\"><figure class=\"wppb-image-addon-content-wrap\"><div class=\"wppb-image-addon-content wppb-imginlineblock\"><img decoding=\"async\" class=\"wppb-image-addon-img\" src=\"https:\/\/rocketplay-slot.com\/wp-content\/uploads\/2024\/02\/roulette-at-rocketplay-online-casino-4.jpg\" alt=\"RULETKA W KASYNIE ONLINE ROCKETPLAY 4\"><\/div><\/figure><\/div><\/div><\/div>                                            <\/div>\n                                        <\/div>\n                                    <\/div>\n\t\t\t\t\t\t\t\t\t                        <\/div>\n\n                    <\/div>\n                <\/div>\n\t\t\t\t                <div  class=\"wppb-row-parent  wppb-row-1651158175344 \"  >\n\t\t\t\t\t\n\t\t\t\t\t\t\t\t\t\t\n\t\t\t\t\t\t\t\t\t\t\n\t\t\t\t\t<div class=\"wppb-container \">\n\t\t\t\t\t\t\t\t\t\t\t\t\t\n                        <div class=\"wppb-row\">\n\t\t\t\t\t\t\t                                    <div  class=\"wppb-column-parent wppb-column-parent-view wppb-col-1651158175345  \"  >\n                                        <div class=\"wppb-column\">\n\t\t\t\t\t\n\t\t\t\t\t\t\t\t\t\t\t\n                                            <div class=\"wppb-builder-addons\">\n\t\t\t\t\t\t\t\t\t\t\t\t<div class='wppb-builder-addon wppb-addon-1707397683849'  data-addon-id='1707397683849'><div class='wppb-addon'><div class=\"wppb-image-addon\"><figure class=\"wppb-image-addon-content-wrap\"><div class=\"wppb-image-addon-content wppb-imginlineblock\"><img decoding=\"async\" class=\"wppb-image-addon-img\" src=\"https:\/\/rocketplay-slot.com\/wp-content\/uploads\/2024\/02\/roulette-at-rocketplay-online-casino-5.jpg\" alt=\"RULETKA W KASYNIE ONLINE ROCKETPLAY 5\"><\/div><\/figure><\/div><\/div><\/div>                                            <\/div>\n                                        <\/div>\n                                    <\/div>\n\t\t\t\t\t\t\t\t\t                                    <div  class=\"wppb-column-parent wppb-column-parent-view wppb-col-1651158175347  \"  >\n                                        <div class=\"wppb-column\">\n\t\t\t\t\t\n\t\t\t\t\t\t\t\t\t\t\t\n                                            <div class=\"wppb-builder-addons\">\n\t\t\t\t\t\t\t\t\t\t\t\t<div class='wppb-builder-addon wppb-addon-1651158175348'  data-addon-id='1651158175348'><div class='wppb-addon'><div class=\"wppb-headline-addon\"><div class=\"wppb-headline-content\"><h2 class=\"wppb-addon-title\">Jak gra\u0107 na pieni\u0105dze<\/h2><\/div><\/div><\/div><\/div><div class='wppb-builder-addon wppb-addon-1651158175349'  data-addon-id='1651158175349'><div class='wppb-addon'><div class=\"wppb-text-block-addon\"><div class=\"wppb-text-block-content 0\"><p>Bywalcy w pokoju gier wol\u0105 gra\u0107 w ruletk\u0119 RocketPlay na prawdziwe pieni\u0105dze. Je\u015bli zdecydujesz si\u0119 zaryzykowa\u0107 swoje pieni\u0105dze, b\u0119dziesz musia\u0142 dokona\u0107 wst\u0119pnej rejestracji.<\/p><p>Procedura rejestracji sk\u0142ada si\u0119 z kilku krok\u00f3w. Najpierw musisz zalogowa\u0107 si\u0119 na stronie kasyna, klikn\u0105\u0107 przycisk \"zarejestruj si\u0119\", a nast\u0119pnie - w menu pocz\u0105tkowym poda\u0107 sw\u00f3j adres e-mail i has\u0142o, z kt\u00f3rych p\u00f3\u017aniej b\u0119dziesz korzysta\u0107, aby wej\u015b\u0107 na stron\u0119.<\/p><p>Nast\u0119pnie musisz potwierdzi\u0107 skrzynk\u0119 pocztow\u0105. Uzupe\u0142nianie konta odbywa si\u0119 w osobistym biurze. Aby do niego wej\u015b\u0107, skorzystaj z danych podanych podczas rejestracji. Aby postawi\u0107 zak\u0142ad wystarczy dokona\u0107 wp\u0142aty nawet na niewielk\u0105 kwot\u0119.<\/p><p>Istnieje kilka metod wp\u0142aty na konto: za pomoc\u0105 karty lub e-portfela. W obu przypadkach pieni\u0105dze szybko trafiaj\u0105 do depozytu, nie trzeba czeka\u0107. W przysz\u0142o\u015bci wyp\u0142ata wygranych b\u0119dzie dokonywana na to samo konto, z kt\u00f3rego pierwotnie wp\u0142aci\u0142e\u015b.<\/p><p>Wybierz, kt\u00f3ra wersja gry najbardziej Ci odpowiada - p\u0142atna lub bezp\u0142atna. Na stronie internetowej klubu dost\u0119pne s\u0105 r\u00f3\u017cne warianty najlepszej gry Roulette RocketPlay.<\/p><\/div><\/div><\/div><\/div>                                            <\/div>\n                                        <\/div>\n                                    <\/div>\n\t\t\t\t\t\t\t\t\t                        <\/div>\n\n                    <\/div>\n                <\/div>\n\t\t\t\t                <div  class=\"wppb-row-parent  wppb-row-1652456671409 \"  >\n\t\t\t\t\t\n\t\t\t\t\t\t\t\t\t\t\n\t\t\t\t\t\t\t\t\t\t\n\t\t\t\t\t<div class=\"wppb-container \">\n\t\t\t\t\t\t\t\t\t\t\t\t\t\n                        <div class=\"wppb-row\">\n\t\t\t\t\t\t\t                                    <div  class=\"wppb-column-parent wppb-column-parent-view wppb-col-1652456671410  \"  >\n                                        <div class=\"wppb-column\">\n\t\t\t\t\t\n\t\t\t\t\t\t\t\t\t\t\t\n                                            <div class=\"wppb-builder-addons\">\n\t\t\t\t\t\t\t\t\t\t\t\t<div class='wppb-builder-addon wppb-addon-1652456671411'  data-addon-id='1652456671411'><div class='wppb-addon'><div class=\"wppb-headline-addon\"><div class=\"wppb-headline-content\"><h2 class=\"wppb-addon-title\">Dlaczego warto wybra\u0107 kasyno online RocketPlay?<\/h2><\/div><\/div><\/div><\/div><div class='wppb-builder-addon wppb-addon-1652456671412'  data-addon-id='1652456671412'><div class='wppb-addon'><div class=\"wppb-text-block-addon\"><div class=\"wppb-text-block-content 0\"><p>Odwiedzaj\u0105cy mog\u0105 gra\u0107 online nie tylko w ruletk\u0119 w kasynie, ale tak\u017ce w innych automatach RocketPlay. Zakres aplikacji Ruletka RocketPlay zachwyci wszystkich fan\u00f3w sp\u0119dzania czasu z ekscytacj\u0105. Zalety portalu s\u0105 oczywiste:<\/p><ul><li>Klub dzia\u0142a na oficjalnej licencji.<\/li><li>R\u00f3\u017cnorodno\u015b\u0107 automat\u00f3w do gier pozwala ka\u017cdemu u\u017cytkownikowi na dokonanie szybkiego wyboru.<\/li><li>Mo\u017cesz gra\u0107 na stronie za darmo bez rejestracji lub za prawdziwe pieni\u0105dze.<\/li><li>Ca\u0142kowity zwrot maszyn (RTP) jest na wysokim poziomie.<\/li><li>Administracja hojnie rozdaje bonusy i oferty wzi\u0119cia udzia\u0142u w korzystnym programie lojalno\u015bciowym.<\/li><li>Ruletka na \u017cywo i inne gry, prowadzone w specjalnym studiu, pozwalaj\u0105 poczu\u0107 si\u0119 jak go\u015b\u0107 w prawdziwym kasynie.<\/li><li>Organizowane przez administracj\u0119 turnieje i promocje pomagaj\u0105 urozmaici\u0107 rozgrywk\u0119.<\/li><li>Prywatno\u015b\u0107 gwarantuje s\u0142u\u017cba bezpiecze\u0144stwa.<\/li><li>Do\u0142adowanie depozytu i wyp\u0142ata wygranych odbywa si\u0119 na r\u00f3\u017cne dogodne sposoby (wszystkie transakcje s\u0105 chronione 128-bitowym szyfrowaniem).<\/li><\/ul><p>To nie wszystkie zalety kasyn online RocketPlay, ale ta lista udowadnia, \u017ce \u200b\u200bsp\u0119dzanie czasu z zabaw\u0105 i bezpiecze\u0144stwem jest prawdziwe.<\/p><\/div><\/div><\/div><\/div>                                            <\/div>\n                                        <\/div>\n                                    <\/div>\n\t\t\t\t\t\t\t\t\t                                    <div  class=\"wppb-column-parent wppb-column-parent-view wppb-col-1652456671413  \"  >\n                                        <div class=\"wppb-column\">\n\t\t\t\t\t\n\t\t\t\t\t\t\t\t\t\t\t\n                                            <div class=\"wppb-builder-addons\">\n\t\t\t\t\t\t\t\t\t\t\t\t<div class='wppb-builder-addon wppb-addon-1707397683854'  data-addon-id='1707397683854'><div class='wppb-addon'><div class=\"wppb-image-addon\"><figure class=\"wppb-image-addon-content-wrap\"><div class=\"wppb-image-addon-content wppb-imginlineblock\"><img decoding=\"async\" class=\"wppb-image-addon-img\" src=\"https:\/\/rocketplay-slot.com\/wp-content\/uploads\/2024\/02\/roulette-at-rocketplay-online-casino-6.jpg\" alt=\"RULETKA W KASYNIE ONLINE ROCKETPLAY 6\"><\/div><\/figure><\/div><\/div><\/div>                                            <\/div>\n                                        <\/div>\n                                    <\/div>\n\t\t\t\t\t\t\t\t\t                        <\/div>\n\n                    <\/div>\n                <\/div>\n\t\t\t\t<\/div>","protected":false},"excerpt":{"rendered":"<p>Ruletka w kasynie online RocketPlayRuletka RocketPlay online jest dost\u0119pna na urz\u0105dzenia mobilne i komputer dla wszystkich zarejestrowanych go\u015bci za pieni\u0105dze. Oznacza to, \u017ce u\u017cytkownicy nie musz\u0105 wydawa\u0107 dodatkowych pieni\u0119dzy na op\u0142aty za konwersj\u0119. Je\u015bli pami\u0119tasz, aby gra\u0107 na oficjalnej stronie, staje si\u0119 jasne, dlaczego gracze wybrali ten zas\u00f3b do zabawy i wygrywania.ZAGRAJ TERAZ Ruletka: ciekawy&#8230;<\/p>\n","protected":false},"author":1,"featured_media":0,"parent":0,"menu_order":0,"comment_status":"closed","ping_status":"closed","template":"wppb_theme_template","meta":{"_acf_changed":false,"_kad_post_transparent":"default","_kad_post_title":"default","_kad_post_layout":"default","_kad_post_sidebar_id":"","_kad_post_content_style":"default","_kad_post_vertical_padding":"default","_kad_post_feature":"","_kad_post_feature_position":"","_kad_post_header":false,"_kad_post_footer":false,"footnotes":""},"class_list":["post-1968","page","type-page","status-publish","hentry"],"acf":[],"rttpg_featured_image_url":null,"rttpg_author":{"display_name":"Elvis","author_link":"https:\/\/rocketplay-slot.com\/pl\/author\/pemvas95n89x\/"},"rttpg_comment":0,"rttpg_category":null,"rttpg_excerpt":"Ruletka w kasynie online RocketPlayRuletka RocketPlay online jest dost\u0119pna na urz\u0105dzenia mobilne i komputer dla wszystkich zarejestrowanych go\u015bci za pieni\u0105dze. Oznacza to, \u017ce u\u017cytkownicy nie musz\u0105 wydawa\u0107 dodatkowych pieni\u0119dzy na op\u0142aty za konwersj\u0119. Je\u015bli pami\u0119tasz, aby gra\u0107 na oficjalnej stronie, staje si\u0119 jasne, dlaczego gracze wybrali ten zas\u00f3b do zabawy i wygrywania.ZAGRAJ TERAZ Ruletka: ciekawy...","_links":{"self":[{"href":"https:\/\/rocketplay-slot.com\/pl\/wp-json\/wp\/v2\/pages\/1968","targetHints":{"allow":["GET"]}}],"collection":[{"href":"https:\/\/rocketplay-slot.com\/pl\/wp-json\/wp\/v2\/pages"}],"about":[{"href":"https:\/\/rocketplay-slot.com\/pl\/wp-json\/wp\/v2\/types\/page"}],"author":[{"embeddable":true,"href":"https:\/\/rocketplay-slot.com\/pl\/wp-json\/wp\/v2\/users\/1"}],"replies":[{"embeddable":true,"href":"https:\/\/rocketplay-slot.com\/pl\/wp-json\/wp\/v2\/comments?post=1968"}],"version-history":[{"count":2,"href":"https:\/\/rocketplay-slot.com\/pl\/wp-json\/wp\/v2\/pages\/1968\/revisions"}],"predecessor-version":[{"id":1970,"href":"https:\/\/rocketplay-slot.com\/pl\/wp-json\/wp\/v2\/pages\/1968\/revisions\/1970"}],"wp:attachment":[{"href":"https:\/\/rocketplay-slot.com\/pl\/wp-json\/wp\/v2\/media?parent=1968"}],"curies":[{"name":"wp","href":"https:\/\/api.w.org\/{rel}","templated":true}]}}