{"id":1972,"date":"2022-06-15T08:28:32","date_gmt":"2022-06-15T05:28:32","guid":{"rendered":"https:\/\/rocketplay-slot.com\/live-roulette\/"},"modified":"2024-02-08T16:37:56","modified_gmt":"2024-02-08T13:37:56","slug":"live-roulette","status":"publish","type":"page","link":"https:\/\/rocketplay-slot.com\/pl\/live-roulette\/","title":{"rendered":"Kasyno online w ruletce RocketPlay"},"content":{"rendered":"<p>Ruletka to jedna z najbardziej gier hazardowych wymy\u015blonych przez cz\u0142owieka. Aureola tajemnicy tej gry zawiera kilka opowie\u015bci o jej pochodzeniu. Jedna z legend m\u00f3wi, \u017ce we Francji w XIV wieku, aby zape\u0142ni\u0107 skarbiec, kardyna\u0142 Mazarin nakaza\u0142 rozprowadza\u0107 ruletk\u0119 we wszystkich domach hazardowych. W tamtym czasie by\u0142a to gra z 40 ponumerowanymi waletkami i trzema zerami, kt\u00f3ra nazywa\u0142a si\u0119 \u201eHoca\u201d. To prawda, \u017ce \u200b\u200bpo \u015bmierci Ludwika XIV ka\u017cdy organizuj\u0105cy \u201eHoca\u201d mia\u0142 zosta\u0107 stracony.<\/p>\n<p>Wed\u0142ug innej wersji matematyk Blaise Pascal mia\u0142 sw\u00f3j udzia\u0142 w tworzeniu gry. Ale i ona jest podzielona na dwie historie: wed\u0142ug jednej Blaise pr\u00f3bowa\u0142 stworzy\u0107 perpetuum mobile z ko\u0142em i kul\u0105; wed\u0142ug drugiego zamkn\u0105\u0142 si\u0119 w klasztorze, aby rozwi\u0105za\u0107 problem prawdopodobie\u0144stwa loterii z 36 losami.<\/p>\n<p>Tak czy inaczej, gra ma swoje francuskie korzenie i dzi\u015b nie mo\u017cna sobie wyobrazi\u0107 kasyna bez ruletki. Odk\u0105d pojawi\u0142y si\u0119 kasyna online, ruletka, czy jak mo\u017cna to nazwa\u0107 \u201ediabelski m\u0142yn\u201d, sta\u0142a si\u0119 r\u00f3wnie\u017c integraln\u0105 cz\u0119\u015bci\u0105 kasyna.<\/p>\n<h2>ZASADA GRY W RULETK\u0118<\/h2>\n<p>Gra na \u017cywo w ruletk\u0119 online RocketPlay, jedna z najprostszych. Przed graczami znajduje si\u0119 ko\u0142o, kt\u00f3re jest ponumerowane od 1 do 36 plus zero. Liczby s\u0105 u\u0142o\u017cone w kolejno\u015bci losowej, ale w \u015bcis\u0142ej rotacji kolor\u00f3w &#8211; czerni i czerwieni. Obok ko\u0142a znajduje si\u0119 st\u00f3\u0142 do obstawiania. Tam gracze mog\u0105 obstawia\u0107 konkretny numer, kolor (czarno-czerwony), parzysty lub nieparzysty, tuzin (jeden z 12 numer\u00f3w), wi\u0119cej, mniej i zero.<\/p>\n\t<div class=\"alao-sidebar-box alao-sidebar-box-light-blue\">\n\t\t<a href=\"\" class=\"alao-sidebar-box__link\">\n\t\t\t<span class=\"alao-sidebar-box__thumb\">\n\t\t\t\t<img decoding=\"async\" src=\"https:\/\/rocketplay-slot.com\/wp-content\/uploads\/2022\/06\/second_bonus_nonlog.png\" alt=\"Druga wp\u0142ata\">\n\t\t\t<\/span>\n\t\t\t<span class=\"alao-sidebar-box__info\">\n\t\t\t\t<span class=\"alao-sidebar-box__info-wrap\">\n\t\t\t\t\t<span class=\"alao-sidebar-box__head\">Druga wp\u0142ata<\/span>\n\t\t\t\t\t<span class=\"alao-sidebar-box__desc\">200% BONUS ZA DRUGI WP\u0141AT<\/span>\n\t\t\t\t\t<span class=\"alao-sidebar-box__button\">Pobierz Teraz<\/span>\n\t\t\t\t<\/span>\n\t\t\t<\/span>\n\t\t<\/a>\n\t<\/div>\n\t\n<h2>RULETKA<\/h2>\n<p>Przed postawieniem zak\u0142adu krupier m\u00f3wi koronuj\u0105cy zak\u0142ad: \u201ePostawcie zak\u0142ady, panowie!\u201d Po postawieniu zak\u0142ad\u00f3w wypowiadane jest r\u00f3wnie popularne zdanie: \u201eZak\u0142ady s\u0105 obstawiane, \u017cadnych wi\u0119cej zak\u0142ad\u00f3w\u201d. Ko\u0142o ruletki jest prowadzone w jedn\u0105 stron\u0119, a kulka jest koniecznie w przeciwnym kierunku. Po tym, jak kulka zatrzyma si\u0119 w kom\u00f3rce, ruletka RocketPlay z krupierem na \u017cywo og\u0142asza zwyci\u0119ski numer, ustala go na polu gry, a wygrywaj\u0105cy gracze otrzymuj\u0105 wygrane, a przegrane zak\u0142ady trafiaj\u0105 do ruletki na \u017cywo RocketPlay w kasynie.<\/p>\n<p>Aplikacja do ruletki na \u017cywo RocketPlay ma wszystkie powy\u017csze zasady, z wyj\u0105tkiem tego, \u017ce wszystko odbywa si\u0119 na ekranie monitora. Oczywi\u015bcie niekt\u00f3rzy mog\u0105 przegapi\u0107 te koronne frazy, ale emocje s\u0105 w pe\u0142ni zachowane. A dla tych graczy, kt\u00f3rzy nadal chc\u0105 zagra\u0107 w ruletk\u0119 na \u017cywo bez wychodzenia z domu, istnieje r\u00f3wnie\u017c kilka opcji.<\/p>\n<h2>WIRTUALNA RULETKA ONLINE<\/h2>\n<p>Gra w ruletk\u0119 na \u017cywo Australia RocketPlay jest o wiele \u0142atwiejsza, ni\u017c mo\u017cesz sobie wyobrazi\u0107. W wersji na \u017cywo samo ko\u0142o sk\u0142ada si\u0119 z ponad 300 element\u00f3w i jest ustawione z precyzj\u0105 klejnotow\u0105, poniewa\u017c zaledwie 1 milimetr ruchu pozwoli uwa\u017cnym graczom zauwa\u017cy\u0107, w kt\u00f3re sektory pi\u0142ka najprawdopodobniej wpadnie. W przypadku ruletki RocketPlay na prawdziwe pieni\u0105dze, wszystkim zarz\u0105dza generator liczb losowych, kt\u00f3ry zapewnia uczciwo\u015b\u0107 losowania. Tak jak w oryginale, mo\u017cesz by\u0107 pewien, \u017ce kulka spad\u0142a na t\u0119 figurk\u0119 ca\u0142kowicie losowo.<\/p>\n<p>Kolejn\u0105 cech\u0105 diabelskiego m\u0142yna online jest to, \u017ce mo\u017cesz gra\u0107 w darmow\u0105 ruletk\u0119 na \u017cywo RocketPlay. Ruletka ma r\u00f3\u017cne warianty w ka\u017cdym kasynie, wi\u0119c mo\u017cesz \u0142atwo otworzy\u0107 dowolne z nich i gra\u0107 za darmo za pomoc\u0105 wirtualnych \u017ceton\u00f3w. Pomo\u017ce to nie tylko zrozumie\u0107 zasady gry, ale tak\u017ce przetestowa\u0107 popularne strategie gry w ruletk\u0119.<\/p>\n<h2>DLACZEGO WIRTUALNA RULETKA W KASYNACH?<\/h2>\n<p>Sercem gry w wirtualn\u0105 ruletk\u0119 jest generator liczb losowych, kt\u00f3ry gwarantuje losowe wyniki. Najlepsze kasyna online regularnie przechodz\u0105 niezale\u017cne audyty swojej kondycji i posiadaj\u0105 odpowiednie licencje.<\/p>\n<p>Szanse na wygran\u0105 w wirtualnej i prawdziwej ruletce s\u0105 takie same. Mo\u017cesz skorzysta\u0107 ze wszystkich znanych strategii i wskaz\u00f3wek, kt\u00f3re istniej\u0105 w zwyk\u0142ej ruletce. Chocia\u017c ich skuteczno\u015b\u0107 jest zmniejszona.<\/p>\n<p>Niski poziom zak\u0142ad\u00f3w w wirtualnej ruletce w por\u00f3wnaniu do gry w prawdziwym kasynie.<\/p>\n<p>Mo\u017cesz wybiera\u0107 mi\u0119dzy r\u00f3\u017cnymi odmianami ruletki, zmniejszaj\u0105c w ten spos\u00f3b przewag\u0119 zak\u0142adu.<\/p>\n<p><span style=\"font-family: var(--global-body-font-family); letter-spacing: 0em;\"> \u00a0 \u00a0 \u00a0 \u00a0 \u00a0 \u00a0 \u00a0 \u00a0 \u00a0 \u00a0 \u00a0 \u00a0 \u00a0 \u00a0 \u00a0 \u00a0 \u00a0 \u00a0 \u00a0 \u00a0 \u00a0 \u00a0 \u00a0 \u00a0 \u00a0 \u00a0 \u00a0 \u00a0 \u00a0 \u00a0 \u00a0 \u00a0 \u00a0 \u00a0 \u00a0 \u00a0 \u00a0 \u00a0 \u00a0 \u00a0 \u00a0 \u00a0 \u00a0 \u00a0 \u00a0 \u00a0 \u00a0 \u00a0 \u00a0 \u00a0 \u00a0 \u00a0 \u00a0 \u00a0 \u00a0 \u00a0 \u00a0 \u00a0 \u00a0 \u00a0 \u00a0 \u00a0 \u00a0 \u00a0 \u00a0 \u00a0 \u00a0 \u00a0 \u00a0 \u00a0 \u00a0 \u00a0 \u00a0 \u00a0\u00a0<\/span><\/p>\n<h2><span style=\"font-weight: 400;\"><img loading=\"lazy\" decoding=\"async\" class=\"aligncenter wp-image-4027\" src=\"https:\/\/rocketplay-slot.com\/wp-content\/uploads\/2024\/02\/close-up-casino-roulette-1.jpg\" alt=\"Kasyno online w ruletce RocketPlay\" width=\"800\" height=\"534\" srcset=\"https:\/\/rocketplay-slot.com\/wp-content\/uploads\/2024\/02\/close-up-casino-roulette-1.jpg 1000w, https:\/\/rocketplay-slot.com\/wp-content\/uploads\/2024\/02\/close-up-casino-roulette-1-300x200.jpg 300w, https:\/\/rocketplay-slot.com\/wp-content\/uploads\/2024\/02\/close-up-casino-roulette-1-768x512.jpg 768w\" sizes=\"auto, (max-width: 800px) 100vw, 800px\" \/><\/span><\/h2>\n<p><span style=\"font-weight: 400;\">\u00a0<\/span><\/p>\n<h2>RODZAJE RULETKI<\/h2>\n<p>Obecnie istnieje wiele odmian ruletki. Niekt\u00f3re s\u0105 popularne, podczas gdy inne dzia\u0142aj\u0105 w celu przyci\u0105gni\u0119cia graczy rekreacyjnych. W tym momencie istniej\u0105 cztery g\u0142\u00f3wne odmiany, kt\u00f3re od dziesi\u0119cioleci istniej\u0105 w \u015bwiecie hazardu.<\/p>\n<p>Ruletka europejska lub klasyczna: ma 37 sektor\u00f3w, od 1 do 36 i jeden \u201ezero\u201d. To w\u0142a\u015bnie zero daje g\u0142\u00f3wn\u0105 przewag\u0119 kasyna. Stawiaj na to cz\u0119sto, bo wyp\u0142ata wynosi od 1 do 36, ale rzadko jest trafiona. Przewaga kasyna w tym wariancie ruletki online (a tak\u017ce offline) wynosi 2,7%.<\/p>\n<p>Ruletka Ameryka\u0144ska: R\u00f3\u017cni si\u0119 od ruletki europejskiej jest jedno \u2013 b\u0119ben ma 38 sektor\u00f3w. Od 1 do 36, zero i podw\u00f3jne zero. To zwi\u0119ksza przewag\u0119 kasyna do 5,26%, ale jednocze\u015bnie jest zbyt wielu graczy, kt\u00f3rzy uwa\u017caj\u0105, \u017ce dwa zera to wielka szansa na du\u017ce wygrane.<\/p>\n<p>Ruletka Francuska: Jest to najpopularniejsza opcja w\u015br\u00f3d graczy i najbardziej niepopularna w\u015br\u00f3d operator\u00f3w. Chodzi o to, \u017ce gra si\u0119 jak w europejsk\u0105 ruletk\u0119, ale w przypadku zer wszyscy gracze otrzymuj\u0105 50% stawki. Ka\u017cdy, kto postawi na numer, nieparzysty, czerwony lub tuzin otrzyma zwrot pieni\u0119dzy.<\/p>\n<p>Mini ruletka: Ta opcja jest szczeg\u00f3lnie popularna w\u015br\u00f3d graczy z wysokimi obrotami. Jego osobliwo\u015bci\u0105 jest to, \u017ce pole sk\u0142ada si\u0119 z 13 sektor\u00f3w &#8211; od 1 do 12, jednego zera i jednego pustego sektora. Oczywi\u015bcie to przynajmniej potraja przewag\u0119 kasyna, ale to, co przyci\u0105ga graczy, to brak maksymalnego limitu zak\u0142ad\u00f3w.<\/p>\n<p>Wszystkie te typy ruletki s\u0105 dost\u0119pne w RocketPlay Casino. Aby zagra\u0107 w ruletk\u0119 na \u017cywo RocketPlay za darmo, po prostu dokonaj szybkiej rejestracji i spr\u00f3buj szcz\u0119\u015bcia.<\/p>\n<h2><span style=\"font-family: var(--global-body-font-family); font-size: 16px; letter-spacing: 0em;\"> \u00a0 \u00a0 \u00a0 \u00a0 \u00a0 \u00a0 \u00a0 \u00a0 \u00a0 \u00a0 \u00a0 \u00a0 \u00a0 \u00a0 \u00a0 \u00a0 \u00a0 \u00a0 \u00a0 \u00a0 \u00a0 \u00a0 \u00a0 \u00a0 \u00a0 \u00a0 \u00a0 \u00a0 \u00a0 \u00a0 \u00a0 \u00a0 \u00a0 \u00a0 \u00a0 \u00a0 \u00a0 \u00a0 \u00a0 \u00a0 \u00a0<\/span><\/h2>\n<p><span style=\"font-weight: 400;\"><img loading=\"lazy\" decoding=\"async\" class=\"aligncenter wp-image-4037\" src=\"https:\/\/rocketplay-slot.com\/wp-content\/uploads\/2024\/02\/collage-casino-images-with-roulette-table-smiling-man-showing-thumbs-up.jpg\" alt=\"Kasyno online w ruletce RocketPlay 2\" width=\"800\" height=\"548\" srcset=\"https:\/\/rocketplay-slot.com\/wp-content\/uploads\/2024\/02\/collage-casino-images-with-roulette-table-smiling-man-showing-thumbs-up.jpg 1000w, https:\/\/rocketplay-slot.com\/wp-content\/uploads\/2024\/02\/collage-casino-images-with-roulette-table-smiling-man-showing-thumbs-up-300x206.jpg 300w, https:\/\/rocketplay-slot.com\/wp-content\/uploads\/2024\/02\/collage-casino-images-with-roulette-table-smiling-man-showing-thumbs-up-768x526.jpg 768w\" sizes=\"auto, (max-width: 800px) 100vw, 800px\" \/><\/span><\/p>\n<h2>RULETKA NA \u017bYWO<\/h2>\n<p>Kasyno <a href=\"https:\/\/rocketplay-slot.com\/pl\">RocketPlay<\/a> prezentuje ruletk\u0119 na \u017cywo (ruletk\u0119 na \u017cywo). Jest to odmiana ruletki, w kt\u00f3rej zak\u0142ady przyjmuje prawdziwy krupier \u2013 przy prawdziwym stole i prawdziwym kole, kt\u00f3re przesz\u0142o siedem rund certyfikacji. Zasadniczo r\u00f3\u017cnica mi\u0119dzy prawdziw\u0105 ruletk\u0105 polega na tym, \u017ce na \u017cywo odbywa si\u0119 w specjalnie wyposa\u017conym pokoju, a uwaga skupia si\u0119 na graczach, kt\u00f3rzy obstawiaj\u0105 zak\u0142ady na ekranie monitora.<\/p>\n<p>Ale niekt\u00f3rzy operatorzy poszli znacznie dalej. RocketPlay Casino ma specjalny rodzaj ruletki na \u017cywo. Przy jednym z prawdziwych sto\u0142\u00f3w do ruletki, kt\u00f3re znajduj\u0105 si\u0119 w najwi\u0119kszych kasynach w Las Vegas, zainstalowano specjalny sprz\u0119t dla graczy online. Mo\u017cesz wi\u0119c stawia\u0107 zak\u0142ady na ekranie monitora razem z go\u015b\u0107mi kasyna, obserwuj\u0105c wszystko, co si\u0119 dzieje.<\/p>\n<h2>STRATEGIA<\/h2>\n<p>Przejd\u017amy od razu do nieprzyjemnej wiadomo\u015bci \u2013 nie ma jednego systemu, kt\u00f3ry przyniesie niew\u0105tpliwy stabilny doch\u00f3d w ruletce.<\/p>\n<p>W Internecie jest mn\u00f3stwo strategii na udan\u0105 gr\u0119. Najbardziej znane to systemy D&#8217;Alamber, Whitecracker i oczywi\u015bcie Martingale. Opr\u00f3cz nich istniej\u0105 modele oparte na \u201eTeorii Chaosu\u201d, \u201eTeorii Wielkich Liczb\u201d i innych.<\/p>\n<p>A je\u015bli mog\u0105 przynie\u015b\u0107 jakikolwiek rezultat w instytucji offline, kasyno online dzia\u0142a w oparciu o generator liczb losowych, kt\u00f3ry uniewa\u017cnia wszystkie sprytne strategie.<\/p>\n","protected":false},"excerpt":{"rendered":"<p>Ruletka to jedna z najbardziej gier hazardowych wymy\u015blonych przez cz\u0142owieka. Aureola tajemnicy tej gry zawiera kilka opowie\u015bci o jej pochodzeniu. Jedna z legend m\u00f3wi, \u017ce we Francji w XIV wieku, aby zape\u0142ni\u0107 skarbiec, kardyna\u0142 Mazarin nakaza\u0142 rozprowadza\u0107 ruletk\u0119 we wszystkich domach hazardowych. W tamtym czasie by\u0142a to gra z 40 ponumerowanymi waletkami i trzema zerami,&#8230;<\/p>\n","protected":false},"author":1,"featured_media":0,"parent":0,"menu_order":0,"comment_status":"closed","ping_status":"closed","template":"","meta":{"_acf_changed":false,"_kad_post_transparent":"default","_kad_post_title":"default","_kad_post_layout":"default","_kad_post_sidebar_id":"","_kad_post_content_style":"default","_kad_post_vertical_padding":"default","_kad_post_feature":"","_kad_post_feature_position":"","_kad_post_header":false,"_kad_post_footer":false,"footnotes":""},"class_list":["post-1972","page","type-page","status-publish","hentry"],"acf":[],"rttpg_featured_image_url":null,"rttpg_author":{"display_name":"Elvis","author_link":"https:\/\/rocketplay-slot.com\/pl\/author\/pemvas95n89x\/"},"rttpg_comment":0,"rttpg_category":null,"rttpg_excerpt":"Ruletka to jedna z najbardziej gier hazardowych wymy\u015blonych przez cz\u0142owieka. Aureola tajemnicy tej gry zawiera kilka opowie\u015bci o jej pochodzeniu. Jedna z legend m\u00f3wi, \u017ce we Francji w XIV wieku, aby zape\u0142ni\u0107 skarbiec, kardyna\u0142 Mazarin nakaza\u0142 rozprowadza\u0107 ruletk\u0119 we wszystkich domach hazardowych. W tamtym czasie by\u0142a to gra z 40 ponumerowanymi waletkami i trzema zerami,...","_links":{"self":[{"href":"https:\/\/rocketplay-slot.com\/pl\/wp-json\/wp\/v2\/pages\/1972","targetHints":{"allow":["GET"]}}],"collection":[{"href":"https:\/\/rocketplay-slot.com\/pl\/wp-json\/wp\/v2\/pages"}],"about":[{"href":"https:\/\/rocketplay-slot.com\/pl\/wp-json\/wp\/v2\/types\/page"}],"author":[{"embeddable":true,"href":"https:\/\/rocketplay-slot.com\/pl\/wp-json\/wp\/v2\/users\/1"}],"replies":[{"embeddable":true,"href":"https:\/\/rocketplay-slot.com\/pl\/wp-json\/wp\/v2\/comments?post=1972"}],"version-history":[{"count":3,"href":"https:\/\/rocketplay-slot.com\/pl\/wp-json\/wp\/v2\/pages\/1972\/revisions"}],"predecessor-version":[{"id":4580,"href":"https:\/\/rocketplay-slot.com\/pl\/wp-json\/wp\/v2\/pages\/1972\/revisions\/4580"}],"wp:attachment":[{"href":"https:\/\/rocketplay-slot.com\/pl\/wp-json\/wp\/v2\/media?parent=1972"}],"curies":[{"name":"wp","href":"https:\/\/api.w.org\/{rel}","templated":true}]}}