{"id":2033,"date":"2022-08-11T19:58:00","date_gmt":"2022-08-11T16:58:00","guid":{"rendered":"https:\/\/rocketplay-slot.com\/app\/"},"modified":"2022-11-02T22:11:26","modified_gmt":"2022-11-02T19:11:26","slug":"app","status":"publish","type":"page","link":"https:\/\/rocketplay-slot.com\/pl\/app\/","title":{"rendered":"RocketPlay aplikacja kasynowa"},"content":{"rendered":"<p><img loading=\"lazy\" decoding=\"async\" class=\" wp-image-306 aligncenter\" src=\"https:\/\/rocketplay-slot.com\/wp-content\/uploads\/2022\/08\/welcome_1300x640-2-300x148.png\" alt=\"rocketplay\" width=\"594\" height=\"293\" srcset=\"https:\/\/rocketplay-slot.com\/wp-content\/uploads\/2022\/08\/welcome_1300x640-2-300x148.png 300w, https:\/\/rocketplay-slot.com\/wp-content\/uploads\/2022\/08\/welcome_1300x640-2-1024x504.png 1024w, https:\/\/rocketplay-slot.com\/wp-content\/uploads\/2022\/08\/welcome_1300x640-2-768x378.png 768w, https:\/\/rocketplay-slot.com\/wp-content\/uploads\/2022\/08\/welcome_1300x640-2.png 1300w\" sizes=\"auto, (max-width: 594px) 100vw, 594px\" \/><\/p>\n<p>&nbsp;<\/p>\n<p>Aplikacja kasynowa <a href=\"https:\/\/rocketplay-slot.com\/pl\">RocketPlay<\/a> to dobry spos\u00f3b na gr\u0119 w swoje ulubione automaty bez konieczno\u015bci korzystania z komputera stacjonarnego. Specjalnie dla graczy z przeno\u015bnymi gad\u017cetami kasyna tworz\u0105 <a href=\"https:\/\/rocketplay-slot.com\/pl\/mobile-version\/\">mobilne wersje<\/a> stron lub specjalne aplikacje, kt\u00f3re pozwalaj\u0105 na gr\u0119 w wybranym miejscu w dowolnym momencie. Aby automaty do gry w smartfonie przynosi\u0142y graczom korzy\u015bci i przyjemno\u015b\u0107, powiniene\u015b odwiedzi\u0107 oficjaln\u0105 stron\u0119 internetow\u0105 i pobra\u0107 aplikacj\u0119 kasyna RocketPlay na prawdziwe pieni\u0105dze Polska.<\/p>\n<p>Aplikacj\u0119 nale\u017cy pobra\u0107 bezpo\u015brednio ze strony kasyna, gdzie link do pliku znajduje si\u0119 w osobnej sekcji lub z platform firm trzecich (Google Play Store). Przed zainstalowaniem aplikacji istniej\u0105 pewne wymagania, takie jak wersja systemu operacyjnego lub pojemno\u015b\u0107 pami\u0119ci, kt\u00f3re nale\u017cy wzi\u0105\u0107 pod uwag\u0119 przed rozpocz\u0119ciem pobierania.<\/p>\n<p>Sklepy z aplikacjami oferuj\u0105 g\u0142\u00f3wnie oprogramowanie z licencjonowanych kasyn. Je\u015bli zawodnik chce korzysta\u0107 z aplikacji klubu z mi\u0119dzynarodow\u0105 licencj\u0105, lepiej poprosi\u0107 serwis o plik instalacyjny. Aplikacja jest instalowana samodzielnie lub r\u0119cznie zgodnie z instrukcjami zamieszczonymi na stronie internetowej instytucji.<\/p>\n<p>Pakiet instalacyjny znajdziesz na oficjalnej stronie klubu. Gracz powinien otworzy\u0107 stron\u0119 z informacjami technicznymi. S\u0105 pliki, kt\u00f3re musisz pobra\u0107 na sw\u00f3j smartfon lub tablet. Wykonaj procedur\u0119 najlepiej z urz\u0105dzenia, na kt\u00f3rym planujesz gra\u0107 w gr\u0119. Po pobraniu aplikacji kasyna RocketPlay system operacyjny zostanie automatycznie wykryty.<\/p>\n<p>Instalacja programu jest standardowa: odtwarzacz rozpoczyna proces, pozostawia potwierdzenie w oknach dialogowych. Je\u015bli zostaniesz poproszony o zainstalowanie dodatkowych komponent\u00f3w, musisz wyrazi\u0107 zgod\u0119 na prawid\u0142owe dzia\u0142anie aplikacji kasyna. Po instalacji na urz\u0105dzeniu pojawi si\u0119 ikona klubu gier. Mo\u017cna go przenie\u015b\u0107 na pulpit, aby przyspieszy\u0107 dost\u0119p do maszyn. Aby przetestowa\u0107 dzia\u0142anie programu, mo\u017cesz uruchomi\u0107 dowolny slot w trybie demo.<\/p>\n<h2>ZALETY KORZYSTANIA Z APLIKACJI KASYNO<\/h2>\n<p>U\u017cytkownik mo\u017ce uzyska\u0107 dost\u0119p do strony wirtualnego klubu za po\u015brednictwem przegl\u0105darki lub pobra\u0107 aplikacj\u0119 RocketPlay Casino Australia. W pierwszym przypadku strona jest w pe\u0142ni dostosowana do popularnych rozmiar\u00f3w przeno\u015bnych gad\u017cet\u00f3w, ale ma nieco zmodyfikowan\u0105 struktur\u0119 strony. Gra na urz\u0105dzeniu mobilnym ma dla gracza pewne zalety:<\/p>\n<ul>\n<li>wy\u017cszy poziom anonimowo\u015bci w sieci;<\/li>\n<li>mo\u017cliwo\u015b\u0107 grania w dowolnym miejscu na \u015bwiecie, gdzie jest Internet;<\/li>\n<li>uczestniczy\u0107 w niekt\u00f3rych promocjach;<\/li>\n<li>otrzymuj dodatkowe sposoby na wyp\u0142at\u0119 wygranych.<\/li>\n<\/ul>\n<p><img loading=\"lazy\" decoding=\"async\" class=\" wp-image-307 alignright\" src=\"https:\/\/rocketplay-slot.com\/wp-content\/uploads\/2022\/08\/rocketplay-casino-app-150x300.png\" alt=\"rocketplay app\" width=\"191\" height=\"382\" srcset=\"https:\/\/rocketplay-slot.com\/wp-content\/uploads\/2022\/08\/rocketplay-casino-app-150x300.png 150w, https:\/\/rocketplay-slot.com\/wp-content\/uploads\/2022\/08\/rocketplay-casino-app.png 250w\" sizes=\"auto, (max-width: 191px) 100vw, 191px\" \/><\/p>\n<p>Wszystkie wirtualne kluby maj\u0105 dostosowan\u0105 wersj\u0119 na telefony, a osobn\u0105 aplikacj\u0119 oferuj\u0105 klientom g\u0142\u00f3wnie du\u017ce kasyna. Najcz\u0119\u015bciej aplikacje tworzone s\u0105 na urz\u0105dzenia z systemem Android, w rzadkich przypadkach &#8211; na system Windows. W\u0142a\u015bciciele gad\u017cet\u00f3w w innych systemach operacyjnych b\u0119d\u0105 mogli kr\u0119ci\u0107 b\u0119bnami tylko w przystosowanej wersji strony. Aplikacja kasynowa Rocket Play na Androida jest dost\u0119pna dla Ciebie.<\/p>\n<h2>GRA W APLIKACJ\u0118 GAZOW\u0104 ZA PRAWDZIWE PIENI\u0104DZE<\/h2>\n<p>Mo\u017cesz zarejestrowa\u0107 si\u0119 w mobilnej wersji kasyna w taki sam spos\u00f3b, jak z komputera. Je\u015bli masz konto w telefonie, musisz zalogowa\u0107 si\u0119 przy u\u017cyciu swojej nazwy u\u017cytkownika i has\u0142a. Odwiedzaj\u0105cy ze smartfona mo\u017ce bez ogranicze\u0144 korzysta\u0107 ze wszystkich funkcjonalno\u015bci zasobu internetowego i aplikacji motywacyjnych. Gracze z telefonu maj\u0105 dost\u0119p do wszystkich klubowych rozrywek:<\/p>\n<ul>\n<li>jednor\u0119ki bandyta;<\/li>\n<li>zak\u0142ady na sporty wirtualne;<\/li>\n<li>loterie;<\/li>\n<li>ruletka, poker, bakarat, blackjack;<\/li>\n<li>kasyno na \u017cywo.<\/li>\n<\/ul>\n<p>Jedynym wyj\u0105tkiem jest kilka starych urz\u0105dze\u0144, kt\u00f3re nie s\u0105 obs\u0142ugiwane przez nowoczesne systemy operacyjne. Urz\u0105dzenia uruchamiaj\u0105 si\u0119 szybko i pracuj\u0105 bez problem\u00f3w technicznych. Gry z krupierami przebiegaj\u0105 bez op\u00f3\u017anie\u0144.<\/p>\n<p>Je\u015bli pobierzesz aplikacj\u0119 kasynow\u0105 RocketPlay, automaty z Twojego telefonu b\u0119d\u0105 r\u00f3wnie\u017c dost\u0119pne w wersji demo. Dlatego zapoznanie si\u0119 z nowymi produktami nie b\u0119dzie wi\u0105za\u0142o si\u0119 z ryzykiem utraty \u015brodk\u00f3w. Prawdziwe wygrane dost\u0119pne do wyp\u0142aty mo\u017cna otrzyma\u0107 tylko w grach na prawdziwe pieni\u0105dze.<\/p>\n<h2>FAQ<\/h2>\n<h3>WERSJA MOBILNA CZY APLIKACJA?<\/h3>\n<p>W wirtualnym klubie wersj\u0119 mobiln\u0105 reprezentuje dostosowana strona internetowa oraz specjalna aplikacja. Je\u015bli gracz ma ju\u017c konto w kasynie, mo\u017ce zalogowa\u0107 si\u0119 na swoje konto osobiste na gad\u017cecie, korzystaj\u0105c z tych danych. Podobnie jak na stronie, gracze mog\u0105 gra\u0107 w aplikacji za op\u0142at\u0105, z wyp\u0142at\u0105 pieni\u0119dzy. Ponadto gracz mo\u017ce uzyska\u0107 dost\u0119p do zasob\u00f3w internetowych kasyna w dowolnej przegl\u0105darce. W telefonie nie jest wymagana dodatkowa instalacja oprogramowania. Mobilna wersja strony r\u00f3\u017cni si\u0119 od desktopowej wersji pow\u0142oki graficznej. W zasobie sieciowym mo\u017cna zmieni\u0107 lokalizacj\u0119 i rozmiar przycisk\u00f3w, formularzy i ikon.<\/p>\n<h3>JAKIE S\u0104 KORZY\u015aCI Z APLIKACJI KASYNO?<\/h3>\n<p>Gracze mobilni zwracaj\u0105 uwag\u0119 na nast\u0119puj\u0105ce mocne strony:<\/p>\n<ul>\n<li>gra jest dost\u0119pna w dowolnym miejscu z urz\u0105dzenia mobilnego;<\/li>\n<li>aplikacj\u0119 mo\u017cna pobra\u0107 i zainstalowa\u0107 bezp\u0142atnie;<\/li>\n<li>platforma dostosowuje si\u0119 do r\u00f3\u017cnych parametr\u00f3w ekranu;<\/li>\n<li>dost\u0119p do hazardu jest szybszy;<\/li>\n<li>w ka\u017cdej chwili mo\u017cesz wr\u00f3ci\u0107 do gry na pulpicie.<\/li>\n<\/ul>\n<p>Urz\u0105dzenie mobilne jest u\u017cywane wy\u0142\u0105cznie, dzi\u0119ki czemu gracz mo\u017ce zapisa\u0107 login i has\u0142o, aby wej\u015b\u0107 na osobiste konto klubu bez nara\u017cania bezpiecze\u0144stwa danych.<\/p>\n<h3>JAK POBRA\u0106 KASYNO NA TELEFON?<\/h3>\n<p>Aby gra\u0107 na gad\u017cecie w aplikacji, musisz raz pobra\u0107 pliki programu i zainstalowa\u0107. Je\u015bli programi\u015bci wydadz\u0105 ulepszon\u0105 wersj\u0119 programu, aktualizacja zostanie przeprowadzona automatycznie. Nie ma specjalnych wymaga\u0144 technicznych dla urz\u0105dzenia. Przed instalacj\u0105 odtwarzacz musi przydzieli\u0107 niewielk\u0105 ilo\u015b\u0107 wolnego miejsca na dysku. Dodatkowe komponenty s\u0105 r\u00f3wnie\u017c instalowane bezp\u0142atnie.<\/p>\n","protected":false},"excerpt":{"rendered":"<p>&nbsp; Aplikacja kasynowa RocketPlay to dobry spos\u00f3b na gr\u0119 w swoje ulubione automaty bez konieczno\u015bci korzystania z komputera stacjonarnego. Specjalnie dla graczy z przeno\u015bnymi gad\u017cetami kasyna tworz\u0105 mobilne wersje stron lub specjalne aplikacje, kt\u00f3re pozwalaj\u0105 na gr\u0119 w wybranym miejscu w dowolnym momencie. Aby automaty do gry w smartfonie przynosi\u0142y graczom korzy\u015bci i przyjemno\u015b\u0107, powiniene\u015b&#8230;<\/p>\n","protected":false},"author":1,"featured_media":0,"parent":0,"menu_order":0,"comment_status":"closed","ping_status":"closed","template":"","meta":{"_acf_changed":false,"_kad_post_transparent":"default","_kad_post_title":"default","_kad_post_layout":"default","_kad_post_sidebar_id":"","_kad_post_content_style":"default","_kad_post_vertical_padding":"default","_kad_post_feature":"","_kad_post_feature_position":"","_kad_post_header":false,"_kad_post_footer":false,"footnotes":""},"class_list":["post-2033","page","type-page","status-publish","hentry"],"acf":[],"rttpg_featured_image_url":null,"rttpg_author":{"display_name":"Elvis","author_link":"https:\/\/rocketplay-slot.com\/pl\/author\/pemvas95n89x\/"},"rttpg_comment":0,"rttpg_category":null,"rttpg_excerpt":"&nbsp; Aplikacja kasynowa RocketPlay to dobry spos\u00f3b na gr\u0119 w swoje ulubione automaty bez konieczno\u015bci korzystania z komputera stacjonarnego. Specjalnie dla graczy z przeno\u015bnymi gad\u017cetami kasyna tworz\u0105 mobilne wersje stron lub specjalne aplikacje, kt\u00f3re pozwalaj\u0105 na gr\u0119 w wybranym miejscu w dowolnym momencie. Aby automaty do gry w smartfonie przynosi\u0142y graczom korzy\u015bci i przyjemno\u015b\u0107, powiniene\u015b...","_links":{"self":[{"href":"https:\/\/rocketplay-slot.com\/pl\/wp-json\/wp\/v2\/pages\/2033","targetHints":{"allow":["GET"]}}],"collection":[{"href":"https:\/\/rocketplay-slot.com\/pl\/wp-json\/wp\/v2\/pages"}],"about":[{"href":"https:\/\/rocketplay-slot.com\/pl\/wp-json\/wp\/v2\/types\/page"}],"author":[{"embeddable":true,"href":"https:\/\/rocketplay-slot.com\/pl\/wp-json\/wp\/v2\/users\/1"}],"replies":[{"embeddable":true,"href":"https:\/\/rocketplay-slot.com\/pl\/wp-json\/wp\/v2\/comments?post=2033"}],"version-history":[{"count":2,"href":"https:\/\/rocketplay-slot.com\/pl\/wp-json\/wp\/v2\/pages\/2033\/revisions"}],"predecessor-version":[{"id":2036,"href":"https:\/\/rocketplay-slot.com\/pl\/wp-json\/wp\/v2\/pages\/2033\/revisions\/2036"}],"wp:attachment":[{"href":"https:\/\/rocketplay-slot.com\/pl\/wp-json\/wp\/v2\/media?parent=2033"}],"curies":[{"name":"wp","href":"https:\/\/api.w.org\/{rel}","templated":true}]}}