{"id":2494,"date":"2023-01-10T12:41:48","date_gmt":"2023-01-10T09:41:48","guid":{"rendered":"https:\/\/rocketplay-slot.com\/live-casino\/real-money\/"},"modified":"2025-11-24T20:23:10","modified_gmt":"2025-11-24T17:23:10","slug":"live-dealer","status":"publish","type":"page","link":"https:\/\/rocketplay-slot.com\/pl\/live-dealer\/","title":{"rendered":"Co to jest krupier na \u017cywo?"},"content":{"rendered":"<p>W\u015br\u00f3d kasyn u\u017cytkownicy zyskuj\u0105 popularno\u015b\u0107 w kasynie Live Dealer. Ale wiele os\u00f3b nie rozumie, co to jest, dlaczego jest popularne i jak gra\u0107 w gry z \u017cywym krupierem. Dlatego pomo\u017cemy Ci to rozgry\u017a\u0107, zrozumie\u0107, jak to dzia\u0142a i dlaczego powiniene\u015b gra\u0107 z kasynem Live Dealer. Czy mo\u017cesz przeczyta\u0107 o tym w poni\u017cszym artykule.<\/p>\n<p><img loading=\"lazy\" decoding=\"async\" class=\"aligncenter wp-image-4076\" src=\"https:\/\/rocketplay-slot.com\/wp-content\/uploads\/2024\/02\/hands-unknown-man-holding-two-aces-against-roulette-excited-guy-women-rejoicing-their-win-while-standing-playing-table-colorful-background-stacks-chips-poker-casino-close-up.jpg\" alt=\"Co to jest krupier na \u017cywo?\" width=\"800\" height=\"379\" srcset=\"https:\/\/rocketplay-slot.com\/wp-content\/uploads\/2024\/02\/hands-unknown-man-holding-two-aces-against-roulette-excited-guy-women-rejoicing-their-win-while-standing-playing-table-colorful-background-stacks-chips-poker-casino-close-up.jpg 1000w, https:\/\/rocketplay-slot.com\/wp-content\/uploads\/2024\/02\/hands-unknown-man-holding-two-aces-against-roulette-excited-guy-women-rejoicing-their-win-while-standing-playing-table-colorful-background-stacks-chips-poker-casino-close-up-300x142.jpg 300w, https:\/\/rocketplay-slot.com\/wp-content\/uploads\/2024\/02\/hands-unknown-man-holding-two-aces-against-roulette-excited-guy-women-rejoicing-their-win-while-standing-playing-table-colorful-background-stacks-chips-poker-casino-close-up-768x364.jpg 768w\" sizes=\"auto, (max-width: 800px) 100vw, 800px\" \/><\/p>\n<h2>PLUSY I WADY \u017bYWEGO DEALERA<\/h2>\n<p>U\u017cytkownicy kasyn online coraz cz\u0119\u015bciej wybieraj\u0105 gry z krupierem na \u017cywo. Postanowili\u015bmy dowiedzie\u0107 si\u0119, jakie s\u0105 g\u0142\u00f3wne za i przeciw. Zajmijmy si\u0119 wadami odnotowanymi przez u\u017cytkownik\u00f3w:<\/p>\n<ul>\n<li>ograniczona gama gier &#8211; nie wszystkie gry mog\u0105 doda\u0107 krupiera. Na przyk\u0142ad w automatach nie ma krupiera, ale obecnie w pokerze krupier jest prawie wsz\u0119dzie;<\/li>\n<li>ewentualnie b\u0142\u0119dy techniczne &#8211; mo\u017cesz mie\u0107 tak, \u017ce graj\u0105c w pokera, gdy ju\u017c prawie wygrywasz, nagle widzisz przed sob\u0105 czarny ekran i jeste\u015b zmuszony wyj\u015b\u0107 z gry. Cz\u0119sto g\u0142\u00f3wn\u0105 przyczyn\u0105 tego niepowodzenia jest kiepskie po\u0142\u0105czenie internetowe u\u017cytkownika, ale i tak nie jest to zbyt przyjemne;<\/li>\n<li>sprawia, \u017ce gra jest d\u0142u\u017csza i bardziej skomplikowana &#8211; zawsze musisz czeka\u0107, a\u017c krupier powie swoim g\u0142osem, \u017ce czas na licytacj\u0119, gdy bez niego zawsze masz przed sob\u0105 przyciski interfejsu.<\/li>\n<\/ul>\n<p>Ale te niedoci\u0105gni\u0119cia nie wydaj\u0105 si\u0119 powa\u017cne lub co\u015b, z czym nie mo\u017cna si\u0119 pogodzi\u0107, ale plusy s\u0105 tutaj o wiele bardziej interesuj\u0105ce:<\/p>\n<ul>\n<li>pewno\u015b\u0107, \u017ce jeste\u015b traktowany uczciwie &#8211; zawsze widzisz, jakie karty wyci\u0105ga krupier, zawsze widzisz, \u017ce nie jeste\u015b oszukiwany, to du\u017co warte;<\/li>\n<li>niezapomniany czas &#8211; ka\u017cda sesja z kasynem internetowym Live Dealer to nie rozmowa na \u017cywo, interakcja na \u017cywo. To zawsze jest przyjemne;<\/li>\n<li>wygoda &#8211; trudno zaprzeczy\u0107, \u017ce gra z krupierem jest niesamowicie wygodna. Wprowadza Ci\u0119 ca\u0142kowicie w atmosfer\u0119 kasyna. Nie musisz ju\u017c wychodzi\u0107 z domu, aby dosta\u0107 si\u0119 do kasyna lub sta\u0107 w korkach.<\/li>\n<\/ul>\n<p>Podsumowuj\u0105c plusy i minusy gry z krupierem, gra z krupierem ma jeszcze bardziej znacz\u0105ce zalety.<\/p>\n<h2>RODZAJE GIER U KRYWERA NA \u017bYWO<\/h2>\n<p>Gry z krupierem cz\u0119sto przypominaj\u0105 swoje odpowiedniki w kasynach naziemnych, ale przede wszystkim mo\u017cna je podzieli\u0107 na rodzaje:<\/p>\n<ul>\n<li>Poker jest jedn\u0105 z najpopularniejszych form rozrywki w ka\u017cdym kasynie, wi\u0119c jego wariant z krupierem jest r\u00f3wnie\u017c powszechny;<\/li>\n<li>Blackjack to fascynuj\u0105ca gra karciana, w kt\u00f3r\u0105 gra\u0142 ka\u017cdy. W grze z krupierem dodaje zainteresowania i atmosfery hazardu;<\/li>\n<li>Ruletka to klasyczna gra kasynowa, kt\u00f3ra ma setki lat. Wszyscy wiedz\u0105, jak to dzia\u0142a w kasynach naziemnych, ale mo\u017cesz te\u017c wypr\u00f3bowa\u0107 to online z krupierem.<\/li>\n<\/ul>\n<p>Te trzy g\u0142\u00f3wne gry kasynowe online znajdziesz w najlepszym kasynie Live Dealer.<\/p>\n<h2>DOSTAWCY OPROGRAMOWANIA<\/h2>\n<p>Jednym z g\u0142\u00f3wnych obszar\u00f3w rozwoju ka\u017cdego programisty w ostatnich latach bez w\u0105tpienia jest rozw\u00f3j kasyn na \u017cywo z krupierami. I to nie tylko dlatego, \u017ce jest na ni\u0105 ogromne zapotrzebowanie w\u015br\u00f3d u\u017cytkownik\u00f3w. To wszystko jest fascynuj\u0105ce. A popyt na tego typu gry ro\u015bnie z ka\u017cdym dniem, poniewa\u017c dobry Internet staje si\u0119 coraz bardziej dost\u0119pny. Sztuczna inteligencja rozwija si\u0119 coraz bardziej, wi\u0119c nowe gry z \u017cywymi krupierami ju\u017c teraz uderzaj\u0105 swoim wygl\u0105dem, szybko\u015bci\u0105 i atmosfer\u0105 tego, co si\u0119 dzieje.<\/p>\n<h2>BONUSY I PROMOCJE<\/h2>\n<p>Kasyna zawsze oferowa\u0142y bonusy, kt\u00f3re pomagaj\u0105 ich u\u017cytkownikom zarobi\u0107 wi\u0119cej. Mo\u017cesz wydawa\u0107 swoje pieni\u0105dze z wi\u0119kszym zyskiem, a kasyno zyskuje nowych u\u017cytkownik\u00f3w i znaczne p\u0142atno\u015bci. Skorzystaj z bonusu kasyna Live Dealer, poniewa\u017c pozwoli Ci on zarobi\u0107 wi\u0119cej.<\/p>\n<p><img loading=\"lazy\" decoding=\"async\" class=\"aligncenter wp-image-4067\" src=\"https:\/\/rocketplay-slot.com\/wp-content\/uploads\/2024\/02\/man-is-playing-poker-emotional-fail-game-game-card-player-man-very-angry-with-foolish-choices-losing-all-chips-bank-concept-victory-loosing.jpg\" alt=\"Co to jest krupier na \u017cywo? 2\" width=\"800\" height=\"534\" srcset=\"https:\/\/rocketplay-slot.com\/wp-content\/uploads\/2024\/02\/man-is-playing-poker-emotional-fail-game-game-card-player-man-very-angry-with-foolish-choices-losing-all-chips-bank-concept-victory-loosing.jpg 1000w, https:\/\/rocketplay-slot.com\/wp-content\/uploads\/2024\/02\/man-is-playing-poker-emotional-fail-game-game-card-player-man-very-angry-with-foolish-choices-losing-all-chips-bank-concept-victory-loosing-300x200.jpg 300w, https:\/\/rocketplay-slot.com\/wp-content\/uploads\/2024\/02\/man-is-playing-poker-emotional-fail-game-game-card-player-man-very-angry-with-foolish-choices-losing-all-chips-bank-concept-victory-loosing-768x512.jpg 768w\" sizes=\"auto, (max-width: 800px) 100vw, 800px\" \/><\/p>\n<h2>P\u0141ATNO\u015a\u0106 I WYP\u0141ATA<\/h2>\n<p>Mo\u017cesz zdeponowa\u0107 swoje saldo w kasynie online na r\u00f3\u017cne dogodne dla Ciebie metody. Mog\u0105 to by\u0107 systemy p\u0142atno\u015bci bankowych, takie jak Visa, MasterCard i American Express, systemy p\u0142atno\u015bci online, takie jak PayPal, lub portfele kryptowalut.<\/p>\n<p>Niestety metod wyp\u0142aty \u015brodk\u00f3w jest mniej, ale wci\u0105\u017c jest ich wiele. Nadal mo\u017cesz wyp\u0142aci\u0107 swoje saldo do portfela kryptowalut lub skorzysta\u0107 z PayPal.<\/p>\n","protected":false},"excerpt":{"rendered":"<p>W\u015br\u00f3d kasyn u\u017cytkownicy zyskuj\u0105 popularno\u015b\u0107 w kasynie Live Dealer. Ale wiele os\u00f3b nie rozumie, co to jest, dlaczego jest popularne i jak gra\u0107 w gry z \u017cywym krupierem. Dlatego pomo\u017cemy Ci to rozgry\u017a\u0107, zrozumie\u0107, jak to dzia\u0142a i dlaczego powiniene\u015b gra\u0107 z kasynem Live Dealer. Czy mo\u017cesz przeczyta\u0107 o tym w poni\u017cszym artykule. PLUSY I&#8230;<\/p>\n","protected":false},"author":1,"featured_media":0,"parent":0,"menu_order":0,"comment_status":"closed","ping_status":"closed","template":"","meta":{"_acf_changed":false,"_kad_post_transparent":"default","_kad_post_title":"default","_kad_post_layout":"default","_kad_post_sidebar_id":"","_kad_post_content_style":"default","_kad_post_vertical_padding":"default","_kad_post_feature":"","_kad_post_feature_position":"","_kad_post_header":false,"_kad_post_footer":false,"footnotes":""},"class_list":["post-2494","page","type-page","status-publish","hentry"],"acf":[],"rttpg_featured_image_url":null,"rttpg_author":{"display_name":"Elvis","author_link":"https:\/\/rocketplay-slot.com\/pl\/author\/pemvas95n89x\/"},"rttpg_comment":0,"rttpg_category":null,"rttpg_excerpt":"W\u015br\u00f3d kasyn u\u017cytkownicy zyskuj\u0105 popularno\u015b\u0107 w kasynie Live Dealer. Ale wiele os\u00f3b nie rozumie, co to jest, dlaczego jest popularne i jak gra\u0107 w gry z \u017cywym krupierem. Dlatego pomo\u017cemy Ci to rozgry\u017a\u0107, zrozumie\u0107, jak to dzia\u0142a i dlaczego powiniene\u015b gra\u0107 z kasynem Live Dealer. Czy mo\u017cesz przeczyta\u0107 o tym w poni\u017cszym artykule. PLUSY I...","_links":{"self":[{"href":"https:\/\/rocketplay-slot.com\/pl\/wp-json\/wp\/v2\/pages\/2494","targetHints":{"allow":["GET"]}}],"collection":[{"href":"https:\/\/rocketplay-slot.com\/pl\/wp-json\/wp\/v2\/pages"}],"about":[{"href":"https:\/\/rocketplay-slot.com\/pl\/wp-json\/wp\/v2\/types\/page"}],"author":[{"embeddable":true,"href":"https:\/\/rocketplay-slot.com\/pl\/wp-json\/wp\/v2\/users\/1"}],"replies":[{"embeddable":true,"href":"https:\/\/rocketplay-slot.com\/pl\/wp-json\/wp\/v2\/comments?post=2494"}],"version-history":[{"count":3,"href":"https:\/\/rocketplay-slot.com\/pl\/wp-json\/wp\/v2\/pages\/2494\/revisions"}],"predecessor-version":[{"id":4596,"href":"https:\/\/rocketplay-slot.com\/pl\/wp-json\/wp\/v2\/pages\/2494\/revisions\/4596"}],"wp:attachment":[{"href":"https:\/\/rocketplay-slot.com\/pl\/wp-json\/wp\/v2\/media?parent=2494"}],"curies":[{"name":"wp","href":"https:\/\/api.w.org\/{rel}","templated":true}]}}