{"id":2546,"date":"2023-01-10T15:56:28","date_gmt":"2023-01-10T12:56:28","guid":{"rendered":"https:\/\/rocketplay-slot.com\/live-casino\/free\/"},"modified":"2024-02-08T17:06:31","modified_gmt":"2024-02-08T14:06:31","slug":"free","status":"publish","type":"page","link":"https:\/\/rocketplay-slot.com\/pl\/live-casino\/free\/","title":{"rendered":"Wszystko o darmowym kasynie na \u017cywo w Rocket Play"},"content":{"rendered":"<p>Wielu pocz\u0105tkuj\u0105cych u\u017cytkownik\u00f3w boi si\u0119 gra\u0107 w kasynach na prawdziwe pieni\u0105dze. Kto\u015b boi si\u0119 gra\u0107 na prawdziwe pieni\u0105dze z obawy przed utrat\u0105 wszystkiego, kto\u015b, \u017ce mo\u017ce zosta\u0107 oszukany. Dla takich os\u00f3b istnieje kasyno na \u017cywo za darmo, aby w pe\u0142ni wypr\u00f3bowa\u0107 kasyno, opracowa\u0107 strategi\u0119 gry i zarobi\u0107 prawdziwe pieni\u0105dze.<\/p>\n<p><img loading=\"lazy\" decoding=\"async\" class=\"aligncenter wp-image-4106\" src=\"https:\/\/rocketplay-slot.com\/wp-content\/uploads\/2024\/02\/male-croupier-casino-table-hands-close-up-casino-concept-gambling-poker-chips-green-casino-table.jpg\" alt=\"Wszystko o darmowym kasynie na \u017cywo w Rocket Play\" width=\"800\" height=\"534\" srcset=\"https:\/\/rocketplay-slot.com\/wp-content\/uploads\/2024\/02\/male-croupier-casino-table-hands-close-up-casino-concept-gambling-poker-chips-green-casino-table.jpg 1000w, https:\/\/rocketplay-slot.com\/wp-content\/uploads\/2024\/02\/male-croupier-casino-table-hands-close-up-casino-concept-gambling-poker-chips-green-casino-table-300x200.jpg 300w, https:\/\/rocketplay-slot.com\/wp-content\/uploads\/2024\/02\/male-croupier-casino-table-hands-close-up-casino-concept-gambling-poker-chips-green-casino-table-768x512.jpg 768w\" sizes=\"auto, (max-width: 800px) 100vw, 800px\" \/><\/p>\n<h2>JAK GRA\u0106?<\/h2>\n<p>Je\u015bli zaczynasz zapoznawa\u0107 si\u0119 z hazardem online, mo\u017cesz mie\u0107 pytanie, jak gra\u0107 w kasynach online za darmo. Aby zacz\u0105\u0107 gra\u0107 w kasynie na \u017cywo online za darmo, potrzebujesz:<\/p>\n<ol>\n<li>Przejd\u017a do oficjalnej strony kasyna online.<\/li>\n<li>Po prawej stronie w g\u00f3rnym rogu pojawi si\u0119 przycisk rejestracji\/autoryzacji. Kliknij tutaj i wype\u0142nij wymagane pola. Je\u015bli jeste\u015b nowym u\u017cytkownikiem kasyna, dok\u0142adnie przejd\u017a przez etap rejestracji konta i podaj swoje wa\u017cne dane, takie jak imi\u0119, nazwisko, adres e-mail i numer telefonu.<\/li>\n<li>Nast\u0119pnie mo\u017cesz zebra\u0107 dost\u0119pne bonusy, przej\u015b\u0107 do ekranu dost\u0119pnych gier i wybra\u0107 opcj\u0119 \u201eGry demonstracyjne\u201d na automacie, kt\u00f3ry Ci si\u0119 podoba.<\/li>\n<\/ol>\n<p>Post\u0119puj\u0105c zgodnie z tymi kr\u00f3tkimi instrukcjami, nie powiniene\u015b mie\u0107 problem\u00f3w z rozpocz\u0119ciem gry w kasynie na \u017cywo za darmo.<\/p>\n<h2>NAJPOPULARNIEJSZE GRY<\/h2>\n<p>Je\u015bli zaczynasz swoj\u0105 przygod\u0119 jako hazardzista, nie zdecydowa\u0142e\u015b jeszcze, kt\u00f3re gry wolisz. W kasynie jest ponad sto gier, wi\u0119c wyb\u00f3r staje si\u0119 trudny. Dlatego postanowili\u015bmy pom\u00f3c Ci w wyborze i dokonali\u015bmy wyboru, naszym zdaniem, najbardziej ekscytuj\u0105cych gier Kasyno online na \u017cywo za darmo:<\/p>\n<ul>\n<li>Bakarat na \u017cywo \u2014 je\u015bli jeste\u015b fanem tej gry, ciesz si\u0119 ni\u0105 w pe\u0142ni w formacie na \u017cywo. Ta gra mo\u017ce zadziwi\u0107 Ci\u0119 jeszcze bardziej;<\/li>\n<li>Ruletka na \u017cywo &#8211; Wiele os\u00f3b preferuje klasyczn\u0105 ruletk\u0119 ze wzgl\u0119du na prostot\u0119 zasad i zainteresowanie gr\u0105. Dlatego zalecamy, aby\u015b przyszed\u0142 i spr\u00f3bowa\u0142, co to jest z krupierem na \u017cywo, co oczywi\u015bcie poprawia wra\u017cenia;<\/li>\n<li>Blackjack na \u017cywo &#8211; Ta gra jest \u015bwietna dla fan\u00f3w kr\u00f3tkich gier karcianych, a krupier na \u017cywo nie pozwoli ci w\u0105tpi\u0107 w uczciwo\u015b\u0107 twoich wynik\u00f3w.<\/li>\n<\/ul>\n<p>Zalecamy spr\u00f3bowa\u0107 swoich si\u0142 w ka\u017cdej grze, aby jak najlepiej poczu\u0107 kasyno.<\/p>\n<h2>ZALETY DARMOWEGO KASYNA NA \u017bYWO<\/h2>\n<p>Do\u015bwiadczeni gracze, kt\u00f3rzy graj\u0105 na prawdziwe pieni\u0105dze, cz\u0119sto nie rozumiej\u0105, dlaczego istnieje kasyno na \u017cywo Free Play, ale by\u0107 mo\u017ce wielu z nich zapomnia\u0142o, jak zaczynali jako hazardzi\u015bci. Prawie ka\u017cdy gracz kasyna online boi si\u0119 dokona\u0107 pierwszej wp\u0142aty z powodu uprzedze\u0144, kt\u00f3re mog\u0105 m\u00f3wi\u0107, \u017ce kasyna mog\u0105 oszukiwa\u0107 lub \u017ce strac\u0105 wszystkie swoje oszcz\u0119dno\u015bci.<\/p>\n<p>To jest dok\u0142adnie to, czego potrzebujesz, aby zrobi\u0107 najlepsze kasyno na \u017cywo za darmo. Pozwalaj\u0105 zasmakowa\u0107 zwyci\u0119stwa, a zyskasz zaufanie do uczciwo\u015bci kasyna, bo zobaczysz na w\u0142asne oczy, jak to dzia\u0142a. Ponadto ka\u017cdy u\u017cytkownik mo\u017ce otrzyma\u0107 darmowy bonus w kasynie na \u017cywo i zacz\u0105\u0107 zarabia\u0107 bez inwestowania i grania kosztem kasyn online.<\/p>\n<h2>WNIOSEK<\/h2>\n<p>Darmowa gra w kasynach online to doskona\u0142a okazja dla pocz\u0105tkuj\u0105cych do zapoznania si\u0119 z prac\u0105 kasyn online, z prac\u0105 wielu automat\u00f3w. Mo\u017cesz opracowa\u0107 ich strategie, aby wygra\u0107 i dokona\u0107 pierwszej wp\u0142aty z wi\u0119ksz\u0105 pewno\u015bci\u0105 siebie. Dlatego zdecydowanie zalecamy, aby wszyscy nowicjusze w \u015bwiecie hazardu online zapoznali si\u0119 z darmowymi kasynami online.<\/p>\n<p><img loading=\"lazy\" decoding=\"async\" class=\"aligncenter wp-image-4116\" src=\"https:\/\/rocketplay-slot.com\/wp-content\/uploads\/2024\/02\/different-poker-chips-casino-table.jpg\" alt=\"Wszystko o darmowym kasynie na \u017cywo w Rocket Play 2\" width=\"800\" height=\"534\" srcset=\"https:\/\/rocketplay-slot.com\/wp-content\/uploads\/2024\/02\/different-poker-chips-casino-table.jpg 1000w, https:\/\/rocketplay-slot.com\/wp-content\/uploads\/2024\/02\/different-poker-chips-casino-table-300x200.jpg 300w, https:\/\/rocketplay-slot.com\/wp-content\/uploads\/2024\/02\/different-poker-chips-casino-table-768x512.jpg 768w\" sizes=\"auto, (max-width: 800px) 100vw, 800px\" \/><\/p>\n<h2>Cz\u0119sto zadawane pytania<\/h2>\n<p>Cz\u0119sto s\u0142yszymy te\u017c r\u00f3\u017cne pytania dotycz\u0105ce tego, jak dzia\u0142aj\u0105 kasyna. Zebrali\u015bmy trzy do\u015b\u0107 popularne i udzielili\u015bmy odpowiedzi, kt\u00f3ra mo\u017ce ci pom\u00f3c.<\/p>\n<h3>CZY MOG\u0118 GRA\u0106 Z MOJEGO TELEFONU KOM\u00d3RKOWEGO?<\/h3>\n<p>Tak, kasyno online ma mobiln\u0105 wersj\u0119 strony. Aby si\u0119 do niego dosta\u0107, musisz przej\u015b\u0107 do oficjalnej strony kasyna, a ona przekieruje Ci\u0119 na stron\u0119 zoptymalizowan\u0105 dla Twojego smartfona.<\/p>\n<h3>CZY MOG\u0118 Z\u0141O\u017bY\u0106 PIERWSZ\u0104 WP\u0141AT\u0118 Z PORTFELA KRYPTOWALUT?<\/h3>\n<p>Tak, kasyno online zapewnia wszystkim u\u017cytkownikom mo\u017cliwo\u015b\u0107 wp\u0142aty na konto w najwygodniejszy spos\u00f3b.<\/p>\n<h3>CZYM JEST BONUS POWITALNY?<\/h3>\n<p>Bonus powitalny jest przyznawany wszystkim nowym u\u017cytkownikom, kt\u00f3rzy zarejestrowali si\u0119 w naszym kasynie. Ten bonus zwykle obejmuje bonus do pierwszego depozytu i darmowe gry. Koniecznie sprawd\u017a to na stronie z tym na oficjalnej stronie kasyna.<\/p>\n","protected":false},"excerpt":{"rendered":"<p>Wielu pocz\u0105tkuj\u0105cych u\u017cytkownik\u00f3w boi si\u0119 gra\u0107 w kasynach na prawdziwe pieni\u0105dze. Kto\u015b boi si\u0119 gra\u0107 na prawdziwe pieni\u0105dze z obawy przed utrat\u0105 wszystkiego, kto\u015b, \u017ce mo\u017ce zosta\u0107 oszukany. Dla takich os\u00f3b istnieje kasyno na \u017cywo za darmo, aby w pe\u0142ni wypr\u00f3bowa\u0107 kasyno, opracowa\u0107 strategi\u0119 gry i zarobi\u0107 prawdziwe pieni\u0105dze. JAK GRA\u0106? Je\u015bli zaczynasz zapoznawa\u0107 si\u0119&#8230;<\/p>\n","protected":false},"author":1,"featured_media":0,"parent":1955,"menu_order":0,"comment_status":"closed","ping_status":"closed","template":"","meta":{"_acf_changed":false,"_kad_post_transparent":"default","_kad_post_title":"default","_kad_post_layout":"default","_kad_post_sidebar_id":"","_kad_post_content_style":"default","_kad_post_vertical_padding":"default","_kad_post_feature":"","_kad_post_feature_position":"","_kad_post_header":false,"_kad_post_footer":false,"footnotes":""},"class_list":["post-2546","page","type-page","status-publish","hentry"],"acf":[],"rttpg_featured_image_url":null,"rttpg_author":{"display_name":"Elvis","author_link":"https:\/\/rocketplay-slot.com\/pl\/author\/pemvas95n89x\/"},"rttpg_comment":0,"rttpg_category":null,"rttpg_excerpt":"Wielu pocz\u0105tkuj\u0105cych u\u017cytkownik\u00f3w boi si\u0119 gra\u0107 w kasynach na prawdziwe pieni\u0105dze. Kto\u015b boi si\u0119 gra\u0107 na prawdziwe pieni\u0105dze z obawy przed utrat\u0105 wszystkiego, kto\u015b, \u017ce mo\u017ce zosta\u0107 oszukany. Dla takich os\u00f3b istnieje kasyno na \u017cywo za darmo, aby w pe\u0142ni wypr\u00f3bowa\u0107 kasyno, opracowa\u0107 strategi\u0119 gry i zarobi\u0107 prawdziwe pieni\u0105dze. JAK GRA\u0106? Je\u015bli zaczynasz zapoznawa\u0107 si\u0119...","_links":{"self":[{"href":"https:\/\/rocketplay-slot.com\/pl\/wp-json\/wp\/v2\/pages\/2546","targetHints":{"allow":["GET"]}}],"collection":[{"href":"https:\/\/rocketplay-slot.com\/pl\/wp-json\/wp\/v2\/pages"}],"about":[{"href":"https:\/\/rocketplay-slot.com\/pl\/wp-json\/wp\/v2\/types\/page"}],"author":[{"embeddable":true,"href":"https:\/\/rocketplay-slot.com\/pl\/wp-json\/wp\/v2\/users\/1"}],"replies":[{"embeddable":true,"href":"https:\/\/rocketplay-slot.com\/pl\/wp-json\/wp\/v2\/comments?post=2546"}],"version-history":[{"count":3,"href":"https:\/\/rocketplay-slot.com\/pl\/wp-json\/wp\/v2\/pages\/2546\/revisions"}],"predecessor-version":[{"id":4612,"href":"https:\/\/rocketplay-slot.com\/pl\/wp-json\/wp\/v2\/pages\/2546\/revisions\/4612"}],"up":[{"embeddable":true,"href":"https:\/\/rocketplay-slot.com\/pl\/wp-json\/wp\/v2\/pages\/1955"}],"wp:attachment":[{"href":"https:\/\/rocketplay-slot.com\/pl\/wp-json\/wp\/v2\/media?parent=2546"}],"curies":[{"name":"wp","href":"https:\/\/api.w.org\/{rel}","templated":true}]}}