{"id":2598,"date":"2023-01-10T17:52:28","date_gmt":"2023-01-10T14:52:28","guid":{"rendered":"https:\/\/rocketplay-slot.com\/live-casino\/poker\/"},"modified":"2024-02-08T17:33:38","modified_gmt":"2024-02-08T14:33:38","slug":"app","status":"publish","type":"page","link":"https:\/\/rocketplay-slot.com\/pl\/live-casino\/app\/","title":{"rendered":"Aplikacja kasyna na \u017cywo w Rocket Play"},"content":{"rendered":"<p>Wycieczka do kasyna naziemnego pozostawia niezapomniane wra\u017cenia na ca\u0142e \u017cycie. Oczywi\u015bcie, bo tutaj wszystko przesi\u0105kni\u0119te jest hazardem, tajemnicz\u0105 i po\u017c\u0105dan\u0105 atmosfer\u0105. Ale to wszystko mo\u017cna zrobi\u0107 bez wychodzenia z w\u0142asnego domu. Wszystko, co musisz zrobi\u0107, to przej\u015b\u0107 do aplikacji Live Casino. To ju\u017c zyska\u0142o popularno\u015b\u0107, wi\u0119c postanowili\u015bmy opowiedzie\u0107 Ci o tym wi\u0119cej.<\/p>\n<p><img loading=\"lazy\" decoding=\"async\" class=\"aligncenter wp-image-4126\" src=\"https:\/\/rocketplay-slot.com\/wp-content\/uploads\/2024\/02\/composite-image-online-roulette-game.jpg\" alt=\"Aplikacja kasyna na \u017cywo w Rocket Play\" width=\"800\" height=\"394\" srcset=\"https:\/\/rocketplay-slot.com\/wp-content\/uploads\/2024\/02\/composite-image-online-roulette-game.jpg 1000w, https:\/\/rocketplay-slot.com\/wp-content\/uploads\/2024\/02\/composite-image-online-roulette-game-300x148.jpg 300w, https:\/\/rocketplay-slot.com\/wp-content\/uploads\/2024\/02\/composite-image-online-roulette-game-768x378.jpg 768w\" sizes=\"auto, (max-width: 800px) 100vw, 800px\" \/><\/p>\n<h2>GRA W GRY NA ANDROIDIE I IPHONE<\/h2>\n<p>Aby rozpocz\u0105\u0107 gr\u0119 w aplikacji Live Casino na Androida, potrzebujesz:<\/p>\n<ol>\n<li>Wejd\u017a na oficjaln\u0105 stron\u0119 kasyna online z telefonu kom\u00f3rkowego.<\/li>\n<li>Na samej g\u00f3rze pojawi si\u0119 przycisk oferuj\u0105cy pobranie aplikacji mobilnej na smartfona. Kliknij na niego, a nast\u0119pnie powinien rozpocz\u0105\u0107 automatyczne pobieranie.<\/li>\n<li>Po pobraniu aplikacji na smartfona nale\u017cy klikn\u0105\u0107 pasek pobierania aplikacji i klikn\u0105\u0107 \u201eZainstaluj\u201d. Aplikacja powinna zainstalowa\u0107 si\u0119 do\u015b\u0107 szybko, wi\u0119c nie powinno to stanowi\u0107 problemu.<\/li>\n<li>Po zainstalowaniu aplikacji ikona aplikacji Kasyno na \u017cywo powinna pojawi\u0107 si\u0119 na pulpicie. Kliknij na niego, a dostaniesz si\u0119 do aplikacji.<\/li>\n<li>Po zalogowaniu si\u0119 do aplikacji natychmiast zostaniesz poproszony o zalogowanie si\u0119, je\u015bli masz ju\u017c konto w kasynie lub o zarejestrowanie si\u0119, je\u015bli jeszcze go nie masz.<\/li>\n<li>Je\u015bli si\u0119 rejestrujesz, pami\u0119taj, aby poprawnie wype\u0142ni\u0107 wszystkie pola, bez b\u0142\u0119d\u00f3w i poda\u0107 dok\u0142adne dane. Musisz poda\u0107 swoje imi\u0119 i nazwisko, adres e-mail, numer telefonu. Otrzymasz wiadomo\u015b\u0107 e-mail z potwierdzeniem rejestracji, aw przysz\u0142o\u015bci b\u0119dziesz otrzymywa\u0107 oferty bonusowe, miej na to oko.<\/li>\n<\/ol>\n<p>Post\u0119puj\u0105c zgodnie z tymi instrukcjami, mo\u017cesz \u0142atwo zainstalowa\u0107 aplikacj\u0119 mobiln\u0105 kasyna online. Niestety, je\u015bli masz iPhone&#8217;a, nie b\u0119dziesz m\u00f3g\u0142 zainstalowa\u0107 aplikacji. Ale nasi in\u017cynierowie oprogramowania opracowali wygodn\u0105 mobiln\u0105 wersj\u0119 strony, kt\u00f3ra zapewnia te same funkcje, co aplikacja.<\/p>\n<h2>WYB\u00d3R GIER APLIKACJI KASYNA NA \u017bYWO<\/h2>\n<p>Niekt\u00f3rzy gracze mog\u0105 kwestionowa\u0107, jakie gry s\u0105 dost\u0119pne w najlepszej aplikacji kasyna na \u017cywo. I poradzili\u015bmy sobie z tym problemem. Najpopularniejsze gry w wersji desktopowej s\u0105 na urz\u0105dzenia mobilne. Oczywi\u015bcie nie wszystkie gry s\u0105 obecnie dost\u0119pne, ale ju\u017c ponad 80% gier jest dost\u0119pnych na telefonach kom\u00f3rkowych. Ale osobno mo\u017cemy przydzieli\u0107 takie z nich:<\/p>\n<ul>\n<li>Aloha King Elvis;<\/li>\n<li>Magiczny obr\u00f3t;<\/li>\n<li>Zatrzymaj 3 punkty i wygraj.<\/li>\n<\/ul>\n<p>We wszystkich tych automatach mo\u017cesz zarobi\u0107 prawdziwe pieni\u0105dze z telefonu kom\u00f3rkowego.<\/p>\n<h2>PLUSY I WADY APLIKACJI KASYNA NA \u017bYWO<\/h2>\n<p>Wsz\u0119dzie mo\u017cna znale\u017a\u0107 jego plusy i minusy, a tak\u017ce tutaj najwa\u017cniejszy jest stosunek minus\u00f3w do plus\u00f3w. I tutaj ten stosunek mo\u017ce uszcz\u0119\u015bliwi\u0107 u\u017cytkownik\u00f3w. Jedynymi wadami mobilnego hazardu jest to, \u017ce nie wszystkie gry s\u0105 dost\u0119pne, chocia\u017c wi\u0119kszo\u015b\u0107 z nich jest, ale by\u0107 mo\u017ce czyja\u015b ulubiona gra nie zosta\u0142a jeszcze zoptymalizowana.<\/p>\n<p>A plus\u00f3w hazardu mobilnego jest wi\u0119cej ni\u017c wystarczaj\u0105cych i mog\u0105 by\u0107 r\u00f3\u017cne dla ka\u017cdego. Niekt\u00f3rzy zauwa\u017c\u0105, \u017ce aplikacja mobilna jest zawsze pod r\u0119k\u0105, a gra\u0107 mo\u017cna nawet poza domem. Niekt\u00f3rzy lubi\u0105, \u017ce mo\u017cna gra\u0107 bez wstawania z kanapy. Kto\u015b tak jak to wygl\u0105da na telefonie. A niekt\u00f3rzy nie maj\u0105 komputera. I wszyscy ci ludzie lubi\u0105 mobilny hazard.<\/p>\n<h2>WNIOSEK<\/h2>\n<p>Podsumowuj\u0105c, aplikacja online Kasyno na \u017cywo wci\u0105\u017c zyskuje na popularno\u015bci, ale ju\u017c ten rynek wygl\u0105da atrakcyjnie. Wybitni gracze na rynku oprogramowania ju\u017c teraz przede wszystkim dostosowuj\u0105 swoje gry do urz\u0105dze\u0144 mobilnych. Wi\u0119c pami\u0119taj, aby spr\u00f3bowa\u0107 gra\u0107 w gry kasynowe online z telefonu kom\u00f3rkowego.<\/p>\n<p><img loading=\"lazy\" decoding=\"async\" class=\"aligncenter wp-image-4135\" src=\"https:\/\/rocketplay-slot.com\/wp-content\/uploads\/2024\/02\/online-gambling-mobile.jpg\" alt=\"Aplikacja kasyna na \u017cywo w Rocket Play 2\" width=\"800\" height=\"533\" srcset=\"https:\/\/rocketplay-slot.com\/wp-content\/uploads\/2024\/02\/online-gambling-mobile.jpg 1000w, https:\/\/rocketplay-slot.com\/wp-content\/uploads\/2024\/02\/online-gambling-mobile-300x200.jpg 300w, https:\/\/rocketplay-slot.com\/wp-content\/uploads\/2024\/02\/online-gambling-mobile-768x511.jpg 768w\" sizes=\"auto, (max-width: 800px) 100vw, 800px\" \/><\/p>\n<h2>Cz\u0119sto zadawane pytania<\/h2>\n<p>Zawsze pomagamy wielu ludziom, je\u015bli maj\u0105 pytania. Dlatego zebrali\u015bmy kilka popularnych pyta\u0144 od naszych czytelnik\u00f3w i udzielili\u015bmy im kr\u00f3tkich odpowiedzi.<\/p>\n<h3>CZY MOG\u0118 GRA\u0106 ZA DARMO Z APLIKACJI MOBILNEJ?<\/h3>\n<p>Tak, w aplikacji mobilnej mo\u017cesz gra\u0107 za darmo w te same gry, co z oficjalnej strony na swoim komputerze.<\/p>\n<h3>Z JAKICH METOD MOG\u0118 DO\u0141ADOWA\u0106 SALDO Z APLIKACJI MOBILNEJ?<\/h3>\n<p>Saldo mo\u017cesz do\u0142adowa\u0107 dowoln\u0105 dogodn\u0105 dla Ciebie metod\u0105. Mo\u017cesz u\u017cywa\u0107 zar\u00f3wno karty bankowej, jak i portfela kryptowalut.<\/p>\n<h3>CZY MOG\u0118 GRA\u0106 PRZEZ APLIKACJ\u0118 MOBILN\u0104, JE\u015aLI NIE MAM 18 LAT?<\/h3>\n<p>Nie, zgodnie z prawem nie mo\u017cemy da\u0107 Ci dost\u0119pu do hazardu, dop\u00f3ki nie sko\u0144czysz 18 lat.<\/p>\n","protected":false},"excerpt":{"rendered":"<p>Wycieczka do kasyna naziemnego pozostawia niezapomniane wra\u017cenia na ca\u0142e \u017cycie. Oczywi\u015bcie, bo tutaj wszystko przesi\u0105kni\u0119te jest hazardem, tajemnicz\u0105 i po\u017c\u0105dan\u0105 atmosfer\u0105. Ale to wszystko mo\u017cna zrobi\u0107 bez wychodzenia z w\u0142asnego domu. Wszystko, co musisz zrobi\u0107, to przej\u015b\u0107 do aplikacji Live Casino. To ju\u017c zyska\u0142o popularno\u015b\u0107, wi\u0119c postanowili\u015bmy opowiedzie\u0107 Ci o tym wi\u0119cej. GRA W GRY&#8230;<\/p>\n","protected":false},"author":1,"featured_media":0,"parent":1955,"menu_order":0,"comment_status":"closed","ping_status":"closed","template":"","meta":{"_acf_changed":false,"_kad_post_transparent":"default","_kad_post_title":"default","_kad_post_layout":"default","_kad_post_sidebar_id":"","_kad_post_content_style":"default","_kad_post_vertical_padding":"default","_kad_post_feature":"","_kad_post_feature_position":"","_kad_post_header":false,"_kad_post_footer":false,"footnotes":""},"class_list":["post-2598","page","type-page","status-publish","hentry"],"acf":[],"rttpg_featured_image_url":null,"rttpg_author":{"display_name":"Elvis","author_link":"https:\/\/rocketplay-slot.com\/pl\/author\/pemvas95n89x\/"},"rttpg_comment":0,"rttpg_category":null,"rttpg_excerpt":"Wycieczka do kasyna naziemnego pozostawia niezapomniane wra\u017cenia na ca\u0142e \u017cycie. Oczywi\u015bcie, bo tutaj wszystko przesi\u0105kni\u0119te jest hazardem, tajemnicz\u0105 i po\u017c\u0105dan\u0105 atmosfer\u0105. Ale to wszystko mo\u017cna zrobi\u0107 bez wychodzenia z w\u0142asnego domu. Wszystko, co musisz zrobi\u0107, to przej\u015b\u0107 do aplikacji Live Casino. To ju\u017c zyska\u0142o popularno\u015b\u0107, wi\u0119c postanowili\u015bmy opowiedzie\u0107 Ci o tym wi\u0119cej. GRA W GRY...","_links":{"self":[{"href":"https:\/\/rocketplay-slot.com\/pl\/wp-json\/wp\/v2\/pages\/2598","targetHints":{"allow":["GET"]}}],"collection":[{"href":"https:\/\/rocketplay-slot.com\/pl\/wp-json\/wp\/v2\/pages"}],"about":[{"href":"https:\/\/rocketplay-slot.com\/pl\/wp-json\/wp\/v2\/types\/page"}],"author":[{"embeddable":true,"href":"https:\/\/rocketplay-slot.com\/pl\/wp-json\/wp\/v2\/users\/1"}],"replies":[{"embeddable":true,"href":"https:\/\/rocketplay-slot.com\/pl\/wp-json\/wp\/v2\/comments?post=2598"}],"version-history":[{"count":5,"href":"https:\/\/rocketplay-slot.com\/pl\/wp-json\/wp\/v2\/pages\/2598\/revisions"}],"predecessor-version":[{"id":4620,"href":"https:\/\/rocketplay-slot.com\/pl\/wp-json\/wp\/v2\/pages\/2598\/revisions\/4620"}],"up":[{"embeddable":true,"href":"https:\/\/rocketplay-slot.com\/pl\/wp-json\/wp\/v2\/pages\/1955"}],"wp:attachment":[{"href":"https:\/\/rocketplay-slot.com\/pl\/wp-json\/wp\/v2\/media?parent=2598"}],"curies":[{"name":"wp","href":"https:\/\/api.w.org\/{rel}","templated":true}]}}