{"id":2690,"date":"2023-01-10T21:33:59","date_gmt":"2023-01-10T18:33:59","guid":{"rendered":"https:\/\/rocketplay-slot.com\/live-casino\/real-money\/"},"modified":"2025-11-24T20:23:59","modified_gmt":"2025-11-24T17:23:59","slug":"real-money","status":"publish","type":"page","link":"https:\/\/rocketplay-slot.com\/pl\/live-casino\/real-money\/","title":{"rendered":"Wszystko o prawdziwym kasynie na \u017cywo w Rocket Play Casino"},"content":{"rendered":"<p>Wiele os\u00f3b lubi gra\u0107. Niekt\u00f3rzy lubi\u0105 stawia\u0107 pieni\u0105dze na sport, a niekt\u00f3rzy lubi\u0105 gra\u0107 w pokera z przyjaci\u00f3\u0142mi. A niekt\u00f3rzy lubi\u0105 gra\u0107 na prawdziwe pieni\u0105dze w kasynach online. Daje niepowtarzalne uczucie podniecenia. Daje to dodatkowe poczucie atmosfery kasyna, w kt\u00f3rej nie musisz nawet wychodzi\u0107 z domu. Mo\u017cesz gra\u0107 w kasynie online w dowolnym momencie, co jest du\u017cym plusem dla wielu os\u00f3b. Wi\u0119c dla Ciebie zrobili\u015bmy nasz\u0105 recenzj\u0119, w kt\u00f3rej opowiemy Ci wszystko o prawdziwym kasynie online na \u017cywo.<\/p>\n<p><img loading=\"lazy\" decoding=\"async\" class=\"aligncenter wp-image-4086\" src=\"https:\/\/rocketplay-slot.com\/wp-content\/uploads\/2024\/02\/cards-chips-poker-green-table.jpg\" alt=\"Wszystko o prawdziwym kasynie na \u017cywo w Rocket Play Casino\" width=\"800\" height=\"534\" srcset=\"https:\/\/rocketplay-slot.com\/wp-content\/uploads\/2024\/02\/cards-chips-poker-green-table.jpg 1000w, https:\/\/rocketplay-slot.com\/wp-content\/uploads\/2024\/02\/cards-chips-poker-green-table-300x200.jpg 300w, https:\/\/rocketplay-slot.com\/wp-content\/uploads\/2024\/02\/cards-chips-poker-green-table-768x512.jpg 768w\" sizes=\"auto, (max-width: 800px) 100vw, 800px\" \/><\/p>\n<h2>NAJPOPULARNIEJSZE GRY KASYNA NA \u017bYWO NA PRAWDZIWE PIENI\u0104DZE<\/h2>\n<p>W kasynie online na \u017cywo na prawdziwe pieni\u0105dze mo\u017cna znale\u017a\u0107 setki gier. I wielu mo\u017ce by\u0107 zdezorientowanych co do tego, w co chc\u0105 gra\u0107. Dlatego stworzyli\u015bmy nasz\u0105 ma\u0142\u0105 list\u0119 gier, na kt\u00f3re musisz zwr\u00f3ci\u0107 uwag\u0119:<\/p>\n<ul>\n<li>Blackjack na \u017cywo jest jednym z najpopularniejszych typ\u00f3w w kasynach online. Zasady gry nie r\u00f3\u017cni\u0105 si\u0119 od zwyk\u0142ego blackjacka, z wyj\u0105tkiem tego, \u017ce tutaj widzisz krupiera na jego ekranie, aw grze mo\u017ce bra\u0107 udzia\u0142 od 1 do 7 uczestnik\u00f3w;<\/li>\n<li>Ruletka na \u017cywo to klasyczna gra, kt\u00f3r\u0105 mo\u017cna znale\u017a\u0107 w ka\u017cdym kasynie naziemnym. Tylko to wszystko jest na twoim ekranie;<\/li>\n<li>Bingo na \u017cywo &#8211; wszyscy kochaj\u0105 bingo. Wielu gra\u0142o w bingo z rodzin\u0105, a wielu z przyjaci\u00f3\u0142mi. Ale nie ka\u017cdy gra\u0142 w bingo na prawdziwe pieni\u0105dze. Tutaj mo\u017cesz to naprawi\u0107.<\/li>\n<\/ul>\n<p>Koniecznie id\u017a i spr\u00f3buj zagra\u0107 we wszystkie te gry. Dostarczy Ci wielu emocji i da znakomit\u0105 okazj\u0119 do zarobienia prawdziwych pieni\u0119dzy.<\/p>\n<h2>METODY BANKOWE KASYNA NA \u017bYWO NA PRAWDZIWE PIENI\u0104DZE<\/h2>\n<p>W dzisiejszym \u015bwiecie wiele os\u00f3b posiada oszcz\u0119dno\u015bci nie tylko na jednej karcie bankowej. Wiele os\u00f3b mo\u017ce je mie\u0107 w systemach p\u0142atno\u015bci lub kontach kryptowalutowych. I dobrze, gdy kasyno zapewnia mo\u017cliwo\u015b\u0107 wp\u0142aty z r\u00f3\u017cnych system\u00f3w. Przyjrzyjmy si\u0119, jakie metody deponowania salda s\u0105 dost\u0119pne w Rocket Play Casino:<\/p>\n<ul>\n<li>mo\u017cesz do\u0142adowa\u0107 swoje saldo kart\u0105 bankow\u0105, je\u015bli obs\u0142uguje ona karty Visa, MasterCard lub American Express;<\/li>\n<li>je\u015bli jeste\u015b aktywnym u\u017cytkownikiem system\u00f3w p\u0142atno\u015bci internetowych, mo\u017cesz do\u0142adowa\u0107 swoje saldo za pomoc\u0105 PayPal lub Payoneer;<\/li>\n<li>mo\u017cesz r\u00f3wnie\u017c do\u0142adowa\u0107 swoje saldo na stronie kasyna online ze swojego konta kryptowalutowego. Odbywa si\u0119 to dla Twojej maksymalnej wygody.<\/li>\n<\/ul>\n<p>Po uzupe\u0142nieniu salda w kasynie na \u017cywo na prawdziwe pieni\u0105dze, mo\u017cesz z przyjemno\u015bci\u0105 zarabia\u0107 pieni\u0105dze graj\u0105c w gry.<\/p>\n<h2>DLACZEGO WARTO GRA\u0106 W KASYNIE NA \u017bYWO NA PRAWDZIWE PIENI\u0104DZE<\/h2>\n<p>Niekt\u00f3rzy u\u017cytkownicy obawiaj\u0105 si\u0119 gry w kasynie na \u017cywo na prawdziwe pieni\u0105dze, ale zawsze mo\u017cesz zacz\u0105\u0107 od minimalnego depozytu. W grach nie r\u00f3b najwi\u0119kszych zak\u0142ad\u00f3w. Uchroni Ci\u0119 to przed szybk\u0105 utrat\u0105 ca\u0142ej kwoty. Mo\u017cesz zarobi\u0107 wi\u0119cej ni\u017c zainwestowa\u0142e\u015b. Wielu u\u017cytkownik\u00f3w chce zdoby\u0107 jackpota, ale mo\u017cna go zdoby\u0107 tylko graj\u0105c na prawdziwe pieni\u0105dze.<\/p>\n<p>Graj\u0105c prawdziwymi pieni\u0119dzmi, nale\u017cy pami\u0119ta\u0107 o kilku wskaz\u00f3wkach, aby nigdy nie sko\u0144czy\u0107 na zerowym saldzie. Aby to zrobi\u0107, nigdy nie stawiaj za wszystko. Stawiaj du\u017co na ma\u0142e zak\u0142ady. Zawsze b\u0105d\u017a trze\u017awy w sytuacji i nie graj dalej, je\u015bli zaczniesz odczuwa\u0107 same straty.<\/p>\n<h2>WNIOSEK<\/h2>\n<p>Graj w najlepszym kasynie na \u017cywo Prawdziwe pieni\u0105dze zawsze wi\u0105\u017c\u0105 si\u0119 z ryzykiem utraty wszystkiego. Daje to jednak doskona\u0142\u0105 okazj\u0119 do wygrania prawdziwych pieni\u0119dzy, je\u015bli podejdziesz do tego m\u0105drze. Z pewno\u015bci\u0105 wygrasz jackpota, je\u015bli b\u0119dziesz uwa\u017ca\u0107 na swoje zak\u0142ady.<\/p>\n<p><img loading=\"lazy\" decoding=\"async\" class=\"aligncenter wp-image-4096\" src=\"https:\/\/rocketplay-slot.com\/wp-content\/uploads\/2024\/02\/man-dealer-croupier-shuffles-poker-cards-casino-background-tableasain-man-holding-two-playing-cards-casino-poker-poker-game-concept.jpg\" alt=\"Wszystko o prawdziwym kasynie na \u017cywo w Rocket Play Casino 2\" width=\"800\" height=\"534\" srcset=\"https:\/\/rocketplay-slot.com\/wp-content\/uploads\/2024\/02\/man-dealer-croupier-shuffles-poker-cards-casino-background-tableasain-man-holding-two-playing-cards-casino-poker-poker-game-concept.jpg 1000w, https:\/\/rocketplay-slot.com\/wp-content\/uploads\/2024\/02\/man-dealer-croupier-shuffles-poker-cards-casino-background-tableasain-man-holding-two-playing-cards-casino-poker-poker-game-concept-300x200.jpg 300w, https:\/\/rocketplay-slot.com\/wp-content\/uploads\/2024\/02\/man-dealer-croupier-shuffles-poker-cards-casino-background-tableasain-man-holding-two-playing-cards-casino-poker-poker-game-concept-768x512.jpg 768w\" sizes=\"auto, (max-width: 800px) 100vw, 800px\" \/><\/p>\n<h2>Cz\u0119sto zadawane pytania<\/h2>\n<p>Wielu pocz\u0105tkuj\u0105cych graczy zadaje nam pytania, kt\u00f3re mog\u0105 ich zainteresowa\u0107. Cz\u0119sto s\u0105 to proste pytania, wi\u0119c zebrali\u015bmy niekt\u00f3re z nich i odpowiedzieli\u015bmy na nie w tym artykule.c<\/p>\n<h3>CZY MOG\u0118 GRA\u0106 ZA DARMO?<\/h3>\n<p>Tak, kasyno online ma sw\u00f3j system bonusowy, kt\u00f3ry pozwala spr\u00f3bowa\u0107 postawi\u0107 pierwszy zak\u0142ad bez wydawania prawdziwych pieni\u0119dzy. Istnieje r\u00f3wnie\u017c tryb demonstracyjny dla ka\u017cdego gniazda. Spr\u00f3buj tam swoich si\u0142 i zarabiaj prawdziwe pieni\u0105dze po dokonaniu pierwszej wp\u0142aty.<\/p>\n<h3>CZY MOG\u0118 GRA\u0106, JE\u015aLI NIE MAM KOMPUTERA?<\/h3>\n<p>Nie potrzebujesz komputera, aby gra\u0107 w kasynach online. Mo\u017cesz zacz\u0105\u0107 gra\u0107 z telefonu. To kasyno online zosta\u0142o zoptymalizowane pod k\u0105tem oficjalnych witryn urz\u0105dze\u0144 mobilnych. Mo\u017cesz pobra\u0107 nasz\u0105 aplikacj\u0119 z oficjalnej strony internetowej.<\/p>\n<h3>W JAKIM WIEKU MOG\u0118 ZACZ\u0104\u0106 GRA\u0106 W KASYNIE?<\/h3>\n<p>Mo\u017cesz zacz\u0105\u0107 gra\u0107 w kasynie od 18 roku \u017cycia. Zasada ta wynika z przepis\u00f3w, kt\u00f3re kasyno online przestrzega.<\/p>\n","protected":false},"excerpt":{"rendered":"<p>Wiele os\u00f3b lubi gra\u0107. Niekt\u00f3rzy lubi\u0105 stawia\u0107 pieni\u0105dze na sport, a niekt\u00f3rzy lubi\u0105 gra\u0107 w pokera z przyjaci\u00f3\u0142mi. A niekt\u00f3rzy lubi\u0105 gra\u0107 na prawdziwe pieni\u0105dze w kasynach online. Daje niepowtarzalne uczucie podniecenia. Daje to dodatkowe poczucie atmosfery kasyna, w kt\u00f3rej nie musisz nawet wychodzi\u0107 z domu. Mo\u017cesz gra\u0107 w kasynie online w dowolnym momencie, co&#8230;<\/p>\n","protected":false},"author":1,"featured_media":0,"parent":1955,"menu_order":0,"comment_status":"closed","ping_status":"closed","template":"","meta":{"_acf_changed":false,"_kad_post_transparent":"default","_kad_post_title":"default","_kad_post_layout":"default","_kad_post_sidebar_id":"","_kad_post_content_style":"default","_kad_post_vertical_padding":"default","_kad_post_feature":"","_kad_post_feature_position":"","_kad_post_header":false,"_kad_post_footer":false,"footnotes":""},"class_list":["post-2690","page","type-page","status-publish","hentry"],"acf":[],"rttpg_featured_image_url":null,"rttpg_author":{"display_name":"Elvis","author_link":"https:\/\/rocketplay-slot.com\/pl\/author\/pemvas95n89x\/"},"rttpg_comment":0,"rttpg_category":null,"rttpg_excerpt":"Wiele os\u00f3b lubi gra\u0107. Niekt\u00f3rzy lubi\u0105 stawia\u0107 pieni\u0105dze na sport, a niekt\u00f3rzy lubi\u0105 gra\u0107 w pokera z przyjaci\u00f3\u0142mi. A niekt\u00f3rzy lubi\u0105 gra\u0107 na prawdziwe pieni\u0105dze w kasynach online. Daje niepowtarzalne uczucie podniecenia. Daje to dodatkowe poczucie atmosfery kasyna, w kt\u00f3rej nie musisz nawet wychodzi\u0107 z domu. Mo\u017cesz gra\u0107 w kasynie online w dowolnym momencie, co...","_links":{"self":[{"href":"https:\/\/rocketplay-slot.com\/pl\/wp-json\/wp\/v2\/pages\/2690","targetHints":{"allow":["GET"]}}],"collection":[{"href":"https:\/\/rocketplay-slot.com\/pl\/wp-json\/wp\/v2\/pages"}],"about":[{"href":"https:\/\/rocketplay-slot.com\/pl\/wp-json\/wp\/v2\/types\/page"}],"author":[{"embeddable":true,"href":"https:\/\/rocketplay-slot.com\/pl\/wp-json\/wp\/v2\/users\/1"}],"replies":[{"embeddable":true,"href":"https:\/\/rocketplay-slot.com\/pl\/wp-json\/wp\/v2\/comments?post=2690"}],"version-history":[{"count":3,"href":"https:\/\/rocketplay-slot.com\/pl\/wp-json\/wp\/v2\/pages\/2690\/revisions"}],"predecessor-version":[{"id":4604,"href":"https:\/\/rocketplay-slot.com\/pl\/wp-json\/wp\/v2\/pages\/2690\/revisions\/4604"}],"up":[{"embeddable":true,"href":"https:\/\/rocketplay-slot.com\/pl\/wp-json\/wp\/v2\/pages\/1955"}],"wp:attachment":[{"href":"https:\/\/rocketplay-slot.com\/pl\/wp-json\/wp\/v2\/media?parent=2690"}],"curies":[{"name":"wp","href":"https:\/\/api.w.org\/{rel}","templated":true}]}}