{"id":2742,"date":"2023-01-10T22:05:04","date_gmt":"2023-01-10T19:05:04","guid":{"rendered":"https:\/\/rocketplay-slot.com\/live-poker\/"},"modified":"2024-02-08T16:46:57","modified_gmt":"2024-02-08T13:46:57","slug":"live-poker","status":"publish","type":"page","link":"https:\/\/rocketplay-slot.com\/pl\/live-poker\/","title":{"rendered":"Kasyno Rocket Play Sklep z pokerem na \u017cywo"},"content":{"rendered":"<p>Na pocz\u0105tku XX wieku poker sta\u0142 si\u0119 jedn\u0105 z najpopularniejszych gier. W pokera grano wsz\u0119dzie, w barach, na ulicy iw domu. Nic wi\u0119c dziwnego, \u017ce poker jest jednym z najpopularniejszych kasyn. Jedn\u0105 z takich opcji jest Live Poker, gra uwielbiana przez wielu u\u017cytkownik\u00f3w, w kt\u00f3rej wielu u\u017cytkownik\u00f3w mo\u017ce sp\u0119dza\u0107 ca\u0142e wieczory. Dlatego napisali\u015bmy ten artyku\u0142, aby opowiedzie\u0107 Ci wszystko o pokerze online na \u017cywo.<\/p>\n<p><img loading=\"lazy\" decoding=\"async\" class=\"aligncenter wp-image-4047\" src=\"https:\/\/rocketplay-slot.com\/wp-content\/uploads\/2024\/02\/young-models-stylish-dresses-are-smiling-showing-two-green-chips-aces-posing-standing-back-back-colorful-background-with-sparkles-roulette-flying-chips-poker-casino-close-up.jpg\" alt=\"Kasyno Rocket Play Sklep z pokerem na \u017cywo\" width=\"800\" height=\"479\" srcset=\"https:\/\/rocketplay-slot.com\/wp-content\/uploads\/2024\/02\/young-models-stylish-dresses-are-smiling-showing-two-green-chips-aces-posing-standing-back-back-colorful-background-with-sparkles-roulette-flying-chips-poker-casino-close-up.jpg 1000w, https:\/\/rocketplay-slot.com\/wp-content\/uploads\/2024\/02\/young-models-stylish-dresses-are-smiling-showing-two-green-chips-aces-posing-standing-back-back-colorful-background-with-sparkles-roulette-flying-chips-poker-casino-close-up-300x180.jpg 300w, https:\/\/rocketplay-slot.com\/wp-content\/uploads\/2024\/02\/young-models-stylish-dresses-are-smiling-showing-two-green-chips-aces-posing-standing-back-back-colorful-background-with-sparkles-roulette-flying-chips-poker-casino-close-up-768x460.jpg 768w\" sizes=\"auto, (max-width: 800px) 100vw, 800px\" \/><\/p>\n<h2>CZYM JEST POKER KASYNO NA \u017bYWO?<\/h2>\n<p>Poker na \u017cywo to rodzaj pokera, kt\u00f3ry uwielbia wielu graczy. R\u00f3\u017cnica w Live Poker Australia polega na tym, \u017ce obecny jest krupier, kt\u00f3ry rozdaje karty. Zawsze mo\u017cesz by\u0107 pewien, \u017ce jest to uczciwa gra, poniewa\u017c krupier stoi przed tob\u0105 i pokazuje ci karty. Wiele os\u00f3b lubi pokera na \u017cywo, poniewa\u017c wygl\u0105da jak poker w kasynie naziemnym.<\/p>\n<h2>JAK GRA\u0106 W POKERA W KASYNIE NA \u017bYWO<\/h2>\n<p>Je\u015bli wci\u0105\u017c jeste\u015b nowy w \u015bwiecie kasyn online, przeczytaj, jak zacz\u0105\u0107 gra\u0107 w najlepszego pokera na \u017cywo. Zastan\u00f3wmy si\u0119 wi\u0119c, jak to wszystko si\u0119 dzieje:<\/p>\n<ol>\n<li>Bezpo\u015brednio przed tob\u0105 na ekranie pojawi si\u0119 krupier. Kiedy przy stole zgromadzi si\u0119 wystarczaj\u0105ca liczba uczestnik\u00f3w, rozpocznie gr\u0119.<\/li>\n<li>Po rozpocz\u0119ciu gry zobaczysz elementy steruj\u0105ce, w kt\u00f3rych mo\u017cesz zarz\u0105dza\u0107 swoimi zak\u0142adami, spojrze\u0107 na aktualne karty na stole i w r\u0119ce, zobaczy\u0107 wszystkie mo\u017cliwe zwyci\u0119skie kombinacje i por\u00f3wna\u0107, kt\u00f3re z nich pasuj\u0105.<\/li>\n<li>Po rozpocz\u0119ciu gry krupier rozdaje ka\u017cdemu graczowi po dwie karty i k\u0142adzie trzy na stole. Zobacz, jakie masz karty, jakie karty le\u017c\u0105 na stole i jakie zwyci\u0119skie kombinacje wyst\u0119puj\u0105 w grze. Por\u00f3wnaj swoje karty i zwyci\u0119skie kombinacje i zgadnij, jakie b\u0119d\u0105<\/li>\n<li>Twoje najlepsze i najgorsze kombinacje w dw\u00f3ch nast\u0119pnych rozdaniach.<\/li>\n<li>Postaw zak\u0142ad i poczekaj, a\u017c wszyscy inni to zrobi\u0105. Obserwuj swoich przeciwnik\u00f3w i ich reakcje.<br \/>\nGdy wszyscy postawi\u0105 swoje zak\u0142ady, krupier powie: \u201eZak\u0142ady zosta\u0142y postawione, \u017cadnych wi\u0119cej zak\u0142ad\u00f3w\u201d. i rozdaj kolejn\u0105 kart\u0119 wszystkim graczom. Nast\u0119pnie mo\u017cesz podnie\u015b\u0107 swoje zak\u0142ady lub opu\u015bci\u0107 st\u00f3\u0142.<\/li>\n<li>Je\u015bli nadal jeste\u015b w grze, otrzymujesz ostatni\u0105 kart\u0119. Uwa\u017cnie por\u00f3wnaj, jakie masz karty i jakie mog\u0105 mie\u0107 twoi przeciwnicy. Uwa\u017cnie \u015bled\u017a ich ruchy. Nast\u0119pnie dokonaj ostatecznego podbicia lub opu\u015b\u0107 st\u00f3\u0142.<\/li>\n<li>Po tym, jak wszyscy postawi\u0105 ostateczny zak\u0142ad, gracze otwieraj\u0105 swoje karty i mo\u017cna znale\u017a\u0107 zwyci\u0119zc\u0119 z najwy\u017csz\u0105 kombinacj\u0105. Je\u015bli to ty &#8211; gratulacje, wygra\u0142e\u015b wszystkie zak\u0142ady w tej grze.<\/li>\n<\/ol>\n<p>Post\u0119puj\u0105c zgodnie z tymi instrukcjami, zawsze mo\u017cesz wygra\u0107 gr\u0119 przy odpowiednim szcz\u0119\u015bciu.<\/p>\n<h2>RODZAJE POKERA W KASYNIE NA \u017bYWO<\/h2>\n<p>Na \u015bwiecie istnieje wiele odmian pokera, g\u0142\u00f3wnie w zale\u017cno\u015bci od regionu, z kt\u00f3rego pochodz\u0105. A te rodzaje pokera mo\u017cna spotka\u0107 w kasynach online:<\/p>\n<ul>\n<li>Texas Hold\u2019em;<\/li>\n<li>Omaha;<\/li>\n<li>Siedmiokartowy Stud;<\/li>\n<li>Dobieranie pi\u0119ciu kart;<\/li>\n<li>Wysoki Niski Chicago.<\/li>\n<\/ul>\n<p>G\u0142\u00f3wne r\u00f3\u017cnice polegaj\u0105 na liczbie kart rozgrywanych w jednej grze. Najlepsz\u0105 gr\u0105 w pokera na \u017cywo jest Texas Hold&#8217;em.<\/p>\n<h2>KORZY\u015aCI Z POKERA NA \u017bYWO<\/h2>\n<p>Poker na \u017cywo ma z pewno\u015bci\u0105 wiele zalet. Oczywi\u015bcie ka\u017cdy znajdzie swoje zalety. Mo\u017cemy wyr\u00f3\u017cni\u0107 kilka typowych &#8211; uczciwo\u015b\u0107 wobec graczy, wspania\u0142a atmosfera, kt\u00f3ra przenosi ci\u0119 prosto do sal kasynowych, oraz interakcja na \u017cywo, kt\u00f3ra zwi\u0119ksza emocje zwi\u0105zane z akcj\u0105.<\/p>\n<h2>WNIOSEK<\/h2>\n<p>Podsumowuj\u0105c, poker jest jedn\u0105 z najbardziej ekscytuj\u0105cych gier w kasynach online. Post\u0119puj zgodnie ze wskaz\u00f3wkami pokera na \u017cywo, profesjonalni gracze. I koniecznie zagraj w pokera!<\/p>\n<p><img loading=\"lazy\" decoding=\"async\" class=\"aligncenter wp-image-4057\" src=\"https:\/\/rocketplay-slot.com\/wp-content\/uploads\/2024\/02\/casino-tokens-green-background-with-deck-cards.jpg\" alt=\"Kasyno Rocket Play Sklep z pokerem na \u017cywo 2\" width=\"800\" height=\"534\" srcset=\"https:\/\/rocketplay-slot.com\/wp-content\/uploads\/2024\/02\/casino-tokens-green-background-with-deck-cards.jpg 1000w, https:\/\/rocketplay-slot.com\/wp-content\/uploads\/2024\/02\/casino-tokens-green-background-with-deck-cards-300x200.jpg 300w, https:\/\/rocketplay-slot.com\/wp-content\/uploads\/2024\/02\/casino-tokens-green-background-with-deck-cards-768x512.jpg 768w\" sizes=\"auto, (max-width: 800px) 100vw, 800px\" \/><\/p>\n<h2>Cz\u0119sto zadawane pytania<\/h2>\n<p>Pocz\u0105tkuj\u0105cy cz\u0119sto pisz\u0105 do nas podobne pytania, co jest oczekiwane, poniewa\u017c wszyscy martwi\u0105 si\u0119, jak b\u0119d\u0105 gra\u0107. Dlatego zebrali\u015bmy niekt\u00f3re z nich w tym artykule i odpowiedzieli\u015bmy na nie.<\/p>\n<h3>CZY MOG\u0118 GRA\u0106 ZA DARMO?<\/h3>\n<p>Tak, kasyna online maj\u0105 wersje demonstracyjne pokera na \u017cywo, w kt\u00f3rych nie mo\u017cesz ryzykowa\u0107 swojego salda i na pocz\u0105tek nauczy\u0107 si\u0119 gra\u0107.<\/p>\n<h3>CZY MOG\u0118 GRA\u0106 W POKERA NA MOIM TELEFONIE KOM\u00d3RKOWYM?<\/h3>\n<p>Mo\u017cesz pobra\u0107 aplikacj\u0119 kasyna online na sw\u00f3j telefon kom\u00f3rkowy, je\u015bli masz Androida. Mo\u017cesz gra\u0107 z oficjalnej strony kasyna online, je\u015bli masz iPhone&#8217;a. Jest doskonale zoptymalizowany pod k\u0105tem urz\u0105dze\u0144 mobilnych.<\/p>\n<h3>W JAKIM WIEKU MOG\u0118 GRA\u0106 W POKERA?<\/h3>\n<p>Zgodnie z prawem hazard mo\u017cna rozpocz\u0105\u0107 dopiero po uko\u0144czeniu 18 roku \u017cycia.<\/p>\n","protected":false},"excerpt":{"rendered":"<p>Na pocz\u0105tku XX wieku poker sta\u0142 si\u0119 jedn\u0105 z najpopularniejszych gier. W pokera grano wsz\u0119dzie, w barach, na ulicy iw domu. Nic wi\u0119c dziwnego, \u017ce poker jest jednym z najpopularniejszych kasyn. Jedn\u0105 z takich opcji jest Live Poker, gra uwielbiana przez wielu u\u017cytkownik\u00f3w, w kt\u00f3rej wielu u\u017cytkownik\u00f3w mo\u017ce sp\u0119dza\u0107 ca\u0142e wieczory. Dlatego napisali\u015bmy ten artyku\u0142,&#8230;<\/p>\n","protected":false},"author":1,"featured_media":0,"parent":0,"menu_order":0,"comment_status":"closed","ping_status":"closed","template":"","meta":{"_acf_changed":false,"_kad_post_transparent":"default","_kad_post_title":"default","_kad_post_layout":"default","_kad_post_sidebar_id":"","_kad_post_content_style":"default","_kad_post_vertical_padding":"default","_kad_post_feature":"","_kad_post_feature_position":"","_kad_post_header":false,"_kad_post_footer":false,"footnotes":""},"class_list":["post-2742","page","type-page","status-publish","hentry"],"acf":[],"rttpg_featured_image_url":null,"rttpg_author":{"display_name":"Elvis","author_link":"https:\/\/rocketplay-slot.com\/pl\/author\/pemvas95n89x\/"},"rttpg_comment":0,"rttpg_category":null,"rttpg_excerpt":"Na pocz\u0105tku XX wieku poker sta\u0142 si\u0119 jedn\u0105 z najpopularniejszych gier. W pokera grano wsz\u0119dzie, w barach, na ulicy iw domu. Nic wi\u0119c dziwnego, \u017ce poker jest jednym z najpopularniejszych kasyn. Jedn\u0105 z takich opcji jest Live Poker, gra uwielbiana przez wielu u\u017cytkownik\u00f3w, w kt\u00f3rej wielu u\u017cytkownik\u00f3w mo\u017ce sp\u0119dza\u0107 ca\u0142e wieczory. Dlatego napisali\u015bmy ten artyku\u0142,...","_links":{"self":[{"href":"https:\/\/rocketplay-slot.com\/pl\/wp-json\/wp\/v2\/pages\/2742","targetHints":{"allow":["GET"]}}],"collection":[{"href":"https:\/\/rocketplay-slot.com\/pl\/wp-json\/wp\/v2\/pages"}],"about":[{"href":"https:\/\/rocketplay-slot.com\/pl\/wp-json\/wp\/v2\/types\/page"}],"author":[{"embeddable":true,"href":"https:\/\/rocketplay-slot.com\/pl\/wp-json\/wp\/v2\/users\/1"}],"replies":[{"embeddable":true,"href":"https:\/\/rocketplay-slot.com\/pl\/wp-json\/wp\/v2\/comments?post=2742"}],"version-history":[{"count":3,"href":"https:\/\/rocketplay-slot.com\/pl\/wp-json\/wp\/v2\/pages\/2742\/revisions"}],"predecessor-version":[{"id":4588,"href":"https:\/\/rocketplay-slot.com\/pl\/wp-json\/wp\/v2\/pages\/2742\/revisions\/4588"}],"wp:attachment":[{"href":"https:\/\/rocketplay-slot.com\/pl\/wp-json\/wp\/v2\/media?parent=2742"}],"curies":[{"name":"wp","href":"https:\/\/api.w.org\/{rel}","templated":true}]}}