{"id":2794,"date":"2023-01-11T00:48:32","date_gmt":"2023-01-10T21:48:32","guid":{"rendered":"https:\/\/rocketplay-slot.com\/sports-betting\/"},"modified":"2024-02-08T15:48:30","modified_gmt":"2024-02-08T12:48:30","slug":"sports-betting","status":"publish","type":"page","link":"https:\/\/rocketplay-slot.com\/pl\/sports-betting\/","title":{"rendered":"Przewodnik po zak\u0142adach sportowych dla pocz\u0105tkuj\u0105cych"},"content":{"rendered":"<p>Wielu z nas lubi ogl\u0105da\u0107 r\u00f3\u017cne wydarzenia sportowe. Niekt\u00f3rzy pasjonuj\u0105 si\u0119 okre\u015blonym sportem, wi\u0119c lubi\u0105 ogl\u0105da\u0107, jak robi\u0105 to profesjonali\u015bci. Lubi\u0105 ogl\u0105da\u0107 reszt\u0119 z nas. Niekt\u00f3rzy uwielbiaj\u0105 sportowe emocje zwi\u0105zane z ogl\u0105daniem meczu w oczekiwaniu na zwyci\u0119zc\u0119. Staje si\u0119 to bardziej interesuj\u0105ce, je\u015bli obstawiasz zak\u0142ady sportowe na swoj\u0105 ulubion\u0105 dru\u017cyn\u0119 w biurze bukmacherskim.<\/p>\n<p><img loading=\"lazy\" decoding=\"async\" class=\"aligncenter wp-image-4008\" src=\"https:\/\/rocketplay-slot.com\/wp-content\/uploads\/2024\/02\/5581939_3644-2.jpg\" alt=\"Przewodnik po zak\u0142adach sportowych dla pocz\u0105tkuj\u0105cych\" width=\"800\" height=\"496\" srcset=\"https:\/\/rocketplay-slot.com\/wp-content\/uploads\/2024\/02\/5581939_3644-2.jpg 2500w, https:\/\/rocketplay-slot.com\/wp-content\/uploads\/2024\/02\/5581939_3644-2-300x186.jpg 300w, https:\/\/rocketplay-slot.com\/wp-content\/uploads\/2024\/02\/5581939_3644-2-1024x634.jpg 1024w, https:\/\/rocketplay-slot.com\/wp-content\/uploads\/2024\/02\/5581939_3644-2-768x476.jpg 768w, https:\/\/rocketplay-slot.com\/wp-content\/uploads\/2024\/02\/5581939_3644-2-1536x952.jpg 1536w, https:\/\/rocketplay-slot.com\/wp-content\/uploads\/2024\/02\/5581939_3644-2-2048x1269.jpg 2048w\" sizes=\"auto, (max-width: 800px) 100vw, 800px\" \/><\/p>\n<h2>JAK DZIA\u0141AJ\u0104 ZAK\u0141ADY SPORTOWE?<\/h2>\n<p>Zak\u0142ady sportowe s\u0105 zgodne z pewnymi zasadami we wzorze matematycznym opartym na aplikacji zak\u0142ad\u00f3w sportowych. Zasady te wygl\u0105daj\u0105 mniej wi\u0119cej tak:<\/p>\n<ul>\n<li>ilu u\u017cytkownik\u00f3w obstawia okre\u015blone wyniki. To proste, im cz\u0119\u015bciej u\u017cytkownicy obstawiaj\u0105 okre\u015blony wynik, tym wi\u0119cej os\u00f3b mo\u017ce wydawa\u0107 si\u0119, \u017ce ten wynik jest bardziej prawdopodobny, co oznacza, \u017ce \u200b\u200bkasyno jest zmuszone zmniejszy\u0107 szanse, poniewa\u017c g\u0142\u00f3wnym beneficjentem w \u015bwiecie zak\u0142ad\u00f3w jest biuro bukmacherskie.<\/li>\n<li>matematyczne szanse na okre\u015blony wynik. Okre\u015bla kursy pocz\u0105tkowe dla r\u00f3\u017cnych wynik\u00f3w meczu. Im bardziej prawdopodobny wynik, tym mniejsze szanse na to zdarzenie. Ponadto kursy matematyczne mog\u0105 by\u0107 aktualizowane po rozpocz\u0119ciu obstawiania na podstawie otrzymanych nowych danych. Na przyk\u0142ad kontuzja jednego z graczy w sporcie zespo\u0142owym mo\u017ce wp\u0142yn\u0105\u0107 na wynik, dlatego nale\u017cy zmieni\u0107 kursy.<\/li>\n<li>prowizja od zak\u0142ad\u00f3w. Z zak\u0142ad\u00f3w na dowolne wydarzenie sportowe biuro bukmacherskie zawsze zarobi najwi\u0119cej; w przeciwnym razie jego praca by\u0142aby nieop\u0142acalna. Nie, nie oszukuj\u0105 swoich u\u017cytkownik\u00f3w, ale ich kursy zawsze sk\u0142aniaj\u0105 do obstawiania mniej oczywistego wyniku. Oznacza to, \u017ce masz wi\u0119ksze szanse na przegranie zak\u0142adu, podczas gdy biuro bukmacherskie je dostanie.<\/li>\n<\/ul>\n<p>Znaj\u0105c te podstawowe zasady kasyna, b\u0119dziesz mia\u0142 mniej pyta\u0144 na ten temat.<\/p>\n<h2>R\u00d3\u017bNE RODZAJE ZAK\u0141AD\u00d3W<\/h2>\n<p>Na stronie zak\u0142ad\u00f3w sportowych istnieje wiele r\u00f3\u017cnych rodzaj\u00f3w zak\u0142ad\u00f3w. Wielu niedo\u015bwiadczonych u\u017cytkownik\u00f3w mo\u017ce szybko si\u0119 pomyli\u0107, co\u015b \u017ale zrozumie\u0107 lub skorzysta\u0107 z biura bukmachera, nie z maksymaln\u0105 korzy\u015bci\u0105 dla siebie. Postanowili\u015bmy wi\u0119c pom\u00f3c Ci zrozumie\u0107 ten problem. A oto g\u0142\u00f3wne rodzaje zak\u0142ad\u00f3w na mecz sportowy:<\/p>\n<ul>\n<li>zak\u0142ad na okre\u015blony wynik meczu. To proste, obstawiasz, \u017ce dru\u017cyna \u201eA\u201d wygra, przegra lub zremisuje z dru\u017cyn\u0105 \u201eB\u201d. Lub obstawiasz, \u017ce dru\u017cyna \u201eA\u201d zagra z dru\u017cyn\u0105 \u201eB\u201d z okre\u015blonym wynikiem, na przyk\u0142ad dru\u017cyna \u201eA\u201d wygra mecz z wynikiem 1:0. Te zak\u0142ady nie s\u0105 najbardziej op\u0142acalne, ale s\u0105 naj\u0142atwiejsze, wi\u0119c ryzyko utraty zak\u0142adu jest mniejsze.<\/li>\n<li>obstawianie wydarzenia w meczu. Jest to bardziej skomplikowane ni\u017c obstawianie konkretnego wyniku, ale s\u0105 te\u017c opcje, w kt\u00f3rych ryzyko przegranej jest mniejsze. Na przyk\u0142ad mo\u017cesz obstawi\u0107, \u017ce dru\u017cyna \u201eA\u201d nie przegra lub nie b\u0119dzie remisu. Mo\u017cesz tak\u017ce obstawi\u0107, \u017ce dana dru\u017cyna lub zawodnik otrzyma w tym meczu rzut karny lub strzeli gola. I tuzin r\u00f3\u017cnych opcji tego, co mo\u017ce si\u0119 wydarzy\u0107.<\/li>\n<li>mniej wi\u0119cej. W tego typu zak\u0142adach obstawiasz wydarzenie, kt\u00f3re b\u0119dzie mia\u0142o miejsce mniej wi\u0119cej razy. Na przyk\u0142ad dru\u017cyna \u201eA\u201d zdob\u0119dzie wi\u0119cej ni\u017c trzy gole lub spud\u0142uje mniej ni\u017c 2. Jest to jeden z najpopularniejszych rodzaj\u00f3w zak\u0142ad\u00f3w, poniewa\u017c ten typ zak\u0142adu ma prawie najlepszy stosunek ryzyka do zysku.<\/li>\n<li>zak\u0142ady liniowe. Jest to najbardziej skomplikowany typ zak\u0142ad\u00f3w i obejmuje inne rodzaje zak\u0142ad\u00f3w. W takim przypadku stawiasz na trzy lub wi\u0119cej pojedynk\u00f3w sportowych i otrzymujesz nagrod\u0119, je\u015bli s\u0105 prawid\u0142owe. Jest to jeden z najbardziej ryzykownych rodzaj\u00f3w zak\u0142ad\u00f3w, poniewa\u017c w sporcie wszystko mo\u017ce si\u0119 zdarzy\u0107, zw\u0142aszcza w sportach zespo\u0142owych. Ale jest to korzystne, poniewa\u017c Twoje szanse rosn\u0105 wraz z wi\u0119ksz\u0105 liczb\u0105 mecz\u00f3w, kt\u00f3re obstawiasz.<\/li>\n<\/ul>\n<p>Znaj\u0105c te podstawowe typy zak\u0142ad\u00f3w, mo\u017cesz \u0142atwo postawi\u0107 wiele trafnych zak\u0142ad\u00f3w i zarobi\u0107 dobre pieni\u0105dze przy minimalnym ryzyku.<\/p>\n<h2>STRATEGIE ZAK\u0141AD\u00d3W SPORTOWYCH<\/h2>\n<p>Podobnie jak w ka\u017cdym innym miejscu w \u017cyciu, w najlepszych zak\u0142adach sportowych warto stosowa\u0107 okre\u015blon\u0105 strategi\u0119, aby jak najlepiej wykorzysta\u0107 zak\u0142ady. Dla ka\u017cdego mo\u017ce by\u0107 wyj\u0105tkowy. Ale pami\u0119taj, aby znale\u017a\u0107 w\u0142asne.<\/p>\n<p>Dla kogo\u015b strategi\u0105 mo\u017ce by\u0107 stawianie ma\u0142ych kwot, w oczekiwaniu, \u017ce w ten spos\u00f3b ryzyko utraty wszystkiego jest wielokrotnie mniejsze, ale i mo\u017cliwo\u015b\u0107 wygrania jest mniejsza. Dla kogo\u015b strategia mo\u017ce polega\u0107 na jak najwi\u0119kszej analizie r\u00f3\u017cnych wynik\u00f3w i obstawianiu najbardziej dochodowego i prawdopodobnego z nich. Mimo to rzadko b\u0119dziesz obstawia\u0107 w tym przypadku, wi\u0119c Twoja skuteczno\u015b\u0107 spada.<\/p>\n<p>Koniecznie zapoznaj si\u0119 z tym zagadnieniem i znajd\u017a co\u015b dla siebie.<\/p>\n<h2>WSKAZ\u00d3WKI DOTYCZ\u0104CE ZAK\u0141AD\u00d3W SPORTOWYCH<\/h2>\n<p>Nie mo\u017cemy si\u0119 powstrzyma\u0107, aby nie da\u0107 Ci naszych wskaz\u00f3wek dotycz\u0105cych zak\u0142ad\u00f3w sportowych, aby zminimalizowa\u0107 ryzyko i zmaksymalizowa\u0107 Twoje korzy\u015bci. Oto ma\u0142a lista wskaz\u00f3wek na pocz\u0105tek:<\/p>\n<ul>\n<li>nie zak\u0142adaj si\u0119, je\u015bli cho\u0107 troch\u0119 wypi\u0142e\u015b. Alkohol jest z\u0142y dla twoich zysk\u00f3w. Czujesz mniejsze ryzyko, twoje zmys\u0142y s\u0105 t\u0119pe i mo\u017cesz wyda\u0107 wi\u0119cej, ni\u017c si\u0119 spodziewa\u0142e\u015b. To wywo\u0142a u ciebie negatywne emocje.<\/li>\n<li>nie stawiaj wszystkich pieni\u0119dzy na jedn\u0105 opcj\u0119. Pami\u0119taj, \u017ce w sporcie wszystko mo\u017ce si\u0119 zdarzy\u0107, a nikt nie jest odporny na przegran\u0105, wi\u0119c strata wszystkiego naraz b\u0119dzie bardzo nieprzyjemna. Nie zapomnij r\u00f3\u017cnicowa\u0107 swoich inwestycji.<\/li>\n<li>nie u\u017cywaj najlepszych zak\u0142ad\u00f3w sportowych jako sposobu na zarabianie pieni\u0119dzy. Wykorzystaj to jako spos\u00f3b na zabaw\u0119 lub zwi\u0119kszenie emocji zwi\u0105zanych z ogl\u0105daniem meczu.<\/li>\n<\/ul>\n<p>\u015aledz\u0105c te proste wydarzenia, uzyskasz wi\u0119cej pozytywnych emocji i wi\u0119cej korzy\u015bci z prognoz zak\u0142ad\u00f3w sportowych.<\/p>\n<p><img loading=\"lazy\" decoding=\"async\" class=\"aligncenter wp-image-4017\" src=\"https:\/\/rocketplay-slot.com\/wp-content\/uploads\/2024\/02\/sports-betting-american-football-player-appearing-from-smartphone-field-money-shower.jpg\" alt=\"Przewodnik po zak\u0142adach sportowych dla pocz\u0105tkuj\u0105cych 2\" width=\"800\" height=\"534\" srcset=\"https:\/\/rocketplay-slot.com\/wp-content\/uploads\/2024\/02\/sports-betting-american-football-player-appearing-from-smartphone-field-money-shower.jpg 1000w, https:\/\/rocketplay-slot.com\/wp-content\/uploads\/2024\/02\/sports-betting-american-football-player-appearing-from-smartphone-field-money-shower-300x200.jpg 300w, https:\/\/rocketplay-slot.com\/wp-content\/uploads\/2024\/02\/sports-betting-american-football-player-appearing-from-smartphone-field-money-shower-768x512.jpg 768w\" sizes=\"auto, (max-width: 800px) 100vw, 800px\" \/><\/p>\n<h2>Cz\u0119sto zadawane pytania<\/h2>\n<p>Pocz\u0105tkuj\u0105cy zawsze maj\u0105 wiele oczywistych i nieoczywistych pyta\u0144, z kt\u00f3rych niekt\u00f3re podamy poni\u017cej.<\/p>\n<h3>W JAKIM WIEKU MOG\u0118 OBSTAWIA\u0106 SPORT?<\/h3>\n<p>Zgodnie z prawem, mo\u017cesz bra\u0107 udzia\u0142 w australijskich zak\u0142adach sportowych tylko wtedy, gdy masz uko\u0144czone 21 lat. W przeciwnym razie Twoje konto mo\u017ce zosta\u0107 zablokowane.<\/p>\n<h3>JAK MOG\u0118 DO\u0141ADOWA\u0106 SALDO?<\/h3>\n<p>Mo\u017cesz zdeponowa\u0107 swoje saldo z prawie ka\u017cdego istniej\u0105cego systemu p\u0142atno\u015bci. Mo\u017ce to by\u0107 Visa, MasterCard, American Express, Payoneer lub Tw\u00f3j portfel kryptowalut.<\/p>\n<h3>CZY MOG\u0118 OBSTAWIA\u0106 ZA POMOC\u0104 TELEFONU KOM\u00d3RKOWEGO?<\/h3>\n<p>Tak, mo\u017cesz stawia\u0107 zak\u0142ady nawet z urz\u0105dzenia mobilnego. W tym celu wystarczy wej\u015b\u0107 na oficjaln\u0105 stron\u0119 biura bukmachera i tam si\u0119 zalogowa\u0107. Mo\u017cesz tak\u017ce pobra\u0107 aplikacj\u0119 na sw\u00f3j smartfon z Androidem i obstawia\u0107.<\/p>\n","protected":false},"excerpt":{"rendered":"<p>Wielu z nas lubi ogl\u0105da\u0107 r\u00f3\u017cne wydarzenia sportowe. Niekt\u00f3rzy pasjonuj\u0105 si\u0119 okre\u015blonym sportem, wi\u0119c lubi\u0105 ogl\u0105da\u0107, jak robi\u0105 to profesjonali\u015bci. Lubi\u0105 ogl\u0105da\u0107 reszt\u0119 z nas. Niekt\u00f3rzy uwielbiaj\u0105 sportowe emocje zwi\u0105zane z ogl\u0105daniem meczu w oczekiwaniu na zwyci\u0119zc\u0119. Staje si\u0119 to bardziej interesuj\u0105ce, je\u015bli obstawiasz zak\u0142ady sportowe na swoj\u0105 ulubion\u0105 dru\u017cyn\u0119 w biurze bukmacherskim. JAK DZIA\u0141AJ\u0104&#8230;<\/p>\n","protected":false},"author":1,"featured_media":0,"parent":0,"menu_order":0,"comment_status":"closed","ping_status":"closed","template":"","meta":{"_acf_changed":false,"_kad_post_transparent":"default","_kad_post_title":"default","_kad_post_layout":"default","_kad_post_sidebar_id":"","_kad_post_content_style":"default","_kad_post_vertical_padding":"default","_kad_post_feature":"","_kad_post_feature_position":"","_kad_post_header":false,"_kad_post_footer":false,"footnotes":""},"class_list":["post-2794","page","type-page","status-publish","hentry"],"acf":[],"rttpg_featured_image_url":null,"rttpg_author":{"display_name":"Elvis","author_link":"https:\/\/rocketplay-slot.com\/pl\/author\/pemvas95n89x\/"},"rttpg_comment":0,"rttpg_category":null,"rttpg_excerpt":"Wielu z nas lubi ogl\u0105da\u0107 r\u00f3\u017cne wydarzenia sportowe. Niekt\u00f3rzy pasjonuj\u0105 si\u0119 okre\u015blonym sportem, wi\u0119c lubi\u0105 ogl\u0105da\u0107, jak robi\u0105 to profesjonali\u015bci. Lubi\u0105 ogl\u0105da\u0107 reszt\u0119 z nas. Niekt\u00f3rzy uwielbiaj\u0105 sportowe emocje zwi\u0105zane z ogl\u0105daniem meczu w oczekiwaniu na zwyci\u0119zc\u0119. Staje si\u0119 to bardziej interesuj\u0105ce, je\u015bli obstawiasz zak\u0142ady sportowe na swoj\u0105 ulubion\u0105 dru\u017cyn\u0119 w biurze bukmacherskim. JAK DZIA\u0141AJ\u0104...","_links":{"self":[{"href":"https:\/\/rocketplay-slot.com\/pl\/wp-json\/wp\/v2\/pages\/2794","targetHints":{"allow":["GET"]}}],"collection":[{"href":"https:\/\/rocketplay-slot.com\/pl\/wp-json\/wp\/v2\/pages"}],"about":[{"href":"https:\/\/rocketplay-slot.com\/pl\/wp-json\/wp\/v2\/types\/page"}],"author":[{"embeddable":true,"href":"https:\/\/rocketplay-slot.com\/pl\/wp-json\/wp\/v2\/users\/1"}],"replies":[{"embeddable":true,"href":"https:\/\/rocketplay-slot.com\/pl\/wp-json\/wp\/v2\/comments?post=2794"}],"version-history":[{"count":3,"href":"https:\/\/rocketplay-slot.com\/pl\/wp-json\/wp\/v2\/pages\/2794\/revisions"}],"predecessor-version":[{"id":4572,"href":"https:\/\/rocketplay-slot.com\/pl\/wp-json\/wp\/v2\/pages\/2794\/revisions\/4572"}],"wp:attachment":[{"href":"https:\/\/rocketplay-slot.com\/pl\/wp-json\/wp\/v2\/media?parent=2794"}],"curies":[{"name":"wp","href":"https:\/\/api.w.org\/{rel}","templated":true}]}}