{"id":2846,"date":"2023-01-11T19:13:11","date_gmt":"2023-01-11T16:13:11","guid":{"rendered":"https:\/\/rocketplay-slot.com\/sports-betting\/free\/"},"modified":"2024-02-08T15:09:24","modified_gmt":"2024-02-08T12:09:24","slug":"free","status":"publish","type":"page","link":"https:\/\/rocketplay-slot.com\/pl\/sports-betting\/free\/","title":{"rendered":"Darmowa recenzja zak\u0142ad\u00f3w sportowych"},"content":{"rendered":"<p>Wielu u\u017cytkownik\u00f3w dopiero zapoznaj\u0105cych si\u0119 z zak\u0142adami online nadal boi si\u0119 obstawia\u0107. Do takich firm bukmacherskich nale\u017cy umo\u017cliwienie dokonywania darmowych zak\u0142ad\u00f3w. R\u00f3wnie\u017c darmowe zak\u0142ady mog\u0105 zawiera\u0107, a dla do\u015bwiadczonych graczy na stronach firm bukmacherskich cz\u0119sto odbywaj\u0105 si\u0119 r\u00f3\u017cne promocje i upominki. W\u015br\u00f3d tych promocji i losowa\u0144 mog\u0105 by\u0107 darmowe zak\u0142ady. Cz\u0119sto, aby je zdoby\u0107, trzeba spe\u0142ni\u0107 kilka warunk\u00f3w. Mog\u0105 to by\u0107 warunki zwi\u0105zane z Twoimi zak\u0142adami lub saldem gry.<\/p>\n<p>Dlatego zdecydowali\u015bmy si\u0119 zebra\u0107 nasze bezp\u0142atne typy bukmacherskie Australia, aby maksymalnie u\u0142atwi\u0107 Ci realizacj\u0119 bonus\u00f3w.<\/p>\n<p><img loading=\"lazy\" decoding=\"async\" class=\"aligncenter wp-image-3928\" src=\"https:\/\/rocketplay-slot.com\/wp-content\/uploads\/2024\/02\/side-view-man-holding-tablet.jpg\" alt=\"Darmowa recenzja zak\u0142ad\u00f3w sportowych\" width=\"800\" height=\"534\" srcset=\"https:\/\/rocketplay-slot.com\/wp-content\/uploads\/2024\/02\/side-view-man-holding-tablet.jpg 1000w, https:\/\/rocketplay-slot.com\/wp-content\/uploads\/2024\/02\/side-view-man-holding-tablet-300x200.jpg 300w, https:\/\/rocketplay-slot.com\/wp-content\/uploads\/2024\/02\/side-view-man-holding-tablet-768x513.jpg 768w\" sizes=\"auto, (max-width: 800px) 100vw, 800px\" \/><\/p>\n<h2>CZYM JEST DARMOWY ZAK\u0141AD?<\/h2>\n<p>Darmowe zak\u0142ady online s\u0105 dost\u0119pne w prawie ka\u017cdej firmie bukmacherskiej. To jest program lojalno\u015bciowy. Darmowe zak\u0142ady mog\u0105 by\u0107 cz\u0119\u015bci\u0105 bonus\u00f3w rejestracyjnych, aby u\u0142atwi\u0107 Ci obstawianie pierwszych zak\u0142ad\u00f3w na koszt firmy. Wtedy mo\u017cesz pewniej obstawia\u0107 za w\u0142asne pieni\u0105dze lub z salda, kt\u00f3re wygra\u0142e\u015b dzi\u0119ki darmowym zak\u0142adom.<\/p>\n<p>Cz\u0119sto, aby otrzyma\u0107 darmowe zak\u0142ady, stary gracz firmy bukmacherskiej musi spe\u0142ni\u0107 wiele warunk\u00f3w. Mo\u017ce to by\u0107 uzupe\u0142nienie salda okre\u015blon\u0105 kwot\u0105. Podobnie jak postawienie zak\u0142adu, czasem nieudanego. Na przyk\u0142ad postawi\u0142e\u015b zak\u0142ad w wy\u015bcigach, ale tw\u00f3j faworyt zaj\u0105\u0142 drugie miejsce. Czasami mo\u017ce to by\u0107 warunkiem otrzymania darmowego zak\u0142adu.<\/p>\n<h2>NAJLEPSZE OFERTY DARMOWYCH ZAK\u0141AD\u00d3W<\/h2>\n<p>R\u00f3\u017cne firmy bukmacherskie oferuj\u0105 r\u00f3\u017cne najlepsze oferty darmowych zak\u0142ad\u00f3w. Niekt\u00f3re z nich proponuj\u0119 szczeg\u00f3\u0142owo rozwa\u017cy\u0107:<\/p>\n<ul>\n<li>najcz\u0119stsz\u0105 ofert\u0105 darmowego zak\u0142adu jest sytuacja, w kt\u00f3rej firma bukmacherska pokrywa cz\u0119\u015b\u0107 Twojego zak\u0142adu, ale nie w ca\u0142o\u015bci. Cz\u0119sto s\u0105 one ograniczone maksymalnym pokryciem Twojego zak\u0142adu i procentem Twojego zak\u0142adu, kt\u00f3ry firma bukmacherska mo\u017ce pokry\u0107;<\/li>\n<li>sta\u0142y darmowy zak\u0142ad. Nowicjusze cz\u0119sto mog\u0105 otrzyma\u0107 sta\u0142y darmowy zak\u0142ad jako bonus powitalny. B\u0119dzie to \u015bci\u015ble okre\u015blona kwota Twojego zak\u0142adu, kt\u00f3r\u0105 firma bukmacherska w pe\u0142ni pokryje;<\/li>\n<li>zwrot pieni\u0119dzy za zak\u0142ad. Jest to swego rodzaju nagroda pocieszenia, je\u015bli Tw\u00f3j zak\u0142ad si\u0119 nie sprawdzi\u0142 i nie okaza\u0142 si\u0119 wygrany;<\/li>\n<li>rozszerzony bonus na kursy. Witryny z darmowymi zak\u0142adami cz\u0119sto oferuj\u0105 to pocz\u0105tkuj\u0105cym, a bonusem jest to, \u017ce kasyno oferuje korzystniejsze kursy na wydarzenia sportowe. To sprawi, \u017ce Twoja wygrana b\u0119dzie jeszcze przyjemniejsza;<\/li>\n<li>bonus od depozytu. Firmy bukmacherskie cz\u0119sto daj\u0105 bonus za pierwsz\u0105 wp\u0142at\u0119 w postaci liczby darmowych zak\u0142ad\u00f3w, kt\u00f3re mo\u017cesz obstawi\u0107.<\/li>\n<\/ul>\n<p>S\u0105 to wszystkie mo\u017cliwe oferty r\u00f3\u017cnych firm bukmacherskich. Pami\u0119taj, aby ogl\u0105da\u0107 darmowe prognozy bukmacherskie, aby postawi\u0107 najbardziej op\u0142acalny zak\u0142ad.<\/p>\n<h2>JAK DZIA\u0141AJ\u0104 DARMOWE ZAK\u0141ADY?<\/h2>\n<p>Zak\u0142ady sportowe za darmo dzia\u0142aj\u0105 na tej samej zasadzie, co konwencjonalne zak\u0142ady. Twoje szanse s\u0105 takie same. Mo\u017cesz postawi\u0107 tylko okre\u015blon\u0105 kwot\u0119 okre\u015blon\u0105 w darmowym zak\u0142adzie. Kwota tego zak\u0142adu nie zostanie odj\u0119ta od Twojego salda, ale je\u015bli wygrasz, otrzymasz swoj\u0105 wygran\u0105, z wy\u0142\u0105czeniem kwoty darmowego zak\u0142adu.<\/p>\n<p>To znaczy, je\u015bli postawi\u0142e\u015b darmowe zak\u0142ady sportowe za 10 $ na wydarzenie po kursie 2,58 i wygra\u0142e\u015b. Zwykle dosta\u0142by\u015b 25,8 $, ale tutaj nie stawia\u0142e\u015b swoich pieni\u0119dzy, ale pieni\u0105dze bukmachera. Otrzymasz od 25,8 $ do 10 $, co oznacza, \u017ce Twoja wygrana wyniesie 15,8 $. To nie\u017ale, bior\u0105c pod uwag\u0119, \u017ce nie ryzykowa\u0142e\u015b w\u0142asnych pieni\u0119dzy.<\/p>\n<h2>KORZY\u015aCI Z OFERTY DARMOWYCH ZAK\u0141AD\u00d3W<\/h2>\n<p>Obstawiaj\u0105c darmowe zak\u0142ady sportowe, zyskujesz wiele korzy\u015bci dla siebie. Takie jak minimalne ryzyko utraty inwestycji, najbardziej op\u0142acalna realizacja i przyjemne zarobki przy obstawianiu wydarze\u0144 sportowych. Ale aby zmaksymalizowa\u0107 korzy\u015bci, powiniene\u015b post\u0119powa\u0107 zgodnie z naszymi wskaz\u00f3wkami:<\/p>\n<ul>\n<li>obstawiaj najdok\u0142adniejsze zak\u0142ady, aby\u015b m\u00f3g\u0142 jak najlepiej wykorzysta\u0107 swoje darmowe zak\u0142ady;<\/li>\n<li>zawsze zapoznaj si\u0119 z prognoz\u0105 wydarzenia sportowego od odpowiednich ekspert\u00f3w, dowiedz si\u0119 o nowo\u015bciach, kt\u00f3re mog\u0105 wp\u0142yn\u0105\u0107 na wynik;<\/li>\n<li>obstawiaj bezpo\u015brednio przed wydarzeniem sportowym, aby \u017cadne nowe wydarzenie nie mia\u0142o ju\u017c czasu wp\u0142yn\u0105\u0107 na wynik wydarzenia i poprawnie postawi\u0142e\u015b zak\u0142ad;<\/li>\n<li>zawsze \u015bled\u017a wiadomo\u015bci firmy bukmacherskiej, aby dok\u0142adnie wiedzie\u0107, gdzie mo\u017cesz obstawia\u0107 z maksymaln\u0105 korzy\u015bci\u0105 dla siebie;<\/li>\n<li>\u015bled\u017a nowe promocje i losowania, aby otrzyma\u0107 jak najwi\u0119cej bonus\u00f3w, a z tych bonus\u00f3w uzyska\u0107 jak najwi\u0119cej wygranych;<\/li>\n<li>nigdy nie obstawiaj, je\u015bli pi\u0142e\u015b alkohol. Mo\u017ce to pogorszy\u0107 twoje poczucie ryzyka. Mo\u017cesz podejmowa\u0107 bardziej pochopne decyzje;<\/li>\n<li>pami\u0119taj, \u017ce w sporcie wszystko mo\u017ce si\u0119 zdarzy\u0107, a \u017cadna prognoza nie jest stuprocentowa, wi\u0119c obstawiaj zak\u0142ady z rozwag\u0105.<\/li>\n<\/ul>\n<p>Post\u0119puj\u0105c zgodnie z tymi bezp\u0142atnymi wskaz\u00f3wkami dotycz\u0105cymi zak\u0142ad\u00f3w, mo\u017cesz nie tylko w pe\u0142ni wykorzysta\u0107 swoje bonusy, ale tak\u017ce cieszy\u0107 si\u0119 zak\u0142adami sportowymi.<\/p>\n<p><img loading=\"lazy\" decoding=\"async\" class=\"aligncenter wp-image-3938\" src=\"https:\/\/rocketplay-slot.com\/wp-content\/uploads\/2024\/02\/give-money-united-states-dollar-usd.jpg\" alt=\"Darmowa recenzja zak\u0142ad\u00f3w sportowych 2\" width=\"800\" height=\"534\" srcset=\"https:\/\/rocketplay-slot.com\/wp-content\/uploads\/2024\/02\/give-money-united-states-dollar-usd.jpg 1000w, https:\/\/rocketplay-slot.com\/wp-content\/uploads\/2024\/02\/give-money-united-states-dollar-usd-300x200.jpg 300w, https:\/\/rocketplay-slot.com\/wp-content\/uploads\/2024\/02\/give-money-united-states-dollar-usd-768x512.jpg 768w\" sizes=\"auto, (max-width: 800px) 100vw, 800px\" \/><\/p>\n<h2>WNIOSEK<\/h2>\n<p>Darmowe zak\u0142ady to \u015bwietne narz\u0119dzie nie tylko dla bukmachera, ale r\u00f3wnie\u017c dla graczy, kt\u00f3rzy z nich korzystaj\u0105. I to nie tylko dlatego, \u017ce w ten spos\u00f3b bukmacher zdobywa nowych u\u017cytkownik\u00f3w, a u\u017cytkownicy ponosz\u0105 minimalne ryzyko przy dokonywaniu pierwszych zak\u0142ad\u00f3w. Spr\u00f3buj swoich si\u0142 w \u015bwiecie zak\u0142ad\u00f3w ju\u017c teraz!<\/p>\n","protected":false},"excerpt":{"rendered":"<p>Wielu u\u017cytkownik\u00f3w dopiero zapoznaj\u0105cych si\u0119 z zak\u0142adami online nadal boi si\u0119 obstawia\u0107. Do takich firm bukmacherskich nale\u017cy umo\u017cliwienie dokonywania darmowych zak\u0142ad\u00f3w. R\u00f3wnie\u017c darmowe zak\u0142ady mog\u0105 zawiera\u0107, a dla do\u015bwiadczonych graczy na stronach firm bukmacherskich cz\u0119sto odbywaj\u0105 si\u0119 r\u00f3\u017cne promocje i upominki. W\u015br\u00f3d tych promocji i losowa\u0144 mog\u0105 by\u0107 darmowe zak\u0142ady. Cz\u0119sto, aby je zdoby\u0107, trzeba&#8230;<\/p>\n","protected":false},"author":1,"featured_media":0,"parent":2794,"menu_order":0,"comment_status":"closed","ping_status":"closed","template":"","meta":{"_acf_changed":false,"_kad_post_transparent":"default","_kad_post_title":"default","_kad_post_layout":"default","_kad_post_sidebar_id":"","_kad_post_content_style":"default","_kad_post_vertical_padding":"default","_kad_post_feature":"","_kad_post_feature_position":"","_kad_post_header":false,"_kad_post_footer":false,"footnotes":""},"class_list":["post-2846","page","type-page","status-publish","hentry"],"acf":[],"rttpg_featured_image_url":null,"rttpg_author":{"display_name":"Elvis","author_link":"https:\/\/rocketplay-slot.com\/pl\/author\/pemvas95n89x\/"},"rttpg_comment":0,"rttpg_category":null,"rttpg_excerpt":"Wielu u\u017cytkownik\u00f3w dopiero zapoznaj\u0105cych si\u0119 z zak\u0142adami online nadal boi si\u0119 obstawia\u0107. Do takich firm bukmacherskich nale\u017cy umo\u017cliwienie dokonywania darmowych zak\u0142ad\u00f3w. R\u00f3wnie\u017c darmowe zak\u0142ady mog\u0105 zawiera\u0107, a dla do\u015bwiadczonych graczy na stronach firm bukmacherskich cz\u0119sto odbywaj\u0105 si\u0119 r\u00f3\u017cne promocje i upominki. W\u015br\u00f3d tych promocji i losowa\u0144 mog\u0105 by\u0107 darmowe zak\u0142ady. Cz\u0119sto, aby je zdoby\u0107, trzeba...","_links":{"self":[{"href":"https:\/\/rocketplay-slot.com\/pl\/wp-json\/wp\/v2\/pages\/2846","targetHints":{"allow":["GET"]}}],"collection":[{"href":"https:\/\/rocketplay-slot.com\/pl\/wp-json\/wp\/v2\/pages"}],"about":[{"href":"https:\/\/rocketplay-slot.com\/pl\/wp-json\/wp\/v2\/types\/page"}],"author":[{"embeddable":true,"href":"https:\/\/rocketplay-slot.com\/pl\/wp-json\/wp\/v2\/users\/1"}],"replies":[{"embeddable":true,"href":"https:\/\/rocketplay-slot.com\/pl\/wp-json\/wp\/v2\/comments?post=2846"}],"version-history":[{"count":3,"href":"https:\/\/rocketplay-slot.com\/pl\/wp-json\/wp\/v2\/pages\/2846\/revisions"}],"predecessor-version":[{"id":4540,"href":"https:\/\/rocketplay-slot.com\/pl\/wp-json\/wp\/v2\/pages\/2846\/revisions\/4540"}],"up":[{"embeddable":true,"href":"https:\/\/rocketplay-slot.com\/pl\/wp-json\/wp\/v2\/pages\/2794"}],"wp:attachment":[{"href":"https:\/\/rocketplay-slot.com\/pl\/wp-json\/wp\/v2\/media?parent=2846"}],"curies":[{"name":"wp","href":"https:\/\/api.w.org\/{rel}","templated":true}]}}