{"id":2902,"date":"2023-01-11T19:42:14","date_gmt":"2023-01-11T16:42:14","guid":{"rendered":"https:\/\/rocketplay-slot.com\/sports-betting\/app\/"},"modified":"2024-02-08T15:40:04","modified_gmt":"2024-02-08T12:40:04","slug":"app","status":"publish","type":"page","link":"https:\/\/rocketplay-slot.com\/pl\/sports-betting\/app\/","title":{"rendered":"Recenzja aplikacji do zak\u0142ad\u00f3w sportowych"},"content":{"rendered":"<p>Pr\u0119dzej czy p\u00f3\u017aniej ka\u017cdy aktywny fan ogl\u0105dania wydarze\u0144 sportowych my\u015bli o zwi\u0119kszeniu wra\u017ce\u0144 z ogl\u0105dania mecz\u00f3w sportowych poprzez obstawianie. I to nie jest z\u0142y pomys\u0142. W ko\u0144cu w ten spos\u00f3b mo\u017cna nie tylko ogl\u0105da\u0107, ale tak\u017ce zarabia\u0107 pieni\u0105dze czy kibicowa\u0107 ulubionej dru\u017cynie. Aby to zrobi\u0107, zawsze mo\u017cesz znale\u017a\u0107 aplikacj\u0119 bukmachersk\u0105 w Internecie. A kt\u00f3ry z nich najlepiej wybra\u0107, pomo\u017cemy Ci zrozumie\u0107.<\/p>\n<p><img loading=\"lazy\" decoding=\"async\" class=\"aligncenter wp-image-3988\" src=\"https:\/\/rocketplay-slot.com\/wp-content\/uploads\/2024\/02\/5581939_3644-1.jpg\" alt=\"Recenzja aplikacji do zak\u0142ad\u00f3w sportowych\" width=\"800\" height=\"496\" srcset=\"https:\/\/rocketplay-slot.com\/wp-content\/uploads\/2024\/02\/5581939_3644-1.jpg 2500w, https:\/\/rocketplay-slot.com\/wp-content\/uploads\/2024\/02\/5581939_3644-1-300x186.jpg 300w, https:\/\/rocketplay-slot.com\/wp-content\/uploads\/2024\/02\/5581939_3644-1-1024x634.jpg 1024w, https:\/\/rocketplay-slot.com\/wp-content\/uploads\/2024\/02\/5581939_3644-1-768x476.jpg 768w, https:\/\/rocketplay-slot.com\/wp-content\/uploads\/2024\/02\/5581939_3644-1-1536x952.jpg 1536w, https:\/\/rocketplay-slot.com\/wp-content\/uploads\/2024\/02\/5581939_3644-1-2048x1269.jpg 2048w\" sizes=\"auto, (max-width: 800px) 100vw, 800px\" \/><\/p>\n<h2>NAJLEPSZE APLIKACJE DO ZAK\u0141AD\u00d3W<\/h2>\n<p>W Internecie mo\u017cna znale\u017a\u0107 szczyty i rankingi wielu firm bukmacherskich. Wielu z nich trudno jest zaufa\u0107, poniewa\u017c cz\u0119sto widziano, jak firmy sprzedaj\u0105 swoje opinie i miejsca w rankingach za pieni\u0105dze, co ka\u017ce w\u0105tpi\u0107 w ich obiektywno\u015b\u0107. Ale jest wiele uczciwych ocen, ale niestety czasami trudno je znale\u017a\u0107 i odr\u00f3\u017cni\u0107 od k\u0142amc\u00f3w. Postanowili\u015bmy wi\u0119c sporz\u0105dzi\u0107 nasz\u0105 ma\u0142\u0105 list\u0119 najlepszych aplikacji bukmacherskich z obiektywnymi kryteriami:<\/p>\n<ul>\n<li>BetWinner to jedna z najbardziej znanych aplikacji do zak\u0142ad\u00f3w sportowych. Znajdziesz doskona\u0142e bonusy dla nowych u\u017cytkownik\u00f3w za rejestracj\u0119 i pierwsz\u0105 wp\u0142at\u0119. S\u0105 to urocze kursy i du\u017cy wyb\u00f3r zak\u0142ad\u00f3w. Wypr\u00f3buj ich us\u0142ugi;<\/li>\n<li>WinBet &#8211; ta firma bukmacherska oferuje jedn\u0105 z najbardziej rozbudowanych linii zak\u0142ad\u00f3w na r\u00f3\u017cnorodne dyscypliny sportowe i dobre kursy na nie. Oto najlepsze promocje aplikacji do zak\u0142ad\u00f3w sportowych, kt\u00f3re idealnie wynagradzaj\u0105 najbardziej lojalnych graczy wspania\u0142ymi bonusami i promocjami;<\/li>\n<li>BetWin to biuro bukmacherskie z jednym z najprostszych i najbardziej zwi\u0119z\u0142ych projekt\u00f3w. I niekt\u00f3rzy mog\u0105 powiedzie\u0107, \u017ce nie jest to najwa\u017cniejsza rzecz, ale nadal jest jedn\u0105 z podstawowych cz\u0119\u015bci. Dobry projekt zawsze pomaga u\u017cytkownikowi, a pocz\u0105tkuj\u0105cy zawsze mo\u017ce zrobi\u0107 to, czego potrzebuje, za pomoc\u0105 kilku klikni\u0119\u0107. Ponadto niekt\u00f3re z najkorzystniejszych kurs\u00f3w i doskona\u0142e wsparcie techniczne odpowiedz\u0105 na wszelkie pytania, kt\u00f3re mo\u017cesz mie\u0107 24 godziny na dob\u0119, 7 dni w tygodniu.<\/li>\n<\/ul>\n<p>Zawsze mo\u017cesz polega\u0107 na naszej ma\u0142ej li\u015bcie, aby znale\u017a\u0107 niezawodnego partnera w \u015bwiecie najlepszych aplikacji bukmacherskich.<\/p>\n<h2>NAJLEPSZE APLIKACJE DO ZAK\u0141AD\u00d3W NA \u017bYWO<\/h2>\n<p>Ponadto wiele os\u00f3b lubi obstawia\u0107 w czasie rzeczywistym, a wiele firm bukmacherskich daje tak\u0105 mo\u017cliwo\u015b\u0107. Dlatego sugerujemy rozwa\u017cenie g\u0142\u00f3wnych:<\/p>\n<ul>\n<li>SkyBet &#8211; oferuje wiele r\u00f3\u017cnych opcji zak\u0142ad\u00f3w w formacie na \u017cywo.<\/li>\n<li>BetBoom &#8211; najpopularniejsza aplikacja bukmacherska, znana z hojnych bonus\u00f3w i \u015bwietnych kurs\u00f3w.<\/li>\n<li>FonBet to firma bukmacherska prawie bez wad. S\u0105 dobrzy we wszystkim. Niekt\u00f3rzy uwa\u017caj\u0105 j\u0105 nawet za najlepsz\u0105 aplikacj\u0119 bukmachersk\u0105 w Australii.<\/li>\n<\/ul>\n<p>Sprawd\u017a te listy, aby wybra\u0107 to, co jest dla Ciebie odpowiednie.<\/p>\n<h2>JAK POBRA\u0106<\/h2>\n<p>Aby pobra\u0107 aplikacj\u0119 do zak\u0142ad\u00f3w sportowych, post\u0119puj zgodnie z naszymi kr\u00f3tkimi instrukcjami:<\/p>\n<ol>\n<li>Wejd\u017a na oficjaln\u0105 stron\u0119 firmy bukmacherskiej, kt\u00f3ra Ci\u0119 interesuje.<\/li>\n<li>U g\u00f3ry ekranu pojawi si\u0119 propozycja pobrania aplikacji na telefon kom\u00f3rkowy. Kliknij tutaj, a pobieranie rozpocznie si\u0119 automatycznie.<\/li>\n<li>Po zako\u0144czeniu pobierania zainstaluj go.<\/li>\n<li>Po zainstalowaniu aplikacji otw\u00f3rz j\u0105.<\/li>\n<li>Aby obstawia\u0107 zak\u0142ady, musisz si\u0119 zalogowa\u0107 lub zarejestrowa\u0107. Je\u015bli rejestrujesz nowe konto, pami\u0119taj o podaniu aktualnych danych oraz poprawnego adresu e-mail. Pami\u0119taj r\u00f3wnie\u017c, aby do\u0142\u0105czy\u0107 sw\u00f3j kod zaproszenia, aby\u015b m\u00f3g\u0142 otrzyma\u0107 wi\u0119cej bonus\u00f3w na starcie i aby ten, kt\u00f3ry ci\u0119 zaprosi\u0142, otrzyma\u0142 swoje bonusy za ciebie.<\/li>\n<li>Po zalogowaniu mo\u017cesz wp\u0142aci\u0107 saldo i postawi\u0107 pierwsze zak\u0142ady sportowe.<\/li>\n<\/ol>\n<p>Je\u015bli zastosujesz si\u0119 do tych instrukcji, mo\u017cesz jak najszybciej rozpocz\u0105\u0107 obstawianie. Te instrukcje dotycz\u0105 smartfon\u00f3w z systemem Android. Je\u015bli masz iPhone&#8217;a, mo\u017cesz obstawia\u0107 zak\u0142ady z mobilnej strony firm bukmacherskich. Cz\u0119sto s\u0105 one idealnie zoptymalizowane pod k\u0105tem Twojego smartfona.<\/p>\n<h2>ZALETY ZAK\u0141AD\u00d3W SPORTOWYCH NA URZ\u0104DZENIA MOBILNE<\/h2>\n<p>Obstawianie wydarze\u0144 sportowych z urz\u0105dze\u0144 mobilnych ma wiele pozytywnych aspekt\u00f3w. Dla ka\u017cdego mog\u0105 by\u0107 inne, ale istnieje wiele wsp\u00f3lnych zalet. Proponuj\u0119 rozwa\u017cy\u0107 niekt\u00f3re z poni\u017cszych:<\/p>\n<ul>\n<li>zawsze mo\u017cesz stawia\u0107 zak\u0142ady na najbardziej aktualne wydarzenia, nawet je\u015bli nie ma Ci\u0119 w domu, i zajmie to minimum Twojego czasu;<\/li>\n<li>wygoda w korzystaniu z aplikacji mobilnej to znacznie wi\u0119cej ni\u017c podobne czynno\u015bci z komputera;<\/li>\n<li>zawsze mo\u017cesz stawia\u0107 zak\u0142ady w czasie rzeczywistym, nawet podczas ogl\u0105dania meczu i nie b\u0119dziesz musia\u0142 przerywa\u0107 ogl\u0105dania meczu na telewizorze.<\/li>\n<\/ul>\n<p>A to nie wszystkie korzy\u015bci z obstawiania z telefonu kom\u00f3rkowego, wi\u0119c masz szans\u0119 znale\u017a\u0107 korzy\u015bci, kt\u00f3re s\u0105 dla Ciebie odpowiednie.<\/p>\n<p><img loading=\"lazy\" decoding=\"async\" class=\"aligncenter wp-image-3997\" src=\"https:\/\/rocketplay-slot.com\/wp-content\/uploads\/2024\/02\/watch-live-sports-event-your-mobile-device-betting-football-matches.jpg\" alt=\"Recenzja aplikacji do zak\u0142ad\u00f3w sportowych 2\" width=\"800\" height=\"448\" srcset=\"https:\/\/rocketplay-slot.com\/wp-content\/uploads\/2024\/02\/watch-live-sports-event-your-mobile-device-betting-football-matches.jpg 1000w, https:\/\/rocketplay-slot.com\/wp-content\/uploads\/2024\/02\/watch-live-sports-event-your-mobile-device-betting-football-matches-300x168.jpg 300w, https:\/\/rocketplay-slot.com\/wp-content\/uploads\/2024\/02\/watch-live-sports-event-your-mobile-device-betting-football-matches-768x430.jpg 768w\" sizes=\"auto, (max-width: 800px) 100vw, 800px\" \/><\/p>\n<h2>Cz\u0119sto zadawane pytania<\/h2>\n<p>Nowi u\u017cytkownicy zawsze maj\u0105 wiele r\u00f3\u017cnych pyta\u0144, czego mo\u017cna si\u0119 spodziewa\u0107, dlatego postanowili\u015bmy zebra\u0107 te najpopularniejsze i udzieli\u0107 na nie odpowiedzi.<\/p>\n<h3>JE\u015aLI MAM TYLKO 17 LAT, CZY MOG\u0118 ZACZ\u0104\u0106 OBSTAWIA\u0106?<\/h3>\n<p>Nie, zgodnie z prawem mo\u017cna \u015bci\u015ble uczestniczy\u0107 w grach hazardowych od 18 roku \u017cycia. Dzieje si\u0119 tak, poniewa\u017c wielu nieletnich mo\u017ce nie by\u0107 gotowych oprze\u0107 si\u0119 uczuciu hazardu i straci\u0107 du\u017co pieni\u0119dzy, cz\u0119sto nie w\u0142asnych, ale pieni\u0119dzy rodzic\u00f3w.<\/p>\n<h3>CZY MOG\u0118 WYP\u0141ACI\u0106 WYGRANE DO PORTFELA KRYPTOWALUT?<\/h3>\n<p>Wiele firm bukmacherskich zapewnia obecnie tak\u0105 mo\u017cliwo\u015b\u0107, ale s\u0105 tacy, dla kt\u00f3rych ta funkcja nie jest dost\u0119pna. Dlatego powiniene\u015b uwa\u017cnie czyta\u0107 recenzje aplikacji bukmacherskich. B\u0119dzie o tym pisa\u0107.<\/p>\n<h3>CZYM JEST BONUS POWITALNY?<\/h3>\n<p>Jest to bonus, kt\u00f3ry otrzymujesz podczas rejestracji konta. Odbywa si\u0119 to po to, aby wi\u0119cej nowych u\u017cytkownik\u00f3w pozosta\u0142o w firmach bukmacherskich.<\/p>\n","protected":false},"excerpt":{"rendered":"<p>Pr\u0119dzej czy p\u00f3\u017aniej ka\u017cdy aktywny fan ogl\u0105dania wydarze\u0144 sportowych my\u015bli o zwi\u0119kszeniu wra\u017ce\u0144 z ogl\u0105dania mecz\u00f3w sportowych poprzez obstawianie. I to nie jest z\u0142y pomys\u0142. W ko\u0144cu w ten spos\u00f3b mo\u017cna nie tylko ogl\u0105da\u0107, ale tak\u017ce zarabia\u0107 pieni\u0105dze czy kibicowa\u0107 ulubionej dru\u017cynie. Aby to zrobi\u0107, zawsze mo\u017cesz znale\u017a\u0107 aplikacj\u0119 bukmachersk\u0105 w Internecie. A kt\u00f3ry z&#8230;<\/p>\n","protected":false},"author":1,"featured_media":0,"parent":2794,"menu_order":0,"comment_status":"closed","ping_status":"closed","template":"","meta":{"_acf_changed":false,"_kad_post_transparent":"default","_kad_post_title":"default","_kad_post_layout":"default","_kad_post_sidebar_id":"","_kad_post_content_style":"default","_kad_post_vertical_padding":"default","_kad_post_feature":"","_kad_post_feature_position":"","_kad_post_header":false,"_kad_post_footer":false,"footnotes":""},"class_list":["post-2902","page","type-page","status-publish","hentry"],"acf":[],"rttpg_featured_image_url":null,"rttpg_author":{"display_name":"Elvis","author_link":"https:\/\/rocketplay-slot.com\/pl\/author\/pemvas95n89x\/"},"rttpg_comment":0,"rttpg_category":null,"rttpg_excerpt":"Pr\u0119dzej czy p\u00f3\u017aniej ka\u017cdy aktywny fan ogl\u0105dania wydarze\u0144 sportowych my\u015bli o zwi\u0119kszeniu wra\u017ce\u0144 z ogl\u0105dania mecz\u00f3w sportowych poprzez obstawianie. I to nie jest z\u0142y pomys\u0142. W ko\u0144cu w ten spos\u00f3b mo\u017cna nie tylko ogl\u0105da\u0107, ale tak\u017ce zarabia\u0107 pieni\u0105dze czy kibicowa\u0107 ulubionej dru\u017cynie. Aby to zrobi\u0107, zawsze mo\u017cesz znale\u017a\u0107 aplikacj\u0119 bukmachersk\u0105 w Internecie. A kt\u00f3ry z...","_links":{"self":[{"href":"https:\/\/rocketplay-slot.com\/pl\/wp-json\/wp\/v2\/pages\/2902","targetHints":{"allow":["GET"]}}],"collection":[{"href":"https:\/\/rocketplay-slot.com\/pl\/wp-json\/wp\/v2\/pages"}],"about":[{"href":"https:\/\/rocketplay-slot.com\/pl\/wp-json\/wp\/v2\/types\/page"}],"author":[{"embeddable":true,"href":"https:\/\/rocketplay-slot.com\/pl\/wp-json\/wp\/v2\/users\/1"}],"replies":[{"embeddable":true,"href":"https:\/\/rocketplay-slot.com\/pl\/wp-json\/wp\/v2\/comments?post=2902"}],"version-history":[{"count":3,"href":"https:\/\/rocketplay-slot.com\/pl\/wp-json\/wp\/v2\/pages\/2902\/revisions"}],"predecessor-version":[{"id":4564,"href":"https:\/\/rocketplay-slot.com\/pl\/wp-json\/wp\/v2\/pages\/2902\/revisions\/4564"}],"up":[{"embeddable":true,"href":"https:\/\/rocketplay-slot.com\/pl\/wp-json\/wp\/v2\/pages\/2794"}],"wp:attachment":[{"href":"https:\/\/rocketplay-slot.com\/pl\/wp-json\/wp\/v2\/media?parent=2902"}],"curies":[{"name":"wp","href":"https:\/\/api.w.org\/{rel}","templated":true}]}}