{"id":2954,"date":"2023-01-11T23:08:32","date_gmt":"2023-01-11T20:08:32","guid":{"rendered":"https:\/\/rocketplay-slot.com\/sports-betting\/handball\/"},"modified":"2024-02-08T15:00:04","modified_gmt":"2024-02-08T12:00:04","slug":"handball","status":"publish","type":"page","link":"https:\/\/rocketplay-slot.com\/pl\/sports-betting\/handball\/","title":{"rendered":"Przewodnik po zak\u0142adach na pi\u0142k\u0119 r\u0119czn\u0105"},"content":{"rendered":"<p>Pi\u0142ka r\u0119czna nie jest zbyt popularnym sportem, wi\u0119c nie ma zbyt wielu fan\u00f3w zak\u0142ad\u00f3w na pi\u0142k\u0119 r\u0119czn\u0105. Ale to jest \u015bwietne, poniewa\u017c im wi\u0119cej os\u00f3b obstawia okre\u015blone wydarzenie, tym ni\u017csze s\u0105 na nie szanse, a poniewa\u017c niewielu ludzi obstawia pi\u0142k\u0119 r\u0119czn\u0105, szanse s\u0105 wi\u0119ksze, a potencjalne wygrane r\u00f3wnie\u017c wi\u0119ksze.<\/p>\n<p>Ponadto ka\u017cdy u\u017cytkownik mo\u017ce otrzyma\u0107 bonus powitalny, a zwi\u0119kszone szanse na mecze pi\u0142ki r\u0119cznej s\u0105 \u015bwietne, aby pom\u00f3c Ci zarobi\u0107 wi\u0119cej pieni\u0119dzy na imprezach zwi\u0105zanych z pi\u0142k\u0105 r\u0119czn\u0105. Koniecznie spr\u00f3buj obstawi\u0107 mecz pi\u0142ki r\u0119cznej po przeczytaniu naszego artyku\u0142u.<\/p>\n<p><img loading=\"lazy\" decoding=\"async\" class=\"aligncenter wp-image-3908\" src=\"https:\/\/rocketplay-slot.com\/wp-content\/uploads\/2024\/02\/soccer-player-stadium-action-mixed-media.jpg\" alt=\"Przewodnik po zak\u0142adach na pi\u0142k\u0119 r\u0119czn\u0105\" width=\"800\" height=\"466\" srcset=\"https:\/\/rocketplay-slot.com\/wp-content\/uploads\/2024\/02\/soccer-player-stadium-action-mixed-media.jpg 1000w, https:\/\/rocketplay-slot.com\/wp-content\/uploads\/2024\/02\/soccer-player-stadium-action-mixed-media-300x175.jpg 300w, https:\/\/rocketplay-slot.com\/wp-content\/uploads\/2024\/02\/soccer-player-stadium-action-mixed-media-768x448.jpg 768w\" sizes=\"auto, (max-width: 800px) 100vw, 800px\" \/><\/p>\n<h2>PODSTAWOWE ZASADY PI\u0141KI R\u0118CZNEJ<\/h2>\n<p>Pi\u0142ka r\u0119czna jest bardzo podobna do pi\u0142ki no\u017cnej na si\u0142owni. I rzeczywi\u015bcie istnieje wiele podobie\u0144stw, a g\u0142\u00f3wna r\u00f3\u017cnica polega na tym, \u017ce w pi\u0142ce r\u0119cznej nie mo\u017cna gra\u0107 nogami, aw pi\u0142ce no\u017cnej r\u0119kami.<\/p>\n<p>Ale r\u00f3\u017cnic jest znacznie wi\u0119cej. Przejd\u017amy do sedna sprawy. W meczu pi\u0142ki r\u0119cznej bior\u0105 udzia\u0142 dwie dru\u017cyny po 7 zawodnik\u00f3w ka\u017cda. Zespo\u0142y mog\u0105 dokonywa\u0107 zmian zawodnik\u00f3w, je\u015bli kto\u015b jest kontuzjowany lub zm\u0119czony. Mecz pi\u0142ki r\u0119cznej trwa tylko dwie po\u0142owy po 30 minut ka\u017cda, co jest \u015bwietne, poniewa\u017c mo\u017cesz postawi\u0107 wi\u0119cej zak\u0142ad\u00f3w i zajmie to mniej czasu. W pi\u0142ce r\u0119cznej nie mo\u017cna d\u0142ugo trzyma\u0107 pi\u0142ki. Jeden uczestnik raz na 3 sekundy lub kroki. Musi by\u0107 podanie lub drybling. To sprawia, \u017ce sport jest bardzo dynamiczny i widowiskowy. Koniecznie obejrzyj to.<\/p>\n<h2>DLACZEGO WARTO STAWIA\u0106 ONLINE NA PI\u0141K\u0118 R\u0118CZN\u0104?<\/h2>\n<p>Mo\u017cesz obstawia\u0107 offline podczas meczu lub online, ogl\u0105daj\u0105c mecz w domu z telefonu kom\u00f3rkowego lub telewizora. Wiele os\u00f3b nadal preferuje obstawianie offline, jednak wi\u0105\u017ce si\u0119 to z wieloma niedogodno\u015bciami. Dlatego wszyscy zalecamy obstawianie online.<\/p>\n<p>Stawiaj\u0105c zak\u0142ad u bukmachera online, nie musisz sta\u0107 w kolejce, czekaj\u0105c na z\u0142o\u017cenie zak\u0142adu lub odbi\u00f3r wygranej. Ponadto w formacie online masz znacznie lepszy wyb\u00f3r wariant\u00f3w swojego zak\u0142adu, skorzystaj z tego. Nie musisz mie\u0107 got\u00f3wki. Zawsze mo\u017cesz zap\u0142aci\u0107 kart\u0105 bankow\u0105 lub kryptowalut\u0105 i wygodnie odebra\u0107 wygran\u0105. Skorzystaj tak\u017ce z promocji zak\u0142ad\u00f3w na pi\u0142k\u0119 r\u0119czn\u0105, aby zarobi\u0107 jak najwi\u0119cej.<\/p>\n<h2>RODZAJE ZAK\u0141AD\u00d3W<\/h2>\n<p>Wszystkie strony z zak\u0142adami na pi\u0142k\u0119 r\u0119czn\u0105 maj\u0105 wiele mo\u017cliwych zak\u0142ad\u00f3w, co mo\u017ce zdezorientowa\u0107 niedo\u015bwiadczonego u\u017cytkownika. Postanowili\u015bmy wi\u0119c pom\u00f3c Ci zrozumie\u0107 niekt\u00f3re z nich:<\/p>\n<ul>\n<li>zak\u0142ady na zwyci\u0119sk\u0105 lini\u0119. Jest to jedna z naj\u0142atwiejszych metod obstawiania. Obstawiasz ko\u0144cowy wynik meczu. Obstawiasz, \u017ce dru\u017cyna \u201eA\u201d wygra, przegra lub zremisuje z dru\u017cyn\u0105 \u201eB\u201d.<\/li>\n<li>obstawianie konkretnego wyniku. Mo\u017cesz postawi\u0107 na dok\u0142adny wynik meczu. Ale powiniene\u015b zrozumie\u0107, \u017ce je\u015bli Twoja dru\u017cyna wygra\u0142a, ale wynik okaza\u0142 si\u0119 inny &#8211; nadal przegrasz.<\/li>\n<li>wi\u0119cej\/mniej &#8211; mo\u017cesz obstawia\u0107, czy to lub inne zdarzenie b\u0119dzie mia\u0142o miejsce wi\u0119cej, czy mniej razy. Na przyk\u0142ad mo\u017cesz postawi\u0107 zak\u0142ad, \u017ce Twoja dru\u017cyna zdob\u0119dzie wi\u0119cej ni\u017c trzy gole lub straci mniej ni\u017c dwa gole.<\/li>\n<li>obstawiaj konkretne wydarzenie &#8211; mo\u017cesz postawi\u0107 na to, czy dane wydarzenie si\u0119 wydarzy. Na przyk\u0142ad, je\u015bli gracz dru\u017cyny \u201eA\u201d zdob\u0119dzie bramk\u0119 lub by\u0107 mo\u017ce w tym meczu, gracz zostanie usuni\u0119ty.<\/li>\n<li>mo\u017cesz tak\u017ce postawi\u0107 na kilka mecz\u00f3w &#8211; mo\u017cesz postawi\u0107 na trzy lub wi\u0119cej mecz\u00f3w pi\u0142ki r\u0119cznej jednocze\u015bnie w ramach jednego zak\u0142adu, a kurs b\u0119dzie r\u00f3s\u0142 tylko dla ka\u017cdego meczu. Aby wygra\u0107, potrzebujesz wszystkich zak\u0142ad\u00f3w. Je\u015bli postawi\u0142e\u015b na pi\u0119\u0107 mecz\u00f3w i tylko jeden by\u0142 fa\u0142szywy, nadal nie otrzymasz swojej wygranej. Wi\u0119c b\u0105d\u017a ostro\u017cny z tego rodzaju zak\u0142adami.<\/li>\n<\/ul>\n<p>W r\u00f3\u017cnych firmach bukmacherskich mo\u017cna znale\u017a\u0107 inne opcje obstawiania, ale to w\u0142a\u015bnie te polecamy pocz\u0105tkuj\u0105cym, poniewa\u017c s\u0105 tak proste, jak to tylko mo\u017cliwe i daj\u0105 dobre kursy.<\/p>\n<h2>PORADY<\/h2>\n<p>Ka\u017cdy do\u015bwiadczony u\u017cytkownik z pewno\u015bci\u0105 ma swoj\u0105 strategi\u0119 obstawiania pi\u0142ki r\u0119cznej. Poniewa\u017c jest to dobrze przemy\u015blana strategia, kt\u00f3ra pozwala zarz\u0105dza\u0107 saldem tak efektywnie, jak to mo\u017cliwe, dlatego przygotowali\u015bmy dla Ciebie kilka podstawowych wskaz\u00f3wek dotycz\u0105cych zak\u0142ad\u00f3w na pi\u0142k\u0119 r\u0119czn\u0105:<\/p>\n<ul>\n<li>nie gra\u0107 pod wp\u0142ywem alkoholu. Mo\u017ce to zaszkodzi\u0107 twoim wynikom, poniewa\u017c mo\u017cesz mie\u0107 przyt\u0119pione poczucie proporcji i zagro\u017cenia;<\/li>\n<li>koniecznie obejrzyj prognozy zak\u0142ad\u00f3w na pi\u0142k\u0119 r\u0119czn\u0105. Pomo\u017ce Ci to postawi\u0107 mo\u017cliwie najdok\u0142adniejszy zak\u0142ad;<\/li>\n<li>wykorzystaj najlepsze kursy na pi\u0142k\u0119 r\u0119czn\u0105, aby Twoje wygrane by\u0142y jak najwi\u0119ksze;<\/li>\n<li>nie u\u017cywaj zak\u0142ad\u00f3w na pi\u0142k\u0119 r\u0119czn\u0105 do zarabiania pieni\u0119dzy, poniewa\u017c pi\u0142ka r\u0119czna to gra zespo\u0142owa, a wynik zale\u017cy od wielu fakt\u00f3w, kt\u00f3rych nie mo\u017cesz przewidzie\u0107.<\/li>\n<\/ul>\n<p>Post\u0119puj zgodnie z naszym przewodnikiem dotycz\u0105cym zak\u0142ad\u00f3w na pi\u0142k\u0119 r\u0119czn\u0105, aby Twoja inwestycja by\u0142a jak najbardziej op\u0142acalna, przy jednoczesnym niewielkim ryzyku utraty inwestycji.<\/p>\n<p><img loading=\"lazy\" decoding=\"async\" class=\"aligncenter wp-image-3918\" src=\"https:\/\/rocketplay-slot.com\/wp-content\/uploads\/2024\/02\/soccer-player-ready-play-with-soccerball-stadium.jpg\" alt=\"Przewodnik po zak\u0142adach na pi\u0142k\u0119 r\u0119czn\u0105 2\" width=\"800\" height=\"534\" srcset=\"https:\/\/rocketplay-slot.com\/wp-content\/uploads\/2024\/02\/soccer-player-ready-play-with-soccerball-stadium.jpg 1000w, https:\/\/rocketplay-slot.com\/wp-content\/uploads\/2024\/02\/soccer-player-ready-play-with-soccerball-stadium-300x200.jpg 300w, https:\/\/rocketplay-slot.com\/wp-content\/uploads\/2024\/02\/soccer-player-ready-play-with-soccerball-stadium-768x512.jpg 768w\" sizes=\"auto, (max-width: 800px) 100vw, 800px\" \/><\/p>\n<h2>Cz\u0119sto zadawane pytania<\/h2>\n<p>Bez wzgl\u0119du na to, jak do\u015bwiadczonym jeste\u015b u\u017cytkownikiem, zawsze mo\u017cesz mie\u0107 pytania dotycz\u0105ce dzia\u0142ania firmy bukmacherskiej. Dlatego zebrali\u015bmy kilka popularnych i podali\u015bmy odpowiedzi.<\/p>\n<h3>SK\u0104D MAM WIEDZIE\u0106, NA KOGO STAWIA\u0106?<\/h3>\n<p>Nie da si\u0119 w 100% pozna\u0107 zwyci\u0119zcy przed ko\u0144cowym gwizdkiem. Mo\u017cesz jednak zsumowa\u0107 wszystkie obiektywne i subiektywne czynniki i spr\u00f3bowa\u0107 samodzielnie wy\u0142oni\u0107 zwyci\u0119zc\u0119 nadchodz\u0105cego meczu. Od czasu do czasu nawet outsiderzy wygrywaj\u0105 z liderami.<\/p>\n<h3>NA JAKIE WYDARZENIA STAWIA\u0106?<\/h3>\n<p>Niekt\u00f3re turnieje nie s\u0105 dost\u0119pne u niekt\u00f3rych bukmacher\u00f3w. Przewa\u017cnie mniej profesjonalne mecze nie s\u0105 dost\u0119pne. Warto te\u017c postawi\u0107 na zwyci\u0119stwo jednej z dru\u017cyn.<\/p>\n<h3>W JAKIM WIEKU MOG\u0118 STAWIA\u0106?<\/h3>\n<p>Mo\u017cesz zacz\u0105\u0107 uprawia\u0107 hazard dopiero po uko\u0144czeniu 18 roku \u017cycia. Prawo to \u015bci\u015ble okre\u015bla, a firmy bukmacherskie tego nie \u0142ami\u0105.<\/p>\n","protected":false},"excerpt":{"rendered":"<p>Pi\u0142ka r\u0119czna nie jest zbyt popularnym sportem, wi\u0119c nie ma zbyt wielu fan\u00f3w zak\u0142ad\u00f3w na pi\u0142k\u0119 r\u0119czn\u0105. Ale to jest \u015bwietne, poniewa\u017c im wi\u0119cej os\u00f3b obstawia okre\u015blone wydarzenie, tym ni\u017csze s\u0105 na nie szanse, a poniewa\u017c niewielu ludzi obstawia pi\u0142k\u0119 r\u0119czn\u0105, szanse s\u0105 wi\u0119ksze, a potencjalne wygrane r\u00f3wnie\u017c wi\u0119ksze. Ponadto ka\u017cdy u\u017cytkownik mo\u017ce otrzyma\u0107 bonus&#8230;<\/p>\n","protected":false},"author":1,"featured_media":0,"parent":2794,"menu_order":0,"comment_status":"closed","ping_status":"closed","template":"","meta":{"_acf_changed":false,"_kad_post_transparent":"default","_kad_post_title":"default","_kad_post_layout":"default","_kad_post_sidebar_id":"","_kad_post_content_style":"default","_kad_post_vertical_padding":"default","_kad_post_feature":"","_kad_post_feature_position":"","_kad_post_header":false,"_kad_post_footer":false,"footnotes":""},"class_list":["post-2954","page","type-page","status-publish","hentry"],"acf":[],"rttpg_featured_image_url":null,"rttpg_author":{"display_name":"Elvis","author_link":"https:\/\/rocketplay-slot.com\/pl\/author\/pemvas95n89x\/"},"rttpg_comment":0,"rttpg_category":null,"rttpg_excerpt":"Pi\u0142ka r\u0119czna nie jest zbyt popularnym sportem, wi\u0119c nie ma zbyt wielu fan\u00f3w zak\u0142ad\u00f3w na pi\u0142k\u0119 r\u0119czn\u0105. Ale to jest \u015bwietne, poniewa\u017c im wi\u0119cej os\u00f3b obstawia okre\u015blone wydarzenie, tym ni\u017csze s\u0105 na nie szanse, a poniewa\u017c niewielu ludzi obstawia pi\u0142k\u0119 r\u0119czn\u0105, szanse s\u0105 wi\u0119ksze, a potencjalne wygrane r\u00f3wnie\u017c wi\u0119ksze. Ponadto ka\u017cdy u\u017cytkownik mo\u017ce otrzyma\u0107 bonus...","_links":{"self":[{"href":"https:\/\/rocketplay-slot.com\/pl\/wp-json\/wp\/v2\/pages\/2954","targetHints":{"allow":["GET"]}}],"collection":[{"href":"https:\/\/rocketplay-slot.com\/pl\/wp-json\/wp\/v2\/pages"}],"about":[{"href":"https:\/\/rocketplay-slot.com\/pl\/wp-json\/wp\/v2\/types\/page"}],"author":[{"embeddable":true,"href":"https:\/\/rocketplay-slot.com\/pl\/wp-json\/wp\/v2\/users\/1"}],"replies":[{"embeddable":true,"href":"https:\/\/rocketplay-slot.com\/pl\/wp-json\/wp\/v2\/comments?post=2954"}],"version-history":[{"count":3,"href":"https:\/\/rocketplay-slot.com\/pl\/wp-json\/wp\/v2\/pages\/2954\/revisions"}],"predecessor-version":[{"id":4532,"href":"https:\/\/rocketplay-slot.com\/pl\/wp-json\/wp\/v2\/pages\/2954\/revisions\/4532"}],"up":[{"embeddable":true,"href":"https:\/\/rocketplay-slot.com\/pl\/wp-json\/wp\/v2\/pages\/2794"}],"wp:attachment":[{"href":"https:\/\/rocketplay-slot.com\/pl\/wp-json\/wp\/v2\/media?parent=2954"}],"curies":[{"name":"wp","href":"https:\/\/api.w.org\/{rel}","templated":true}]}}