{"id":3006,"date":"2023-01-11T23:39:55","date_gmt":"2023-01-11T20:39:55","guid":{"rendered":"https:\/\/rocketplay-slot.com\/sports-betting\/football\/"},"modified":"2024-02-08T15:18:28","modified_gmt":"2024-02-08T12:18:28","slug":"football","status":"publish","type":"page","link":"https:\/\/rocketplay-slot.com\/pl\/sports-betting\/football\/","title":{"rendered":"Pi\u0142ka no\u017cna \u2014 przewodnik po zak\u0142adach"},"content":{"rendered":"<p>Pi\u0142ka no\u017cna to jedna z najpopularniejszych gier na \u015bwiecie. Wiele os\u00f3b uwielbia t\u0119 gr\u0119 za jej nap\u0119d, a nie za analiz\u0119. To bardziej skomplikowane ni\u017c szachy. Ze wzgl\u0119du na wszystkie te czynniki ta gra jest popularna w\u015br\u00f3d bukmacher\u00f3w. Najbardziej znacz\u0105ce odmiany zak\u0142ad\u00f3w zawsze dotycz\u0105 pi\u0142ki no\u017cnej. Piszemy ten artyku\u0142, aby pom\u00f3c Ci zrozumie\u0107 zak\u0142ady na pi\u0142k\u0119 no\u017cn\u0105.<\/p>\n<p><img loading=\"lazy\" decoding=\"async\" class=\"aligncenter wp-image-3948\" src=\"https:\/\/rocketplay-slot.com\/wp-content\/uploads\/2024\/02\/businessman-with-banknotes-around-holds-cellphone-his-hand-with-football-field-display.jpg\" alt=\"Pi\u0142ka no\u017cna \u2014 przewodnik po zak\u0142adach\" width=\"800\" height=\"534\" srcset=\"https:\/\/rocketplay-slot.com\/wp-content\/uploads\/2024\/02\/businessman-with-banknotes-around-holds-cellphone-his-hand-with-football-field-display.jpg 1000w, https:\/\/rocketplay-slot.com\/wp-content\/uploads\/2024\/02\/businessman-with-banknotes-around-holds-cellphone-his-hand-with-football-field-display-300x200.jpg 300w, https:\/\/rocketplay-slot.com\/wp-content\/uploads\/2024\/02\/businessman-with-banknotes-around-holds-cellphone-his-hand-with-football-field-display-768x513.jpg 768w\" sizes=\"auto, (max-width: 800px) 100vw, 800px\" \/><\/p>\n<h2>WYJA\u015aNIENIE KURS\u00d3W W PI\u0141CE NO\u017bNEJ<\/h2>\n<p>Kursy odgrywaj\u0105 kluczow\u0105 rol\u0119 w \u015bwiecie zak\u0142ad\u00f3w. Kurs okre\u015bla, ile wygrasz za sw\u00f3j zak\u0142ad. A szanse zale\u017c\u0105 od kilku czynnik\u00f3w:<\/p>\n<ul>\n<li>matematyczne szanse na okre\u015blone zdarzenie. Im wi\u0119ksze prawdopodobie\u0144stwo zdarzenia, tym mniejsze b\u0119d\u0105 szanse. Kursy matematyczne s\u0105 u\u017cywane do pocz\u0105tkowych kurs\u00f3w korygowanych przez zak\u0142ady innych u\u017cytkownik\u00f3w i formu\u0142y matematyczne po wydarzeniach, kt\u00f3re zmieniaj\u0105 uk\u0142ad si\u0142.<\/li>\n<li>zak\u0142ady innych u\u017cytkownik\u00f3w. Formu\u0142a matematyczna nie mo\u017ce obliczy\u0107 wszystkiego. Kursy s\u0105 korygowane zgodnie z zak\u0142adami innych u\u017cytkownik\u00f3w, aby zachowa\u0107 r\u00f3wnowag\u0119.<\/li>\n<li>mar\u017ca firmy bukmacherskiej. To zale\u017cy od tego, jakie b\u0119d\u0105 og\u00f3lne korzystne kursy. Im mniejsza mar\u017ca firmy bukmacherskiej, tym wi\u0119cej u\u017cytkownik\u00f3w wygrywa, cz\u0119sto niekt\u00f3re firmy bukmacherskie odmawiaj\u0105 czerpania zysk\u00f3w z niekt\u00f3rych wydarze\u0144, a u\u017cytkownicy otrzymuj\u0105 maksymalny zysk dla siebie.<\/li>\n<\/ul>\n<p>Wiedz\u0105c, jak obliczy\u0107 szanse, obstawianie b\u0119dzie \u0142atwiejsze; skorzystaj z naszych wskaz\u00f3wek dotycz\u0105cych zak\u0142ad\u00f3w na pi\u0142k\u0119 no\u017cn\u0105.<\/p>\n<h2>OBJA\u015aNIENIE RODZAJ\u00d3W ZAK\u0141AD\u00d3W NA PI\u0141K\u0118 NO\u017bN\u0104<\/h2>\n<p>Istnieje wiele r\u00f3\u017cnych rodzaj\u00f3w zak\u0142ad\u00f3w na pi\u0142k\u0119 no\u017cn\u0105. Niekt\u00f3re z nich mog\u0105 by\u0107 trudne do zrozumienia dla pocz\u0105tkuj\u0105cych, dlatego postanowili\u015bmy pom\u00f3c Ci z podstawowymi typami, aby u\u0142atwi\u0107 Ci obstawianie pierwszych zak\u0142ad\u00f3w:<\/p>\n<ul>\n<li>zak\u0142ad na okre\u015blony wynik. Najprostszym wyborem jest postawienie na to, czy Twoja dru\u017cyna wygra, przegra lub zremisuje;<\/li>\n<li>mo\u017cesz postawi\u0107 na konkretny wynik. Je\u015bli jeste\u015b pewien, \u017ce mecz zako\u0144czy si\u0119 okre\u015blonym wynikiem, mo\u017cesz postawi\u0107 na niego. Tak, jest to wystarczaj\u0105co du\u017ce ryzyko, ale r\u00f3wnie\u017c bardzo dobrze si\u0119 op\u0142aca;<\/li>\n<li>wi\u0119cej\/mniej. Jest to zak\u0142ad na to, czy dane zdarzenie b\u0119dzie mia\u0142o miejsce wi\u0119cej, czy mniej razy. Na przyk\u0142ad mo\u017cesz postawi\u0107 na to, \u017ce Twoja dru\u017cyna zdob\u0119dzie wi\u0119cej ni\u017c jedn\u0105 bramk\u0119;<\/li>\n<li>\u0142a\u0144cuch zak\u0142ad\u00f3w. Mo\u017cesz postawi\u0107 wi\u0119cej ni\u017c trzy zak\u0142ady w jednym czeku, a dla ka\u017cdego kolejnego zak\u0142adu Twoje szanse rosn\u0105. Ale je\u015bli jeden z twoich zak\u0142ad\u00f3w jest b\u0142\u0119dny, przegrywasz.<\/li>\n<\/ul>\n<p>Znajomo\u015b\u0107 tych podstawowych typ\u00f3w zak\u0142ad\u00f3w znacznie u\u0142atwi Ci postawienie pierwszego zak\u0142adu. Mo\u017cesz wypr\u00f3bowa\u0107 darmowe zak\u0142ady na pi\u0142k\u0119 no\u017cn\u0105, je\u015bli nie jeste\u015b tego pewien.<\/p>\n<h2>ZAK\u0141ADY D\u0141UGOTERMINOWE I SPECJALNE<\/h2>\n<p>Zak\u0142ady d\u0142ugoterminowe s\u0105 zawierane nie na jeden mecz, ale na ca\u0142y sezon. Wielu u\u017cytkownik\u00f3w nazywa to odwrotno\u015bci\u0105 zak\u0142ad\u00f3w na \u017cywo na pi\u0142k\u0119 no\u017cn\u0105.<\/p>\n<p>Zak\u0142ady d\u0142ugoterminowe nie s\u0105 tak popularne jak zak\u0142ady kr\u00f3tkoterminowe, ale nie jest to zaskakuj\u0105ce, poniewa\u017c ka\u017cdy chce wygra\u0107 tu i teraz. Ale zak\u0142ady d\u0142ugoterminowe maj\u0105 swoje zalety. Takich jak zwi\u0119kszone szanse w por\u00f3wnaniu ze zwyk\u0142ymi zak\u0142adami. Mimo, \u017ce na lider\u00f3w, zak\u0142ady nadal nie s\u0105 najwi\u0119ksze. Czasami d\u0142ugie zdarzenia s\u0105 \u0142atwiejsze do przeanalizowania ni\u017c kr\u00f3tkie dopasowanie.<\/p>\n<p>Dzieje si\u0119 tak dlatego, \u017ce w jednym meczu mo\u017cna przegra\u0107 z powodu r\u00f3\u017cnych przykrych wypadk\u00f3w, ale ca\u0142y turniej trudno przegra\u0107 przez przypadek. W tym przypadku na pierwszy plan wysuwa si\u0119 podej\u015bcie systemowe. Koniecznie spr\u00f3buj postawi\u0107 na zwyci\u0119stwo jednej z dru\u017cyn w du\u017cym turnieju. B\u0119dzie Ci si\u0119 podoba\u0142o.<\/p>\n<h2>JAK OBSTAWI\u0106 ZAK\u0141AD NA PI\u0141K\u0118 NO\u017bN\u0104:<\/h2>\n<p>Aby obstawia\u0107 pi\u0142k\u0119 no\u017cn\u0105, musisz post\u0119powa\u0107 zgodnie z naszymi kr\u00f3tkimi, ale prostymi instrukcjami:<\/p>\n<ol>\n<li>Musisz wybra\u0107 preferowan\u0105 aplikacj\u0119 do obstawiania pi\u0142ki no\u017cnej. Mo\u017cna to zrobi\u0107 na podstawie r\u00f3\u017cnych ocen, kt\u00f3re mo\u017cna znale\u017a\u0107 w Internecie.<\/li>\n<li>Nast\u0119pnie musisz zarejestrowa\u0107 si\u0119 na stronie wybranego bukmachera. Zwykle przycisk rejestracji znajduje si\u0119 w prawym g\u00f3rnym rogu. Pami\u0119taj, aby poda\u0107 tylko swoje aktualne dane i adres e-mail.<\/li>\n<li>Do\u0142aduj saldo z banku lub karty kryptowaluty.<\/li>\n<li>Nast\u0119pnie powiniene\u015b wybra\u0107 mecz, na kt\u00f3ry chcesz postawi\u0107.<\/li>\n<li>Uwa\u017cnie przestudiuj przedmiot zak\u0142adu i swoje mo\u017cliwo\u015bci wygranej. Je\u015bli zgadzasz si\u0119 na ryzyko, przed kt\u00f3rym stoisz, postaw zak\u0142ad.<\/li>\n<li>Poczekaj na wynik; je\u015bli wygrasz, liczba twoich wygranych wr\u00f3ci do twojego salda.<\/li>\n<\/ol>\n<p>Ta instrukcja mo\u017ce by\u0107 odpowiednia dla pocz\u0105tkuj\u0105cych, ale je\u015bli jeste\u015b ju\u017c do\u015bwiadczonym graczem, sam to wiesz.<\/p>\n<h2>WSKAZ\u00d3WKI I STRATEGIE ZAK\u0141AD\u00d3W NA PI\u0141K\u0118 NO\u017bN\u0104<\/h2>\n<p>Dokonuj\u0105c pierwszych zak\u0142ad\u00f3w, powiniene\u015b wiedzie\u0107, \u017ce je\u015bli chcesz powa\u017cnie podej\u015b\u0107 do obstawiania, powiniene\u015b opracowa\u0107 strategie obstawiania pi\u0142ki no\u017cnej i trzyma\u0107 si\u0119 ich. Tak robi\u0105 wszyscy do\u015bwiadczeni gracze i uzyskuj\u0105 najlepsze zak\u0142ady pi\u0142karskie.<\/p>\n<p><img loading=\"lazy\" decoding=\"async\" class=\"aligncenter wp-image-3957\" src=\"https:\/\/rocketplay-slot.com\/wp-content\/uploads\/2024\/02\/football-scene-night-match-with-close-up-soccer-shoe-hitting-ball-with-power.jpg\" alt=\"Pi\u0142ka no\u017cna \u2014 przewodnik po zak\u0142adach 2\" width=\"800\" height=\"450\" srcset=\"https:\/\/rocketplay-slot.com\/wp-content\/uploads\/2024\/02\/football-scene-night-match-with-close-up-soccer-shoe-hitting-ball-with-power.jpg 1000w, https:\/\/rocketplay-slot.com\/wp-content\/uploads\/2024\/02\/football-scene-night-match-with-close-up-soccer-shoe-hitting-ball-with-power-300x169.jpg 300w, https:\/\/rocketplay-slot.com\/wp-content\/uploads\/2024\/02\/football-scene-night-match-with-close-up-soccer-shoe-hitting-ball-with-power-768x432.jpg 768w\" sizes=\"auto, (max-width: 800px) 100vw, 800px\" \/><\/p>\n<h2>Cz\u0119sto zadawane pytania<\/h2>\n<p>Cz\u0119sto zadajemy sobie pytania dotycz\u0105ce tego, jak prawid\u0142owo obstawia\u0107 pi\u0142k\u0119 no\u017cn\u0105 online, i postanowili\u015bmy zebra\u0107 najpopularniejsze z nich i udzieli\u0107 odpowiedzi w tym artykule.<\/p>\n<h3>SK\u0104D MAM WIEDZIE\u0106, KT\u00d3RA DRU\u017bYNA WYGRA?<\/h3>\n<p>Nigdy nie mo\u017cesz by\u0107 pewien, \u017ce Twoja dru\u017cyna wygra. Ale zawsze mo\u017cesz przeanalizowa\u0107 zbiorcze dane dotycz\u0105ce dru\u017cyn i postawi\u0107 zak\u0142ad.<\/p>\n<h3>JAK OBSTAWIA\u0106 Z TELEFONU KOM\u00d3RKOWEGO?<\/h3>\n<p>Zawsze mo\u017cesz skorzysta\u0107 ze strony internetowej firmy bukmacherskiej, w kt\u00f3rej obstawiasz. Wszystkie s\u0105 dobrze zoptymalizowane pod k\u0105tem telefon\u00f3w kom\u00f3rkowych. Mo\u017cesz tak\u017ce skorzysta\u0107 z ich aplikacji mobilnych, kt\u00f3re znajdziesz r\u00f3wnie\u017c na stronie internetowej.<\/p>\n<h3>CZY MOG\u0118 ZAK\u0141ADA\u0106 ZA DARMO?<\/h3>\n<p>Tak, wiele firm zapewnia bonus powitalny w darmowych zak\u0142adach, aby u\u0142atwi\u0107 Ci postawienie pierwszego zak\u0142adu.<\/p>\n","protected":false},"excerpt":{"rendered":"<p>Pi\u0142ka no\u017cna to jedna z najpopularniejszych gier na \u015bwiecie. Wiele os\u00f3b uwielbia t\u0119 gr\u0119 za jej nap\u0119d, a nie za analiz\u0119. To bardziej skomplikowane ni\u017c szachy. Ze wzgl\u0119du na wszystkie te czynniki ta gra jest popularna w\u015br\u00f3d bukmacher\u00f3w. Najbardziej znacz\u0105ce odmiany zak\u0142ad\u00f3w zawsze dotycz\u0105 pi\u0142ki no\u017cnej. Piszemy ten artyku\u0142, aby pom\u00f3c Ci zrozumie\u0107 zak\u0142ady na&#8230;<\/p>\n","protected":false},"author":1,"featured_media":0,"parent":2794,"menu_order":0,"comment_status":"closed","ping_status":"closed","template":"","meta":{"_acf_changed":false,"_kad_post_transparent":"default","_kad_post_title":"default","_kad_post_layout":"default","_kad_post_sidebar_id":"","_kad_post_content_style":"default","_kad_post_vertical_padding":"default","_kad_post_feature":"","_kad_post_feature_position":"","_kad_post_header":false,"_kad_post_footer":false,"footnotes":""},"class_list":["post-3006","page","type-page","status-publish","hentry"],"acf":[],"rttpg_featured_image_url":null,"rttpg_author":{"display_name":"Elvis","author_link":"https:\/\/rocketplay-slot.com\/pl\/author\/pemvas95n89x\/"},"rttpg_comment":0,"rttpg_category":null,"rttpg_excerpt":"Pi\u0142ka no\u017cna to jedna z najpopularniejszych gier na \u015bwiecie. Wiele os\u00f3b uwielbia t\u0119 gr\u0119 za jej nap\u0119d, a nie za analiz\u0119. To bardziej skomplikowane ni\u017c szachy. Ze wzgl\u0119du na wszystkie te czynniki ta gra jest popularna w\u015br\u00f3d bukmacher\u00f3w. Najbardziej znacz\u0105ce odmiany zak\u0142ad\u00f3w zawsze dotycz\u0105 pi\u0142ki no\u017cnej. Piszemy ten artyku\u0142, aby pom\u00f3c Ci zrozumie\u0107 zak\u0142ady na...","_links":{"self":[{"href":"https:\/\/rocketplay-slot.com\/pl\/wp-json\/wp\/v2\/pages\/3006","targetHints":{"allow":["GET"]}}],"collection":[{"href":"https:\/\/rocketplay-slot.com\/pl\/wp-json\/wp\/v2\/pages"}],"about":[{"href":"https:\/\/rocketplay-slot.com\/pl\/wp-json\/wp\/v2\/types\/page"}],"author":[{"embeddable":true,"href":"https:\/\/rocketplay-slot.com\/pl\/wp-json\/wp\/v2\/users\/1"}],"replies":[{"embeddable":true,"href":"https:\/\/rocketplay-slot.com\/pl\/wp-json\/wp\/v2\/comments?post=3006"}],"version-history":[{"count":3,"href":"https:\/\/rocketplay-slot.com\/pl\/wp-json\/wp\/v2\/pages\/3006\/revisions"}],"predecessor-version":[{"id":4548,"href":"https:\/\/rocketplay-slot.com\/pl\/wp-json\/wp\/v2\/pages\/3006\/revisions\/4548"}],"up":[{"embeddable":true,"href":"https:\/\/rocketplay-slot.com\/pl\/wp-json\/wp\/v2\/pages\/2794"}],"wp:attachment":[{"href":"https:\/\/rocketplay-slot.com\/pl\/wp-json\/wp\/v2\/media?parent=3006"}],"curies":[{"name":"wp","href":"https:\/\/api.w.org\/{rel}","templated":true}]}}